{"id":33248,"date":"2024-09-13T06:17:48","date_gmt":"2024-09-13T04:17:48","guid":{"rendered":"https:\/\/www.matrelec.com\/soldadura-de-plasticos\/"},"modified":"2026-01-30T17:49:47","modified_gmt":"2026-01-30T15:49:47","slug":"soldadura-de-plasticos","status":"publish","type":"page","link":"https:\/\/www.matrelec.com\/es\/soldadura-de-plasticos\/","title":{"rendered":"Soldadura de pl\u00e1sticos"},"content":{"rendered":"\t\t<div data-elementor-type=\"wp-page\" data-elementor-id=\"33248\" class=\"elementor elementor-33248 elementor-31306\" data-elementor-post-type=\"page\">\n\t\t\t\t<div class=\"elementor-element elementor-element-690e593 e-flex e-con-boxed e-con e-parent\" data-id=\"690e593\" data-element_type=\"container\">\n\t\t\t\t\t<div class=\"e-con-inner\">\n\t\t\t\t<div class=\"elementor-element elementor-element-7dc85c8 elementor-invisible elementor-widget elementor-widget-heading\" data-id=\"7dc85c8\" data-element_type=\"widget\" data-settings=\"{&quot;_animation&quot;:&quot;fadeInUp&quot;}\" data-widget_type=\"heading.default\">\n\t\t\t\t<div class=\"elementor-widget-container\">\n\t\t\t\t\t<h1 class=\"elementor-heading-title elementor-size-default\">Soldadura de pl\u00e1sticos<\/h1>\t\t\t\t<\/div>\n\t\t\t\t<\/div>\n\t\t\t\t\t<\/div>\n\t\t\t\t<\/div>\n\t\t<div class=\"elementor-element elementor-element-824269a e-flex e-con-boxed e-con e-parent\" data-id=\"824269a\" data-element_type=\"container\" data-settings=\"{&quot;background_background&quot;:&quot;classic&quot;}\">\n\t\t\t\t\t<div class=\"e-con-inner\">\n\t\t\t\t<div class=\"elementor-element elementor-element-518fce4 elementor-invisible elementor-widget elementor-widget-heading\" data-id=\"518fce4\" data-element_type=\"widget\" data-settings=\"{&quot;_animation&quot;:&quot;fadeInUp&quot;}\" data-widget_type=\"heading.default\">\n\t\t\t\t<div class=\"elementor-widget-container\">\n\t\t\t\t\t<h2 class=\"elementor-heading-title elementor-size-default\">Preguntas frecuentes sobre la soldadura de pl\u00e1sticos<\/h2>\t\t\t\t<\/div>\n\t\t\t\t<\/div>\n\t\t\t\t<div class=\"elementor-element elementor-element-ab7c0d4 elementor-invisible elementor-widget elementor-widget-text-editor\" data-id=\"ab7c0d4\" data-element_type=\"widget\" data-settings=\"{&quot;_animation&quot;:&quot;fadeInUp&quot;}\" data-widget_type=\"text-editor.default\">\n\t\t\t\t<div class=\"elementor-widget-container\">\n\t\t\t\t\t\t\t\t\tLos pl\u00e1sticos t\u00e9cnicos como el ABS, el acr\u00edlico, el policarbonato, el nailon, el poli\u00e9ster y algunos materiales compuestos pueden unirse f\u00e1cilmente con adhesivos debido a su elevada energ\u00eda superficial. Para los pl\u00e1sticos flexibles y algunos pl\u00e1sticos r\u00edgidos termoformables, se requieren otras t\u00e9cnicas de uni\u00f3n, como la soldadura de pl\u00e1sticos. \n\n\t\t\t\t\t\t\t\t<\/div>\n\t\t\t\t<\/div>\n\t\t\t\t<div class=\"elementor-element elementor-element-5e6fb5a elementor-invisible elementor-widget elementor-widget-heading\" data-id=\"5e6fb5a\" data-element_type=\"widget\" data-settings=\"{&quot;_animation&quot;:&quot;fadeInUp&quot;}\" data-widget_type=\"heading.default\">\n\t\t\t\t<div class=\"elementor-widget-container\">\n\t\t\t\t\t<h2 class=\"elementor-heading-title elementor-size-default\">\u00bfQu\u00e9 tipos de pl\u00e1stico se pueden soldar?\n<\/h2>\t\t\t\t<\/div>\n\t\t\t\t<\/div>\n\t\t\t\t<div class=\"elementor-element elementor-element-c817b08 elementor-invisible elementor-widget elementor-widget-text-editor\" data-id=\"c817b08\" data-element_type=\"widget\" data-settings=\"{&quot;_animation&quot;:&quot;fadeInUp&quot;}\" data-widget_type=\"text-editor.default\">\n\t\t\t\t<div class=\"elementor-widget-container\">\n\t\t\t\t\t\t\t\t\t<p>Antes de plantearse ensamblar pl\u00e1sticos, es necesario conocer su formulaci\u00f3n qu\u00edmica para saber qu\u00e9 t\u00e9cnicas y equipos pueden utilizarse. De hecho, s\u00f3lo la familia de los termopl\u00e1sticos tiene las caracter\u00edsticas necesarias para realizar soldaduras viables. Por definici\u00f3n, incluye todos los materiales pl\u00e1sticos que pueden formarse, deformarse o soldarse aumentando la temperatura a la que est\u00e1n sometidos.  <\/p>\n<p>Los termopl\u00e1sticos representan alrededor del 80% de los pl\u00e1sticos que se producen actualmente en el mundo, con unos pocos materiales emblem\u00e1ticos:<\/p>\n<ul>\n<li>El cloruro de polivinilo (PVC) se utiliza para fabricar tuber\u00edas, puertas, ventanas y suelos.<\/li>\n<li>El tereftalato de polietileno (PET) se utiliza como materia prima en la fabricaci\u00f3n de botellas, fibras textiles y envases desechables.<\/li>\n<li>El polipropileno (PP) se utiliza para fabricar piezas de recambio, sobre todo para la industria del autom\u00f3vil.<\/li>\n<li>El poliestireno (PS) o Frigolite se utiliza para la fabricaci\u00f3n de objetos flotantes y para el aislamiento t\u00e9rmico.<\/li>\n<\/ul>\n<p>S\u00f3lo la formulaci\u00f3n qu\u00edmica de las materias primas o de las piezas suministradas puede diferenciar entre pl\u00e1sticos blandos y duros. Emp\u00edricamente, la distinci\u00f3n es dif\u00edcil de hacer, ya que las mismas mol\u00e9culas pueden utilizarse para formar pl\u00e1sticos flexibles y r\u00edgidos. Sin embargo, estos m\u00e9todos no son adecuados para todos los niveles de rigidez.  <\/p>\n<p>Sin elaborar una lista de los procesos utilizados para soldar termopl\u00e1sticos, es posible se\u00f1alar las siguientes caracter\u00edsticas:<\/p>\n<ul>\n<li>La soldadura con gas caliente es adecuada para los pl\u00e1sticos m\u00e1s duros, utilizando una pistola como soplete y una varilla para a\u00f1adir material.<\/li>\n<li>La soldadura inferior a presi\u00f3n es eficaz sobre todo para trabajar con l\u00e1minas de pl\u00e1stico finas.<\/li>\n<li>Soldadura de alta frecuencia o por ultrasonidos para muchos termopl\u00e1sticos mediante equipos espec\u00edficos.<\/li>\n<\/ul>\t\t\t\t\t\t\t\t<\/div>\n\t\t\t\t<\/div>\n\t\t\t\t<div class=\"elementor-element elementor-element-9a8f3e8 elementor-invisible elementor-widget elementor-widget-image\" data-id=\"9a8f3e8\" data-element_type=\"widget\" data-settings=\"{&quot;_animation&quot;:&quot;fadeInUp&quot;}\" data-widget_type=\"image.default\">\n\t\t\t\t<div class=\"elementor-widget-container\">\n\t\t\t\t\t\t\t\t\t\t\t\t\t\t\t<img fetchpriority=\"high\" decoding=\"async\" width=\"448\" height=\"211\" src=\"https:\/\/www.matrelec.com\/wp-content\/uploads\/2024\/09\/img-blisty-1-1.png\" class=\"attachment-large size-large wp-image-33250\" alt=\"\" srcset=\"https:\/\/www.matrelec.com\/wp-content\/uploads\/2024\/09\/img-blisty-1-1.png 448w, https:\/\/www.matrelec.com\/wp-content\/uploads\/2024\/09\/img-blisty-1-1-300x141.png 300w\" sizes=\"(max-width: 448px) 100vw, 448px\" \/>\t\t\t\t\t\t\t\t\t\t\t\t\t\t\t<\/div>\n\t\t\t\t<\/div>\n\t\t\t\t<div class=\"elementor-element elementor-element-e9f51af elementor-invisible elementor-widget elementor-widget-heading\" data-id=\"e9f51af\" data-element_type=\"widget\" data-settings=\"{&quot;_animation&quot;:&quot;fadeInUp&quot;}\" data-widget_type=\"heading.default\">\n\t\t\t\t<div class=\"elementor-widget-container\">\n\t\t\t\t\t<h2 class=\"elementor-heading-title elementor-size-default\">\u00bfC\u00f3mo funciona la soldadura de pl\u00e1sticos flexibles (l\u00e1minas de pl\u00e1stico PVC, etc.)?\n<\/h2>\t\t\t\t<\/div>\n\t\t\t\t<\/div>\n\t\t\t\t<div class=\"elementor-element elementor-element-7af1e33 elementor-invisible elementor-widget elementor-widget-text-editor\" data-id=\"7af1e33\" data-element_type=\"widget\" data-settings=\"{&quot;_animation&quot;:&quot;fadeInUp&quot;}\" data-widget_type=\"text-editor.default\">\n\t\t\t\t<div class=\"elementor-widget-container\">\n\t\t\t\t\t\t\t\t\t<p>En funci\u00f3n de la naturaleza del montaje o reparaci\u00f3n a realizar y del tama\u00f1o de las distintas piezas a soldar, el proceso a aplicar y la herramienta a utilizar ser\u00e1n diferentes. Una de las t\u00e9cnicas de montaje m\u00e1s utilizadas es la soldadura de materiales por aire caliente. El proceso se basa en la adici\u00f3n de material, a menudo en forma de varillas finas, que se utiliza para unir las distintas piezas de lona o film.  <\/p>\n<p>Las dos partes a unir deben estar planas sobre el suelo y la varilla debe estar perpendicular a ellas. Se utiliza un soplete (o pistola) de aire caliente para calentar tanto las zonas a unir como la punta de la varilla de pl\u00e1stico. El soplete y la varilla de material deben avanzar simult\u00e1neamente a lo largo de la l\u00ednea de soldadura para conseguir un trabajo de calidad. Se trata de un proceso complejo, que requiere precisi\u00f3n y un buen control de la herramienta.   <\/p>\n<p>Para ensamblar pl\u00e1sticos en grandes cantidades, es preferible utilizar la soldadura de alta frecuencia (AF) o ultras\u00f3nica. Ambos m\u00e9todos difieren en la forma en que calientan internamente el pl\u00e1stico hasta el punto de fusi\u00f3n de los materiales. Con el m\u00e9todo ultras\u00f3nico, el calentamiento se debe a la emisi\u00f3n de ondas vibratorias (entre 20 y 70 kHz) enviadas al n\u00facleo del material, que se calienta m\u00e1s r\u00e1pidamente que su periferia. Con el m\u00e9todo de alta frecuencia, se emite un campo electromagn\u00e9tico en la superficie a soldar.   <\/p>\n<p>Estos dos procesos tienen las mismas ventajas, que son las siguientes:<\/p>\n<ul>\n<li>la alta velocidad del proceso de montaje de piezas de pl\u00e1stico,<\/li>\n<li>Aumento r\u00e1pido de la temperatura de los materiales hasta el punto de fusi\u00f3n s\u00f3lo de las zonas a unir,<\/li>\n<li>producci\u00f3n basada en la utilizaci\u00f3n de equipos f\u00e1ciles de usar y que funcionen de forma aut\u00f3noma o semiaut\u00f3noma,<\/li>\n<li>trabajo preciso, sea cual sea la forma de la junta o reparaci\u00f3n que haya que hacer.<\/li>\n<\/ul>\t\t\t\t\t\t\t\t<\/div>\n\t\t\t\t<\/div>\n\t\t\t\t<div class=\"elementor-element elementor-element-66390b7 elementor-invisible elementor-widget elementor-widget-heading\" data-id=\"66390b7\" data-element_type=\"widget\" data-settings=\"{&quot;_animation&quot;:&quot;fadeInUp&quot;}\" data-widget_type=\"heading.default\">\n\t\t\t\t<div class=\"elementor-widget-container\">\n\t\t\t\t\t<h2 class=\"elementor-heading-title elementor-size-default\">\u00bfC\u00f3mo se sueldan las fibras sint\u00e9ticas y los tejidos encerados?\n<\/h2>\t\t\t\t<\/div>\n\t\t\t\t<\/div>\n\t\t\t\t<div class=\"elementor-element elementor-element-13b9277 elementor-invisible elementor-widget elementor-widget-text-editor\" data-id=\"13b9277\" data-element_type=\"widget\" data-settings=\"{&quot;_animation&quot;:&quot;fadeInUp&quot;}\" data-widget_type=\"text-editor.default\">\n\t\t\t\t<div class=\"elementor-widget-container\">\n\t\t\t\t\t\t\t\t\t<p>Hay muchos usos para los derivados termopl\u00e1sticos, las fibras textiles o una mezcla de estos dos tipos de materiales:<\/p>\n<ul>\n<li>la mayor\u00eda de las prendas fabricadas con fibras sint\u00e9ticas,<\/li>\n<li>envasado para la conservaci\u00f3n de la carne,<\/li>\n<li>ciertos tipos de lona utilizados en muchos campos (lonas para camiones, tiendas de campa\u00f1a, cubiertas hinchables para piscinas, velas para barcos&#8230;.).<\/li>\n<\/ul>\n<p>Para los materiales sint\u00e9ticos que se funden a temperaturas inferiores a 200\u00b0C, pueden utilizarse la mayor\u00eda de las t\u00e9cnicas de soldadura. Es el caso, en particular, del polipropileno (PP), la mayor\u00eda de las poliamidas (PA) y los derivados del poliuretano (PU). A excepci\u00f3n de ciertas formas de polipropileno, se suele optar por procesos de alta frecuencia o ultras\u00f3nicos. Sin embargo, existen varios modelos de varillas de estos materiales para un termosellado m\u00e1s convencional.   <\/p>\t\t\t\t\t\t\t\t<\/div>\n\t\t\t\t<\/div>\n\t\t\t\t<div class=\"elementor-element elementor-element-b9b94bb elementor-invisible elementor-widget elementor-widget-heading\" data-id=\"b9b94bb\" data-element_type=\"widget\" data-settings=\"{&quot;_animation&quot;:&quot;fadeInUp&quot;}\" data-widget_type=\"heading.default\">\n\t\t\t\t<div class=\"elementor-widget-container\">\n\t\t\t\t\t<h2 class=\"elementor-heading-title elementor-size-default\">\u00bfQu\u00e9 equipo debo utilizar para soldar pl\u00e1sticos?<\/h2>\t\t\t\t<\/div>\n\t\t\t\t<\/div>\n\t\t\t\t<div class=\"elementor-element elementor-element-ab072fe elementor-invisible elementor-widget elementor-widget-text-editor\" data-id=\"ab072fe\" data-element_type=\"widget\" data-settings=\"{&quot;_animation&quot;:&quot;fadeInUp&quot;}\" data-widget_type=\"text-editor.default\">\n\t\t\t\t<div class=\"elementor-widget-container\">\n\t\t\t\t\t\t\t\t\t<p>En funci\u00f3n de las caracter\u00edsticas de la uni\u00f3n a realizar, pueden utilizarse distintos tipos de m\u00e1quinas de soldar. Matrelec ofrece una amplia gama de m\u00e1quinas que satisfar\u00e1n cualquier necesidad en este campo, utilizando tecnolog\u00eda de alta frecuencia: <\/p>\n<ul>\n<li>La gama HF Initial es bastante completa, con equipos que pueden trabajar tanto en soldaduras peque\u00f1as como en costuras largas. Incluye las m\u00e1quinas m\u00e1s f\u00e1ciles de manejar y m\u00e1s eficientes energ\u00e9ticamente de todas las que ofrece Matrelec. <\/li>\n<li>La gama HF Premium se compone de m\u00e1quinas equipadas con diferentes bandejas, que permiten almacenar y soldar objetos m\u00e1s r\u00e1pidamente para vol\u00famenes de producci\u00f3n elevados. Esta gama es adecuada para la producci\u00f3n de objetos hinchables, equipos de seguridad y piezas de autom\u00f3vil. <\/li>\n<li>La gama HF Chrono est\u00e1 dise\u00f1ada para las velocidades de producci\u00f3n m\u00e1s elevadas, en particular para envases bl\u00edster. Estas m\u00e1quinas dan prioridad a la velocidad de ejecuci\u00f3n: hasta 100 productos por minuto, seg\u00fan el tama\u00f1o de los objetos. <\/li>\n<li>La gama HF Absolute ofrece herramientas completas para altos niveles de automatizaci\u00f3n. Est\u00e1n especialmente dise\u00f1adas para el montaje de productos flexibles (portaetiquetas, protectores de cuadernos, etc.) y pueden trabajar en formatos de hasta 900 mm por 1100 mm. <\/li>\n<li>Los carriles de soldadura HF de Forsstrom son adecuados para los formatos m\u00e1s grandes a soldar: carteles publicitarios, lonas, grandes lienzos, etc. Este equipo de la marca Forsstrom es famoso por su fiabilidad en la producci\u00f3n de grandes series.<\/li>\t\t\t\t\t\t\t\t<\/div>\n\t\t\t\t<\/div>\n\t\t\t\t<div class=\"elementor-element elementor-element-9b25630 elementor-align-center elementor-widget elementor-widget-button\" data-id=\"9b25630\" data-element_type=\"widget\" data-widget_type=\"button.default\">\n\t\t\t\t<div class=\"elementor-widget-container\">\n\t\t\t\t\t\t\t\t\t<div class=\"elementor-button-wrapper\">\n\t\t\t\t\t<a class=\"elementor-button elementor-button-link elementor-size-sm\" href=\"https:\/\/shop.matrelec.com\/fr\/\" target=\"_blank\" rel=\"noopener noreferrer nofollow\">\n\t\t\t\t\t\t<span class=\"elementor-button-content-wrapper\">\n\t\t\t\t\t\t<span class=\"elementor-button-icon\">\n\t\t\t\t<svg aria-hidden=\"true\" class=\"e-font-icon-svg e-fas-chevron-right\" viewBox=\"0 0 320 512\" xmlns=\"http:\/\/www.w3.org\/2000\/svg\"><path d=\"M285.476 272.971L91.132 467.314c-9.373 9.373-24.569 9.373-33.941 0l-22.667-22.667c-9.357-9.357-9.375-24.522-.04-33.901L188.505 256 34.484 101.255c-9.335-9.379-9.317-24.544.04-33.901l22.667-22.667c9.373-9.373 24.569-9.373 33.941 0L285.475 239.03c9.373 9.372 9.373 24.568.001 33.941z\"><\/path><\/svg>\t\t\t<\/span>\n\t\t\t\t\t\t\t\t\t<span class=\"elementor-button-text\">Descubre nuestra tienda online<\/span>\n\t\t\t\t\t<\/span>\n\t\t\t\t\t<\/a>\n\t\t\t\t<\/div>\n\t\t\t\t\t\t\t\t<\/div>\n\t\t\t\t<\/div>\n\t\t\t\t\t<\/div>\n\t\t\t\t<\/div>\n\t\t\t\t<\/div>\n\t\t","protected":false},"excerpt":{"rendered":"<p>Preguntas frecuentes sobre la soldadura de pl\u00e1sticos Los pl\u00e1sticos t\u00e9cnicos como el ABS, el acr\u00edlico, el policarbonato, el nailon, el poli\u00e9ster y algunos materiales compuestos pueden unirse f\u00e1cilmente con adhesivos debido a su elevada energ\u00eda superficial. Para los pl\u00e1sticos flexibles y algunos pl\u00e1sticos r\u00edgidos termoformables, se requieren otras t\u00e9cnicas de uni\u00f3n, como la soldadura de [&hellip;]<\/p>\n","protected":false},"author":1,"featured_media":0,"parent":0,"menu_order":0,"comment_status":"closed","ping_status":"closed","template":"","meta":{"_acf_changed":false,"footnotes":""},"class_list":["post-33248","page","type-page","status-publish","hentry"],"acf":[],"_links":{"self":[{"href":"https:\/\/www.matrelec.com\/es\/wp-json\/wp\/v2\/pages\/33248","targetHints":{"allow":["GET"]}}],"collection":[{"href":"https:\/\/www.matrelec.com\/es\/wp-json\/wp\/v2\/pages"}],"about":[{"href":"https:\/\/www.matrelec.com\/es\/wp-json\/wp\/v2\/types\/page"}],"author":[{"embeddable":true,"href":"https:\/\/www.matrelec.com\/es\/wp-json\/wp\/v2\/users\/1"}],"replies":[{"embeddable":true,"href":"https:\/\/www.matrelec.com\/es\/wp-json\/wp\/v2\/comments?post=33248"}],"version-history":[{"count":4,"href":"https:\/\/www.matrelec.com\/es\/wp-json\/wp\/v2\/pages\/33248\/revisions"}],"predecessor-version":[{"id":38168,"href":"https:\/\/www.matrelec.com\/es\/wp-json\/wp\/v2\/pages\/33248\/revisions\/38168"}],"wp:attachment":[{"href":"https:\/\/www.matrelec.com\/es\/wp-json\/wp\/v2\/media?parent=33248"}],"curies":[{"name":"wp","href":"https:\/\/api.w.org\/{rel}","templated":true}]}}