{"id":33249,"date":"2024-09-17T07:33:12","date_gmt":"2024-09-17T05:33:12","guid":{"rendered":"https:\/\/www.matrelec.com\/soldadura-de-ojales\/"},"modified":"2026-01-30T17:49:19","modified_gmt":"2026-01-30T15:49:19","slug":"soldadura-de-ojales","status":"publish","type":"page","link":"https:\/\/www.matrelec.com\/es\/soldadura-de-ojales\/","title":{"rendered":"Soldadura de ojales"},"content":{"rendered":"\t\t<div data-elementor-type=\"wp-page\" data-elementor-id=\"33249\" class=\"elementor elementor-33249 elementor-31421\" data-elementor-post-type=\"page\">\n\t\t\t\t<div class=\"elementor-element elementor-element-690e593 e-flex e-con-boxed e-con e-parent\" data-id=\"690e593\" data-element_type=\"container\">\n\t\t\t\t\t<div class=\"e-con-inner\">\n\t\t\t\t<div class=\"elementor-element elementor-element-7dc85c8 elementor-invisible elementor-widget elementor-widget-heading\" data-id=\"7dc85c8\" data-element_type=\"widget\" data-settings=\"{&quot;_animation&quot;:&quot;fadeInUp&quot;}\" data-widget_type=\"heading.default\">\n\t\t\t\t<div class=\"elementor-widget-container\">\n\t\t\t\t\t<h1 class=\"elementor-heading-title elementor-size-default\">Soldadura de ojales<\/h1>\t\t\t\t<\/div>\n\t\t\t\t<\/div>\n\t\t\t\t\t<\/div>\n\t\t\t\t<\/div>\n\t\t<div class=\"elementor-element elementor-element-824269a e-flex e-con-boxed e-con e-parent\" data-id=\"824269a\" data-element_type=\"container\" data-settings=\"{&quot;background_background&quot;:&quot;classic&quot;}\">\n\t\t\t\t\t<div class=\"e-con-inner\">\n\t\t\t\t<div class=\"elementor-element elementor-element-518fce4 elementor-invisible elementor-widget elementor-widget-heading\" data-id=\"518fce4\" data-element_type=\"widget\" data-settings=\"{&quot;_animation&quot;:&quot;fadeInUp&quot;}\" data-widget_type=\"heading.default\">\n\t\t\t\t<div class=\"elementor-widget-container\">\n\t\t\t\t\t<h2 class=\"elementor-heading-title elementor-size-default\">Preguntas frecuentes sobre la soldadura de ojales<\/h2>\t\t\t\t<\/div>\n\t\t\t\t<\/div>\n\t\t\t\t<div class=\"elementor-element elementor-element-ab7c0d4 elementor-invisible elementor-widget elementor-widget-text-editor\" data-id=\"ab7c0d4\" data-element_type=\"widget\" data-settings=\"{&quot;_animation&quot;:&quot;fadeInUp&quot;}\" data-widget_type=\"text-editor.default\">\n\t\t\t\t<div class=\"elementor-widget-container\">\n\t\t\t\t\t\t\t\t\t<p>La invenci\u00f3n del ojal met\u00e1lico en 1828 ten\u00eda por objeto reforzar los cors\u00e9s femeninos, que se deterioraban r\u00e1pidamente a pesar del remiendo de los ojales bordados (agujeros pasantes), debido a la presi\u00f3n ejercida por los cordones. El sistema de lazada utilizado para unir los extremos de las dos piezas de tela ejerc\u00eda tal tensi\u00f3n en los orificios de entrada y salida que provocaba el desgarro de la tela. El material utilizado en aquella \u00e9poca era el acero, y el di\u00e1metro del ojal era peque\u00f1o, ya que s\u00f3lo deb\u00eda permitir el paso de un cord\u00f3n fino para que no fuera perceptible bajo la prenda superior.  <\/p><p>Durante el siglo XX, el ollao abandon\u00f3 el \u00e1mbito de la corseter\u00eda para convertirse en un elemento clave de los sistemas de sujeci\u00f3n o suspensi\u00f3n en muchos sectores de actividad. En este contexto, la fabricaci\u00f3n de anillas met\u00e1licas se ha diversificado enormemente, con una gran variedad de di\u00e1metros interiores y exteriores, as\u00ed como la invenci\u00f3n de ollaos roscados, ollaos tubulares, ollaos con tuercas, etc.<br>Al mismo tiempo, los nuevos materiales han cobrado cada vez m\u00e1s importancia en la producci\u00f3n de ollaos, con el uso de caucho y pl\u00e1sticos r\u00edgidos. En el campo de los m\u00e9todos de ajuste y fijaci\u00f3n, se ha desarrollado sobre todo la t\u00e9cnica de soldadura de ollaos.  <\/p>\t\t\t\t\t\t\t\t<\/div>\n\t\t\t\t<\/div>\n\t\t\t\t<div class=\"elementor-element elementor-element-5e6fb5a elementor-invisible elementor-widget elementor-widget-heading\" data-id=\"5e6fb5a\" data-element_type=\"widget\" data-settings=\"{&quot;_animation&quot;:&quot;fadeInUp&quot;}\" data-widget_type=\"heading.default\">\n\t\t\t\t<div class=\"elementor-widget-container\">\n\t\t\t\t\t<h2 class=\"elementor-heading-title elementor-size-default\">\u00bfCu\u00e1les son las diferentes t\u00e9cnicas de ojalado?<\/h2>\t\t\t\t<\/div>\n\t\t\t\t<\/div>\n\t\t\t\t<div class=\"elementor-element elementor-element-c817b08 elementor-invisible elementor-widget elementor-widget-text-editor\" data-id=\"c817b08\" data-element_type=\"widget\" data-settings=\"{&quot;_animation&quot;:&quot;fadeInUp&quot;}\" data-widget_type=\"text-editor.default\">\n\t\t\t\t<div class=\"elementor-widget-container\">\n\t\t\t\t\t\t\t\t\t<p>Las t\u00e9cnicas de fijaci\u00f3n dependen tanto de la naturaleza (met\u00e1lica, pl\u00e1stica, etc.) de los anillos que deban colocarse como de los materiales en los que deban insertarse. Los m\u00e9todos m\u00e1s utilizados en los distintos sectores industriales son los siguientes: <\/p>\n<ul>\n<li>Prensado manual con alicates espec\u00edficos o una prensa especial para ojetes met\u00e1licos finos o metales maleables (lat\u00f3n, cobre, aluminio, etc.).<\/li>\n<li>Soldar ojales de pl\u00e1stico (PP, PVC, PU, etc.) a planchas de materiales similares utilizando soldadoras manuales de electrodos, prensas de soldadura de alta frecuencia o ultrasonidos.<\/li>\n<li>El clipado de anillos de pl\u00e1stico con pinzas manuales que permiten realizar tanto operaciones de punzonado como de inserci\u00f3n.<\/li>\n<\/ul>\t\t\t\t\t\t\t\t<\/div>\n\t\t\t\t<\/div>\n\t\t\t\t<div class=\"elementor-element elementor-element-9a8f3e8 elementor-invisible elementor-widget elementor-widget-image\" data-id=\"9a8f3e8\" data-element_type=\"widget\" data-settings=\"{&quot;_animation&quot;:&quot;fadeInUp&quot;}\" data-widget_type=\"image.default\">\n\t\t\t\t<div class=\"elementor-widget-container\">\n\t\t\t\t\t\t\t\t\t\t\t\t\t\t\t<img decoding=\"async\" width=\"189\" height=\"191\" src=\"https:\/\/www.matrelec.com\/wp-content\/uploads\/2024\/09\/matrelec-presse-a-oeillets-pour-baches-presse-a-oeillets-pour-baches-609007-361x230-300x191-1-1.jpg\" class=\"attachment-large size-large wp-image-33251\" alt=\"\" \/>\t\t\t\t\t\t\t\t\t\t\t\t\t\t\t<\/div>\n\t\t\t\t<\/div>\n\t\t\t\t<div class=\"elementor-element elementor-element-e9f51af elementor-invisible elementor-widget elementor-widget-heading\" data-id=\"e9f51af\" data-element_type=\"widget\" data-settings=\"{&quot;_animation&quot;:&quot;fadeInUp&quot;}\" data-widget_type=\"heading.default\">\n\t\t\t\t<div class=\"elementor-widget-container\">\n\t\t\t\t\t<h2 class=\"elementor-heading-title elementor-size-default\">\u00bfQu\u00e9 materiales se pueden utilizar para hacer los ojales?<\/h2>\t\t\t\t<\/div>\n\t\t\t\t<\/div>\n\t\t\t\t<div class=\"elementor-element elementor-element-7af1e33 elementor-invisible elementor-widget elementor-widget-text-editor\" data-id=\"7af1e33\" data-element_type=\"widget\" data-settings=\"{&quot;_animation&quot;:&quot;fadeInUp&quot;}\" data-widget_type=\"text-editor.default\">\n\t\t\t\t<div class=\"elementor-widget-container\">\n\t\t\t\t\t\t\t\t\t<p>Desde la invenci\u00f3n del clavel en el siglo XIX, su producci\u00f3n ha evolucionado considerablemente, tanto en cantidad, dado el creciente n\u00famero de usos, como en calidad, con la mecanizaci\u00f3n y automatizaci\u00f3n de su fabricaci\u00f3n.<\/p>\n<p>En la actualidad, la producci\u00f3n de anillas de fijaci\u00f3n se basa en la utilizaci\u00f3n de un gran n\u00famero de materias primas:<\/p>\n<p>Al acero se unen ahora el acero inoxidable, el aluminio, el lat\u00f3n y el aluminio-cinc.<\/p>\n<ul>\n<li>La familia de los pl\u00e1sticos incluye el polipropileno (PP), el polietileno (PE), <strong style=\"font-weight: bold;\">el poliuretano (PU)<\/strong>, <strong style=\"font-weight: bold;\">el cloruro de polivinilo (PVC)<\/strong>, el acrilonitrilo butadieno estireno (ABS) y el etileno vinil acetato (EVA).<\/li>\n<li>El caucho se utiliza cada vez m\u00e1s, sobre todo en el sector del autom\u00f3vil, con sus propias especificaciones.<\/li>\n<\/ul>\t\t\t\t\t\t\t\t<\/div>\n\t\t\t\t<\/div>\n\t\t\t\t<div class=\"elementor-element elementor-element-66390b7 elementor-invisible elementor-widget elementor-widget-heading\" data-id=\"66390b7\" data-element_type=\"widget\" data-settings=\"{&quot;_animation&quot;:&quot;fadeInUp&quot;}\" data-widget_type=\"heading.default\">\n\t\t\t\t<div class=\"elementor-widget-container\">\n\t\t\t\t\t<h2 class=\"elementor-heading-title elementor-size-default\">\u00bfCu\u00e1l es la ventaja de un ojal de pl\u00e1stico sobre su hom\u00f3logo met\u00e1lico?\n<\/h2>\t\t\t\t<\/div>\n\t\t\t\t<\/div>\n\t\t\t\t<div class=\"elementor-element elementor-element-13b9277 elementor-invisible elementor-widget elementor-widget-text-editor\" data-id=\"13b9277\" data-element_type=\"widget\" data-settings=\"{&quot;_animation&quot;:&quot;fadeInUp&quot;}\" data-widget_type=\"text-editor.default\">\n\t\t\t\t<div class=\"elementor-widget-container\">\n\t\t\t\t\t\t\t\t\t<p>Las anillas de pl\u00e1stico pueden utilizarse para crear fijaciones o suspensiones m\u00e1s atractivas que sus equivalentes met\u00e1licos para determinados productos y en determinados campos de actividad:<\/p><ul><li>La naturaleza pl\u00e1stica de estos ojales combina una gran resistencia con un cierto grado de flexibilidad.<\/li><li>La ausencia de \u00f3xido evita problemas de suciedad o marcas causadas por la exposici\u00f3n a la intemperie o el uso en un entorno h\u00famedo.<\/li><li>Los ojales soldados <strong>(PVC, PU<\/strong>&#8230;) son tanto m\u00e1s resistentes cuanto que la tecnolog\u00eda de ensamblaje funde el material del que est\u00e1n hechos con el material al que se van a fijar.<\/li><li>Las anillas de pl\u00e1stico pueden colocarse en la parte posterior de la pancarta a la que est\u00e1n sujetas, haci\u00e9ndolas invisibles a simple vista.<\/li><\/ul><p> <\/p><p>El ojal de pl\u00e1stico puede fabricarse en varios colores, y tambi\u00e9n ha adquirido una dimensi\u00f3n est\u00e9tica con su uso en el sector de la moda para crear dise\u00f1os y dibujos en la ropa o el equipaje.<\/p>\t\t\t\t\t\t\t\t<\/div>\n\t\t\t\t<\/div>\n\t\t\t\t<div class=\"elementor-element elementor-element-b9b94bb elementor-invisible elementor-widget elementor-widget-heading\" data-id=\"b9b94bb\" data-element_type=\"widget\" data-settings=\"{&quot;_animation&quot;:&quot;fadeInUp&quot;}\" data-widget_type=\"heading.default\">\n\t\t\t\t<div class=\"elementor-widget-container\">\n\t\t\t\t\t<h2 class=\"elementor-heading-title elementor-size-default\">\u00bfC\u00f3mo se suelda el ojal de pl\u00e1stico?\n<\/h2>\t\t\t\t<\/div>\n\t\t\t\t<\/div>\n\t\t\t\t<div class=\"elementor-element elementor-element-ab072fe elementor-invisible elementor-widget elementor-widget-text-editor\" data-id=\"ab072fe\" data-element_type=\"widget\" data-settings=\"{&quot;_animation&quot;:&quot;fadeInUp&quot;}\" data-widget_type=\"text-editor.default\">\n\t\t\t\t<div class=\"elementor-widget-container\">\n\t\t\t\t\t\t\t\t\t<p>Especializado en el dise\u00f1o y la fabricaci\u00f3n de piezas de PVC, PU o materiales de chapa reforzada, Carmo ha desarrollado tanto la producci\u00f3n de ojales de soldadura como equipos para operaciones de punzonado y fijaci\u00f3n.<\/p>\n<p>La empresa danesa ha desarrollado varios m\u00e9todos para ajustar las anillas a las superficies que deben equiparse, transform\u00e1ndolas en ojales soldados. Se crea una fina junta alrededor del orificio del centro del ojal mediante la fusi\u00f3n de los materiales que componen los dos elementos a unir. Se han desarrollado las siguientes t\u00e9cnicas de montaje de anillas:  <\/p>\n<ul>\n<li>Adhesi\u00f3n mediante un adhesivo que contiene part\u00edculas de cloruro de polivinilo.<\/li>\n<li>Soldadura de alta frecuencia con electrodos para punzonado y montaje.<\/li>\n<li>Recorte para la categor\u00eda muy espec\u00edfica de ojales de clip.<\/li>\n<\/ul>\n<p>En el campo de la <strong>soldadura de alta frecuencia<\/strong>, que es el m\u00e9todo m\u00e1s utilizado por Carmo, la empresa ha desarrollado varias familias de equipos para la producci\u00f3n a peque\u00f1a escala e industrial:<\/p>\n<ul>\n<li>Soldadoras ligeras de uso manual con cambios de electrodo r\u00e1pidos y sencillos para adaptarse a los di\u00e1metros de los anillos a unir.<\/li>\n<li>M\u00e1quinas de punzonado y soldadura en continuo que utilizan alta frecuencia para fusionar los ojales de pl\u00e1stico por una sola cara.<\/li>\n<li>Prensas de alta frecuencia para soldar r\u00e1pidamente las dos caras de los anillos con un sistema autom\u00e1tico de alimentaci\u00f3n.<\/li>\n<li>Ya se fabrican insertos con electrodos de corte y soldadura para instalar en una soldadora de barra de alta frecuencia o en una prensa de soldar.<\/li>\n<\/ul>\t\t\t\t\t\t\t\t<\/div>\n\t\t\t\t<\/div>\n\t\t\t\t<div class=\"elementor-element elementor-element-00bf44d elementor-invisible elementor-widget elementor-widget-heading\" data-id=\"00bf44d\" data-element_type=\"widget\" data-settings=\"{&quot;_animation&quot;:&quot;fadeInUp&quot;}\" data-widget_type=\"heading.default\">\n\t\t\t\t<div class=\"elementor-widget-container\">\n\t\t\t\t\t<h2 class=\"elementor-heading-title elementor-size-default\">\u00bfQu\u00e9 gamas de productos tienen cierres de ojal?\n<\/h2>\t\t\t\t<\/div>\n\t\t\t\t<\/div>\n\t\t\t\t<div class=\"elementor-element elementor-element-4bf2745 elementor-invisible elementor-widget elementor-widget-text-editor\" data-id=\"4bf2745\" data-element_type=\"widget\" data-settings=\"{&quot;_animation&quot;:&quot;fadeInUp&quot;}\" data-widget_type=\"text-editor.default\">\n\t\t\t\t<div class=\"elementor-widget-container\">\n\t\t\t\t\t\t\t\t\t<p>Estos sistemas de suspensi\u00f3n o fijaci\u00f3n se utilizan en una amplia gama de industrias y familias de productos. Para mayor comodidad, los hemos agrupado seg\u00fan una tipolog\u00eda de productos que hemos desarrollado: <\/p>\n<ul>\n<li>Accesorios (velas, etc.) para veleros y tablas de surf.<\/li>\n<li>Lonas de protecci\u00f3n y seguridad para veh\u00edculos de transporte o edificios en obras.<\/li>\n<li>Carteles publicitarios: banderolas, kakemonos, carteles, pancartas, banderas, beachflag, etc.<\/li>\n<li>Fundas para tiendas de acampada y eventos (tiendas de campa\u00f1a, marabuntas, barnums, carpas, etc.).<\/li>\n<li>Textiles para el hogar (cortinas de ducha, visillos, estores y cortinas, p\u00e9rgolas, etc.).<\/li>\n<li>Accesorios y piezas para veh\u00edculos y transporte: pasacables, pasacables de funda, pasacables, etc.<\/li>\n<li>Ropa (pantalones, vestidos, t\u00fanicas, chaquetas, jerseys, abrigos, cors\u00e9s, ba\u00f1adores, etc.).<\/li>\n<li>Calzado (botas, brodequines, zapatillas y otros zapatos con cordones, calzado de seguridad, etc.).<\/li>\n<li>Accesorios de moda (mochilas, bolsos, embragues, cinturones, arneses, etc.).<\/li>\n<\/ul>\t\t\t\t\t\t\t\t<\/div>\n\t\t\t\t<\/div>\n\t\t\t\t<div class=\"elementor-element elementor-element-9383c94 elementor-invisible elementor-widget elementor-widget-heading\" data-id=\"9383c94\" data-element_type=\"widget\" data-settings=\"{&quot;_animation&quot;:&quot;fadeInUp&quot;}\" data-widget_type=\"heading.default\">\n\t\t\t\t<div class=\"elementor-widget-container\">\n\t\t\t\t\t<h2 class=\"elementor-heading-title elementor-size-default\">\u00bfQu\u00e9 materiales se pueden utilizar para hacer los ojales?\n<\/h2>\t\t\t\t<\/div>\n\t\t\t\t<\/div>\n\t\t\t\t<div class=\"elementor-element elementor-element-5c63f5a elementor-invisible elementor-widget elementor-widget-text-editor\" data-id=\"5c63f5a\" data-element_type=\"widget\" data-settings=\"{&quot;_animation&quot;:&quot;fadeInUp&quot;}\" data-widget_type=\"text-editor.default\">\n\t\t\t\t<div class=\"elementor-widget-container\">\n\t\t\t\t\t\t\t\t\t<p>Desde la invenci\u00f3n del clavel en el siglo XIX, su producci\u00f3n ha evolucionado considerablemente, tanto en cantidad, dado el creciente n\u00famero de usos, como en calidad, con la mecanizaci\u00f3n y automatizaci\u00f3n de su fabricaci\u00f3n.<\/p>\n<p>En la actualidad, la producci\u00f3n de anillas de fijaci\u00f3n se basa en la utilizaci\u00f3n de un gran n\u00famero de materias primas:<\/p>\n<ul>\n<li>En la familia de los metales: al acero se han a\u00f1adido el acero inoxidable, el aluminio, el lat\u00f3n y el aluminio-cinc.<\/li>\n<li>La familia de los pl\u00e1sticos incluye el polipropileno (PP), el polietileno (PE), <strong>el poliuretano (PU)<\/strong>, <strong>el cloruro de polivinilo (PVC),<\/strong> el acrilonitrilo butadieno estireno (ABS) y el etileno vinil acetato (EVA),<\/li>\n<li>El caucho se utiliza cada vez m\u00e1s, sobre todo en el sector del autom\u00f3vil, con sus propias especificaciones.<\/li>\n<\/ul>\t\t\t\t\t\t\t\t<\/div>\n\t\t\t\t<\/div>\n\t\t\t\t<div class=\"elementor-element elementor-element-366861d elementor-invisible elementor-widget elementor-widget-heading\" data-id=\"366861d\" data-element_type=\"widget\" data-settings=\"{&quot;_animation&quot;:&quot;fadeInUp&quot;}\" data-widget_type=\"heading.default\">\n\t\t\t\t<div class=\"elementor-widget-container\">\n\t\t\t\t\t<h2 class=\"elementor-heading-title elementor-size-default\">\u00bfCu\u00e1l es la ventaja de un ojal de pl\u00e1stico sobre su hom\u00f3logo met\u00e1lico?\n<\/h2>\t\t\t\t<\/div>\n\t\t\t\t<\/div>\n\t\t\t\t<div class=\"elementor-element elementor-element-613003d elementor-invisible elementor-widget elementor-widget-text-editor\" data-id=\"613003d\" data-element_type=\"widget\" data-settings=\"{&quot;_animation&quot;:&quot;fadeInUp&quot;}\" data-widget_type=\"text-editor.default\">\n\t\t\t\t<div class=\"elementor-widget-container\">\n\t\t\t\t\t\t\t\t\t<p>Las anillas de pl\u00e1stico pueden utilizarse para crear fijaciones o suspensiones m\u00e1s atractivas que sus equivalentes met\u00e1licos para determinados productos y en determinados campos de actividad:<\/p>\n<ul>\n<li>La naturaleza pl\u00e1stica de estos ojales combina una gran resistencia con un cierto grado de flexibilidad,<\/li>\n<li>La ausencia de \u00f3xido evita problemas de suciedad o marcas causadas por la exposici\u00f3n a la intemperie o el uso en un entorno h\u00famedo,<\/li>\n<li>Los ojales soldados son tanto m\u00e1s resistentes cuanto que la tecnolog\u00eda de ensamblaje permite fundir el material del que est\u00e1n hechos con el material al que se van a fijar,<\/li>\n<li>Las anillas de pl\u00e1stico pueden colocarse en la parte posterior de la pancarta a la que est\u00e1n sujetas, haci\u00e9ndolas invisibles a simple vista.<\/li>\n<\/ul>\n<p>El ojal de pl\u00e1stico puede fabricarse en varios colores, y tambi\u00e9n ha adquirido una dimensi\u00f3n est\u00e9tica con su uso en el sector de la moda para crear dise\u00f1os y dibujos en la ropa o el equipaje.<\/p>\t\t\t\t\t\t\t\t<\/div>\n\t\t\t\t<\/div>\n\t\t\t\t<div class=\"elementor-element elementor-element-38e0321 elementor-invisible elementor-widget elementor-widget-heading\" data-id=\"38e0321\" data-element_type=\"widget\" data-settings=\"{&quot;_animation&quot;:&quot;fadeInUp&quot;}\" data-widget_type=\"heading.default\">\n\t\t\t\t<div class=\"elementor-widget-container\">\n\t\t\t\t\t<h2 class=\"elementor-heading-title elementor-size-default\">\u00bfC\u00f3mo se suelda el ojal de pl\u00e1stico?\n<\/h2>\t\t\t\t<\/div>\n\t\t\t\t<\/div>\n\t\t\t\t<div class=\"elementor-element elementor-element-625bcdb elementor-invisible elementor-widget elementor-widget-text-editor\" data-id=\"625bcdb\" data-element_type=\"widget\" data-settings=\"{&quot;_animation&quot;:&quot;fadeInUp&quot;}\" data-widget_type=\"text-editor.default\">\n\t\t\t\t<div class=\"elementor-widget-container\">\n\t\t\t\t\t\t\t\t\t<p>Especializado en el dise\u00f1o y la fabricaci\u00f3n de piezas de PVC, PU o materiales de chapa reforzada, Carmo ha desarrollado tanto la producci\u00f3n de ojales de soldadura como equipos para operaciones de punzonado y fijaci\u00f3n.<\/p>\n<p>La empresa danesa ha desarrollado varios m\u00e9todos para ajustar las anillas a las superficies que deben equiparse, transform\u00e1ndolas en ojales soldados. Se crea una fina junta alrededor del orificio del centro del ojal mediante la fusi\u00f3n de los materiales que componen los dos elementos a unir. Se han desarrollado las siguientes t\u00e9cnicas de montaje de anillas:  <\/p>\n<ul>\n<li>Adhesi\u00f3n mediante un adhesivo que contiene part\u00edculas de cloruro de polivinilo<\/li>\n<li>Soldadura de alta frecuencia con electrodos para punzonado y montaje,<\/li>\n<li>Recorte para la categor\u00eda muy espec\u00edfica de ojales de clip.<\/li>\n<\/ul>\n<p>En el campo de la <strong>soldadura de alta frecuencia<\/strong>, que es el m\u00e9todo m\u00e1s utilizado por Carmo, la empresa ha desarrollado varias familias de equipos para la producci\u00f3n a peque\u00f1a escala e industrial:<\/p>\n<ul>\n<li>Soldadoras ligeras de uso manual con cambios de electrodo r\u00e1pidos y sencillos para adaptarse a los di\u00e1metros de los anillos a unir,<\/li>\n<li>M\u00e1quinas de punzonado y soldadura en continuo que utilizan alta frecuencia para fusionar los ojales de pl\u00e1stico por una sola cara,<\/li>\n<li>Prensas de alta frecuencia para soldar r\u00e1pidamente ambos lados de los anillos con un sistema de alimentaci\u00f3n autom\u00e1tico,<\/li>\n<li>Ya se fabrican insertos con electrodos de corte y soldadura para instalar en una soldadora de barra de alta frecuencia o en una prensa de soldar.<\/li>\n<\/ul>\t\t\t\t\t\t\t\t<\/div>\n\t\t\t\t<\/div>\n\t\t\t\t<div class=\"elementor-element elementor-element-176d5de elementor-align-center elementor-widget elementor-widget-button\" data-id=\"176d5de\" data-element_type=\"widget\" data-widget_type=\"button.default\">\n\t\t\t\t<div class=\"elementor-widget-container\">\n\t\t\t\t\t\t\t\t\t<div class=\"elementor-button-wrapper\">\n\t\t\t\t\t<a class=\"elementor-button elementor-button-link elementor-size-sm\" href=\"https:\/\/shop.matrelec.com\/fr\/\" target=\"_blank\" rel=\"noopener noreferrer nofollow\">\n\t\t\t\t\t\t<span class=\"elementor-button-content-wrapper\">\n\t\t\t\t\t\t<span class=\"elementor-button-icon\">\n\t\t\t\t<svg aria-hidden=\"true\" class=\"e-font-icon-svg e-fas-chevron-right\" viewBox=\"0 0 320 512\" xmlns=\"http:\/\/www.w3.org\/2000\/svg\"><path d=\"M285.476 272.971L91.132 467.314c-9.373 9.373-24.569 9.373-33.941 0l-22.667-22.667c-9.357-9.357-9.375-24.522-.04-33.901L188.505 256 34.484 101.255c-9.335-9.379-9.317-24.544.04-33.901l22.667-22.667c9.373-9.373 24.569-9.373 33.941 0L285.475 239.03c9.373 9.372 9.373 24.568.001 33.941z\"><\/path><\/svg>\t\t\t<\/span>\n\t\t\t\t\t\t\t\t\t<span class=\"elementor-button-text\">Descubre nuestra tienda online<\/span>\n\t\t\t\t\t<\/span>\n\t\t\t\t\t<\/a>\n\t\t\t\t<\/div>\n\t\t\t\t\t\t\t\t<\/div>\n\t\t\t\t<\/div>\n\t\t\t\t\t<\/div>\n\t\t\t\t<\/div>\n\t\t\t\t<\/div>\n\t\t","protected":false},"excerpt":{"rendered":"<p>Preguntas frecuentes sobre la soldadura de ojales La invenci\u00f3n del ojal met\u00e1lico en 1828 ten\u00eda por objeto reforzar los cors\u00e9s femeninos, que se deterioraban r\u00e1pidamente a pesar del remiendo de los ojales bordados (agujeros pasantes), debido a la presi\u00f3n ejercida por los cordones. El sistema de lazada utilizado para unir los extremos de las dos [&hellip;]<\/p>\n","protected":false},"author":1,"featured_media":0,"parent":0,"menu_order":0,"comment_status":"closed","ping_status":"closed","template":"","meta":{"_acf_changed":false,"footnotes":""},"class_list":["post-33249","page","type-page","status-publish","hentry"],"acf":[],"_links":{"self":[{"href":"https:\/\/www.matrelec.com\/es\/wp-json\/wp\/v2\/pages\/33249","targetHints":{"allow":["GET"]}}],"collection":[{"href":"https:\/\/www.matrelec.com\/es\/wp-json\/wp\/v2\/pages"}],"about":[{"href":"https:\/\/www.matrelec.com\/es\/wp-json\/wp\/v2\/types\/page"}],"author":[{"embeddable":true,"href":"https:\/\/www.matrelec.com\/es\/wp-json\/wp\/v2\/users\/1"}],"replies":[{"embeddable":true,"href":"https:\/\/www.matrelec.com\/es\/wp-json\/wp\/v2\/comments?post=33249"}],"version-history":[{"count":2,"href":"https:\/\/www.matrelec.com\/es\/wp-json\/wp\/v2\/pages\/33249\/revisions"}],"predecessor-version":[{"id":38153,"href":"https:\/\/www.matrelec.com\/es\/wp-json\/wp\/v2\/pages\/33249\/revisions\/38153"}],"wp:attachment":[{"href":"https:\/\/www.matrelec.com\/es\/wp-json\/wp\/v2\/media?parent=33249"}],"curies":[{"name":"wp","href":"https:\/\/api.w.org\/{rel}","templated":true}]}}