{"id":33254,"date":"2024-09-13T06:08:29","date_gmt":"2024-09-13T04:08:29","guid":{"rendered":"https:\/\/www.matrelec.com\/maquinas-de-soldar\/"},"modified":"2026-01-30T17:49:29","modified_gmt":"2026-01-30T15:49:29","slug":"maquinas-de-soldar","status":"publish","type":"page","link":"https:\/\/www.matrelec.com\/es\/maquinas-de-soldar\/","title":{"rendered":"M\u00e1quinas de soldar"},"content":{"rendered":"\t\t<div data-elementor-type=\"wp-page\" data-elementor-id=\"33254\" class=\"elementor elementor-33254 elementor-31300\" data-elementor-post-type=\"page\">\n\t\t\t\t<div class=\"elementor-element elementor-element-690e593 e-flex e-con-boxed e-con e-parent\" data-id=\"690e593\" data-element_type=\"container\">\n\t\t\t\t\t<div class=\"e-con-inner\">\n\t\t\t\t<div class=\"elementor-element elementor-element-7dc85c8 elementor-invisible elementor-widget elementor-widget-heading\" data-id=\"7dc85c8\" data-element_type=\"widget\" data-settings=\"{&quot;_animation&quot;:&quot;fadeInUp&quot;}\" data-widget_type=\"heading.default\">\n\t\t\t\t<div class=\"elementor-widget-container\">\n\t\t\t\t\t<h1 class=\"elementor-heading-title elementor-size-default\">M\u00e1quinas de soldar<\/h1>\t\t\t\t<\/div>\n\t\t\t\t<\/div>\n\t\t\t\t\t<\/div>\n\t\t\t\t<\/div>\n\t\t<div class=\"elementor-element elementor-element-824269a e-flex e-con-boxed e-con e-parent\" data-id=\"824269a\" data-element_type=\"container\" data-settings=\"{&quot;background_background&quot;:&quot;classic&quot;}\">\n\t\t\t\t\t<div class=\"e-con-inner\">\n\t\t\t\t<div class=\"elementor-element elementor-element-518fce4 elementor-invisible elementor-widget elementor-widget-heading\" data-id=\"518fce4\" data-element_type=\"widget\" data-settings=\"{&quot;_animation&quot;:&quot;fadeInUp&quot;}\" data-widget_type=\"heading.default\">\n\t\t\t\t<div class=\"elementor-widget-container\">\n\t\t\t\t\t<h2 class=\"elementor-heading-title elementor-size-default\">Preguntas frecuentes sobre m\u00e1quinas de soldar<\/h2>\t\t\t\t<\/div>\n\t\t\t\t<\/div>\n\t\t\t\t<div class=\"elementor-element elementor-element-ab7c0d4 elementor-invisible elementor-widget elementor-widget-text-editor\" data-id=\"ab7c0d4\" data-element_type=\"widget\" data-settings=\"{&quot;_animation&quot;:&quot;fadeInUp&quot;}\" data-widget_type=\"text-editor.default\">\n\t\t\t\t<div class=\"elementor-widget-container\">\n\t\t\t\t\t\t\t\t\tLo que a menudo se denomina err\u00f3neamente \u00absoldadura de pl\u00e1sticos\u00bb es un conjunto de m\u00e9todos utilizados para pegar o unir piezas, componentes y otros sustratos de pl\u00e1stico. Cada vez m\u00e1s extendida en la industria debido a la ubicuidad de los termopl\u00e1sticos y a la proliferaci\u00f3n de envases, las m\u00e1quinas de soldar pueden utilizarse para ensamblar tubos, perfiles, bloques, chapas, lonas, pel\u00edculas, cubiertas o l\u00e1minas. \t\t\t\t\t\t\t\t<\/div>\n\t\t\t\t<\/div>\n\t\t\t\t<div class=\"elementor-element elementor-element-5e6fb5a elementor-invisible elementor-widget elementor-widget-heading\" data-id=\"5e6fb5a\" data-element_type=\"widget\" data-settings=\"{&quot;_animation&quot;:&quot;fadeInUp&quot;}\" data-widget_type=\"heading.default\">\n\t\t\t\t<div class=\"elementor-widget-container\">\n\t\t\t\t\t<h2 class=\"elementor-heading-title elementor-size-default\">\u00bfQu\u00e9 procesos utilizan las distintas m\u00e1quinas de soldar?\n<\/h2>\t\t\t\t<\/div>\n\t\t\t\t<\/div>\n\t\t\t\t<div class=\"elementor-element elementor-element-c817b08 elementor-invisible elementor-widget elementor-widget-text-editor\" data-id=\"c817b08\" data-element_type=\"widget\" data-settings=\"{&quot;_animation&quot;:&quot;fadeInUp&quot;}\" data-widget_type=\"text-editor.default\">\n\t\t\t\t<div class=\"elementor-widget-container\">\n\t\t\t\t\t\t\t\t\tSe pueden utilizar varios procesos para ensamblar componentes de pl\u00e1stico utilizando una m\u00e1quina de soldar. Todos ellos se basan en calentar materiales termopl\u00e1sticos para producir soldaduras en un entorno industrial. \n\t\t\t\t\t\t\t\t<\/div>\n\t\t\t\t<\/div>\n\t\t\t\t<div class=\"elementor-element elementor-element-e9f51af elementor-invisible elementor-widget elementor-widget-heading\" data-id=\"e9f51af\" data-element_type=\"widget\" data-settings=\"{&quot;_animation&quot;:&quot;fadeInUp&quot;}\" data-widget_type=\"heading.default\">\n\t\t\t\t<div class=\"elementor-widget-container\">\n\t\t\t\t\t<h2 class=\"elementor-heading-title elementor-size-default\">Soldadura con gas caliente o con cuchilla\n<\/h2>\t\t\t\t<\/div>\n\t\t\t\t<\/div>\n\t\t\t\t<div class=\"elementor-element elementor-element-7af1e33 elementor-invisible elementor-widget elementor-widget-text-editor\" data-id=\"7af1e33\" data-element_type=\"widget\" data-settings=\"{&quot;_animation&quot;:&quot;fadeInUp&quot;}\" data-widget_type=\"text-editor.default\">\n\t\t\t\t<div class=\"elementor-widget-container\">\n\t\t\t\t\t\t\t\t\tAl utilizar estas dos t\u00e9cnicas de soldadura, los distintos componentes s\u00f3lo se unen por calentamiento. El proceso de soldadura con gas caliente consiste en a\u00f1adir material utilizando una varilla de PVC de peque\u00f1o di\u00e1metro para unir las dos piezas. El uso de un soplete permite calentar el material sin contacto directo con \u00e9l. La soldadura con cuchillas se suele realizar con equipos espec\u00edficos para conseguir una precisi\u00f3n de soldadura mucho mayor. Se colocan cuchillas o espejos calefactados entre las capas que se van a unir para calentarlas. Una vez que est\u00e1n suficientemente calientes, se retiran las cuchillas y se sellan las piezas. Estos dos procesos, aplicados a los pl\u00e1sticos, tambi\u00e9n pueden utilizarse para unir metales como el aluminio o el acero, dependiendo del grosor del metal.      \n\n\t\t\t\t\t\t\t\t<\/div>\n\t\t\t\t<\/div>\n\t\t\t\t<div class=\"elementor-element elementor-element-66390b7 elementor-invisible elementor-widget elementor-widget-heading\" data-id=\"66390b7\" data-element_type=\"widget\" data-settings=\"{&quot;_animation&quot;:&quot;fadeInUp&quot;}\" data-widget_type=\"heading.default\">\n\t\t\t\t<div class=\"elementor-widget-container\">\n\t\t\t\t\t<h2 class=\"elementor-heading-title elementor-size-default\">Soldadura por fricci\u00f3n lineal o rotativa\n<\/h2>\t\t\t\t<\/div>\n\t\t\t\t<\/div>\n\t\t\t\t<div class=\"elementor-element elementor-element-13b9277 elementor-invisible elementor-widget elementor-widget-text-editor\" data-id=\"13b9277\" data-element_type=\"widget\" data-settings=\"{&quot;_animation&quot;:&quot;fadeInUp&quot;}\" data-widget_type=\"text-editor.default\">\n\t\t\t\t<div class=\"elementor-widget-container\">\n\t\t\t\t\t\t\t\t\tLos procesos en cuesti\u00f3n consisten en aplicar alta presi\u00f3n a las piezas de pl\u00e1stico que se van a unir para soldarlas. Para acelerar el proceso, tambi\u00e9n es posible a\u00f1adir calor a las zonas en contacto. Para garantizar la solidez de la uni\u00f3n, o para completarla con nuevas capas de material, se aplica presi\u00f3n adicional durante el montaje. El proceso de fricci\u00f3n lineal requiere simplemente el uso de una prensa especializada. Para la fricci\u00f3n rotativa, la prensa debe funcionar a gran velocidad, con las dos superficies a soldar en tensi\u00f3n y muy pr\u00f3ximas entre s\u00ed. Esto provoca un calentamiento localizado, que conduce a la fusi\u00f3n de las superficies en cuesti\u00f3n.     \n\n\t\t\t\t\t\t\t\t<\/div>\n\t\t\t\t<\/div>\n\t\t\t\t<div class=\"elementor-element elementor-element-b9b94bb elementor-invisible elementor-widget elementor-widget-heading\" data-id=\"b9b94bb\" data-element_type=\"widget\" data-settings=\"{&quot;_animation&quot;:&quot;fadeInUp&quot;}\" data-widget_type=\"heading.default\">\n\t\t\t\t<div class=\"elementor-widget-container\">\n\t\t\t\t\t<h2 class=\"elementor-heading-title elementor-size-default\">Soldadura ultras\u00f3nica o de alta frecuencia\n<\/h2>\t\t\t\t<\/div>\n\t\t\t\t<\/div>\n\t\t\t\t<div class=\"elementor-element elementor-element-ab072fe elementor-invisible elementor-widget elementor-widget-text-editor\" data-id=\"ab072fe\" data-element_type=\"widget\" data-settings=\"{&quot;_animation&quot;:&quot;fadeInUp&quot;}\" data-widget_type=\"text-editor.default\">\n\t\t\t\t<div class=\"elementor-widget-container\">\n\t\t\t\t\t\t\t\t\tEstos dos procesos se basan en el calentamiento interno y no externo de los materiales a soldar. El funcionamiento de las prensas de alta frecuencia y ultras\u00f3nicas se basa en una placa que soporta el material sometido a tensi\u00f3n y un electrodo. Estos electrodos hacen vibrar las mol\u00e9culas a muy peque\u00f1a escala, ya sea mediante ondas (ultrasonidos) o mediante un campo electromagn\u00e9tico (alta frecuencia), lo que calienta el material desde el interior hacia la superficie. Estos \u00faltimos procesos de soldadura de pl\u00e1sticos se basan en las tecnolog\u00edas m\u00e1s recientes y de alto rendimiento. Permiten realizar soldaduras precisas con mayor exactitud que con otros procesos.    \n\n\t\t\t\t\t\t\t\t<\/div>\n\t\t\t\t<\/div>\n\t\t\t\t<div class=\"elementor-element elementor-element-9a8f3e8 elementor-invisible elementor-widget elementor-widget-image\" data-id=\"9a8f3e8\" data-element_type=\"widget\" data-settings=\"{&quot;_animation&quot;:&quot;fadeInUp&quot;}\" data-widget_type=\"image.default\">\n\t\t\t\t<div class=\"elementor-widget-container\">\n\t\t\t\t\t\t\t\t\t\t\t\t\t\t\t<img fetchpriority=\"high\" decoding=\"async\" width=\"300\" height=\"300\" src=\"https:\/\/www.matrelec.com\/wp-content\/uploads\/2024\/09\/img-C-300x300-1-1.png\" class=\"attachment-large size-large wp-image-33255\" alt=\"\" srcset=\"https:\/\/www.matrelec.com\/wp-content\/uploads\/2024\/09\/img-C-300x300-1-1.png 300w, https:\/\/www.matrelec.com\/wp-content\/uploads\/2024\/09\/img-C-300x300-1-1-150x150.png 150w\" sizes=\"(max-width: 300px) 100vw, 300px\" \/>\t\t\t\t\t\t\t\t\t\t\t\t\t\t\t<\/div>\n\t\t\t\t<\/div>\n\t\t\t\t<div class=\"elementor-element elementor-element-b931baa elementor-invisible elementor-widget elementor-widget-heading\" data-id=\"b931baa\" data-element_type=\"widget\" data-settings=\"{&quot;_animation&quot;:&quot;fadeInUp&quot;}\" data-widget_type=\"heading.default\">\n\t\t\t\t<div class=\"elementor-widget-container\">\n\t\t\t\t\t<h2 class=\"elementor-heading-title elementor-size-default\">\u00bfQu\u00e9 materiales se pueden unir con una m\u00e1quina de soldar?<\/h2>\t\t\t\t<\/div>\n\t\t\t\t<\/div>\n\t\t\t\t<div class=\"elementor-element elementor-element-86108d9 elementor-invisible elementor-widget elementor-widget-text-editor\" data-id=\"86108d9\" data-element_type=\"widget\" data-settings=\"{&quot;_animation&quot;:&quot;fadeInUp&quot;}\" data-widget_type=\"text-editor.default\">\n\t\t\t\t<div class=\"elementor-widget-container\">\n\t\t\t\t\t\t\t\t\t<p>Los tipos de soldadura m\u00e1s antiguos y m\u00e1s frecuentemente practicados consisten en ensamblar componentes met\u00e1licos y aleaciones ferrosas o no ferrosas. El equipo m\u00e1s utilizado para este fin es el soldador de arco, que se basa en una tecnolog\u00eda bastante simple y antigua.<br>Este equipo puede utilizarse para ensamblar los siguientes metales y aleaciones: <\/p>\n<ul>\n<li>aluminio,<\/li>\n<li>de acero,<\/li>\n<li>acero inoxidable,<\/li>\n<li>cobre,<\/li>\n<li>zinc.<\/li>\n<\/ul>\n<p>Sin embargo, con los pl\u00e1sticos, dada la evoluci\u00f3n de la tecnolog\u00eda, hay m\u00e1s par\u00e1metros a tener en cuenta. Algunos pl\u00e1sticos no se deforman al calentarse: son los llamados termoestables. A pesar de ello, siguen siendo minoritarios entre los pl\u00e1sticos utilizados en la vida cotidiana. Otros, llamados termopl\u00e1sticos, pueden moldearse a altas temperaturas&nbsp;y, por tanto, soldarse. Los termopl\u00e1sticos m\u00e1s comunes son el poliestireno, el polietileno (PE), el PVC, el polipropileno (PP), las poliamidas (PA), algunas l\u00e1minas de EVA y los poliuretanos (PU).    <\/p>\n<p>En algunos casos, es posible soldar varias piezas de pl\u00e1sticos diferentes que est\u00e9n pr\u00f3ximas en cuanto a grosor (o di\u00e1metro) y nivel de rigidez. Esto tambi\u00e9n depende de la composici\u00f3n y la organizaci\u00f3n molecular de los dos componentes, que deben ser compatibles para que la uni\u00f3n sea duradera. Si las condiciones son \u00f3ptimas, la elecci\u00f3n de pl\u00e1sticos diferentes puede hacer que la soldadura sea m\u00e1s fuerte que con materiales id\u00e9nticos. Los fabricantes&nbsp;suelen ofrecer un cat\u00e1logo variado&nbsp;de m\u00e1quinas de soldar, basado en su propia gama&nbsp;y en las marcas que distribuyen. Esto permite responder a las expectativas de los fabricantes en cuanto a precisi\u00f3n de trabajo, velocidad de funcionamiento de la m\u00e1quina y capacidad de ensamblaje de piezas de gran formato.    <\/p>\t\t\t\t\t\t\t\t<\/div>\n\t\t\t\t<\/div>\n\t\t\t\t<div class=\"elementor-element elementor-element-6e7d5a9 elementor-invisible elementor-widget elementor-widget-heading\" data-id=\"6e7d5a9\" data-element_type=\"widget\" data-settings=\"{&quot;_animation&quot;:&quot;fadeInUp&quot;}\" data-widget_type=\"heading.default\">\n\t\t\t\t<div class=\"elementor-widget-container\">\n\t\t\t\t\t<h2 class=\"elementor-heading-title elementor-size-default\">\u00bfLas m\u00e1quinas de soldar son f\u00e1ciles de usar y mantener?\n<\/h2>\t\t\t\t<\/div>\n\t\t\t\t<\/div>\n\t\t\t\t<div class=\"elementor-element elementor-element-6fc56f2 elementor-invisible elementor-widget elementor-widget-text-editor\" data-id=\"6fc56f2\" data-element_type=\"widget\" data-settings=\"{&quot;_animation&quot;:&quot;fadeInUp&quot;}\" data-widget_type=\"text-editor.default\">\n\t\t\t\t<div class=\"elementor-widget-container\">\n\t\t\t\t\t\t\t\t\tA la hora de familiarizarse con la m\u00e1quina, siempre hay un curso de formaci\u00f3n impartido por el fabricante o el distribuidor, acompa\u00f1ado de un manual de usuario o documentaci\u00f3n t\u00e9cnica. En la gama de soldadoras de pl\u00e1stico disponibles, la mayor\u00eda pueden configurarse f\u00e1cilmente a trav\u00e9s de su interfaz hombre-m\u00e1quina en forma de panel de control. \n\nPara garantizar una producci\u00f3n \u00f3ptima, las m\u00e1quinas de soldar requieren un mantenimiento tanto preventivo como correctivo. El mantenimiento preventivo suele estar cubierto por un contrato de mantenimiento del equipo, mientras que el mantenimiento correctivo lo realiza el servicio posventa del fabricante. \n\n\t\t\t\t\t\t\t\t<\/div>\n\t\t\t\t<\/div>\n\t\t\t\t<div class=\"elementor-element elementor-element-bc26dc8 elementor-align-center elementor-widget elementor-widget-button\" data-id=\"bc26dc8\" data-element_type=\"widget\" data-widget_type=\"button.default\">\n\t\t\t\t<div class=\"elementor-widget-container\">\n\t\t\t\t\t\t\t\t\t<div class=\"elementor-button-wrapper\">\n\t\t\t\t\t<a class=\"elementor-button elementor-button-link elementor-size-sm\" href=\"https:\/\/shop.matrelec.com\/fr\/\" target=\"_blank\" rel=\"noopener noreferrer nofollow\">\n\t\t\t\t\t\t<span class=\"elementor-button-content-wrapper\">\n\t\t\t\t\t\t<span class=\"elementor-button-icon\">\n\t\t\t\t<svg aria-hidden=\"true\" class=\"e-font-icon-svg e-fas-chevron-right\" viewBox=\"0 0 320 512\" xmlns=\"http:\/\/www.w3.org\/2000\/svg\"><path d=\"M285.476 272.971L91.132 467.314c-9.373 9.373-24.569 9.373-33.941 0l-22.667-22.667c-9.357-9.357-9.375-24.522-.04-33.901L188.505 256 34.484 101.255c-9.335-9.379-9.317-24.544.04-33.901l22.667-22.667c9.373-9.373 24.569-9.373 33.941 0L285.475 239.03c9.373 9.372 9.373 24.568.001 33.941z\"><\/path><\/svg>\t\t\t<\/span>\n\t\t\t\t\t\t\t\t\t<span class=\"elementor-button-text\">Descubre nuestra tienda online<\/span>\n\t\t\t\t\t<\/span>\n\t\t\t\t\t<\/a>\n\t\t\t\t<\/div>\n\t\t\t\t\t\t\t\t<\/div>\n\t\t\t\t<\/div>\n\t\t\t\t\t<\/div>\n\t\t\t\t<\/div>\n\t\t\t\t<\/div>\n\t\t","protected":false},"excerpt":{"rendered":"<p>Preguntas frecuentes sobre m\u00e1quinas de soldar Lo que a menudo se denomina err\u00f3neamente \u00absoldadura de pl\u00e1sticos\u00bb es un conjunto de m\u00e9todos utilizados para pegar o unir piezas, componentes y otros sustratos de pl\u00e1stico. Cada vez m\u00e1s extendida en la industria debido a la ubicuidad de los termopl\u00e1sticos y a la proliferaci\u00f3n de envases, las m\u00e1quinas [&hellip;]<\/p>\n","protected":false},"author":1,"featured_media":0,"parent":0,"menu_order":0,"comment_status":"closed","ping_status":"closed","template":"","meta":{"_acf_changed":false,"footnotes":""},"class_list":["post-33254","page","type-page","status-publish","hentry"],"acf":[],"_links":{"self":[{"href":"https:\/\/www.matrelec.com\/es\/wp-json\/wp\/v2\/pages\/33254","targetHints":{"allow":["GET"]}}],"collection":[{"href":"https:\/\/www.matrelec.com\/es\/wp-json\/wp\/v2\/pages"}],"about":[{"href":"https:\/\/www.matrelec.com\/es\/wp-json\/wp\/v2\/types\/page"}],"author":[{"embeddable":true,"href":"https:\/\/www.matrelec.com\/es\/wp-json\/wp\/v2\/users\/1"}],"replies":[{"embeddable":true,"href":"https:\/\/www.matrelec.com\/es\/wp-json\/wp\/v2\/comments?post=33254"}],"version-history":[{"count":4,"href":"https:\/\/www.matrelec.com\/es\/wp-json\/wp\/v2\/pages\/33254\/revisions"}],"predecessor-version":[{"id":38162,"href":"https:\/\/www.matrelec.com\/es\/wp-json\/wp\/v2\/pages\/33254\/revisions\/38162"}],"wp:attachment":[{"href":"https:\/\/www.matrelec.com\/es\/wp-json\/wp\/v2\/media?parent=33254"}],"curies":[{"name":"wp","href":"https:\/\/api.w.org\/{rel}","templated":true}]}}