{"id":33256,"date":"2024-09-13T06:39:31","date_gmt":"2024-09-13T04:39:31","guid":{"rendered":"https:\/\/www.matrelec.com\/soldadura-petg\/"},"modified":"2026-01-30T17:53:50","modified_gmt":"2026-01-30T15:53:50","slug":"soldadura-petg","status":"publish","type":"page","link":"https:\/\/www.matrelec.com\/es\/soldadura-petg\/","title":{"rendered":"Soldadura PETG"},"content":{"rendered":"\t\t<div data-elementor-type=\"wp-page\" data-elementor-id=\"33256\" class=\"elementor elementor-33256 elementor-31330\" data-elementor-post-type=\"page\">\n\t\t\t\t<div class=\"elementor-element elementor-element-690e593 e-flex e-con-boxed e-con e-parent\" data-id=\"690e593\" data-element_type=\"container\">\n\t\t\t\t\t<div class=\"e-con-inner\">\n\t\t\t\t<div class=\"elementor-element elementor-element-7dc85c8 elementor-invisible elementor-widget elementor-widget-heading\" data-id=\"7dc85c8\" data-element_type=\"widget\" data-settings=\"{&quot;_animation&quot;:&quot;fadeInUp&quot;}\" data-widget_type=\"heading.default\">\n\t\t\t\t<div class=\"elementor-widget-container\">\n\t\t\t\t\t<h1 class=\"elementor-heading-title elementor-size-default\">Soldadura PETG<\/h1>\t\t\t\t<\/div>\n\t\t\t\t<\/div>\n\t\t\t\t\t<\/div>\n\t\t\t\t<\/div>\n\t\t<div class=\"elementor-element elementor-element-824269a e-flex e-con-boxed e-con e-parent\" data-id=\"824269a\" data-element_type=\"container\" data-settings=\"{&quot;background_background&quot;:&quot;classic&quot;}\">\n\t\t\t\t\t<div class=\"e-con-inner\">\n\t\t\t\t<div class=\"elementor-element elementor-element-518fce4 elementor-invisible elementor-widget elementor-widget-heading\" data-id=\"518fce4\" data-element_type=\"widget\" data-settings=\"{&quot;_animation&quot;:&quot;fadeInUp&quot;}\" data-widget_type=\"heading.default\">\n\t\t\t\t<div class=\"elementor-widget-container\">\n\t\t\t\t\t<h2 class=\"elementor-heading-title elementor-size-default\">Preguntas frecuentes sobre la soldadura de PETG<\/h2>\t\t\t\t<\/div>\n\t\t\t\t<\/div>\n\t\t\t\t<div class=\"elementor-element elementor-element-ab7c0d4 elementor-invisible elementor-widget elementor-widget-text-editor\" data-id=\"ab7c0d4\" data-element_type=\"widget\" data-settings=\"{&quot;_animation&quot;:&quot;fadeInUp&quot;}\" data-widget_type=\"text-editor.default\">\n\t\t\t\t<div class=\"elementor-widget-container\">\n\t\t\t\t\t\t\t\t\tEl PETG, un material termopl\u00e1stico utilizado principalmente en la industria, es una de las materias primas m\u00e1s utilizadas para la impresi\u00f3n 3D. Cuando se trata de fabricaci\u00f3n aditiva, utilizar tereftalato de polietilenglicol (PETG) significa buena adherencia entre capas, baja deformaci\u00f3n durante la impresi\u00f3n, olor limitado cuando se calienta y alta resistencia al impacto una vez enfriado. \n\nSin embargo, la impresi\u00f3n 3D no es el \u00fanico m\u00e9todo de transformaci\u00f3n o ensamblaje de este material. La soldadura de PETG a alta frecuencia es posible gracias a las caracter\u00edsticas espec\u00edficas de este poli\u00e9ster saturado.\n\n\t\t\t\t\t\t\t\t<\/div>\n\t\t\t\t<\/div>\n\t\t\t\t<div class=\"elementor-element elementor-element-5e6fb5a elementor-invisible elementor-widget elementor-widget-heading\" data-id=\"5e6fb5a\" data-element_type=\"widget\" data-settings=\"{&quot;_animation&quot;:&quot;fadeInUp&quot;}\" data-widget_type=\"heading.default\">\n\t\t\t\t<div class=\"elementor-widget-container\">\n\t\t\t\t\t<h2 class=\"elementor-heading-title elementor-size-default\">\u00bfQu\u00e9 es el tereftalato de polietilenglicol?<\/h2>\t\t\t\t<\/div>\n\t\t\t\t<\/div>\n\t\t\t\t<div class=\"elementor-element elementor-element-c817b08 elementor-invisible elementor-widget elementor-widget-text-editor\" data-id=\"c817b08\" data-element_type=\"widget\" data-settings=\"{&quot;_animation&quot;:&quot;fadeInUp&quot;}\" data-widget_type=\"text-editor.default\">\n\t\t\t\t<div class=\"elementor-widget-container\">\n\t\t\t\t\t\t\t\t\t<p>El PETG es un material termopl\u00e1stico con una estructura amorfa o no organizada. Es termopl\u00e1stico porque tiene la capacidad de endurecerse y ablandarse seg\u00fan la temperatura a la que se caliente, lo que lo hace eminentemente reciclable. Amorfo porque est\u00e1 formado por cadenas moleculares no alineadas ni ordenadas, y se caracteriza por su color claro o transparencia.  <\/p><p>Derivado del Tereftalato de Polietileno (PETG), muy utilizado en la fabricaci\u00f3n de botellas de pl\u00e1stico, el PETG se basa en la misma columna vertebral polim\u00e9rica a la que se ha a\u00f1adido Ciclohexano Dimetanol, lo que provoca una modificaci\u00f3n de la estructura molecular. De hecho, el tama\u00f1o de los bloques de construcci\u00f3n aumenta (6 \u00e1tomos de carbono adicionales) y ya no hay integraci\u00f3n en las cadenas moleculares vecinas, a diferencia del Etilenglicol. Esto interfiere en la cristalizaci\u00f3n y reduce el punto de fusi\u00f3n del pol\u00edmero, d\u00e1ndole su naturaleza amorfa.  <\/p>\t\t\t\t\t\t\t\t<\/div>\n\t\t\t\t<\/div>\n\t\t\t\t<div class=\"elementor-element elementor-element-9a8f3e8 elementor-invisible elementor-widget elementor-widget-image\" data-id=\"9a8f3e8\" data-element_type=\"widget\" data-settings=\"{&quot;_animation&quot;:&quot;fadeInUp&quot;}\" data-widget_type=\"image.default\">\n\t\t\t\t<div class=\"elementor-widget-container\">\n\t\t\t\t\t\t\t\t\t\t\t\t\t\t\t<img fetchpriority=\"high\" decoding=\"async\" width=\"300\" height=\"300\" src=\"https:\/\/www.matrelec.com\/wp-content\/uploads\/2024\/09\/img-q-300x300.png\" class=\"attachment-medium size-medium wp-image-33258\" alt=\"\" srcset=\"https:\/\/www.matrelec.com\/wp-content\/uploads\/2024\/09\/img-q-300x300.png 300w, https:\/\/www.matrelec.com\/wp-content\/uploads\/2024\/09\/img-q-150x150.png 150w, https:\/\/www.matrelec.com\/wp-content\/uploads\/2024\/09\/img-q.png 467w\" sizes=\"(max-width: 300px) 100vw, 300px\" \/>\t\t\t\t\t\t\t\t\t\t\t\t\t\t\t<\/div>\n\t\t\t\t<\/div>\n\t\t\t\t<div class=\"elementor-element elementor-element-e9f51af elementor-invisible elementor-widget elementor-widget-heading\" data-id=\"e9f51af\" data-element_type=\"widget\" data-settings=\"{&quot;_animation&quot;:&quot;fadeInUp&quot;}\" data-widget_type=\"heading.default\">\n\t\t\t\t<div class=\"elementor-widget-container\">\n\t\t\t\t\t<h2 class=\"elementor-heading-title elementor-size-default\">\u00bfCu\u00e1les son las caracter\u00edsticas del PETG?\n<\/h2>\t\t\t\t<\/div>\n\t\t\t\t<\/div>\n\t\t\t\t<div class=\"elementor-element elementor-element-7af1e33 elementor-invisible elementor-widget elementor-widget-text-editor\" data-id=\"7af1e33\" data-element_type=\"widget\" data-settings=\"{&quot;_animation&quot;:&quot;fadeInUp&quot;}\" data-widget_type=\"text-editor.default\">\n\t\t\t\t<div class=\"elementor-widget-container\">\n\t\t\t\t\t\t\t\t\t<p>La estructura molecular del Tereftalato de Polietilenglicol le confiere las siguientes caracter\u00edsticas fisicoqu\u00edmicas:<\/p><ul><li><span style=\"text-indent: -14.15pt;\">alto nivel de translucidez (hasta el 90%),<\/span><\/li><li>superficie lisa y brillante,<\/li><li><span style=\"text-indent: -14.15pt;\">Resistencia al impacto incluso a bajas temperaturas,<\/span><\/li><li><span style=\"text-indent: -14.15pt;\">temperatura de funcionamiento de &#8211; 40 a + 65 %,<\/span><\/li><li><span style=\"text-indent: -14.15pt;\">ductilidad (capacidad de deformaci\u00f3n sin rotura),<\/span><\/li><li>propiedades de aislamiento t\u00e9rmico,<\/li><li><span style=\"text-indent: -14.15pt;\">Resistencia a los entornos qu\u00edmicos \u00e1cidos y b\u00e1sicos,<\/span><\/li><li><span style=\"text-indent: -14.15pt;\">Resistencia a la corrosi\u00f3n por agentes oxidantes.<\/span><\/li><\/ul><p class=\"MsoBodyText\">Se puede dotar al PETG de las siguientes caracter\u00edsticas mediante el uso de aditivos o tratamientos espec\u00edficos:<\/p><ul><li><span style=\"text-indent: -14.15pt;\"><span style=\"text-indent: -14.15pt;\">protecci\u00f3n contra los riesgos de degradaci\u00f3n ultravioleta (estabilizaci\u00f3n UV),<\/span><br><\/span><\/li><li><span style=\"text-indent: -14.15pt;\"><span style=\"text-indent: -14.15pt;\">compatibilidad alimentaria,<\/span><br><\/span><\/li><li><span style=\"text-indent: -14.15pt;\"><span style=\"text-indent: -14.15pt;\">Apariencia exterior estructurada,<\/span><br><\/span><\/li><li><span style=\"text-indent: -14.15pt;\"><span style=\"text-indent: -14.15pt;\">limitaci\u00f3n del fen\u00f3meno de reflexi\u00f3n en funci\u00f3n del grosor,<\/span><br><\/span><\/li><li><span style=\"text-indent: -14.15pt;\">resistencia al fuego mejorada,<\/span><\/li><li style=\"text-indent: 0px;\"><span style=\"text-indent: -14.15pt;\">r<\/span><span style=\"text-indent: -14.15pt;\">educci\u00f3n del desarrollo del humo.<\/span><\/li><\/ul>\t\t\t\t\t\t\t\t<\/div>\n\t\t\t\t<\/div>\n\t\t\t\t<div class=\"elementor-element elementor-element-66390b7 elementor-invisible elementor-widget elementor-widget-heading\" data-id=\"66390b7\" data-element_type=\"widget\" data-settings=\"{&quot;_animation&quot;:&quot;fadeInUp&quot;}\" data-widget_type=\"heading.default\">\n\t\t\t\t<div class=\"elementor-widget-container\">\n\t\t\t\t\t<h2 class=\"elementor-heading-title elementor-size-default\">\u00bfQu\u00e9 aspecto tiene el PETG?\n<\/h2>\t\t\t\t<\/div>\n\t\t\t\t<\/div>\n\t\t\t\t<div class=\"elementor-element elementor-element-13b9277 elementor-invisible elementor-widget elementor-widget-text-editor\" data-id=\"13b9277\" data-element_type=\"widget\" data-settings=\"{&quot;_animation&quot;:&quot;fadeInUp&quot;}\" data-widget_type=\"text-editor.default\">\n\t\t\t\t<div class=\"elementor-widget-container\">\n\t\t\t\t\t\t\t\t\t<p>El tereftalato de polietilenglicol puede adoptar distintas formas en funci\u00f3n de su uso previsto y de la fase de producci\u00f3n:<\/p>\n<ul>\n<li><span style=\"text-indent: -14.15pt;\"><span style=\"text-indent: -14.15pt;\"><span style=\"text-indent: -14.15pt;\">filamentos transparentes o coloreados que pueden reforzarse con fibras de carbono para la impresi\u00f3n 3D,<\/span><br><\/span><\/span><\/li>\n<li><span style=\"text-indent: -14.15pt;\"><span style=\"text-indent: -14.15pt;\"><span style=\"text-indent: -14.15pt;\">polvo para Sinterizaci\u00f3n Selectiva por L\u00e1ser,<\/span><br><\/span><\/span><\/li>\n<li><span style=\"text-indent: -14.15pt;\"><span style=\"text-indent: -14.15pt;\"><span style=\"text-indent: -14.15pt;\">gr\u00e1nulos transl\u00facidos para extrusi\u00f3n de PETG,<\/span><br><\/span><\/span><\/li>\n<li><span style=\"text-indent: -14.15pt;\"><span style=\"text-indent: -14.15pt;\"><span style=\"text-indent: -14.15pt;\">rollos de pel\u00edcula para termoformado,<\/span><br><\/span><\/span><\/li>\n<li><span style=\"text-indent: -14.15pt;\"><span style=\"text-indent: -14.15pt;\"><span style=\"text-indent: -14.15pt;\">chapas de distintos tama\u00f1os para corte por l\u00e1ser o plegado en fr\u00edo,<\/span><br><\/span><\/span><\/li>\n<li><span style=\"text-indent: -14.15pt;\">productos semiacabados (bl\u00edsteres, componentes, etc.) para operaciones de montaje o acabado<\/span>.<\/li>\n<\/ul>\t\t\t\t\t\t\t\t<\/div>\n\t\t\t\t<\/div>\n\t\t\t\t<div class=\"elementor-element elementor-element-b9b94bb elementor-invisible elementor-widget elementor-widget-heading\" data-id=\"b9b94bb\" data-element_type=\"widget\" data-settings=\"{&quot;_animation&quot;:&quot;fadeInUp&quot;}\" data-widget_type=\"heading.default\">\n\t\t\t\t<div class=\"elementor-widget-container\">\n\t\t\t\t\t<h2 class=\"elementor-heading-title elementor-size-default\">\u00bfC\u00f3mo se fabrica el PETG?\n<\/h2>\t\t\t\t<\/div>\n\t\t\t\t<\/div>\n\t\t\t\t<div class=\"elementor-element elementor-element-ab072fe elementor-invisible elementor-widget elementor-widget-text-editor\" data-id=\"ab072fe\" data-element_type=\"widget\" data-settings=\"{&quot;_animation&quot;:&quot;fadeInUp&quot;}\" data-widget_type=\"text-editor.default\">\n\t\t\t\t<div class=\"elementor-widget-container\">\n\t\t\t\t\t\t\t\t\t<p>Al igual que su predecesor, el tereftalato de polietileno, el tereftalato de polietilenglicol puede utilizarse para una amplia gama de operaciones de fabricaci\u00f3n:<\/p>\n<ul>\n<li><span style=\"text-indent: -14.15pt;\"><span style=\"text-indent: -14.15pt;\"><span style=\"text-indent: -14.15pt;\">l<\/span><\/span><\/span><span style=\"text-indent: -14.15pt;\"><span style=\"text-indent: -14.15pt;\"><span style=\"text-indent: -14.15pt;\">moldeo por inyecci\u00f3n,<\/span><br><\/span><\/span><\/li>\n<li><span style=\"text-indent: -14.15pt;\"><span style=\"text-indent: -14.15pt;\"><span style=\"text-indent: -14.15pt;\">moldeo por extrusi\u00f3n-soplado,<\/span><br><\/span><\/span><\/li>\n<li><span style=\"text-indent: -14.15pt;\"><span style=\"text-indent: -14.15pt;\"><span style=\"text-indent: -14.15pt;\">plegado en fr\u00edo y en caliente<\/span><br><\/span><\/span><\/li>\n<li><span style=\"text-indent: -14.15pt;\"><span style=\"text-indent: -14.15pt;\"><span style=\"text-indent: -14.15pt;\">taladrado y fresado,<\/span><\/span><\/span><\/li>\n<li><span style=\"text-indent: -14.15pt;\"><span style=\"text-indent: -14.15pt;\"><span style=\"text-indent: -14.15pt;\">aserrado mec\u00e1nico o autom\u00e1tico,<\/span><\/span><\/span><\/li>\n<li>corte por l\u00e1ser o motorizado,<\/li>\n<li><span style=\"text-indent: -14.15pt;\"><span style=\"text-indent: -14.15pt;\">conformado en caliente,<\/span><\/span><\/li>\n<li><span style=\"text-indent: -14.15pt;\"><span style=\"text-indent: -14.15pt;\"><span style=\"text-indent: -14.15pt;\">grabado o marcado por l\u00e1ser,<\/span><\/span><\/span><\/li>\n<li><span style=\"text-indent: -14.15pt;\"><span style=\"text-indent: -14.15pt;\">decoraci\u00f3n mediante impresi\u00f3n,&nbsp;<\/span><\/span><\/li>\n<li><span style=\"text-indent: -14.15pt;\"><span style=\"text-indent: -14.15pt;\"><span style=\"text-indent: -14.15pt;\">soldadura manual o automatizada,<\/span><\/span><\/span><\/li>\n<li>etc.<\/li>\n<\/ul>\t\t\t\t\t\t\t\t<\/div>\n\t\t\t\t<\/div>\n\t\t\t\t<div class=\"elementor-element elementor-element-00bf44d elementor-invisible elementor-widget elementor-widget-heading\" data-id=\"00bf44d\" data-element_type=\"widget\" data-settings=\"{&quot;_animation&quot;:&quot;fadeInUp&quot;}\" data-widget_type=\"heading.default\">\n\t\t\t\t<div class=\"elementor-widget-container\">\n\t\t\t\t\t<h2 class=\"elementor-heading-title elementor-size-default\">\u00bfQu\u00e9 usos tiene el tereftalato de polietilenglicol?<\/h2>\t\t\t\t<\/div>\n\t\t\t\t<\/div>\n\t\t\t\t<div class=\"elementor-element elementor-element-4bf2745 elementor-invisible elementor-widget elementor-widget-text-editor\" data-id=\"4bf2745\" data-element_type=\"widget\" data-settings=\"{&quot;_animation&quot;:&quot;fadeInUp&quot;}\" data-widget_type=\"text-editor.default\">\n\t\t\t\t<div class=\"elementor-widget-container\">\n\t\t\t\t\t\t\t\t\t<p>Las caracter\u00edsticas t\u00e9cnicas del PETG permiten utilizarlo para una amplia gama de aplicaciones en diversos sectores:<\/p>\n<ul>\n<li><span style=\"text-indent: -14.15pt;\">Conchas protectoras, fundas para alimentos, bl\u00edsteres, cuellos y frascos para envases de cosm\u00e9ticos.<\/span><\/li>\n<li><span style=\"text-indent: -14.15pt;\">Vitrinas y contenedores de almacenamiento para la industria alimentaria.<\/span><\/li>\n<li><span style=\"text-indent: -14.15pt;\">Expositores para puntos de venta, r\u00f3tulos y paneles luminosos o etiquetas decorativas en el sector de las comunicaciones.<\/span><\/li>\n<li><span style=\"text-indent: -14.15pt;\">Cascos de ciclismo, escalada y espeleolog\u00eda para proteger a deportistas aficionados y profesionales.<\/span><\/li>\n<li><span style=\"text-indent: -14.15pt;\">Marcos de fotos, vitrinas para colecciones y acristalamientos interiores para decoraci\u00f3n y mobiliario.<\/span><\/li>\n<li><span style=\"text-indent: -14.15pt;\">Piezas ortop\u00e9dicas, dispositivos m\u00e9dicos y mascarillas protectoras para el sector sanitario.<\/span><\/li>\n<li><span style=\"text-indent: -14.15pt;\">Juguetes de pl\u00e1stico (figuras, miniaturas, maquetas, cajas de juego, dados y otros accesorios de juego).<\/span><\/li>\n<li><span style=\"text-indent: -14.15pt;\">Moldes para confiter\u00eda (caramelos, piruletas, berlingots, caramelos, etc.) y chocolater\u00eda.<\/span><\/li>\n<li><span style=\"text-indent: -14.15pt;\">Equipos de protecci\u00f3n para la industria (carcasas y cubiertas de m\u00e1quinas herramienta).<\/span><\/li>\n<li><span style=\"text-indent: -14.15pt;\">etc.<\/span><\/li>\n<\/ul>\t\t\t\t\t\t\t\t<\/div>\n\t\t\t\t<\/div>\n\t\t\t\t<div class=\"elementor-element elementor-element-a73de73 elementor-invisible elementor-widget elementor-widget-heading\" data-id=\"a73de73\" data-element_type=\"widget\" data-settings=\"{&quot;_animation&quot;:&quot;fadeInUp&quot;}\" data-widget_type=\"heading.default\">\n\t\t\t\t<div class=\"elementor-widget-container\">\n\t\t\t\t\t<h2 class=\"elementor-heading-title elementor-size-default\">\u00bfC\u00f3mo se suelda el PETG?\n<\/h2>\t\t\t\t<\/div>\n\t\t\t\t<\/div>\n\t\t\t\t<div class=\"elementor-element elementor-element-ad81cdd elementor-invisible elementor-widget elementor-widget-text-editor\" data-id=\"ad81cdd\" data-element_type=\"widget\" data-settings=\"{&quot;_animation&quot;:&quot;fadeInUp&quot;}\" data-widget_type=\"text-editor.default\">\n\t\t\t\t<div class=\"elementor-widget-container\">\n\t\t\t\t\t\t\t\t\t<p>El uso de distintas t\u00e9cnicas para soldar piezas o componentes de tereftalato de polietilenglicol (PEG) permite el montaje manual o automatizado de todo tipo de productos o envases.<\/p>\n<p>La soldadura manual del PETG se realiza utilizando una varilla de tereftalato de polietilenglicol, que se calienta alternativamente con los bordes de las dos piezas que se van a unir. Esta adici\u00f3n de material crea un cord\u00f3n de soldadura entre los bordes en contacto de las dos piezas, que tendr\u00e1 como m\u00ednimo la misma resistencia. <\/p>\n<p class=\"MsoBodyText\">La soldadura de PETG tambi\u00e9n puede realizarse de forma semiautom\u00e1tica o incluso totalmente autom\u00e1tica utilizando las siguientes tecnolog\u00edas:<\/p>\n<ul>\n<li><span style=\"text-indent: -14.15pt;\">La soldadura de alta frecuencia se realiza con m\u00e1quinas soldadoras especiales equipadas con electrodos que emiten una corriente electromagn\u00e9tica de 27,12 MHz, creada por sus propios generadores, en las zonas a unir. La fusi\u00f3n instant\u00e1nea de los materiales, que se mantienen bajo presi\u00f3n y sometidos a este campo de alta frecuencia, produce uniones pulcras, limpias y s\u00f3lidas una vez enfriadas. &nbsp;<\/span><\/li>\n<li><span style=\"text-indent: -14.15pt;\">La soldadura por ultrasonidos se realiza mediante prensas de soldadura especializadas que funcionan seg\u00fan el siguiente principio: generaci\u00f3n de una corriente el\u00e9ctrica a una frecuencia de 20 a 70 kHz por un transductor electromagn\u00e9tico. Los ultrasonidos as\u00ed generados se transmiten a trav\u00e9s de un cabezal de soldadura o sonotrodo a los materiales que se van a unir. Esto permite producir soldaduras s\u00f3lidas mediante la fusi\u00f3n de los extremos en contacto.  &nbsp;&nbsp;<\/span><\/li>\n<\/ul>\t\t\t\t\t\t\t\t<\/div>\n\t\t\t\t<\/div>\n\t\t\t\t<div class=\"elementor-element elementor-element-fb75cea elementor-align-center elementor-widget elementor-widget-button\" data-id=\"fb75cea\" data-element_type=\"widget\" data-widget_type=\"button.default\">\n\t\t\t\t<div class=\"elementor-widget-container\">\n\t\t\t\t\t\t\t\t\t<div class=\"elementor-button-wrapper\">\n\t\t\t\t\t<a class=\"elementor-button elementor-button-link elementor-size-sm\" href=\"https:\/\/shop.matrelec.com\/fr\/\" target=\"_blank\" rel=\"noopener noreferrer nofollow\">\n\t\t\t\t\t\t<span class=\"elementor-button-content-wrapper\">\n\t\t\t\t\t\t<span class=\"elementor-button-icon\">\n\t\t\t\t<svg aria-hidden=\"true\" class=\"e-font-icon-svg e-fas-chevron-right\" viewBox=\"0 0 320 512\" xmlns=\"http:\/\/www.w3.org\/2000\/svg\"><path d=\"M285.476 272.971L91.132 467.314c-9.373 9.373-24.569 9.373-33.941 0l-22.667-22.667c-9.357-9.357-9.375-24.522-.04-33.901L188.505 256 34.484 101.255c-9.335-9.379-9.317-24.544.04-33.901l22.667-22.667c9.373-9.373 24.569-9.373 33.941 0L285.475 239.03c9.373 9.372 9.373 24.568.001 33.941z\"><\/path><\/svg>\t\t\t<\/span>\n\t\t\t\t\t\t\t\t\t<span class=\"elementor-button-text\">Descubre nuestra tienda online<\/span>\n\t\t\t\t\t<\/span>\n\t\t\t\t\t<\/a>\n\t\t\t\t<\/div>\n\t\t\t\t\t\t\t\t<\/div>\n\t\t\t\t<\/div>\n\t\t\t\t\t<\/div>\n\t\t\t\t<\/div>\n\t\t\t\t<\/div>\n\t\t","protected":false},"excerpt":{"rendered":"<p>Preguntas frecuentes sobre la soldadura de PETG El PETG, un material termopl\u00e1stico utilizado principalmente en la industria, es una de las materias primas m\u00e1s utilizadas para la impresi\u00f3n 3D. Cuando se trata de fabricaci\u00f3n aditiva, utilizar tereftalato de polietilenglicol (PETG) significa buena adherencia entre capas, baja deformaci\u00f3n durante la impresi\u00f3n, olor limitado cuando se calienta [&hellip;]<\/p>\n","protected":false},"author":1,"featured_media":0,"parent":0,"menu_order":0,"comment_status":"closed","ping_status":"closed","template":"","meta":{"_acf_changed":false,"footnotes":""},"class_list":["post-33256","page","type-page","status-publish","hentry"],"acf":[],"_links":{"self":[{"href":"https:\/\/www.matrelec.com\/es\/wp-json\/wp\/v2\/pages\/33256","targetHints":{"allow":["GET"]}}],"collection":[{"href":"https:\/\/www.matrelec.com\/es\/wp-json\/wp\/v2\/pages"}],"about":[{"href":"https:\/\/www.matrelec.com\/es\/wp-json\/wp\/v2\/types\/page"}],"author":[{"embeddable":true,"href":"https:\/\/www.matrelec.com\/es\/wp-json\/wp\/v2\/users\/1"}],"replies":[{"embeddable":true,"href":"https:\/\/www.matrelec.com\/es\/wp-json\/wp\/v2\/comments?post=33256"}],"version-history":[{"count":4,"href":"https:\/\/www.matrelec.com\/es\/wp-json\/wp\/v2\/pages\/33256\/revisions"}],"predecessor-version":[{"id":38200,"href":"https:\/\/www.matrelec.com\/es\/wp-json\/wp\/v2\/pages\/33256\/revisions\/38200"}],"wp:attachment":[{"href":"https:\/\/www.matrelec.com\/es\/wp-json\/wp\/v2\/media?parent=33256"}],"curies":[{"name":"wp","href":"https:\/\/api.w.org\/{rel}","templated":true}]}}