{"id":33262,"date":"2024-09-13T06:02:40","date_gmt":"2024-09-13T04:02:40","guid":{"rendered":"https:\/\/www.matrelec.com\/ojales-soldados\/"},"modified":"2025-03-17T15:56:51","modified_gmt":"2025-03-17T13:56:51","slug":"ojales-soldados","status":"publish","type":"page","link":"https:\/\/www.matrelec.com\/es\/ojales-soldados\/","title":{"rendered":"Ojales soldados"},"content":{"rendered":"\t\t<div data-elementor-type=\"wp-page\" data-elementor-id=\"33262\" class=\"elementor elementor-33262 elementor-31294\" data-elementor-post-type=\"page\">\n\t\t\t\t<div class=\"elementor-element elementor-element-690e593 e-flex e-con-boxed e-con e-parent\" data-id=\"690e593\" data-element_type=\"container\">\n\t\t\t\t\t<div class=\"e-con-inner\">\n\t\t\t\t<div class=\"elementor-element elementor-element-7dc85c8 elementor-invisible elementor-widget elementor-widget-heading\" data-id=\"7dc85c8\" data-element_type=\"widget\" data-settings=\"{&quot;_animation&quot;:&quot;fadeInUp&quot;}\" data-widget_type=\"heading.default\">\n\t\t\t\t<div class=\"elementor-widget-container\">\n\t\t\t\t\t<h1 class=\"elementor-heading-title elementor-size-default\">Ojales soldados<\/h1>\t\t\t\t<\/div>\n\t\t\t\t<\/div>\n\t\t\t\t\t<\/div>\n\t\t\t\t<\/div>\n\t\t<div class=\"elementor-element elementor-element-824269a e-flex e-con-boxed e-con e-parent\" data-id=\"824269a\" data-element_type=\"container\" data-settings=\"{&quot;background_background&quot;:&quot;classic&quot;}\">\n\t\t\t\t\t<div class=\"e-con-inner\">\n\t\t\t\t<div class=\"elementor-element elementor-element-518fce4 elementor-invisible elementor-widget elementor-widget-heading\" data-id=\"518fce4\" data-element_type=\"widget\" data-settings=\"{&quot;_animation&quot;:&quot;fadeInUp&quot;}\" data-widget_type=\"heading.default\">\n\t\t\t\t<div class=\"elementor-widget-container\">\n\t\t\t\t\t<h2 class=\"elementor-heading-title elementor-size-default\">Ojales soldados: presentaci\u00f3n<\/h2>\t\t\t\t<\/div>\n\t\t\t\t<\/div>\n\t\t\t\t<div class=\"elementor-element elementor-element-ab7c0d4 elementor-invisible elementor-widget elementor-widget-text-editor\" data-id=\"ab7c0d4\" data-element_type=\"widget\" data-settings=\"{&quot;_animation&quot;:&quot;fadeInUp&quot;}\" data-widget_type=\"text-editor.default\">\n\t\t\t\t<div class=\"elementor-widget-container\">\n\t\t\t\t\t\t\t\t\t<p>Los pasacables s\u00f3lo se pueden soldar si existe cierta compatibilidad entre el material del que est\u00e1n hechos y el material al que se van a unir permanentemente, para formar un conjunto s\u00f3lido y resistente (tracci\u00f3n, presi\u00f3n, etc.).<\/p>\n<p>El t\u00e9rmino \u00abojales soldados\u00bb se refiere a un caso muy concreto en el que el ojal est\u00e1 integrado en el material (normalmente el tejido al que est\u00e1 unido).<\/p>\n<p>A veces se utiliza err\u00f3neamente el t\u00e9rmino \u00abojales soldados\u00bb para referirse a la colocaci\u00f3n de anillas met\u00e1licas en prendas de vestir, cortinas o lonas de protecci\u00f3n, pero no es as\u00ed.<\/p>\n<p>Las t\u00e9cnicas utilizadas para estas operaciones de montaje son :<\/p>\n<ul>\n<li>engarzado con el tipo espec\u00edfico de anillo conocido como ojal de engarzado,<\/li>\n<li>Golpeado manual (martillo) o autom\u00e1tico (prensa neum\u00e1tica o el\u00e9ctrica especializada),<\/li>\n<li>Punzonado de soportes de tejido y textil seguido de la colocaci\u00f3n de ojales y arandelas mediante presi\u00f3n neum\u00e1tica.<\/li>\n<\/ul>\n<p>En conclusi\u00f3n, s\u00f3lo los ojales fabricados con materiales pl\u00e1sticos que se deforman con el calor (termopl\u00e1sticos) pueden considerarse anillas soldables a sustratos similares.<\/p>\n<p>Estos ojales servir\u00e1n como elementos b\u00e1sicos del sistema de fijaci\u00f3n o suspensi\u00f3n para distintas familias de productos o equipos. Van desde las cubiertas de carpas para eventos y acampadas (carpas, barnums, marabouts, tiendas de campa\u00f1a, etc.) hasta las pancartas publicitarias (beachflags, banderas, pancartas, carteles, kakemonos, calicots, etc.), las lonas de seguridad y protecci\u00f3n para edificios en construcci\u00f3n o para veh\u00edculos de transporte, los accesorios de moda, el calzado y la ropa. Los ollaos soldados tambi\u00e9n se utilizan mucho en textiles para el hogar (cortinas y estores, visillos para el hogar, cortinas de ducha, etc.), piezas y accesorios para transporte o veh\u00edculos (ollaos, ollaos para vainas, ollaos para cables, etc.) y accesorios (velas para embarcaciones de recreo, etc.).  <\/p>\n<p>&nbsp;<\/p>\t\t\t\t\t\t\t\t<\/div>\n\t\t\t\t<\/div>\n\t\t\t\t<div class=\"elementor-element elementor-element-5e6fb5a elementor-invisible elementor-widget elementor-widget-heading\" data-id=\"5e6fb5a\" data-element_type=\"widget\" data-settings=\"{&quot;_animation&quot;:&quot;fadeInUp&quot;}\" data-widget_type=\"heading.default\">\n\t\t\t\t<div class=\"elementor-widget-container\">\n\t\t\t\t\t<h2 class=\"elementor-heading-title elementor-size-default\">\u00bfCu\u00e1les son las caracter\u00edsticas de los ollaos termopl\u00e1sticos?\n<\/h2>\t\t\t\t<\/div>\n\t\t\t\t<\/div>\n\t\t\t\t<div class=\"elementor-element elementor-element-c817b08 elementor-invisible elementor-widget elementor-widget-text-editor\" data-id=\"c817b08\" data-element_type=\"widget\" data-settings=\"{&quot;_animation&quot;:&quot;fadeInUp&quot;}\" data-widget_type=\"text-editor.default\">\n\t\t\t\t<div class=\"elementor-widget-container\">\n\t\t\t\t\t\t\t\t\t<p>Lo que se conoce como ollaos de pl\u00e1stico son, de hecho, la mayor\u00eda de las veces ollaos de PVC, debido a las caracter\u00edsticas t\u00e9cnicas de este material.<\/p>\n<p>Los puntos fuertes de los anillos de cloruro de polivinilo son los siguientes:<\/p>\n<ul>\n<li>solidez ;<\/li>\n<li>flexibilidad ;<\/li>\n<li>plasticidad (no se rompen) ;<\/li>\n<li>soldabilidad ;<\/li>\n<li>la mejora de los anillos met\u00e1licos en t\u00e9rminos de resistencia y flexibilidad (capaces de soportar mayores fuerzas de tracci\u00f3n);<\/li>\n<li>Alta resistencia a entornos adversos (condiciones clim\u00e1ticas dif\u00edciles, exposici\u00f3n a rayos UV, etc.);<\/li>\n<li>No se oxidan y no dejan huellas;<\/li>\n<li>la ausencia de pliegues al fijar ;<\/li>\n<li>Disponible en una amplia gama de colores;<\/li>\n<li>la posibilidad de tener una sola capa de vinilo;<\/li>\n<li>Colocaci\u00f3n \u00abinvisible\u00bb de ojales en la parte posterior de una pancarta, lona o revestimiento de edificios (en tejidos y l\u00e1minas).<\/li>\n<\/ul>\n<p>Las caracter\u00edsticas t\u00e9cnicas y est\u00e9ticas de los ollaos de pl\u00e1stico permiten responder a las necesidades espec\u00edficas de empresas de sectores muy diversos.<\/p>\t\t\t\t\t\t\t\t<\/div>\n\t\t\t\t<\/div>\n\t\t\t\t<div class=\"elementor-element elementor-element-f38fb09 elementor-invisible elementor-widget elementor-widget-image\" data-id=\"f38fb09\" data-element_type=\"widget\" data-settings=\"{&quot;_animation&quot;:&quot;fadeInUp&quot;}\" data-widget_type=\"image.default\">\n\t\t\t\t<div class=\"elementor-widget-container\">\n\t\t\t\t\t\t\t\t\t\t\t\t\t\t\t<img decoding=\"async\" width=\"189\" height=\"191\" src=\"https:\/\/www.matrelec.com\/wp-content\/uploads\/2024\/09\/matrelec-presse-a-oeillets-pour-baches-presse-a-oeillets-pour-baches-609007-361x230-300x191-1.jpg\" class=\"attachment-full size-full wp-image-33263\" alt=\"\" \/>\t\t\t\t\t\t\t\t\t\t\t\t\t\t\t<\/div>\n\t\t\t\t<\/div>\n\t\t\t\t<div class=\"elementor-element elementor-element-e9f51af elementor-invisible elementor-widget elementor-widget-heading\" data-id=\"e9f51af\" data-element_type=\"widget\" data-settings=\"{&quot;_animation&quot;:&quot;fadeInUp&quot;}\" data-widget_type=\"heading.default\">\n\t\t\t\t<div class=\"elementor-widget-container\">\n\t\t\t\t\t<h2 class=\"elementor-heading-title elementor-size-default\">\u00bfQu\u00e9 materiales se utilizan para fabricar ojales de pl\u00e1stico?\n<\/h2>\t\t\t\t<\/div>\n\t\t\t\t<\/div>\n\t\t\t\t<div class=\"elementor-element elementor-element-7af1e33 elementor-invisible elementor-widget elementor-widget-text-editor\" data-id=\"7af1e33\" data-element_type=\"widget\" data-settings=\"{&quot;_animation&quot;:&quot;fadeInUp&quot;}\" data-widget_type=\"text-editor.default\">\n\t\t\t\t<div class=\"elementor-widget-container\">\n\t\t\t\t\t\t\t\t\t<p>Los ojales de pl\u00e1stico pueden utilizarse para crear suspensiones y fijaciones de alto rendimiento. Se fabrican con diversos materiales termopl\u00e1sticos: <\/p>\n<ul>\n<li>PVC o cloruro de polivinilo;<\/li>\n<li>PE o Polietileno;<\/li>\n<li>PP o Polipropileno;<\/li>\n<li>EVA o etilvinilacetato;<\/li>\n<li>ABS o Acrilonitrilo Butadieno Estireno.<\/li>\n<\/ul>\n<p>La elecci\u00f3n de la materia prima utilizada para fabricar los anillos de fijaci\u00f3n depende en gran medida del uso que se les vaya a dar. En cuanto al m\u00e9todo de fabricaci\u00f3n, se elegir\u00e1 en funci\u00f3n de objetivos de producci\u00f3n tanto cuantitativos como cualitativos. En Matrelec, dise\u00f1amos y fabricamos una gama de prensas de alta frecuencia fiables y eficaces para las operaciones de soldadura de ojales.  <\/p>\t\t\t\t\t\t\t\t<\/div>\n\t\t\t\t<\/div>\n\t\t\t\t<div class=\"elementor-element elementor-element-66390b7 elementor-invisible elementor-widget elementor-widget-heading\" data-id=\"66390b7\" data-element_type=\"widget\" data-settings=\"{&quot;_animation&quot;:&quot;fadeInUp&quot;}\" data-widget_type=\"heading.default\">\n\t\t\t\t<div class=\"elementor-widget-container\">\n\t\t\t\t\t<h2 class=\"elementor-heading-title elementor-size-default\">\u00bfQu\u00e9 t\u00e9cnicas se utilizan para soldar ojales?\n<\/h2>\t\t\t\t<\/div>\n\t\t\t\t<\/div>\n\t\t\t\t<div class=\"elementor-element elementor-element-13b9277 elementor-invisible elementor-widget elementor-widget-text-editor\" data-id=\"13b9277\" data-element_type=\"widget\" data-settings=\"{&quot;_animation&quot;:&quot;fadeInUp&quot;}\" data-widget_type=\"text-editor.default\">\n\t\t\t\t<div class=\"elementor-widget-container\">\n\t\t\t\t\t\t\t\t\t<p>Los ojales de pl\u00e1stico pueden soldarse mediante diversas t\u00e9cnicas, despu\u00e9s de perforar, si es necesario, las superficies en las que se colocar\u00e1n las anillas (tejidos, lonas, toldos, etc.).&nbsp;<\/p>\n<p>Para fijar los ojales a los soportes que se van a colocar, se utilizan los siguientes m\u00e9todos:<\/p>\n<ul>\n<li>Los anillos se unen mediante adhesivos hechos de part\u00edculas de cloruro de polivinilo;<\/li>\n<li>Las anillas de clip pertenecen a la categor\u00eda muy espec\u00edfica de los ojales de clip ;<\/li>\n<li>Soldadura de alta frecuencia para producir ojales soldados, con la creaci\u00f3n de una junta fina resultante de la fusi\u00f3n de los materiales que componen los dos elementos a unir.<\/li>\n<\/ul>\n<p>Sin embargo, esta \u00faltima t\u00e9cnica es la m\u00e1s utilizada, ya que tambi\u00e9n ofrece mejores resultados tanto est\u00e9ticos como funcionales. Para satisfacer las necesidades de capacidad de las empresas industriales, Matrelec dise\u00f1a y fabrica prensas de soldadura de alta frecuencia capaces de soldar r\u00e1pidamente las dos caras de los anillos, con un sistema de suministro automatizado. Esto permite cumplir objetivos de producci\u00f3n muy elevados de ojales soldados por alta frecuencia.  <\/p>\t\t\t\t\t\t\t\t<\/div>\n\t\t\t\t<\/div>\n\t\t\t\t\t<\/div>\n\t\t\t\t<\/div>\n\t\t\t\t<\/div>\n\t\t","protected":false},"excerpt":{"rendered":"<p>Ojales soldados: presentaci\u00f3n Los pasacables s\u00f3lo se pueden soldar si existe cierta compatibilidad entre el material del que est\u00e1n hechos y el material al que se van a unir permanentemente, para formar un conjunto s\u00f3lido y resistente (tracci\u00f3n, presi\u00f3n, etc.). El t\u00e9rmino \u00abojales soldados\u00bb se refiere a un caso muy concreto en el que el [&hellip;]<\/p>\n","protected":false},"author":1,"featured_media":0,"parent":0,"menu_order":0,"comment_status":"closed","ping_status":"closed","template":"","meta":{"_acf_changed":false,"footnotes":""},"class_list":["post-33262","page","type-page","status-publish","hentry"],"acf":[],"_links":{"self":[{"href":"https:\/\/www.matrelec.com\/es\/wp-json\/wp\/v2\/pages\/33262","targetHints":{"allow":["GET"]}}],"collection":[{"href":"https:\/\/www.matrelec.com\/es\/wp-json\/wp\/v2\/pages"}],"about":[{"href":"https:\/\/www.matrelec.com\/es\/wp-json\/wp\/v2\/types\/page"}],"author":[{"embeddable":true,"href":"https:\/\/www.matrelec.com\/es\/wp-json\/wp\/v2\/users\/1"}],"replies":[{"embeddable":true,"href":"https:\/\/www.matrelec.com\/es\/wp-json\/wp\/v2\/comments?post=33262"}],"version-history":[{"count":0,"href":"https:\/\/www.matrelec.com\/es\/wp-json\/wp\/v2\/pages\/33262\/revisions"}],"wp:attachment":[{"href":"https:\/\/www.matrelec.com\/es\/wp-json\/wp\/v2\/media?parent=33262"}],"curies":[{"name":"wp","href":"https:\/\/api.w.org\/{rel}","templated":true}]}}