{"id":33265,"date":"2024-09-13T06:34:36","date_gmt":"2024-09-13T04:34:36","guid":{"rendered":"https:\/\/www.matrelec.com\/triodos-industriales\/"},"modified":"2026-01-30T17:53:39","modified_gmt":"2026-01-30T15:53:39","slug":"triodos-industriales","status":"publish","type":"page","link":"https:\/\/www.matrelec.com\/es\/triodos-industriales\/","title":{"rendered":"Triodos industriales"},"content":{"rendered":"\t\t<div data-elementor-type=\"wp-page\" data-elementor-id=\"33265\" class=\"elementor elementor-33265 elementor-31324\" data-elementor-post-type=\"page\">\n\t\t\t\t<div class=\"elementor-element elementor-element-690e593 e-flex e-con-boxed e-con e-parent\" data-id=\"690e593\" data-element_type=\"container\">\n\t\t\t\t\t<div class=\"e-con-inner\">\n\t\t\t\t<div class=\"elementor-element elementor-element-7dc85c8 elementor-invisible elementor-widget elementor-widget-heading\" data-id=\"7dc85c8\" data-element_type=\"widget\" data-settings=\"{&quot;_animation&quot;:&quot;fadeInUp&quot;}\" data-widget_type=\"heading.default\">\n\t\t\t\t<div class=\"elementor-widget-container\">\n\t\t\t\t\t<h1 class=\"elementor-heading-title elementor-size-default\">Triodos industriales<\/h1>\t\t\t\t<\/div>\n\t\t\t\t<\/div>\n\t\t\t\t\t<\/div>\n\t\t\t\t<\/div>\n\t\t<div class=\"elementor-element elementor-element-824269a e-flex e-con-boxed e-con e-parent\" data-id=\"824269a\" data-element_type=\"container\" data-settings=\"{&quot;background_background&quot;:&quot;classic&quot;}\">\n\t\t\t\t\t<div class=\"e-con-inner\">\n\t\t\t\t<div class=\"elementor-element elementor-element-518fce4 elementor-invisible elementor-widget elementor-widget-heading\" data-id=\"518fce4\" data-element_type=\"widget\" data-settings=\"{&quot;_animation&quot;:&quot;fadeInUp&quot;}\" data-widget_type=\"heading.default\">\n\t\t\t\t<div class=\"elementor-widget-container\">\n\t\t\t\t\t<h2 class=\"elementor-heading-title elementor-size-default\">Preguntas frecuentes sobre los triodos<\/h2>\t\t\t\t<\/div>\n\t\t\t\t<\/div>\n\t\t\t\t<div class=\"elementor-element elementor-element-ab7c0d4 elementor-invisible elementor-widget elementor-widget-text-editor\" data-id=\"ab7c0d4\" data-element_type=\"widget\" data-settings=\"{&quot;_animation&quot;:&quot;fadeInUp&quot;}\" data-widget_type=\"text-editor.default\">\n\t\t\t\t<div class=\"elementor-widget-container\">\n\t\t\t\t\t\t\t\t\tConcebido y desarrollado a principios del siglo XX, el triodo es un dispositivo electr\u00f3nico de amplificaci\u00f3n de se\u00f1ales que est\u00e1 en el origen de las im\u00e1genes parlantes, la transmisi\u00f3n inal\u00e1mbrica (radiocomunicaci\u00f3n), el radar, la televisi\u00f3n, la inform\u00e1tica y las telecomunicaciones de \u00faltima generaci\u00f3n. Aunque el diodo de vac\u00edo, que crea una corriente unidireccional, no fue el primer tipo de tubo electr\u00f3nico, fue al menos el primero en utilizar ondas de radio para transmitir una se\u00f1al. \n\n\t\t\t\t\t\t\t\t<\/div>\n\t\t\t\t<\/div>\n\t\t\t\t<div class=\"elementor-element elementor-element-5e6fb5a elementor-invisible elementor-widget elementor-widget-heading\" data-id=\"5e6fb5a\" data-element_type=\"widget\" data-settings=\"{&quot;_animation&quot;:&quot;fadeInUp&quot;}\" data-widget_type=\"heading.default\">\n\t\t\t\t<div class=\"elementor-widget-container\">\n\t\t\t\t\t<h2 class=\"elementor-heading-title elementor-size-default\">\u00bfQu\u00e9 es un triodo?\n<\/h2>\t\t\t\t<\/div>\n\t\t\t\t<\/div>\n\t\t\t\t<div class=\"elementor-element elementor-element-c817b08 elementor-invisible elementor-widget elementor-widget-text-editor\" data-id=\"c817b08\" data-element_type=\"widget\" data-settings=\"{&quot;_animation&quot;:&quot;fadeInUp&quot;}\" data-widget_type=\"text-editor.default\">\n\t\t\t\t<div class=\"elementor-widget-container\">\n\t\t\t\t\t\t\t\t\t<p>Nacido con el nombre de audi\u00f3n en 1906, el triodo es una l\u00e1mpara de vac\u00edo (tubo de electrones) formada por tres electrodos diferentes: el c\u00e1todo emisor, la rejilla intermedia y el \u00e1nodo receptor.<\/p>\n<ul>\n<li><span style=\"text-indent: -14.15pt;\">Emisor de electrones calientes, el c\u00e1todo est\u00e1 formado por un filamento incandescente o una placa calentada por este tipo de filamento. Este aumento de temperatura proporciona a los electrones la energ\u00eda que necesitan para liberarse del soporte y formar una nube de electrones alrededor del c\u00e1todo. <\/span><\/li>\n<li><span style=\"text-indent: -14.15pt;\">La aplicaci\u00f3n de una diferencia de potencial el\u00e9ctrico entre el c\u00e1todo y el \u00e1nodo acelera el movimiento de los electrones hacia el \u00e1nodo. Esto da lugar a una corriente de unos pocos miliamperios en el circuito electr\u00f3nico. <\/span><\/li>\n<li><span style=\"text-indent: -14.15pt;\">Interponiendo una rejilla entre los dos electrodos, se puede modular el potencial para restringir o favorecer el paso de los electrones. Una peque\u00f1a variaci\u00f3n del potencial el\u00e9ctrico en la rejilla provoca una gran variaci\u00f3n de la corriente recogida por el \u00e1nodo, seg\u00fan el principio de amplificaci\u00f3n.<\/span><\/li>\n<\/ul>\n<p class=\"MsoBodyText\">El triodo funciona como un interruptor seg\u00fan el principio de \u00abtodo o nada\u00bb, amplificando la se\u00f1al electr\u00f3nica sin generar distorsi\u00f3n.<\/p>\t\t\t\t\t\t\t\t<\/div>\n\t\t\t\t<\/div>\n\t\t\t\t<div class=\"elementor-element elementor-element-9a8f3e8 elementor-invisible elementor-widget elementor-widget-image\" data-id=\"9a8f3e8\" data-element_type=\"widget\" data-settings=\"{&quot;_animation&quot;:&quot;fadeInUp&quot;}\" data-widget_type=\"image.default\">\n\t\t\t\t<div class=\"elementor-widget-container\">\n\t\t\t\t\t\t\t\t\t\t\t\t\t\t\t<img fetchpriority=\"high\" decoding=\"async\" width=\"300\" height=\"170\" src=\"https:\/\/www.matrelec.com\/wp-content\/uploads\/2024\/09\/Maintenance-generateur-300x170-1.jpg\" class=\"attachment-large size-large wp-image-33266\" alt=\"\" \/>\t\t\t\t\t\t\t\t\t\t\t\t\t\t\t<\/div>\n\t\t\t\t<\/div>\n\t\t\t\t<div class=\"elementor-element elementor-element-e9f51af elementor-invisible elementor-widget elementor-widget-heading\" data-id=\"e9f51af\" data-element_type=\"widget\" data-settings=\"{&quot;_animation&quot;:&quot;fadeInUp&quot;}\" data-widget_type=\"heading.default\">\n\t\t\t\t<div class=\"elementor-widget-container\">\n\t\t\t\t\t<h2 class=\"elementor-heading-title elementor-size-default\">\u00bfQu\u00e9 tipos de triodos se utilizan en la industria?\n<\/h2>\t\t\t\t<\/div>\n\t\t\t\t<\/div>\n\t\t\t\t<div class=\"elementor-element elementor-element-7af1e33 elementor-invisible elementor-widget elementor-widget-text-editor\" data-id=\"7af1e33\" data-element_type=\"widget\" data-settings=\"{&quot;_animation&quot;:&quot;fadeInUp&quot;}\" data-widget_type=\"text-editor.default\">\n\t\t\t\t<div class=\"elementor-widget-container\">\n\t\t\t\t\t\t\t\t\tLos tubos de vac\u00edo, que fueron el origen de la radiocomunicaci\u00f3n en los a\u00f1os 20 y de la inform\u00e1tica en los 40, fueron sustituidos en los a\u00f1os 60 por un nuevo tipo de componente electr\u00f3nico: el transistor. Este dispositivo semiconductor con tres electrodos activos sustituy\u00f3 al tubo de vac\u00edo en las telecomunicaciones, la electr\u00f3nica y la inform\u00e1tica. \n\nS\u00f3lo unos pocos sectores, como la construcci\u00f3n de m\u00e1quinas-herramienta, siguen utilizando los triodos por su capacidad de amplificaci\u00f3n de alta potencia (hasta m\u00e1s de 150 MHz) en ausencia de cualquier efecto de neutrodinamizaci\u00f3n. Los triodos se utilizan sobre todo en las prensas de soldadura basadas en la tecnolog\u00eda de alta frecuencia. \t\t\t\t\t\t\t\t<\/div>\n\t\t\t\t<\/div>\n\t\t\t\t<div class=\"elementor-element elementor-element-66390b7 elementor-invisible elementor-widget elementor-widget-heading\" data-id=\"66390b7\" data-element_type=\"widget\" data-settings=\"{&quot;_animation&quot;:&quot;fadeInUp&quot;}\" data-widget_type=\"heading.default\">\n\t\t\t\t<div class=\"elementor-widget-container\">\n\t\t\t\t\t<h2 class=\"elementor-heading-title elementor-size-default\">\u00bfQu\u00e9 tipos de m\u00e1quinas utilizan triodos industriales?\n<\/h2>\t\t\t\t<\/div>\n\t\t\t\t<\/div>\n\t\t\t\t<div class=\"elementor-element elementor-element-13b9277 elementor-invisible elementor-widget elementor-widget-text-editor\" data-id=\"13b9277\" data-element_type=\"widget\" data-settings=\"{&quot;_animation&quot;:&quot;fadeInUp&quot;}\" data-widget_type=\"text-editor.default\">\n\t\t\t\t<div class=\"elementor-widget-container\">\n\t\t\t\t\t\t\t\t\tEn general, todas las m\u00e1quinas y equipos que utilizan tecnolog\u00eda de alta frecuencia est\u00e1n equipados con amplificadores de alta potencia en forma de triodo de rejilla com\u00fan o c\u00e1todo de pentodo com\u00fan para generar ondas de hasta 100 MHz.\n\nLas ondas de alta frecuencia pueden utilizarse para modificar el estado de la materia elevando la temperatura como resultado de la agitaci\u00f3n de los electrones. Seg\u00fan el equipo utilizado, entonces es posible cortar, soldar, pegar, unir, secar o deshidratar el material seg\u00fan sus caracter\u00edsticas f\u00edsico-qu\u00edmicas. Los triodos de gran potencia de amplificaci\u00f3n se utilizan en prensas de soldadura de pl\u00e1sticos e incluso de ciertos metales (inducci\u00f3n), termoformadoras, cortadoras de tubos en fr\u00edo, encoladoras de madera, secadoras y equipos de deshidrataci\u00f3n de materiales org\u00e1nicos, etc.  \t\t\t\t\t\t\t\t<\/div>\n\t\t\t\t<\/div>\n\t\t\t\t<div class=\"elementor-element elementor-element-b9b94bb elementor-invisible elementor-widget elementor-widget-heading\" data-id=\"b9b94bb\" data-element_type=\"widget\" data-settings=\"{&quot;_animation&quot;:&quot;fadeInUp&quot;}\" data-widget_type=\"heading.default\">\n\t\t\t\t<div class=\"elementor-widget-container\">\n\t\t\t\t\t<h2 class=\"elementor-heading-title elementor-size-default\">\u00bfEn qu\u00e9 consiste un generador de alta frecuencia?\n<\/h2>\t\t\t\t<\/div>\n\t\t\t\t<\/div>\n\t\t\t\t<div class=\"elementor-element elementor-element-ab072fe elementor-invisible elementor-widget elementor-widget-text-editor\" data-id=\"ab072fe\" data-element_type=\"widget\" data-settings=\"{&quot;_animation&quot;:&quot;fadeInUp&quot;}\" data-widget_type=\"text-editor.default\">\n\t\t\t\t<div class=\"elementor-widget-container\">\n\t\t\t\t\t\t\t\t\t<p>En una prensa de soldar de alta frecuencia, el generador se encarga de transformar la energ\u00eda el\u00e9ctrica en ondas de alta frecuencia para alimentar los electrodos. Integrado en el bastidor de la m\u00e1quina, consta de las siguientes piezas y componentes: <\/p>\n<ul>\n<li><span style=\"text-indent: -14.15pt;\">un tubo de electrones o un triodo de alta frecuencia,<\/span><\/li>\n<li><span style=\"text-indent: -14.15pt;\">un circuito de refrigeraci\u00f3n del triodo,<\/span><\/li>\n<li><span style=\"text-indent: -14.15pt;\">un galvan\u00f3metro de corriente para el \u00e1nodo,<\/span><\/li>\n<li><span style=\"text-indent: -14.15pt;\">un disyuntor de corriente an\u00f3dica.<\/span><\/li>\n<li><span style=\"text-indent: -14.15pt;\">un disipador de calor refrigerado por agua o aire forzado<\/span><\/li>\n<li><span style=\"font-variant-numeric: normal; font-variant-east-asian: normal; font-stretch: normal; font-size: 7pt; line-height: normal; font-family: 'Times New Roman';\">&nbsp;<\/span><span style=\"text-indent: -14.15pt;\">un oscilador para la transferencia de energ\u00eda de AF de cuarto de onda,<\/span><\/li>\n<li><span style=\"text-indent: -14.15pt;\">un condensador variable motorizado para ajustar la alta frecuencia,<\/span><\/li>\n<li><span style=\"text-indent: -14.15pt;\">regulaci\u00f3n autom\u00e1tica de la potencia de AF a 27,12 MHz,<\/span><\/li>\n<li><span style=\"text-indent: -14.15pt;\">un dispositivo electr\u00f3nico antiflash sensible al tiristor,<\/span><\/li>\n<li><span style=\"text-indent: -14.15pt;\">una l\u00ednea de alta frecuencia blindada.<\/span><\/li>\n<\/ul>\t\t\t\t\t\t\t\t<\/div>\n\t\t\t\t<\/div>\n\t\t\t\t<div class=\"elementor-element elementor-element-00bf44d elementor-invisible elementor-widget elementor-widget-heading\" data-id=\"00bf44d\" data-element_type=\"widget\" data-settings=\"{&quot;_animation&quot;:&quot;fadeInUp&quot;}\" data-widget_type=\"heading.default\">\n\t\t\t\t<div class=\"elementor-widget-container\">\n\t\t\t\t\t<h2 class=\"elementor-heading-title elementor-size-default\">\u00bfC\u00f3mo puedo hacer que el triodo dure en una m\u00e1quina de soldar de alta frecuencia?\n<\/h2>\t\t\t\t<\/div>\n\t\t\t\t<\/div>\n\t\t\t\t<div class=\"elementor-element elementor-element-4bf2745 elementor-invisible elementor-widget elementor-widget-text-editor\" data-id=\"4bf2745\" data-element_type=\"widget\" data-settings=\"{&quot;_animation&quot;:&quot;fadeInUp&quot;}\" data-widget_type=\"text-editor.default\">\n\t\t\t\t<div class=\"elementor-widget-container\">\n\t\t\t\t\t\t\t\t\t<p>En las prensas de soldadura de alta frecuencia, los tubos electr\u00f3nicos figuran entre las piezas de desgaste m\u00e1s caras de renovar o sustituir. Por tanto, es necesario extremar las precauciones al utilizar los triodos para optimizar su vida \u00fatil potencial mediante algunas medidas de sentido com\u00fan: <\/p>\n<ul>\n<li><span style=\"text-indent: -14.15pt;\">Respeta una fase m\u00ednima de calentamiento de unos diez minutos al poner en marcha la m\u00e1quina de soldar antes de iniciar las operaciones de montaje del producto.&nbsp;<\/span><\/li>\n<li><span style=\"text-indent: -14.15pt;\">Tras completar una secuencia de operaciones de soldadura, es aconsejable dejar que el diodo se enfr\u00ede durante un cuarto de hora antes de parar la prensa.&nbsp;<\/span><\/li>\n<li><span style=\"text-indent: -14.15pt;\">Aseg\u00farate de que los filtros se limpian con regularidad; la frecuencia depender\u00e1 del nivel de polvo en el entorno de producci\u00f3n (semanal, quincenal, mensual, etc.).<\/span><\/li>\n<\/ul>\t\t\t\t\t\t\t\t<\/div>\n\t\t\t\t<\/div>\n\t\t\t\t<div class=\"elementor-element elementor-element-4bf849f elementor-align-center elementor-widget elementor-widget-button\" data-id=\"4bf849f\" data-element_type=\"widget\" data-widget_type=\"button.default\">\n\t\t\t\t<div class=\"elementor-widget-container\">\n\t\t\t\t\t\t\t\t\t<div class=\"elementor-button-wrapper\">\n\t\t\t\t\t<a class=\"elementor-button elementor-button-link elementor-size-sm\" href=\"https:\/\/shop.matrelec.com\/fr\/\" target=\"_blank\" rel=\"noopener noreferrer nofollow\">\n\t\t\t\t\t\t<span class=\"elementor-button-content-wrapper\">\n\t\t\t\t\t\t<span class=\"elementor-button-icon\">\n\t\t\t\t<svg aria-hidden=\"true\" class=\"e-font-icon-svg e-fas-chevron-right\" viewBox=\"0 0 320 512\" xmlns=\"http:\/\/www.w3.org\/2000\/svg\"><path d=\"M285.476 272.971L91.132 467.314c-9.373 9.373-24.569 9.373-33.941 0l-22.667-22.667c-9.357-9.357-9.375-24.522-.04-33.901L188.505 256 34.484 101.255c-9.335-9.379-9.317-24.544.04-33.901l22.667-22.667c9.373-9.373 24.569-9.373 33.941 0L285.475 239.03c9.373 9.372 9.373 24.568.001 33.941z\"><\/path><\/svg>\t\t\t<\/span>\n\t\t\t\t\t\t\t\t\t<span class=\"elementor-button-text\">Descubre nuestra tienda online<\/span>\n\t\t\t\t\t<\/span>\n\t\t\t\t\t<\/a>\n\t\t\t\t<\/div>\n\t\t\t\t\t\t\t\t<\/div>\n\t\t\t\t<\/div>\n\t\t\t\t\t<\/div>\n\t\t\t\t<\/div>\n\t\t\t\t<\/div>\n\t\t","protected":false},"excerpt":{"rendered":"<p>Preguntas frecuentes sobre los triodos Concebido y desarrollado a principios del siglo XX, el triodo es un dispositivo electr\u00f3nico de amplificaci\u00f3n de se\u00f1ales que est\u00e1 en el origen de las im\u00e1genes parlantes, la transmisi\u00f3n inal\u00e1mbrica (radiocomunicaci\u00f3n), el radar, la televisi\u00f3n, la inform\u00e1tica y las telecomunicaciones de \u00faltima generaci\u00f3n. Aunque el diodo de vac\u00edo, que crea [&hellip;]<\/p>\n","protected":false},"author":1,"featured_media":0,"parent":0,"menu_order":0,"comment_status":"closed","ping_status":"closed","template":"","meta":{"_acf_changed":false,"footnotes":""},"class_list":["post-33265","page","type-page","status-publish","hentry"],"acf":[],"_links":{"self":[{"href":"https:\/\/www.matrelec.com\/es\/wp-json\/wp\/v2\/pages\/33265","targetHints":{"allow":["GET"]}}],"collection":[{"href":"https:\/\/www.matrelec.com\/es\/wp-json\/wp\/v2\/pages"}],"about":[{"href":"https:\/\/www.matrelec.com\/es\/wp-json\/wp\/v2\/types\/page"}],"author":[{"embeddable":true,"href":"https:\/\/www.matrelec.com\/es\/wp-json\/wp\/v2\/users\/1"}],"replies":[{"embeddable":true,"href":"https:\/\/www.matrelec.com\/es\/wp-json\/wp\/v2\/comments?post=33265"}],"version-history":[{"count":4,"href":"https:\/\/www.matrelec.com\/es\/wp-json\/wp\/v2\/pages\/33265\/revisions"}],"predecessor-version":[{"id":38194,"href":"https:\/\/www.matrelec.com\/es\/wp-json\/wp\/v2\/pages\/33265\/revisions\/38194"}],"wp:attachment":[{"href":"https:\/\/www.matrelec.com\/es\/wp-json\/wp\/v2\/media?parent=33265"}],"curies":[{"name":"wp","href":"https:\/\/api.w.org\/{rel}","templated":true}]}}