{"id":33268,"date":"2024-09-13T05:56:51","date_gmt":"2024-09-13T03:56:51","guid":{"rendered":"https:\/\/www.matrelec.com\/soldadura-termica\/"},"modified":"2026-01-30T17:49:01","modified_gmt":"2026-01-30T15:49:01","slug":"soldadura-termica","status":"publish","type":"page","link":"https:\/\/www.matrelec.com\/es\/soldadura-termica\/","title":{"rendered":"Soldadura t\u00e9rmica"},"content":{"rendered":"\t\t<div data-elementor-type=\"wp-page\" data-elementor-id=\"33268\" class=\"elementor elementor-33268 elementor-31288\" data-elementor-post-type=\"page\">\n\t\t\t\t<div class=\"elementor-element elementor-element-690e593 e-flex e-con-boxed e-con e-parent\" data-id=\"690e593\" data-element_type=\"container\">\n\t\t\t\t\t<div class=\"e-con-inner\">\n\t\t\t\t<div class=\"elementor-element elementor-element-7dc85c8 elementor-invisible elementor-widget elementor-widget-heading\" data-id=\"7dc85c8\" data-element_type=\"widget\" data-settings=\"{&quot;_animation&quot;:&quot;fadeInUp&quot;}\" data-widget_type=\"heading.default\">\n\t\t\t\t<div class=\"elementor-widget-container\">\n\t\t\t\t\t<h1 class=\"elementor-heading-title elementor-size-default\">Soldadura t\u00e9rmica<\/h1>\t\t\t\t<\/div>\n\t\t\t\t<\/div>\n\t\t\t\t\t<\/div>\n\t\t\t\t<\/div>\n\t\t<div class=\"elementor-element elementor-element-824269a e-flex e-con-boxed e-con e-parent\" data-id=\"824269a\" data-element_type=\"container\" data-settings=\"{&quot;background_background&quot;:&quot;classic&quot;}\">\n\t\t\t\t\t<div class=\"e-con-inner\">\n\t\t\t\t<div class=\"elementor-element elementor-element-518fce4 elementor-invisible elementor-widget elementor-widget-heading\" data-id=\"518fce4\" data-element_type=\"widget\" data-settings=\"{&quot;_animation&quot;:&quot;fadeInUp&quot;}\" data-widget_type=\"heading.default\">\n\t\t\t\t<div class=\"elementor-widget-container\">\n\t\t\t\t\t<h2 class=\"elementor-heading-title elementor-size-default\">Preguntas frecuentes sobre la soldadura t\u00e9rmica<\/h2>\t\t\t\t<\/div>\n\t\t\t\t<\/div>\n\t\t\t\t<div class=\"elementor-element elementor-element-ab7c0d4 elementor-invisible elementor-widget elementor-widget-text-editor\" data-id=\"ab7c0d4\" data-element_type=\"widget\" data-settings=\"{&quot;_animation&quot;:&quot;fadeInUp&quot;}\" data-widget_type=\"text-editor.default\">\n\t\t\t\t<div class=\"elementor-widget-container\">\n\t\t\t\t\t\t\t\t\tLa expresi\u00f3n \u00absoldadura t\u00e9rmica\u00bb casi podr\u00eda calificarse de pleonasmo, porque la soldadura siempre es el resultado de calentar materiales de la misma naturaleza para unirlos. Sin embargo, \u00abt\u00e9rmica\u00bb es un t\u00e9rmino gen\u00e9rico que se utiliza para designar muchas tecnolog\u00edas de soldadura: arco, MIG-TIG, plasma, l\u00e1ser, alta frecuencia, resistencia, ultrasonidos, etc. Estas tecnolog\u00edas de soldadura difieren en cuanto a sus fuentes de energ\u00eda, su temperatura de precalentamiento, su temperatura m\u00e1xima alcanzada, su velocidad de soldadura, su velocidad de avance y su velocidad de enfriamiento. \t\t\t\t\t\t\t\t<\/div>\n\t\t\t\t<\/div>\n\t\t\t\t<div class=\"elementor-element elementor-element-5e6fb5a elementor-invisible elementor-widget elementor-widget-heading\" data-id=\"5e6fb5a\" data-element_type=\"widget\" data-settings=\"{&quot;_animation&quot;:&quot;fadeInUp&quot;}\" data-widget_type=\"heading.default\">\n\t\t\t\t<div class=\"elementor-widget-container\">\n\t\t\t\t\t<h2 class=\"elementor-heading-title elementor-size-default\">\u00bfQu\u00e9 diferencias hay entre soldar y soldar?<\/h2>\t\t\t\t<\/div>\n\t\t\t\t<\/div>\n\t\t\t\t<div class=\"elementor-element elementor-element-c817b08 elementor-invisible elementor-widget elementor-widget-text-editor\" data-id=\"c817b08\" data-element_type=\"widget\" data-settings=\"{&quot;_animation&quot;:&quot;fadeInUp&quot;}\" data-widget_type=\"text-editor.default\">\n\t\t\t\t<div class=\"elementor-widget-container\">\n\t\t\t\t\t\t\t\t\tLa soldadura puede definirse como un proceso utilizado para ensamblar piezas de un mismo material (metales, pl\u00e1sticos, madera, etc.) mediante calentamiento. La soldadura, por su parte, es el resultado de este proceso y corresponde a la obtenci\u00f3n de una conexi\u00f3n entre dichos elementos. Se obtiene a\u00f1adiendo material desde el exterior o fusionando los bordes de las piezas en contacto. En t\u00e9rminos te\u00f3ricos (ciencia de los materiales), la soldadura corresponde a una modificaci\u00f3n muy localizada de la estructura at\u00f3mica de las piezas as\u00ed ensambladas.   \n\nEn la pr\u00e1ctica, estos dos t\u00e9rminos suelen utilizarse indistintamente para designar tanto el proceso de ensamblaje como la uni\u00f3n resultante. Aunque es muy frecuente, el uso de las palabras \u00absoldadura\u00bb en el campo de la metalurgia y \u00absoldaduras\u00bb en los campos de la transformaci\u00f3n de pl\u00e1sticos y los envases de pl\u00e1stico corresponde m\u00e1s a un uso habitual que a realidades diferentes. \t\t\t\t\t\t\t\t<\/div>\n\t\t\t\t<\/div>\n\t\t\t\t<div class=\"elementor-element elementor-element-f38fb09 elementor-invisible elementor-widget elementor-widget-image\" data-id=\"f38fb09\" data-element_type=\"widget\" data-settings=\"{&quot;_animation&quot;:&quot;fadeInUp&quot;}\" data-widget_type=\"image.default\">\n\t\t\t\t<div class=\"elementor-widget-container\">\n\t\t\t\t\t\t\t\t\t\t\t\t\t\t\t<img fetchpriority=\"high\" decoding=\"async\" width=\"300\" height=\"300\" src=\"https:\/\/www.matrelec.com\/wp-content\/uploads\/2024\/09\/img-C-300x300-1.png\" class=\"attachment-full size-full wp-image-33269\" alt=\"\" srcset=\"https:\/\/www.matrelec.com\/wp-content\/uploads\/2024\/09\/img-C-300x300-1.png 300w, https:\/\/www.matrelec.com\/wp-content\/uploads\/2024\/09\/img-C-300x300-1-150x150.png 150w\" sizes=\"(max-width: 300px) 100vw, 300px\" \/>\t\t\t\t\t\t\t\t\t\t\t\t\t\t\t<\/div>\n\t\t\t\t<\/div>\n\t\t\t\t<div class=\"elementor-element elementor-element-e9f51af elementor-invisible elementor-widget elementor-widget-heading\" data-id=\"e9f51af\" data-element_type=\"widget\" data-settings=\"{&quot;_animation&quot;:&quot;fadeInUp&quot;}\" data-widget_type=\"heading.default\">\n\t\t\t\t<div class=\"elementor-widget-container\">\n\t\t\t\t\t<h2 class=\"elementor-heading-title elementor-size-default\">\u00bfQu\u00e9 es la soldadura por haz de electrones?\n<\/h2>\t\t\t\t<\/div>\n\t\t\t\t<\/div>\n\t\t\t\t<div class=\"elementor-element elementor-element-7af1e33 elementor-invisible elementor-widget elementor-widget-text-editor\" data-id=\"7af1e33\" data-element_type=\"widget\" data-settings=\"{&quot;_animation&quot;:&quot;fadeInUp&quot;}\" data-widget_type=\"text-editor.default\">\n\t\t\t\t<div class=\"elementor-widget-container\">\n\t\t\t\t\t\t\t\t\tEste proceso se basa en la interacci\u00f3n entre un haz de electrones con una potencia de entre 10 kW y 100 kW, y piezas met\u00e1licas gruesas (del orden de magnitud de hasta 200 a 300 mil\u00edmetros) que se van a unir. La proyecci\u00f3n a alta velocidad de los electrones crea un alto nivel de energ\u00eda cin\u00e9tica dirigida hacia los bordes de los dos componentes que hay que soldar. Esta energ\u00eda genera niveles muy altos de calor, lo que provoca la fusi\u00f3n y la uni\u00f3n. Esto tambi\u00e9n da lugar a una velocidad de soldadura muy alta, que limita la deformaci\u00f3n de las piezas a unir.  \n\nDadas las elevad\u00edsimas limitaciones t\u00e9cnicas asociadas a la generaci\u00f3n de un haz de electrones de alta potencia (c\u00e1mara de vac\u00edo), las operaciones de soldadura por haz se automatizan. Esta tecnolog\u00eda puede utilizarse para soldar metales ferrosos (acero, fundici\u00f3n, etc.) y no ferrosos (aluminio, cobre, plomo, zinc, esta\u00f1o, n\u00edquel, cromo, etc.), metales refractarios (niobio, renio, etc.) y \u00absuperaleaciones\u00bb (tantalio, titanio, molibdeno, etc.). \t\t\t\t\t\t\t\t<\/div>\n\t\t\t\t<\/div>\n\t\t\t\t<div class=\"elementor-element elementor-element-66390b7 elementor-invisible elementor-widget elementor-widget-heading\" data-id=\"66390b7\" data-element_type=\"widget\" data-settings=\"{&quot;_animation&quot;:&quot;fadeInUp&quot;}\" data-widget_type=\"heading.default\">\n\t\t\t\t<div class=\"elementor-widget-container\">\n\t\t\t\t\t<h2 class=\"elementor-heading-title elementor-size-default\">\u00bfQu\u00e9 es la soldadura de alta frecuencia?<\/h2>\t\t\t\t<\/div>\n\t\t\t\t<\/div>\n\t\t\t\t<div class=\"elementor-element elementor-element-13b9277 elementor-invisible elementor-widget elementor-widget-text-editor\" data-id=\"13b9277\" data-element_type=\"widget\" data-settings=\"{&quot;_animation&quot;:&quot;fadeInUp&quot;}\" data-widget_type=\"text-editor.default\">\n\t\t\t\t<div class=\"elementor-widget-container\">\n\t\t\t\t\t\t\t\t\tEste proceso permite unir capas termopl\u00e1sticas mediante un campo electromagn\u00e9tico de alta frecuencia (27,12 MHz). Un generador crea una potente corriente el\u00e9ctrica que se hace pasar a trav\u00e9s del material que se va a unir mediante uno o varios electrodos. El campo electromagn\u00e9tico as\u00ed creado activa las mol\u00e9culas de la zona en cuesti\u00f3n, lo que provoca el reblandecimiento de las superficies a soldar.  \n\nComo no hay contacto f\u00edsico con el material, la alta frecuencia garantiza una fusi\u00f3n instant\u00e1nea de las zonas de contacto de las piezas a unir, lo que da como resultado una uni\u00f3n limpia, n\u00edtida y s\u00f3lida. Este proceso se utiliza principalmente para ensamblar pol\u00edmeros de alto punto de fusi\u00f3n: poliamida (PA), policarbonato (PC), poli\u00e9ster termopl\u00e1stico (PETP), tereftalato de polietileno (PET), cloruro de polivinilo (PVC), poli\u00e9ter \u00e9ter cetona (PEEK), etc. \n\nEl ensamblaje de l\u00e1minas de PVC se utiliza sobre todo en la industria de la marroquiner\u00eda (carteras, bolsas, etc.), los art\u00edculos promocionales (estuches, expositores, minifundios, etc.), los art\u00edculos de papeler\u00eda (agendas, carpetas, etc.) y las telecomunicaciones (fundas para tel\u00e9fonos m\u00f3viles, etc.).\t\t\t\t\t\t\t\t<\/div>\n\t\t\t\t<\/div>\n\t\t\t\t<div class=\"elementor-element elementor-element-dea8012 elementor-invisible elementor-widget elementor-widget-heading\" data-id=\"dea8012\" data-element_type=\"widget\" data-settings=\"{&quot;_animation&quot;:&quot;fadeInUp&quot;}\" data-widget_type=\"heading.default\">\n\t\t\t\t<div class=\"elementor-widget-container\">\n\t\t\t\t\t<h2 class=\"elementor-heading-title elementor-size-default\">\u00bfQu\u00e9 es la soldadura por ultrasonidos?<\/h2>\t\t\t\t<\/div>\n\t\t\t\t<\/div>\n\t\t\t\t<div class=\"elementor-element elementor-element-dff0136 elementor-invisible elementor-widget elementor-widget-text-editor\" data-id=\"dff0136\" data-element_type=\"widget\" data-settings=\"{&quot;_animation&quot;:&quot;fadeInUp&quot;}\" data-widget_type=\"text-editor.default\">\n\t\t\t\t<div class=\"elementor-widget-container\">\n\t\t\t\t\t\t\t\t\tEste proceso de soldadura t\u00e9rmica permite unir piezas de pl\u00e1stico termofusibles mediante una corriente el\u00e9ctrica a una frecuencia de 20 a 70 kHz con amplitudes de vibraci\u00f3n del orden de magnitud de 10 a 120 \u03bcm. Un transductor o convertidor electromagn\u00e9tico genera ondas de alta frecuencia que son transmitidas por un cabezal de soldadura (sonotrodo) a las piezas que hay que unir. Los ultrasonidos agitan las mol\u00e9culas en las zonas de contacto, y las caracter\u00edsticas t\u00e9rmicas del material hacen que se calienten desde el centro hacia los bordes.  \n\nEl uso de ultrasonidos se caracteriza por una velocidad de progresi\u00f3n constante, lo que permite establecer una uni\u00f3n muy r\u00e1pida entre las dos piezas termopl\u00e1sticas en forma de una superficie de soldadura lisa y limpia. Esta tecnolog\u00eda se utiliza principalmente para unir pol\u00edmeros con puntos de fusi\u00f3n relativamente bajos, como el poliestireno (PS), el polimetacrilato de metilo (PMM), el polietileno (PE), el polipropileno (PP) y el acrilonitrilo butadieno estireno (ABS). \t\t\t\t\t\t\t\t<\/div>\n\t\t\t\t<\/div>\n\t\t\t\t<div class=\"elementor-element elementor-element-0c91cb7 elementor-invisible elementor-widget elementor-widget-heading\" data-id=\"0c91cb7\" data-element_type=\"widget\" data-settings=\"{&quot;_animation&quot;:&quot;fadeInUp&quot;}\" data-widget_type=\"heading.default\">\n\t\t\t\t<div class=\"elementor-widget-container\">\n\t\t\t\t\t<h2 class=\"elementor-heading-title elementor-size-default\">\u00bfQu\u00e9 es la soldadura de pl\u00e1sticos en fr\u00edo?<\/h2>\t\t\t\t<\/div>\n\t\t\t\t<\/div>\n\t\t\t\t<div class=\"elementor-element elementor-element-43a1118 elementor-invisible elementor-widget elementor-widget-text-editor\" data-id=\"43a1118\" data-element_type=\"widget\" data-settings=\"{&quot;_animation&quot;:&quot;fadeInUp&quot;}\" data-widget_type=\"text-editor.default\">\n\t\t\t\t<div class=\"elementor-widget-container\">\n\t\t\t\t\t\t\t\t\tA pesar de su nombre, no es propiamente una tecnolog\u00eda de uni\u00f3n de pl\u00e1sticos por soldadura, ya que no se basa en el uso de fuentes de energ\u00eda y no tiene ni temperatura de precalentamiento ni de recocido. En realidad, la soldadura en fr\u00edo es una t\u00e9cnica de uni\u00f3n utilizada para ensamblar piezas o componentes de pl\u00e1sticos r\u00edgidos (PVC, PMMA, PP, etc.) mediante una masilla o resina epoxi. Estas pastas o l\u00edquidos se refuerzan con fibras o part\u00edculas en suspensi\u00f3n para garantizar la resistencia del conjunto.  \n\nLa soldadura en fr\u00edo se utiliza principalmente para reparar piezas y componentes de pl\u00e1stico, y en los sectores de la construcci\u00f3n y las obras p\u00fablicas para ensamblar tubos y tuber\u00edas.\t\t\t\t\t\t\t\t<\/div>\n\t\t\t\t<\/div>\n\t\t\t\t<div class=\"elementor-element elementor-element-4170cf7 elementor-invisible elementor-widget elementor-widget-heading\" data-id=\"4170cf7\" data-element_type=\"widget\" data-settings=\"{&quot;_animation&quot;:&quot;fadeInUp&quot;}\" data-widget_type=\"heading.default\">\n\t\t\t\t<div class=\"elementor-widget-container\">\n\t\t\t\t\t<h2 class=\"elementor-heading-title elementor-size-default\">\u00bfQu\u00e9 es la soldadura fuerte de pl\u00e1sticos?\n<\/h2>\t\t\t\t<\/div>\n\t\t\t\t<\/div>\n\t\t\t\t<div class=\"elementor-element elementor-element-aa22a13 elementor-invisible elementor-widget elementor-widget-text-editor\" data-id=\"aa22a13\" data-element_type=\"widget\" data-settings=\"{&quot;_animation&quot;:&quot;fadeInUp&quot;}\" data-widget_type=\"text-editor.default\">\n\t\t\t\t<div class=\"elementor-widget-container\">\n\t\t\t\t\t\t\t\t\t<p>Este proceso consiste en unir dos piezas de pl\u00e1stico r\u00edgido por calentamiento, utilizando un material de aportaci\u00f3n en forma de varilla de pl\u00e1stico cuyo punto de fusi\u00f3n es inferior al de las piezas que se van a soldar. La soldadura fuerte puede realizarse entre elementos del mismo tipo, como PVC (policloruro de vinilo) o PMMA (polimetacrilato de metilo), utilizando varillas de soldadura de policloruro de vinilo. La soldadura fuerte tambi\u00e9n puede utilizarse para unir elementos de distintos tipos (PMMA y PVC) utilizando varillas de cloruro de polivinilo que se calientan al mismo tiempo que las piezas que hay que unir.  <\/p><p>En general, las zonas a soldar se calientan utilizando una pistola de aire caliente o una pistola de calor ajustada a una temperatura m\u00ednima de 300 grados. La t\u00e9cnica de la soldadura fuerte consiste en calentar continuamente tanto las zonas de contacto de las piezas a unir como la varilla de material para crear un cord\u00f3n de PVC fundido que garantice la coherencia del conjunto. <\/p><p>La soldadura fuerte de pl\u00e1stico se utiliza principalmente para reparar objetos rotos y en el campo de la calderer\u00eda de pl\u00e1stico.<\/p>\t\t\t\t\t\t\t\t<\/div>\n\t\t\t\t<\/div>\n\t\t\t\t<div class=\"elementor-element elementor-element-e2e8b78 elementor-align-center elementor-widget elementor-widget-button\" data-id=\"e2e8b78\" data-element_type=\"widget\" data-widget_type=\"button.default\">\n\t\t\t\t<div class=\"elementor-widget-container\">\n\t\t\t\t\t\t\t\t\t<div class=\"elementor-button-wrapper\">\n\t\t\t\t\t<a class=\"elementor-button elementor-button-link elementor-size-sm\" href=\"https:\/\/shop.matrelec.com\/fr\/\" target=\"_blank\" rel=\"noopener noreferrer nofollow\">\n\t\t\t\t\t\t<span class=\"elementor-button-content-wrapper\">\n\t\t\t\t\t\t<span class=\"elementor-button-icon\">\n\t\t\t\t<svg aria-hidden=\"true\" class=\"e-font-icon-svg e-fas-chevron-right\" viewBox=\"0 0 320 512\" xmlns=\"http:\/\/www.w3.org\/2000\/svg\"><path d=\"M285.476 272.971L91.132 467.314c-9.373 9.373-24.569 9.373-33.941 0l-22.667-22.667c-9.357-9.357-9.375-24.522-.04-33.901L188.505 256 34.484 101.255c-9.335-9.379-9.317-24.544.04-33.901l22.667-22.667c9.373-9.373 24.569-9.373 33.941 0L285.475 239.03c9.373 9.372 9.373 24.568.001 33.941z\"><\/path><\/svg>\t\t\t<\/span>\n\t\t\t\t\t\t\t\t\t<span class=\"elementor-button-text\">Descubre nuestra tienda online<\/span>\n\t\t\t\t\t<\/span>\n\t\t\t\t\t<\/a>\n\t\t\t\t<\/div>\n\t\t\t\t\t\t\t\t<\/div>\n\t\t\t\t<\/div>\n\t\t\t\t\t<\/div>\n\t\t\t\t<\/div>\n\t\t\t\t<\/div>\n\t\t","protected":false},"excerpt":{"rendered":"<p>Preguntas frecuentes sobre la soldadura t\u00e9rmica La expresi\u00f3n \u00absoldadura t\u00e9rmica\u00bb casi podr\u00eda calificarse de pleonasmo, porque la soldadura siempre es el resultado de calentar materiales de la misma naturaleza para unirlos. Sin embargo, \u00abt\u00e9rmica\u00bb es un t\u00e9rmino gen\u00e9rico que se utiliza para designar muchas tecnolog\u00edas de soldadura: arco, MIG-TIG, plasma, l\u00e1ser, alta frecuencia, resistencia, ultrasonidos, [&hellip;]<\/p>\n","protected":false},"author":1,"featured_media":0,"parent":0,"menu_order":0,"comment_status":"closed","ping_status":"closed","template":"","meta":{"_acf_changed":false,"footnotes":""},"class_list":["post-33268","page","type-page","status-publish","hentry"],"acf":[],"_links":{"self":[{"href":"https:\/\/www.matrelec.com\/es\/wp-json\/wp\/v2\/pages\/33268","targetHints":{"allow":["GET"]}}],"collection":[{"href":"https:\/\/www.matrelec.com\/es\/wp-json\/wp\/v2\/pages"}],"about":[{"href":"https:\/\/www.matrelec.com\/es\/wp-json\/wp\/v2\/types\/page"}],"author":[{"embeddable":true,"href":"https:\/\/www.matrelec.com\/es\/wp-json\/wp\/v2\/users\/1"}],"replies":[{"embeddable":true,"href":"https:\/\/www.matrelec.com\/es\/wp-json\/wp\/v2\/comments?post=33268"}],"version-history":[{"count":4,"href":"https:\/\/www.matrelec.com\/es\/wp-json\/wp\/v2\/pages\/33268\/revisions"}],"predecessor-version":[{"id":38143,"href":"https:\/\/www.matrelec.com\/es\/wp-json\/wp\/v2\/pages\/33268\/revisions\/38143"}],"wp:attachment":[{"href":"https:\/\/www.matrelec.com\/es\/wp-json\/wp\/v2\/media?parent=33268"}],"curies":[{"name":"wp","href":"https:\/\/api.w.org\/{rel}","templated":true}]}}