{"id":33271,"date":"2024-09-13T06:27:31","date_gmt":"2024-09-13T04:27:31","guid":{"rendered":"https:\/\/www.matrelec.com\/soldadura-de-alta-frecuencia\/"},"modified":"2026-01-30T17:53:25","modified_gmt":"2026-01-30T15:53:25","slug":"soldadura-de-alta-frecuencia","status":"publish","type":"page","link":"https:\/\/www.matrelec.com\/es\/soldadura-de-alta-frecuencia\/","title":{"rendered":"Soldadura de alta frecuencia"},"content":{"rendered":"\t\t<div data-elementor-type=\"wp-page\" data-elementor-id=\"33271\" class=\"elementor elementor-33271 elementor-31318\" data-elementor-post-type=\"page\">\n\t\t\t\t<div class=\"elementor-element elementor-element-690e593 e-flex e-con-boxed e-con e-parent\" data-id=\"690e593\" data-element_type=\"container\">\n\t\t\t\t\t<div class=\"e-con-inner\">\n\t\t\t\t<div class=\"elementor-element elementor-element-7dc85c8 elementor-invisible elementor-widget elementor-widget-heading\" data-id=\"7dc85c8\" data-element_type=\"widget\" data-settings=\"{&quot;_animation&quot;:&quot;fadeInUp&quot;}\" data-widget_type=\"heading.default\">\n\t\t\t\t<div class=\"elementor-widget-container\">\n\t\t\t\t\t<h1 class=\"elementor-heading-title elementor-size-default\">Soldadura de alta frecuencia<\/h1>\t\t\t\t<\/div>\n\t\t\t\t<\/div>\n\t\t\t\t\t<\/div>\n\t\t\t\t<\/div>\n\t\t<div class=\"elementor-element elementor-element-824269a e-flex e-con-boxed e-con e-parent\" data-id=\"824269a\" data-element_type=\"container\" data-settings=\"{&quot;background_background&quot;:&quot;classic&quot;}\">\n\t\t\t\t\t<div class=\"e-con-inner\">\n\t\t\t\t<div class=\"elementor-element elementor-element-518fce4 elementor-invisible elementor-widget elementor-widget-heading\" data-id=\"518fce4\" data-element_type=\"widget\" data-settings=\"{&quot;_animation&quot;:&quot;fadeInUp&quot;}\" data-widget_type=\"heading.default\">\n\t\t\t\t<div class=\"elementor-widget-container\">\n\t\t\t\t\t<h2 class=\"elementor-heading-title elementor-size-default\">Preguntas frecuentes sobre la soldadura de alta frecuencia (hf)<\/h2>\t\t\t\t<\/div>\n\t\t\t\t<\/div>\n\t\t\t\t<div class=\"elementor-element elementor-element-ab7c0d4 elementor-invisible elementor-widget elementor-widget-text-editor\" data-id=\"ab7c0d4\" data-element_type=\"widget\" data-settings=\"{&quot;_animation&quot;:&quot;fadeInUp&quot;}\" data-widget_type=\"text-editor.default\">\n\t\t\t\t<div class=\"elementor-widget-container\">\n\t\t\t\t\t\t\t\t\tLos termopl\u00e1sticos son los \u00fanicos materiales que pueden unirse mediante tecnolog\u00edas de soldadura. Se trata principalmente de pl\u00e1sticos flexibles que pueden unirse mediante diversos m\u00e9todos, como la soldadura por alta frecuencia o radiofrecuencia y la soldadura por ultrasonidos. \n\n\t\t\t\t\t\t\t\t<\/div>\n\t\t\t\t<\/div>\n\t\t\t\t<div class=\"elementor-element elementor-element-5e6fb5a elementor-invisible elementor-widget elementor-widget-heading\" data-id=\"5e6fb5a\" data-element_type=\"widget\" data-settings=\"{&quot;_animation&quot;:&quot;fadeInUp&quot;}\" data-widget_type=\"heading.default\">\n\t\t\t\t<div class=\"elementor-widget-container\">\n\t\t\t\t\t<h2 class=\"elementor-heading-title elementor-size-default\">\u00bfC\u00f3mo funciona la soldadura de Alta Frecuencia?\n<\/h2>\t\t\t\t<\/div>\n\t\t\t\t<\/div>\n\t\t\t\t<div class=\"elementor-element elementor-element-c817b08 elementor-invisible elementor-widget elementor-widget-text-editor\" data-id=\"c817b08\" data-element_type=\"widget\" data-settings=\"{&quot;_animation&quot;:&quot;fadeInUp&quot;}\" data-widget_type=\"text-editor.default\">\n\t\t\t\t<div class=\"elementor-widget-container\">\n\t\t\t\t\t\t\t\t\t<p>Este proceso permite unir diferentes capas o varias piezas de termopl\u00e1sticos mediante un campo electromagn\u00e9tico. El principio es el siguiente: una tensi\u00f3n de alta frecuencia calienta las distintas piezas sometidas a ella. El calor emitido hace que los distintos materiales se fundan bajo presi\u00f3n y se unan. Una vez que la superficie modificada se ha enfriado y se ha mantenido bajo presi\u00f3n, la costura resultante es al menos tan s\u00f3lida como las superficies vecinas.   <\/p>\n<p>La aplicaci\u00f3n se realiza mediante m\u00e1quinas de soldadura de alta frecuencia estructuradas seg\u00fan el siguiente principio:<\/p>\n<ul>\n<li>un generador de campo el\u00e9ctrico de alta frecuencia, normalmente 27,12 MHz,<\/li>\n<li>una prensa neum\u00e1tica para sujetar a presi\u00f3n las piezas a ensamblar,<\/li>\n<li>electrodos que crean un campo el\u00e9ctrico de alta frecuencia, haciendo vibrar las mol\u00e9culas y calentando los materiales,<\/li>\n<li>un banco de soldadura para sujetar las piezas a soldar.<\/li>\n<\/ul>\t\t\t\t\t\t\t\t<\/div>\n\t\t\t\t<\/div>\n\t\t\t\t<div class=\"elementor-element elementor-element-9a8f3e8 elementor-invisible elementor-widget elementor-widget-image\" data-id=\"9a8f3e8\" data-element_type=\"widget\" data-settings=\"{&quot;_animation&quot;:&quot;fadeInUp&quot;}\" data-widget_type=\"image.default\">\n\t\t\t\t<div class=\"elementor-widget-container\">\n\t\t\t\t\t\t\t\t\t\t\t\t\t\t\t<img fetchpriority=\"high\" decoding=\"async\" width=\"467\" height=\"467\" src=\"https:\/\/www.matrelec.com\/wp-content\/uploads\/2024\/09\/img-t.png\" class=\"attachment-large size-large wp-image-33272\" alt=\"\" srcset=\"https:\/\/www.matrelec.com\/wp-content\/uploads\/2024\/09\/img-t.png 467w, https:\/\/www.matrelec.com\/wp-content\/uploads\/2024\/09\/img-t-300x300.png 300w, https:\/\/www.matrelec.com\/wp-content\/uploads\/2024\/09\/img-t-150x150.png 150w\" sizes=\"(max-width: 467px) 100vw, 467px\" \/>\t\t\t\t\t\t\t\t\t\t\t\t\t\t\t<\/div>\n\t\t\t\t<\/div>\n\t\t\t\t<div class=\"elementor-element elementor-element-e9f51af elementor-invisible elementor-widget elementor-widget-heading\" data-id=\"e9f51af\" data-element_type=\"widget\" data-settings=\"{&quot;_animation&quot;:&quot;fadeInUp&quot;}\" data-widget_type=\"heading.default\">\n\t\t\t\t<div class=\"elementor-widget-container\">\n\t\t\t\t\t<h2 class=\"elementor-heading-title elementor-size-default\">\u00bfQu\u00e9 materiales son adecuados para la soldadura de alta frecuencia?\n<\/h2>\t\t\t\t<\/div>\n\t\t\t\t<\/div>\n\t\t\t\t<div class=\"elementor-element elementor-element-7af1e33 elementor-invisible elementor-widget elementor-widget-text-editor\" data-id=\"7af1e33\" data-element_type=\"widget\" data-settings=\"{&quot;_animation&quot;:&quot;fadeInUp&quot;}\" data-widget_type=\"text-editor.default\">\n\t\t\t\t<div class=\"elementor-widget-container\">\n\t\t\t\t\t\t\t\t\t<p>Aunque t\u00e9cnicamente es posible, en determinadas condiciones, soldar metal utilizando altas frecuencias, el proceso de soldadura HF se utiliza generalmente para ensamblar pl\u00e1sticos. M\u00e1s concretamente, s\u00f3lo afecta a los termopl\u00e1sticos, la \u00fanica categor\u00eda de pl\u00e1sticos que son deformables al calentarse. Sin embargo, incluso algunos termopl\u00e1sticos no pueden soldarse con este m\u00e9todo, como el polietileno (PE) y el polipropileno (PP).  <\/p>\n<p>La gama de derivados del cloruro de polivinilo (PVC), el poliuretano (PU) y las poliamidas (PA) son los pl\u00e1sticos para los que m\u00e1s se utiliza la soldadura de alta frecuencia. Estos termopl\u00e1sticos se utilizan en la fabricaci\u00f3n de muchos objetos cotidianos: <\/p>\n<ul>\n<li>revisteros y protectores de cuadernos,<\/li>\n<li>bl\u00edsteres y envases de pl\u00e1stico,<\/li>\n<li>toldos y lonas de diversos tama\u00f1os<\/li>\n<li>etc.<\/li>\n<\/ul>\t\t\t\t\t\t\t\t<\/div>\n\t\t\t\t<\/div>\n\t\t\t\t<div class=\"elementor-element elementor-element-66390b7 elementor-invisible elementor-widget elementor-widget-heading\" data-id=\"66390b7\" data-element_type=\"widget\" data-settings=\"{&quot;_animation&quot;:&quot;fadeInUp&quot;}\" data-widget_type=\"heading.default\">\n\t\t\t\t<div class=\"elementor-widget-container\">\n\t\t\t\t\t<h2 class=\"elementor-heading-title elementor-size-default\">\u00bfCu\u00e1l es la diferencia entre la soldadura por ultrasonidos y la soldadura por alta frecuencia?\n<\/h2>\t\t\t\t<\/div>\n\t\t\t\t<\/div>\n\t\t\t\t<div class=\"elementor-element elementor-element-13b9277 elementor-invisible elementor-widget elementor-widget-text-editor\" data-id=\"13b9277\" data-element_type=\"widget\" data-settings=\"{&quot;_animation&quot;:&quot;fadeInUp&quot;}\" data-widget_type=\"text-editor.default\">\n\t\t\t\t<div class=\"elementor-widget-container\">\n\t\t\t\t\t\t\t\t\tEstas dos tecnolog\u00edas se utilizan para unir termopl\u00e1sticos y funcionan seg\u00fan el mismo principio: calentar el material desde el centro hacia el exterior haciendo vibrar las mol\u00e9culas. Esto provoca una fusi\u00f3n r\u00e1pida de las zonas de contacto de los elementos a soldar, con un resultado limpio y n\u00edtido, incluso antes de lijar el material. \n\nLa principal diferencia radica en la forma de calentar el material. La soldadura por ultrasonidos se basa en el uso de una corriente el\u00e9ctrica a una frecuencia de 20 a 70 kHz, que hace oscilar una pieza met\u00e1lica llamada sonotrodo. Estas oscilaciones permiten transmitir las vibraciones por contacto directo con la superficie del pl\u00e1stico. Esta tecnolog\u00eda s\u00f3lo puede utilizarse para termopl\u00e1sticos con temperaturas de fusi\u00f3n relativamente bajas. Utilizarla para soldar pl\u00e1sticos a altas temperaturas requerir\u00eda una gran cantidad de oscilaciones muy r\u00e1pidas, que podr\u00edan da\u00f1ar la prensa.    \n\nEn cambio, la m\u00e1quina de soldar de alta frecuencia es capaz de crear un campo electromagn\u00e9tico de alta frecuencia (del orden de 27,12 MHz). Para ello, est\u00e1 equipada con un generador en forma de electrodo que emite una potente corriente el\u00e9ctrica que genera un efecto diel\u00e9ctrico sobre los materiales a unir. Esto permite transmitir las vibraciones sin contacto directo con los materiales, limitando as\u00ed el impacto sobre la m\u00e1quina de soldar. Este proceso puede utilizarse para una amplia gama de termopl\u00e1sticos gracias a la capacidad del equipo para generar y transmitir energ\u00eda.   \t\t\t\t\t\t\t\t<\/div>\n\t\t\t\t<\/div>\n\t\t\t\t<div class=\"elementor-element elementor-element-b9b94bb elementor-invisible elementor-widget elementor-widget-heading\" data-id=\"b9b94bb\" data-element_type=\"widget\" data-settings=\"{&quot;_animation&quot;:&quot;fadeInUp&quot;}\" data-widget_type=\"heading.default\">\n\t\t\t\t<div class=\"elementor-widget-container\">\n\t\t\t\t\t<h2 class=\"elementor-heading-title elementor-size-default\">\u00bfCu\u00e1les son las ventajas de la soldadura de alta frecuencia?\n<\/h2>\t\t\t\t<\/div>\n\t\t\t\t<\/div>\n\t\t\t\t<div class=\"elementor-element elementor-element-ab072fe elementor-invisible elementor-widget elementor-widget-text-editor\" data-id=\"ab072fe\" data-element_type=\"widget\" data-settings=\"{&quot;_animation&quot;:&quot;fadeInUp&quot;}\" data-widget_type=\"text-editor.default\">\n\t\t\t\t<div class=\"elementor-widget-container\">\n\t\t\t\t\t\t\t\t\t<p>La soldadura por HF se utiliza mucho en los ensamblajes de pl\u00e1stico por sus innegables ventajas:<\/p>\n<ul>\n<li><strong>Precisi\u00f3n <\/strong>: la soldadura de alta frecuencia es limpia y precisa, gracias a la posibilidad de calentar s\u00f3lo las zonas de contacto de los objetos a unir.<\/li>\n<li><strong>Trabajo a medida<\/strong>: se puede prever cualquier tipo de forma para unir 2 piezas o 2 componentes. Algunos modelos de m\u00e1quina pueden soldar grandes formatos (para carteles publicitarios, lonas de cami\u00f3n, velas, etc.). <\/li>\n<li><strong>Unir diferentes pl\u00e1sticos<\/strong>: un calentamiento r\u00e1pido y potente permite combinar pl\u00e1sticos de diferentes tipos.<\/li>\n<li><strong>Velocidad y ritmo<\/strong>: la prensa de soldar HF aumenta el ciclo de producci\u00f3n gracias a sus altos \u00edndices de rendimiento.<\/li>\n<li><strong>La fuerza de la uni\u00f3n<\/strong>: gracias al modo de calentamiento, la uni\u00f3n es m\u00e1s fuerte en el interior del material que en el exterior, sin cambios tras el enfriamiento.<\/li>\n<\/ul>\t\t\t\t\t\t\t\t<\/div>\n\t\t\t\t<\/div>\n\t\t\t\t<div class=\"elementor-element elementor-element-68e407d elementor-invisible elementor-widget elementor-widget-heading\" data-id=\"68e407d\" data-element_type=\"widget\" data-settings=\"{&quot;_animation&quot;:&quot;fadeInUp&quot;}\" data-widget_type=\"heading.default\">\n\t\t\t\t<div class=\"elementor-widget-container\">\n\t\t\t\t\t<h2 class=\"elementor-heading-title elementor-size-default\">\u00bfCu\u00e1les son los peligros potenciales de la soldadura de alta frecuencia?\n<\/h2>\t\t\t\t<\/div>\n\t\t\t\t<\/div>\n\t\t\t\t<div class=\"elementor-element elementor-element-0367a5e elementor-invisible elementor-widget elementor-widget-text-editor\" data-id=\"0367a5e\" data-element_type=\"widget\" data-settings=\"{&quot;_animation&quot;:&quot;fadeInUp&quot;}\" data-widget_type=\"text-editor.default\">\n\t\t\t\t<div class=\"elementor-widget-container\">\n\t\t\t\t\t\t\t\t\tEl principio b\u00e1sico de la soldadura HF es el uso de ondas electromagn\u00e9ticas con una frecuencia de 27 MegaHertzios. Esto produce radiaciones en las proximidades de la m\u00e1quina de soldar, que pueden tener consecuencias perjudiciales a largo plazo para las personas que trabajan cerca. La exposici\u00f3n prolongada a este tipo de radiaci\u00f3n puede provocar mareos y n\u00e1useas, as\u00ed como un aumento de la temperatura corporal.  \n\nPara mitigar estos riesgos para la salud, hay varias formas de proteger de la radiaci\u00f3n la zona que rodea al equipo. El aluminio puede actuar como absorbente de ondas, en forma de cajas o blindaje de generadores. El calor disipado por la radiaci\u00f3n tambi\u00e9n puede ser absorbido en parte por el aluminio.  \n\nComo ocurre con todos los trabajos con equipos industriales, pueden producirse incidentes si se utiliza incorrectamente una m\u00e1quina de soldar de alta frecuencia. Durante un ciclo de soldadura convencional, no hay peligro de quemaduras, porque la materia prima que calienta la m\u00e1quina no es accesible al personal ni a los visitantes hasta que se ha enfriado. \t\t\t\t\t\t\t\t<\/div>\n\t\t\t\t<\/div>\n\t\t\t\t<div class=\"elementor-element elementor-element-dcb91f9 elementor-align-center elementor-widget elementor-widget-button\" data-id=\"dcb91f9\" data-element_type=\"widget\" data-widget_type=\"button.default\">\n\t\t\t\t<div class=\"elementor-widget-container\">\n\t\t\t\t\t\t\t\t\t<div class=\"elementor-button-wrapper\">\n\t\t\t\t\t<a class=\"elementor-button elementor-button-link elementor-size-sm\" href=\"https:\/\/shop.matrelec.com\/fr\/\" target=\"_blank\" rel=\"noopener noreferrer nofollow\">\n\t\t\t\t\t\t<span class=\"elementor-button-content-wrapper\">\n\t\t\t\t\t\t<span class=\"elementor-button-icon\">\n\t\t\t\t<svg aria-hidden=\"true\" class=\"e-font-icon-svg e-fas-chevron-right\" viewBox=\"0 0 320 512\" xmlns=\"http:\/\/www.w3.org\/2000\/svg\"><path d=\"M285.476 272.971L91.132 467.314c-9.373 9.373-24.569 9.373-33.941 0l-22.667-22.667c-9.357-9.357-9.375-24.522-.04-33.901L188.505 256 34.484 101.255c-9.335-9.379-9.317-24.544.04-33.901l22.667-22.667c9.373-9.373 24.569-9.373 33.941 0L285.475 239.03c9.373 9.372 9.373 24.568.001 33.941z\"><\/path><\/svg>\t\t\t<\/span>\n\t\t\t\t\t\t\t\t\t<span class=\"elementor-button-text\">Descubre nuestra tienda online<\/span>\n\t\t\t\t\t<\/span>\n\t\t\t\t\t<\/a>\n\t\t\t\t<\/div>\n\t\t\t\t\t\t\t\t<\/div>\n\t\t\t\t<\/div>\n\t\t\t\t\t<\/div>\n\t\t\t\t<\/div>\n\t\t\t\t<\/div>\n\t\t","protected":false},"excerpt":{"rendered":"<p>Preguntas frecuentes sobre la soldadura de alta frecuencia (hf) Los termopl\u00e1sticos son los \u00fanicos materiales que pueden unirse mediante tecnolog\u00edas de soldadura. Se trata principalmente de pl\u00e1sticos flexibles que pueden unirse mediante diversos m\u00e9todos, como la soldadura por alta frecuencia o radiofrecuencia y la soldadura por ultrasonidos. \u00bfC\u00f3mo funciona la soldadura de Alta Frecuencia? Este [&hellip;]<\/p>\n","protected":false},"author":1,"featured_media":0,"parent":0,"menu_order":0,"comment_status":"closed","ping_status":"closed","template":"","meta":{"_acf_changed":false,"footnotes":""},"class_list":["post-33271","page","type-page","status-publish","hentry"],"acf":[],"_links":{"self":[{"href":"https:\/\/www.matrelec.com\/es\/wp-json\/wp\/v2\/pages\/33271","targetHints":{"allow":["GET"]}}],"collection":[{"href":"https:\/\/www.matrelec.com\/es\/wp-json\/wp\/v2\/pages"}],"about":[{"href":"https:\/\/www.matrelec.com\/es\/wp-json\/wp\/v2\/types\/page"}],"author":[{"embeddable":true,"href":"https:\/\/www.matrelec.com\/es\/wp-json\/wp\/v2\/users\/1"}],"replies":[{"embeddable":true,"href":"https:\/\/www.matrelec.com\/es\/wp-json\/wp\/v2\/comments?post=33271"}],"version-history":[{"count":2,"href":"https:\/\/www.matrelec.com\/es\/wp-json\/wp\/v2\/pages\/33271\/revisions"}],"predecessor-version":[{"id":38185,"href":"https:\/\/www.matrelec.com\/es\/wp-json\/wp\/v2\/pages\/33271\/revisions\/38185"}],"wp:attachment":[{"href":"https:\/\/www.matrelec.com\/es\/wp-json\/wp\/v2\/media?parent=33271"}],"curies":[{"name":"wp","href":"https:\/\/api.w.org\/{rel}","templated":true}]}}