{"id":33274,"date":"2024-09-13T05:32:07","date_gmt":"2024-09-13T03:32:07","guid":{"rendered":"https:\/\/www.matrelec.com\/soldadura-de-pvc\/"},"modified":"2026-01-30T17:48:44","modified_gmt":"2026-01-30T15:48:44","slug":"soldadura-de-pvc","status":"publish","type":"page","link":"https:\/\/www.matrelec.com\/es\/soldadura-de-pvc\/","title":{"rendered":"Soldadura de PVC"},"content":{"rendered":"\t\t<div data-elementor-type=\"wp-page\" data-elementor-id=\"33274\" class=\"elementor elementor-33274 elementor-31278\" data-elementor-post-type=\"page\">\n\t\t\t\t<div class=\"elementor-element elementor-element-690e593 e-flex e-con-boxed e-con e-parent\" data-id=\"690e593\" data-element_type=\"container\">\n\t\t\t\t\t<div class=\"e-con-inner\">\n\t\t\t\t<div class=\"elementor-element elementor-element-7dc85c8 elementor-invisible elementor-widget elementor-widget-heading\" data-id=\"7dc85c8\" data-element_type=\"widget\" data-settings=\"{&quot;_animation&quot;:&quot;fadeInUp&quot;}\" data-widget_type=\"heading.default\">\n\t\t\t\t<div class=\"elementor-widget-container\">\n\t\t\t\t\t<h1 class=\"elementor-heading-title elementor-size-default\">Soldadura de PVC<\/h1>\t\t\t\t<\/div>\n\t\t\t\t<\/div>\n\t\t\t\t\t<\/div>\n\t\t\t\t<\/div>\n\t\t<div class=\"elementor-element elementor-element-824269a e-flex e-con-boxed e-con e-parent\" data-id=\"824269a\" data-element_type=\"container\" data-settings=\"{&quot;background_background&quot;:&quot;classic&quot;}\">\n\t\t\t\t\t<div class=\"e-con-inner\">\n\t\t\t\t<div class=\"elementor-element elementor-element-518fce4 elementor-invisible elementor-widget elementor-widget-heading\" data-id=\"518fce4\" data-element_type=\"widget\" data-settings=\"{&quot;_animation&quot;:&quot;fadeInUp&quot;}\" data-widget_type=\"heading.default\">\n\t\t\t\t<div class=\"elementor-widget-container\">\n\t\t\t\t\t<h2 class=\"elementor-heading-title elementor-size-default\">Preguntas frecuentes sobre la soldadura de PVC<\/h2>\t\t\t\t<\/div>\n\t\t\t\t<\/div>\n\t\t\t\t<div class=\"elementor-element elementor-element-ab7c0d4 elementor-invisible elementor-widget elementor-widget-text-editor\" data-id=\"ab7c0d4\" data-element_type=\"widget\" data-settings=\"{&quot;_animation&quot;:&quot;fadeInUp&quot;}\" data-widget_type=\"text-editor.default\">\n\t\t\t\t<div class=\"elementor-widget-container\">\n\t\t\t\t\t\t\t\t\tEl cloruro de polivinilo es el segundo pl\u00e1stico m\u00e1s utilizado en el mundo. Junto con el polietileno, el PVC es uno de los materiales utilizados en una amplia gama de industrias. Ya sea en forma r\u00edgida o flexible, se caracteriza por su resistencia y sus propiedades imputrescibles. El PVC puede soldarse mediante encolado o utilizando alta frecuencia o ultrasonidos.   \t\t\t\t\t\t\t\t<\/div>\n\t\t\t\t<\/div>\n\t\t\t\t<div class=\"elementor-element elementor-element-5e6fb5a elementor-invisible elementor-widget elementor-widget-heading\" data-id=\"5e6fb5a\" data-element_type=\"widget\" data-settings=\"{&quot;_animation&quot;:&quot;fadeInUp&quot;}\" data-widget_type=\"heading.default\">\n\t\t\t\t<div class=\"elementor-widget-container\">\n\t\t\t\t\t<h2 class=\"elementor-heading-title elementor-size-default\">\u00bfQu\u00e9 tipos de PVC se pueden soldar?\n<\/h2>\t\t\t\t<\/div>\n\t\t\t\t<\/div>\n\t\t\t\t<div class=\"elementor-element elementor-element-c817b08 elementor-invisible elementor-widget elementor-widget-text-editor\" data-id=\"c817b08\" data-element_type=\"widget\" data-settings=\"{&quot;_animation&quot;:&quot;fadeInUp&quot;}\" data-widget_type=\"text-editor.default\">\n\t\t\t\t<div class=\"elementor-widget-container\">\n\t\t\t\t\t\t\t\t\t<p>En general, hay cuatro formas diferentes de<strong> cloruro de polivinilo<\/strong> que pueden soldarse entre s\u00ed:<\/p>\n<ul>\n<li>PVC flexible de aspecto brillante utilizado para distintos tipos de revestimientos de suelos, paredes y techos,<\/li>\n<li>Films de pl\u00e1stico de PVC utilizados para fabricar envases y film estirable,<\/li>\n<li>El PVC r\u00edgido se utiliza en la fabricaci\u00f3n de tuber\u00edas, como las de desag\u00fce. Tambi\u00e9n es muy popular para la construcci\u00f3n de revestimientos de ventanas y la producci\u00f3n de envases bl\u00edster, <\/li>\n<li>El PVC expandido o Forex se utiliza mucho en publicidad para hacer carteles.<\/li>\n<\/ul>\n<p>Las t\u00e9cnicas de montaje y <strong>soldadura del PVC<\/strong> no difieren seg\u00fan la forma en que se presente el material. Mientras que el PVC r\u00edgido debe soldarse a 300 grados Celsius, el PVC flexible requiere una temperatura m\u00ednima de 400 grados. Reciclable, maleable y ligero, <strong>el cloruro de polivinilo<\/strong> puede ensamblarse utilizando los mismos procesos de soldadura que los termopl\u00e1sticos.  <\/p>\t\t\t\t\t\t\t\t<\/div>\n\t\t\t\t<\/div>\n\t\t\t\t<div class=\"elementor-element elementor-element-e9f51af elementor-invisible elementor-widget elementor-widget-heading\" data-id=\"e9f51af\" data-element_type=\"widget\" data-settings=\"{&quot;_animation&quot;:&quot;fadeInUp&quot;}\" data-widget_type=\"heading.default\">\n\t\t\t\t<div class=\"elementor-widget-container\">\n\t\t\t\t\t<h2 class=\"elementor-heading-title elementor-size-default\">\u00bfQu\u00e9 t\u00e9cnicas se utilizan para soldar PVC?\n<\/h2>\t\t\t\t<\/div>\n\t\t\t\t<\/div>\n\t\t\t\t<div class=\"elementor-element elementor-element-7af1e33 elementor-invisible elementor-widget elementor-widget-text-editor\" data-id=\"7af1e33\" data-element_type=\"widget\" data-settings=\"{&quot;_animation&quot;:&quot;fadeInUp&quot;}\" data-widget_type=\"text-editor.default\">\n\t\t\t\t<div class=\"elementor-widget-container\">\n\t\t\t\t\t\t\t\t\t\n\t\t\t<p>La<strong> soldadura de policloruro de vinilo<\/strong> puede definirse como el ensamblaje de termopl\u00e1sticos. Corresponde a varias t\u00e9cnicas de <strong>soldadura<\/strong> de pl\u00e1sticos: <\/p>\n<ul>\n<li><strong>Soldadura ultras\u00f3nica del PVC<\/strong> mediante un sonotrodo de baja frecuencia,<\/li>\n<li><strong>Soldadura de PVC por alta frecuencia<\/strong> utilizando una corriente de 27,12 MHZ,<\/li>\n<li>Soldadura con espejos o cuchillas calefactadas<\/li>\n<li>Soldadura mediante rayo l\u00e1ser,<\/li>\n<li>La soldadura por impulsos, que consiste en soldar piezas utilizando una corriente el\u00e9ctrica,<\/li>\n<li>Soldadura con gas caliente, utilizando un soplete de aire caliente,<\/li>\n<li>La soldadura por rotaci\u00f3n consiste en generar calor mediante la rotaci\u00f3n y presi\u00f3n de los materiales,<\/li>\n<li>La soldadura por disoluci\u00f3n se utiliza a menudo para reparar objetos.<\/li>\n<\/ul>\n<p>El PVC tiene la ventaja de ser un material ligero y muy maleable, por lo que se han desarrollado numerosas t\u00e9cnicas de soldadura para su aplicaci\u00f3n. Cada t\u00e9cnica tiene sus caracter\u00edsticas espec\u00edficas, que permiten acelerar el proceso de ensamblaje de las piezas, elevar r\u00e1pidamente la temperatura y obtener resultados limpios. <\/p>\n<p>El PVC tambi\u00e9n puede unirse mediante soldadura en fr\u00edo. Se trata de unir part\u00edculas o fibras en suspensi\u00f3n mediante un adhesivo termofusible. Los PVC flexibles suelen fusionarse con este m\u00e9todo.  <\/p>\n\n<p>Nuestras soluciones de <a href=\"https:\/\/www.matrelec.com\/laboratoire-soudure-haute-frequence\/\" target=\"_blank\" rel=\"noopener\">soldadura de PVC<\/a>.<\/p>\t\t\t\t\t\t\t\t<\/div>\n\t\t\t\t<\/div>\n\t\t\t\t<div class=\"elementor-element elementor-element-f38fb09 elementor-invisible elementor-widget elementor-widget-image\" data-id=\"f38fb09\" data-element_type=\"widget\" data-settings=\"{&quot;_animation&quot;:&quot;fadeInUp&quot;}\" data-widget_type=\"image.default\">\n\t\t\t\t<div class=\"elementor-widget-container\">\n\t\t\t\t\t\t\t\t\t\t\t\t\t\t\t<img fetchpriority=\"high\" decoding=\"async\" width=\"265\" height=\"265\" src=\"https:\/\/www.matrelec.com\/wp-content\/uploads\/2024\/09\/le-labo2-3.jpg\" class=\"attachment-full size-full wp-image-33275\" alt=\"\" srcset=\"https:\/\/www.matrelec.com\/wp-content\/uploads\/2024\/09\/le-labo2-3.jpg 265w, https:\/\/www.matrelec.com\/wp-content\/uploads\/2024\/09\/le-labo2-3-150x150.jpg 150w\" sizes=\"(max-width: 265px) 100vw, 265px\" \/>\t\t\t\t\t\t\t\t\t\t\t\t\t\t\t<\/div>\n\t\t\t\t<\/div>\n\t\t\t\t<div class=\"elementor-element elementor-element-66390b7 elementor-invisible elementor-widget elementor-widget-heading\" data-id=\"66390b7\" data-element_type=\"widget\" data-settings=\"{&quot;_animation&quot;:&quot;fadeInUp&quot;}\" data-widget_type=\"heading.default\">\n\t\t\t\t<div class=\"elementor-widget-container\">\n\t\t\t\t\t<h2 class=\"elementor-heading-title elementor-size-default\">\u00bfQu\u00e9 es la soldadura de pl\u00e1sticos termoconformados?<\/h2>\t\t\t\t<\/div>\n\t\t\t\t<\/div>\n\t\t\t\t<div class=\"elementor-element elementor-element-13b9277 elementor-invisible elementor-widget elementor-widget-text-editor\" data-id=\"13b9277\" data-element_type=\"widget\" data-settings=\"{&quot;_animation&quot;:&quot;fadeInUp&quot;}\" data-widget_type=\"text-editor.default\">\n\t\t\t\t<div class=\"elementor-widget-container\">\n\t\t\t\t\t\t\t\t\t\n\t\t\t<p>La soldadura de pl\u00e1sticos <strong>termoformables<\/strong> es un conjunto de tecnolog\u00edas utilizadas para ensamblar pol\u00edmeros termopl\u00e1sticos. Estas t\u00e9cnicas de ensamblaje, conocidas como <strong>soldadura termopl\u00e1stica<\/strong>, pueden utilizarse para ensamblar tanto piezas r\u00edgidas como l\u00e1minas flexibles. <\/p>\n<p>Las tecnolog\u00edas de ensamblaje de pl\u00e1sticos termoformables difieren seg\u00fan la cantidad y el tipo de piezas que haya que ensamblar:<\/p>\n<ul>\n<li><strong>Soldadura<\/strong> o pegado <strong>en fr\u00edo<\/strong> con disolventes, adhesivos polim\u00e9ricos o adhesivos de la familia de los metacrilatos.<\/li>\n<li><strong>Soldadura<\/strong> por alta frecuencia, ultrasonidos, gas, espejo, rotaci\u00f3n, l\u00e1ser o <strong>calor<\/strong> pulsado.<\/li>\n<\/ul>\n<p>Los pl\u00e1sticos termoformables que se sueldan con m\u00e1s frecuencia son el cloruro de polivinilo (PVC), el polietileno (PE), el polipropileno (PP) y el poliestireno (PS).<\/p>\t\t\t\t\t\t\t\t<\/div>\n\t\t\t\t<\/div>\n\t\t\t\t<div class=\"elementor-element elementor-element-3b6b57a elementor-align-center elementor-widget elementor-widget-button\" data-id=\"3b6b57a\" data-element_type=\"widget\" data-widget_type=\"button.default\">\n\t\t\t\t<div class=\"elementor-widget-container\">\n\t\t\t\t\t\t\t\t\t<div class=\"elementor-button-wrapper\">\n\t\t\t\t\t<a class=\"elementor-button elementor-button-link elementor-size-sm\" href=\"https:\/\/shop.matrelec.com\/fr\/\" target=\"_blank\" rel=\"noopener noreferrer nofollow\">\n\t\t\t\t\t\t<span class=\"elementor-button-content-wrapper\">\n\t\t\t\t\t\t<span class=\"elementor-button-icon\">\n\t\t\t\t<svg aria-hidden=\"true\" class=\"e-font-icon-svg e-fas-chevron-right\" viewBox=\"0 0 320 512\" xmlns=\"http:\/\/www.w3.org\/2000\/svg\"><path d=\"M285.476 272.971L91.132 467.314c-9.373 9.373-24.569 9.373-33.941 0l-22.667-22.667c-9.357-9.357-9.375-24.522-.04-33.901L188.505 256 34.484 101.255c-9.335-9.379-9.317-24.544.04-33.901l22.667-22.667c9.373-9.373 24.569-9.373 33.941 0L285.475 239.03c9.373 9.372 9.373 24.568.001 33.941z\"><\/path><\/svg>\t\t\t<\/span>\n\t\t\t\t\t\t\t\t\t<span class=\"elementor-button-text\">Descubre nuestra tienda online<\/span>\n\t\t\t\t\t<\/span>\n\t\t\t\t\t<\/a>\n\t\t\t\t<\/div>\n\t\t\t\t\t\t\t\t<\/div>\n\t\t\t\t<\/div>\n\t\t\t\t\t<\/div>\n\t\t\t\t<\/div>\n\t\t\t\t<\/div>\n\t\t","protected":false},"excerpt":{"rendered":"<p>Preguntas frecuentes sobre la soldadura de PVC El cloruro de polivinilo es el segundo pl\u00e1stico m\u00e1s utilizado en el mundo. Junto con el polietileno, el PVC es uno de los materiales utilizados en una amplia gama de industrias. Ya sea en forma r\u00edgida o flexible, se caracteriza por su resistencia y sus propiedades imputrescibles. El [&hellip;]<\/p>\n","protected":false},"author":1,"featured_media":0,"parent":0,"menu_order":0,"comment_status":"closed","ping_status":"closed","template":"","meta":{"_acf_changed":false,"footnotes":""},"class_list":["post-33274","page","type-page","status-publish","hentry"],"acf":[],"_links":{"self":[{"href":"https:\/\/www.matrelec.com\/es\/wp-json\/wp\/v2\/pages\/33274","targetHints":{"allow":["GET"]}}],"collection":[{"href":"https:\/\/www.matrelec.com\/es\/wp-json\/wp\/v2\/pages"}],"about":[{"href":"https:\/\/www.matrelec.com\/es\/wp-json\/wp\/v2\/types\/page"}],"author":[{"embeddable":true,"href":"https:\/\/www.matrelec.com\/es\/wp-json\/wp\/v2\/users\/1"}],"replies":[{"embeddable":true,"href":"https:\/\/www.matrelec.com\/es\/wp-json\/wp\/v2\/comments?post=33274"}],"version-history":[{"count":2,"href":"https:\/\/www.matrelec.com\/es\/wp-json\/wp\/v2\/pages\/33274\/revisions"}],"predecessor-version":[{"id":38134,"href":"https:\/\/www.matrelec.com\/es\/wp-json\/wp\/v2\/pages\/33274\/revisions\/38134"}],"wp:attachment":[{"href":"https:\/\/www.matrelec.com\/es\/wp-json\/wp\/v2\/media?parent=33274"}],"curies":[{"name":"wp","href":"https:\/\/api.w.org\/{rel}","templated":true}]}}