{"id":33276,"date":"2024-09-13T06:22:27","date_gmt":"2024-09-13T04:22:27","guid":{"rendered":"https:\/\/www.matrelec.com\/mesas-giratorias\/"},"modified":"2026-01-30T17:52:59","modified_gmt":"2026-01-30T15:52:59","slug":"mesas-giratorias","status":"publish","type":"page","link":"https:\/\/www.matrelec.com\/es\/mesas-giratorias\/","title":{"rendered":"Mesas giratorias"},"content":{"rendered":"\t\t<div data-elementor-type=\"wp-page\" data-elementor-id=\"33276\" class=\"elementor elementor-33276 elementor-31312\" data-elementor-post-type=\"page\">\n\t\t\t\t<div class=\"elementor-element elementor-element-690e593 e-flex e-con-boxed e-con e-parent\" data-id=\"690e593\" data-element_type=\"container\">\n\t\t\t\t\t<div class=\"e-con-inner\">\n\t\t\t\t<div class=\"elementor-element elementor-element-7dc85c8 elementor-invisible elementor-widget elementor-widget-heading\" data-id=\"7dc85c8\" data-element_type=\"widget\" data-settings=\"{&quot;_animation&quot;:&quot;fadeInUp&quot;}\" data-widget_type=\"heading.default\">\n\t\t\t\t<div class=\"elementor-widget-container\">\n\t\t\t\t\t<h1 class=\"elementor-heading-title elementor-size-default\">Mesas giratorias<\/h1>\t\t\t\t<\/div>\n\t\t\t\t<\/div>\n\t\t\t\t\t<\/div>\n\t\t\t\t<\/div>\n\t\t<div class=\"elementor-element elementor-element-824269a e-flex e-con-boxed e-con e-parent\" data-id=\"824269a\" data-element_type=\"container\" data-settings=\"{&quot;background_background&quot;:&quot;classic&quot;}\">\n\t\t\t\t\t<div class=\"e-con-inner\">\n\t\t\t\t<div class=\"elementor-element elementor-element-518fce4 elementor-invisible elementor-widget elementor-widget-heading\" data-id=\"518fce4\" data-element_type=\"widget\" data-settings=\"{&quot;_animation&quot;:&quot;fadeInUp&quot;}\" data-widget_type=\"heading.default\">\n\t\t\t\t<div class=\"elementor-widget-container\">\n\t\t\t\t\t<h2 class=\"elementor-heading-title elementor-size-default\">Preguntas frecuentes sobre las mesas giratorias<\/h2>\t\t\t\t<\/div>\n\t\t\t\t<\/div>\n\t\t\t\t<div class=\"elementor-element elementor-element-ab7c0d4 elementor-invisible elementor-widget elementor-widget-text-editor\" data-id=\"ab7c0d4\" data-element_type=\"widget\" data-settings=\"{&quot;_animation&quot;:&quot;fadeInUp&quot;}\" data-widget_type=\"text-editor.default\">\n\t\t\t\t<div class=\"elementor-widget-container\">\n\t\t\t\t\t\t\t\t\tPara evitar malentendidos, hay que empezar por distinguir claramente entre mesas giratorias y rotativas. Aunque estos dos tipos de equipos est\u00e1n dise\u00f1ados principalmente para l\u00edneas de producci\u00f3n industrial, tienen caracter\u00edsticas t\u00e9cnicas y usos muy diferentes. \n\nA modo de recordatorio, una plataforma giratoria es un equipo de manipulaci\u00f3n utilizado para garantizar el movimiento circular de los productos en operaciones de montaje, embalaje o transferencia. Las mesas giratorias tambi\u00e9n pueden integrarse en retractiladoras, flejadoras o paletizadoras para garantizar la rotaci\u00f3n de pal\u00e9s cargados. Las propias mesas giratorias tienen caracter\u00edsticas y funciones completamente distintas, que se describen a continuaci\u00f3n.  \t\t\t\t\t\t\t\t<\/div>\n\t\t\t\t<\/div>\n\t\t\t\t<div class=\"elementor-element elementor-element-5e6fb5a elementor-invisible elementor-widget elementor-widget-heading\" data-id=\"5e6fb5a\" data-element_type=\"widget\" data-settings=\"{&quot;_animation&quot;:&quot;fadeInUp&quot;}\" data-widget_type=\"heading.default\">\n\t\t\t\t<div class=\"elementor-widget-container\">\n\t\t\t\t\t<h2 class=\"elementor-heading-title elementor-size-default\">\u00bfQu\u00e9 es una mesa giratoria?\n<\/h2>\t\t\t\t<\/div>\n\t\t\t\t<\/div>\n\t\t\t\t<div class=\"elementor-element elementor-element-c817b08 elementor-invisible elementor-widget elementor-widget-text-editor\" data-id=\"c817b08\" data-element_type=\"widget\" data-settings=\"{&quot;_animation&quot;:&quot;fadeInUp&quot;}\" data-widget_type=\"text-editor.default\">\n\t\t\t\t<div class=\"elementor-widget-container\">\n\t\t\t\t\t\t\t\t\t<p>Utilizadas principalmente en la industria, sirven para ayudar a la fabricaci\u00f3n en serie de piezas de todos los tama\u00f1os o al montaje de subconjuntos, gracias a su(s) eje(s) de rotaci\u00f3n. Pueden integrarse o desplegarse en una amplia gama de m\u00e1quinas de control num\u00e9rico: centros de mecanizado, tornos, fresadoras, rectificadoras, taladradoras de columna, pulidoras, marcadoras l\u00e1ser, prensas de soldadura, equipos de metrolog\u00eda&#8230;. <\/p><p>A grandes rasgos, una mesa giratoria puede definirse como un dispositivo compuesto, como m\u00ednimo, por una plataforma giratoria y, en la mayor\u00eda de los casos, un motor de alta precisi\u00f3n. Puede tener las siguientes configuraciones: <\/p><ul><li><span style=\"text-indent: -14.15pt;\">un sistema de guiado de bandejas manual, el\u00e9ctrico o neum\u00e1tico,  <\/span><\/li><li><span style=\"text-indent: -14.15pt;\">motorizaci\u00f3n mediante un motor de par, un motor con reducci\u00f3n o un motor paso a paso,<\/span><\/li><li><span style=\"text-indent: -14.15pt;\">Reducci\u00f3n independiente de la velocidad del plato gracias a la caja de engranajes espec\u00edfica,<\/span><\/li><li><span style=\"text-indent: -14.15pt;\">frenado est\u00e1tico para inmovilizar las piezas o partes a ensamblar,<\/span><\/li><li><span style=\"text-indent: -14.15pt;\">un sistema de control automatizado para garantizar la m\u00e1xima repetibilidad.<\/span><\/li><\/ul><p> <\/p><p class=\"MsoBodyText\">Otras caracter\u00edsticas importantes de las mesas son el di\u00e1metro del tablero y la precisi\u00f3n y repetibilidad de la rotaci\u00f3n, para satisfacer los requisitos exactos de manipulaci\u00f3n de las piezas que se van a fabricar o modificar.<\/p>\t\t\t\t\t\t\t\t<\/div>\n\t\t\t\t<\/div>\n\t\t\t\t<div class=\"elementor-element elementor-element-9a8f3e8 elementor-invisible elementor-widget elementor-widget-image\" data-id=\"9a8f3e8\" data-element_type=\"widget\" data-settings=\"{&quot;_animation&quot;:&quot;fadeInUp&quot;}\" data-widget_type=\"image.default\">\n\t\t\t\t<div class=\"elementor-widget-container\">\n\t\t\t\t\t\t\t\t\t\t\t\t\t\t\t<img fetchpriority=\"high\" decoding=\"async\" width=\"300\" height=\"300\" src=\"https:\/\/www.matrelec.com\/wp-content\/uploads\/2024\/09\/img-t-300x300-1.png\" class=\"attachment-large size-large wp-image-33278\" alt=\"\" srcset=\"https:\/\/www.matrelec.com\/wp-content\/uploads\/2024\/09\/img-t-300x300-1.png 300w, https:\/\/www.matrelec.com\/wp-content\/uploads\/2024\/09\/img-t-300x300-1-150x150.png 150w\" sizes=\"(max-width: 300px) 100vw, 300px\" \/>\t\t\t\t\t\t\t\t\t\t\t\t\t\t\t<\/div>\n\t\t\t\t<\/div>\n\t\t\t\t<div class=\"elementor-element elementor-element-e9f51af elementor-invisible elementor-widget elementor-widget-heading\" data-id=\"e9f51af\" data-element_type=\"widget\" data-settings=\"{&quot;_animation&quot;:&quot;fadeInUp&quot;}\" data-widget_type=\"heading.default\">\n\t\t\t\t<div class=\"elementor-widget-container\">\n\t\t\t\t\t<h2 class=\"elementor-heading-title elementor-size-default\">\u00bfQu\u00e9 diferencia hay entre las mesas giratorias y las mesas de transferencia?\n<\/h2>\t\t\t\t<\/div>\n\t\t\t\t<\/div>\n\t\t\t\t<div class=\"elementor-element elementor-element-7af1e33 elementor-invisible elementor-widget elementor-widget-text-editor\" data-id=\"7af1e33\" data-element_type=\"widget\" data-settings=\"{&quot;_animation&quot;:&quot;fadeInUp&quot;}\" data-widget_type=\"text-editor.default\">\n\t\t\t\t<div class=\"elementor-widget-container\">\n\t\t\t\t\t\t\t\t\t<p>Aunque desempe\u00f1an funciones muy distintas, que veremos m\u00e1s adelante, estos dos tipos de equipos est\u00e1n dise\u00f1ados para permitir la automatizaci\u00f3n completa de la herramienta de producci\u00f3n, en los \u00e1mbitos de la fabricaci\u00f3n o el montaje. De hecho, ambas familias de \u00abmesas industriales\u00bb son dispositivos de asistencia a la producci\u00f3n que pueden integrarse de diversas formas: <\/p>\n<ul>\n<li><span style=\"text-indent: -14.15pt;\">instalaci\u00f3n o montaje de mesas listas para usar en m\u00e1quinas herramienta ya en funcionamiento,<\/span><\/li>\n<li><span style=\"text-indent: -14.15pt;\"><span style=\"text-indent: -14.15pt;\">dise\u00f1o y desarrollo de mesas espec\u00edficas por los fabricantes de m\u00e1quinas-herramienta o sus proveedores especializados.<\/span><br><\/span><\/li>\n<\/ul>\n<p class=\"MsoBodyText\">Las diferencias esenciales residen en el papel que desempe\u00f1a cada uno de estos dos aparatos y en el nivel de tecnolog\u00eda utilizado por sus fabricantes:<\/p>\n<ul>\n<li><span style=\"text-indent: -14.15pt;\">Mientras que las mesas giratorias se utilizan para posicionar con precisi\u00f3n las piezas que se van a mecanizar o modificar en un solo \u00e1ngulo o en varios ejes con una m\u00e1quina herramienta, la mesa de transferencia garantiza el movimiento regular de los productos en un plano vertical para las operaciones de montaje.<\/span><\/li>\n<li><span style=\"text-indent: -14.15pt;\">Mientras que las mesas giratorias est\u00e1n equipadas con sistemas de motorizaci\u00f3n y guiado de alta precisi\u00f3n con control inform\u00e1tico, las mesas o platinas de transferencia pueden tener un modo de funcionamiento manual o estar equipadas con motores el\u00e9ctricos convencionales.<\/span><\/li>\n<\/ul>\n\t\t\t\t\t\t\t\t<\/div>\n\t\t\t\t<\/div>\n\t\t\t\t<div class=\"elementor-element elementor-element-66390b7 elementor-invisible elementor-widget elementor-widget-heading\" data-id=\"66390b7\" data-element_type=\"widget\" data-settings=\"{&quot;_animation&quot;:&quot;fadeInUp&quot;}\" data-widget_type=\"heading.default\">\n\t\t\t\t<div class=\"elementor-widget-container\">\n\t\t\t\t\t<h2 class=\"elementor-heading-title elementor-size-default\">\u00bfC\u00f3mo funcionan las mesas giratorias?\n<\/h2>\t\t\t\t<\/div>\n\t\t\t\t<\/div>\n\t\t\t\t<div class=\"elementor-element elementor-element-13b9277 elementor-invisible elementor-widget elementor-widget-text-editor\" data-id=\"13b9277\" data-element_type=\"widget\" data-settings=\"{&quot;_animation&quot;:&quot;fadeInUp&quot;}\" data-widget_type=\"text-editor.default\">\n\t\t\t\t<div class=\"elementor-widget-container\">\n\t\t\t\t\t\t\t\t\t<p>En funci\u00f3n de las necesidades de producci\u00f3n y las limitaciones tecnol\u00f3gicas, la elecci\u00f3n de la mesa giratoria debe tener en cuenta caracter\u00edsticas espec\u00edficas como el modo de indexaci\u00f3n (accionamiento), la configuraci\u00f3n y el tipo de accionamiento.<\/p>\n<p>Existen tres tipos de indexaci\u00f3n, cada uno con caracter\u00edsticas muy diferentes:<\/p>\n<ul>\n<li><span style=\"text-indent: -14.15pt;\">El accionamiento manual puede utilizarse en m\u00e1quinas-herramienta convencionales para series cortas o ciclos de producci\u00f3n lentos.<\/span><\/li>\n<li><span style=\"text-indent: -14.15pt;\">El accionamiento neum\u00e1tico se utiliza para peque\u00f1as mesas de palets o de sobremesa que se instalan en m\u00e1quinas-herramienta con espacio limitado. El inconveniente es un rango de giro limitado y, por tanto, un ajuste angular limitado.&nbsp;&nbsp;<\/span><\/li>\n<li><span style=\"text-indent: -14.15pt;\">El accionamiento el\u00e9ctrico se utiliza en la mayor\u00eda de las mesas giratorias, ya tengan tablero o una simple paleta. Este tipo de indexaci\u00f3n permite construir mesas con un amplio \u00e1ngulo de ajuste y un elevado par de giro. <\/span><\/li>\n<\/ul>\n<p class=\"MsoBodyText\">La configuraci\u00f3n del tablero de la mesa es un factor decisivo para cumplir los requisitos de producci\u00f3n. Si tiene un solo eje,&nbsp;girar\u00e1&nbsp;o&nbsp;en un plano horizontal o vertical&nbsp;. Se dice que algunas mesas son basculantes porque est\u00e1n equipadas con un tablero o paleta que puede girar sobre dos ejes distintos.  <\/p>\n<p class=\"MsoBodyText\">Los modos de accionamiento de la mesa giratoria tienen un impacto muy fuerte en el rendimiento potencial de las mesas giratorias:<\/p>\n<ul>\n<li><span style=\"text-indent: -14.15pt;\">Accionada por un rodamiento de rodillos de precisi\u00f3n y una caja de engranajes helicoidales, la m\u00e1quina alcanza un alto nivel de precisi\u00f3n en la rotaci\u00f3n en ambas direcciones, y es muy resistente a los choques radiales asociados al procesamiento de materiales o a las operaciones de montaje.<\/span><\/li>\n<li><span style=\"text-indent: -14.15pt;\">El accionamiento directo de la mesa por el motor genera velocidades de rotaci\u00f3n muy elevadas, lo que da lugar a un trabajo de muy alta calidad, sobre todo en mecanizado y rectificado. M\u00e1s engorroso que las mesas helicoidales para la misma superficie de trabajo, este equipo requiere menos mantenimiento, pero necesita una interfaz espec\u00edfica para controlar su motorizaci\u00f3n. <\/span><\/li>\n<\/ul>\t\t\t\t\t\t\t\t<\/div>\n\t\t\t\t<\/div>\n\t\t\t\t<div class=\"elementor-element elementor-element-b9b94bb elementor-invisible elementor-widget elementor-widget-heading\" data-id=\"b9b94bb\" data-element_type=\"widget\" data-settings=\"{&quot;_animation&quot;:&quot;fadeInUp&quot;}\" data-widget_type=\"heading.default\">\n\t\t\t\t<div class=\"elementor-widget-container\">\n\t\t\t\t\t<h2 class=\"elementor-heading-title elementor-size-default\">\u00bfQu\u00e9 tipos de mandos existen para las mesas giratorias?\n<\/h2>\t\t\t\t<\/div>\n\t\t\t\t<\/div>\n\t\t\t\t<div class=\"elementor-element elementor-element-ab072fe elementor-invisible elementor-widget elementor-widget-text-editor\" data-id=\"ab072fe\" data-element_type=\"widget\" data-settings=\"{&quot;_animation&quot;:&quot;fadeInUp&quot;}\" data-widget_type=\"text-editor.default\">\n\t\t\t\t<div class=\"elementor-widget-container\">\n\t\t\t\t\t\t\t\t\t<p>S\u00f3lo una definici\u00f3n precisa de los requisitos de control de la mesa giratoria, antes de su implantaci\u00f3n, permitir\u00e1 definir el sistema de control automatizado que se va a implantar. Esto depende de la naturaleza de las operaciones que vaya a realizar la m\u00e1quina herramienta, de la duraci\u00f3n de los ciclos de producci\u00f3n y de la frecuencia de los cambios de velocidad. <\/p>\n<p>Hay tres tipos de sistemas de control de la mesa giratoria:<\/p>\n<ul>\n<li><span style=\"text-indent: -14.15pt;\">La mesa tiene su propio sistema de control que funciona independientemente de la m\u00e1quina CNC. Las opciones de parametrizaci\u00f3n son sencillas pero limitadas, y no pueden utilizarse con m\u00e1quinas herramienta que realicen operaciones complejas. <\/span><\/li>\n<li><span style=\"text-indent: -14.15pt;\">La mesa est\u00e1 equipada con un servomotor conectado al sistema de control de la m\u00e1quina herramienta. Se utiliza un servocontrol para registrar los distintos programas de rotaci\u00f3n seg\u00fan las secuencias de producci\u00f3n de la m\u00e1quina CNC. <\/span><\/li>\n<li><span style=\"text-indent: -14.15pt;\">La mesa no tiene un sistema de control independiente ni un servomotor para controlarla o programarla. En su lugar, est\u00e1 controlada por el sistema de control de la m\u00e1quina herramienta, que controla toda la instalaci\u00f3n. <\/span><\/li>\t\t\t\t\t\t\t\t<\/div>\n\t\t\t\t<\/div>\n\t\t\t\t<div class=\"elementor-element elementor-element-a5c7191 elementor-align-center elementor-widget elementor-widget-button\" data-id=\"a5c7191\" data-element_type=\"widget\" data-widget_type=\"button.default\">\n\t\t\t\t<div class=\"elementor-widget-container\">\n\t\t\t\t\t\t\t\t\t<div class=\"elementor-button-wrapper\">\n\t\t\t\t\t<a class=\"elementor-button elementor-button-link elementor-size-sm\" href=\"https:\/\/shop.matrelec.com\/fr\/\" target=\"_blank\" rel=\"noopener noreferrer nofollow\">\n\t\t\t\t\t\t<span class=\"elementor-button-content-wrapper\">\n\t\t\t\t\t\t<span class=\"elementor-button-icon\">\n\t\t\t\t<svg aria-hidden=\"true\" class=\"e-font-icon-svg e-fas-chevron-right\" viewBox=\"0 0 320 512\" xmlns=\"http:\/\/www.w3.org\/2000\/svg\"><path d=\"M285.476 272.971L91.132 467.314c-9.373 9.373-24.569 9.373-33.941 0l-22.667-22.667c-9.357-9.357-9.375-24.522-.04-33.901L188.505 256 34.484 101.255c-9.335-9.379-9.317-24.544.04-33.901l22.667-22.667c9.373-9.373 24.569-9.373 33.941 0L285.475 239.03c9.373 9.372 9.373 24.568.001 33.941z\"><\/path><\/svg>\t\t\t<\/span>\n\t\t\t\t\t\t\t\t\t<span class=\"elementor-button-text\">Descubre nuestra tienda online<\/span>\n\t\t\t\t\t<\/span>\n\t\t\t\t\t<\/a>\n\t\t\t\t<\/div>\n\t\t\t\t\t\t\t\t<\/div>\n\t\t\t\t<\/div>\n\t\t\t\t\t<\/div>\n\t\t\t\t<\/div>\n\t\t\t\t<\/div>\n\t\t","protected":false},"excerpt":{"rendered":"<p>Preguntas frecuentes sobre las mesas giratorias Para evitar malentendidos, hay que empezar por distinguir claramente entre mesas giratorias y rotativas. Aunque estos dos tipos de equipos est\u00e1n dise\u00f1ados principalmente para l\u00edneas de producci\u00f3n industrial, tienen caracter\u00edsticas t\u00e9cnicas y usos muy diferentes. A modo de recordatorio, una plataforma giratoria es un equipo de manipulaci\u00f3n utilizado para [&hellip;]<\/p>\n","protected":false},"author":1,"featured_media":0,"parent":0,"menu_order":0,"comment_status":"closed","ping_status":"closed","template":"","meta":{"_acf_changed":false,"footnotes":""},"class_list":["post-33276","page","type-page","status-publish","hentry"],"acf":[],"_links":{"self":[{"href":"https:\/\/www.matrelec.com\/es\/wp-json\/wp\/v2\/pages\/33276","targetHints":{"allow":["GET"]}}],"collection":[{"href":"https:\/\/www.matrelec.com\/es\/wp-json\/wp\/v2\/pages"}],"about":[{"href":"https:\/\/www.matrelec.com\/es\/wp-json\/wp\/v2\/types\/page"}],"author":[{"embeddable":true,"href":"https:\/\/www.matrelec.com\/es\/wp-json\/wp\/v2\/users\/1"}],"replies":[{"embeddable":true,"href":"https:\/\/www.matrelec.com\/es\/wp-json\/wp\/v2\/comments?post=33276"}],"version-history":[{"count":2,"href":"https:\/\/www.matrelec.com\/es\/wp-json\/wp\/v2\/pages\/33276\/revisions"}],"predecessor-version":[{"id":38174,"href":"https:\/\/www.matrelec.com\/es\/wp-json\/wp\/v2\/pages\/33276\/revisions\/38174"}],"wp:attachment":[{"href":"https:\/\/www.matrelec.com\/es\/wp-json\/wp\/v2\/media?parent=33276"}],"curies":[{"name":"wp","href":"https:\/\/api.w.org\/{rel}","templated":true}]}}