{"id":33280,"date":"2024-08-27T09:06:22","date_gmt":"2024-08-27T07:06:22","guid":{"rendered":"https:\/\/www.matrelec.com\/nuestros-servicios\/"},"modified":"2026-04-24T17:01:23","modified_gmt":"2026-04-24T15:01:23","slug":"nuestros-servicios","status":"publish","type":"page","link":"https:\/\/www.matrelec.com\/es\/nuestros-servicios\/","title":{"rendered":"Nuestros servicios"},"content":{"rendered":"\t\t<div data-elementor-type=\"wp-page\" data-elementor-id=\"33280\" class=\"elementor elementor-33280 elementor-30482\" data-elementor-post-type=\"page\">\n\t\t\t\t<div class=\"elementor-element elementor-element-f5d8421 e-flex e-con-boxed e-con e-parent\" data-id=\"f5d8421\" data-element_type=\"container\">\n\t\t\t\t\t<div class=\"e-con-inner\">\n\t\t\t\t<div class=\"elementor-element elementor-element-83c03ba elementor-widget elementor-widget-heading\" data-id=\"83c03ba\" data-element_type=\"widget\" data-widget_type=\"heading.default\">\n\t\t\t\t<div class=\"elementor-widget-container\">\n\t\t\t\t\t<h1 class=\"elementor-heading-title elementor-size-default\">Servicios para m\u00e1quinas de soldar de alta frecuencia<\/h1>\t\t\t\t<\/div>\n\t\t\t\t<\/div>\n\t\t\t\t\t<\/div>\n\t\t\t\t<\/div>\n\t\t<div class=\"elementor-element elementor-element-7172e03 e-flex e-con-boxed e-con e-parent\" data-id=\"7172e03\" data-element_type=\"container\" data-settings=\"{&quot;background_background&quot;:&quot;classic&quot;}\">\n\t\t\t\t\t<div class=\"e-con-inner\">\n\t\t<div class=\"elementor-element elementor-element-222e732 e-con-full e-flex e-con e-child\" data-id=\"222e732\" data-element_type=\"container\">\n\t\t<div class=\"elementor-element elementor-element-32f7513 e-con-full e-flex e-con e-child\" data-id=\"32f7513\" data-element_type=\"container\">\n\t\t\t\t<div class=\"elementor-element elementor-element-9800c63 elementor-invisible elementor-widget elementor-widget-image\" data-id=\"9800c63\" data-element_type=\"widget\" data-settings=\"{&quot;_animation&quot;:&quot;fadeInUp&quot;}\" data-widget_type=\"image.default\">\n\t\t\t\t<div class=\"elementor-widget-container\">\n\t\t\t\t\t\t\t\t\t\t\t\t\t\t\t<img fetchpriority=\"high\" decoding=\"async\" width=\"1920\" height=\"1080\" src=\"https:\/\/www.matrelec.com\/wp-content\/uploads\/2024\/09\/SAV-Complet.png\" class=\"attachment-full size-full wp-image-33282\" alt=\"\" srcset=\"https:\/\/www.matrelec.com\/wp-content\/uploads\/2024\/09\/SAV-Complet.png 1920w, https:\/\/www.matrelec.com\/wp-content\/uploads\/2024\/09\/SAV-Complet-300x169.png 300w, https:\/\/www.matrelec.com\/wp-content\/uploads\/2024\/09\/SAV-Complet-1024x576.png 1024w, https:\/\/www.matrelec.com\/wp-content\/uploads\/2024\/09\/SAV-Complet-768x432.png 768w, https:\/\/www.matrelec.com\/wp-content\/uploads\/2024\/09\/SAV-Complet-1536x864.png 1536w\" sizes=\"(max-width: 1920px) 100vw, 1920px\" \/>\t\t\t\t\t\t\t\t\t\t\t\t\t\t\t<\/div>\n\t\t\t\t<\/div>\n\t\t\t\t<\/div>\n\t\t<div class=\"elementor-element elementor-element-54a5ae6 e-con-full e-flex e-con e-child\" data-id=\"54a5ae6\" data-element_type=\"container\">\n\t\t\t\t<div class=\"elementor-element elementor-element-6e4f8ce elementor-invisible elementor-widget elementor-widget-text-editor\" data-id=\"6e4f8ce\" data-element_type=\"widget\" data-settings=\"{&quot;_animation&quot;:&quot;fadeInUp&quot;}\" data-widget_type=\"text-editor.default\">\n\t\t\t\t<div class=\"elementor-widget-container\">\n\t\t\t\t\t\t\t\t\t<h2>Servicio posventa, formaci\u00f3n y actualizaciones de AF<\/h2><p>Con el mayor equipo de especialistas en mantenimiento industrial de alta frecuencia, el servicio posventa de Matrelec est\u00e1 ah\u00ed para resolver tus problemas en las m\u00e1quinas de soldadura de alta frecuencia. Siempre que lo necesites, su experiencia estar\u00e1 a tu servicio para proporcionarte asistencia. respondemos a tus solicitudes de servicio y ofrecemos soluciones de seguimiento a medida. <\/p><p>Como distribuidor exclusivo de Forsstrom en Francia y \u00c1frica del Norte, podemos garantizar una respuesta r\u00e1pida a todos los pedidos de piezas de recambio para las m\u00e1quinas de soldadura de alta frecuencia Forsstrom y un perfecto conocimiento de tus m\u00e1quinas y prensas de soldadura Forsstrom.<\/p><p>Recurre a nuestro equipo para el mantenimiento y la reparaci\u00f3n de tus m\u00e1quinas de soldadura de alta frecuencia. Disponemos de un stock de piezas de recambio, por lo que podemos responder r\u00e1pidamente a tus necesidades urgentes de triodos, antiflash, tefl\u00f3n, poli\u00e9ster, cuchillas de soldadura, resistencias, etc.<\/p>\t\t\t\t\t\t\t\t<\/div>\n\t\t\t\t<\/div>\n\t\t\t\t<\/div>\n\t\t\t\t<\/div>\n\t\t\t\t\t<\/div>\n\t\t\t\t<\/div>\n\t\t<div class=\"elementor-element elementor-element-f420760 e-flex e-con-boxed e-con e-parent\" data-id=\"f420760\" data-element_type=\"container\" data-settings=\"{&quot;background_background&quot;:&quot;classic&quot;}\">\n\t\t\t\t\t<div class=\"e-con-inner\">\n\t\t<div class=\"elementor-element elementor-element-1b8d8d7 e-con-full e-flex e-con e-child\" data-id=\"1b8d8d7\" data-element_type=\"container\">\n\t\t<div class=\"elementor-element elementor-element-79a8012 e-con-full e-flex e-con e-child\" data-id=\"79a8012\" data-element_type=\"container\">\n\t\t\t\t<div class=\"elementor-element elementor-element-faee0b3 elementor-invisible elementor-widget elementor-widget-image\" data-id=\"faee0b3\" data-element_type=\"widget\" data-settings=\"{&quot;_animation&quot;:&quot;fadeInUp&quot;}\" data-widget_type=\"image.default\">\n\t\t\t\t<div class=\"elementor-widget-container\">\n\t\t\t\t\t\t\t\t\t\t\t\t\t\t\t<img decoding=\"async\" width=\"1900\" height=\"986\" src=\"https:\/\/www.matrelec.com\/wp-content\/uploads\/2024\/09\/Services-Maintenance.png\" class=\"attachment-full size-full wp-image-33284\" alt=\"\" srcset=\"https:\/\/www.matrelec.com\/wp-content\/uploads\/2024\/09\/Services-Maintenance.png 1900w, https:\/\/www.matrelec.com\/wp-content\/uploads\/2024\/09\/Services-Maintenance-300x156.png 300w, https:\/\/www.matrelec.com\/wp-content\/uploads\/2024\/09\/Services-Maintenance-1024x531.png 1024w, https:\/\/www.matrelec.com\/wp-content\/uploads\/2024\/09\/Services-Maintenance-768x399.png 768w, https:\/\/www.matrelec.com\/wp-content\/uploads\/2024\/09\/Services-Maintenance-1536x797.png 1536w\" sizes=\"(max-width: 1900px) 100vw, 1900px\" \/>\t\t\t\t\t\t\t\t\t\t\t\t\t\t\t<\/div>\n\t\t\t\t<\/div>\n\t\t\t\t<\/div>\n\t\t<div class=\"elementor-element elementor-element-034d110 e-con-full e-flex e-con e-child\" data-id=\"034d110\" data-element_type=\"container\">\n\t\t\t\t<div class=\"elementor-element elementor-element-f707501 elementor-invisible elementor-widget elementor-widget-text-editor\" data-id=\"f707501\" data-element_type=\"widget\" data-settings=\"{&quot;_animation&quot;:&quot;fadeInUp&quot;}\" data-widget_type=\"text-editor.default\">\n\t\t\t\t<div class=\"elementor-widget-container\">\n\t\t\t\t\t\t\t\t\t<h2>El contrato de mantenimiento<\/h2><div class=\"wpb_text_column wpb_content_element secteur-application-parag\"><div class=\"wpb_wrapper\"><p>Para evitar el desgaste prematuro o las paradas repentinas de las m\u00e1quinas, que pueden paralizar la producci\u00f3n, en la industria es esencial realizar un mantenimiento y un control regulares del estado de tus m\u00e1quinas de alta frecuencia.<\/p><p>Combinado con el sistema <strong>Luditag<\/strong>, esto significa que tus instalaciones pueden revisarse peri\u00f3dicamente y mantenerse en buen estado de funcionamiento.<\/p><p><strong>Nuestros servicios<\/strong><\/p><\/div><\/div><div class=\"wpb_text_column wpb_content_element vc_custom_1639485631144 secteur-application-demi-liste\"><div class=\"wpb_wrapper\"><ul><li>Examen de la m\u00e1quina a intervalos preestablecidos para garantizar que cumple todos los criterios de la lista de control Matrelec<\/li><li>Plena responsabilidad en la planificaci\u00f3n y realizaci\u00f3n de inspecciones<\/li><li>Criterios de inspecci\u00f3n basados en nuestra experiencia del entorno industrial<\/li><li>Un contrato que da acceso a descuentos en consumibles est\u00e1ndar<\/li><li>Plazo de 72 horas para el mantenimiento de m\u00e1quinas y prensas de alta frecuencia<\/li><\/ul><p><strong>Ponte en contacto con el Servicio de Atenci\u00f3n al Cliente <a href=\"https:\/\/www.matrelec.com\/es\/ponte-en-contacto-con\/\">aqu\u00ed<\/a>.<\/strong><\/p><\/div><\/div>\t\t\t\t\t\t\t\t<\/div>\n\t\t\t\t<\/div>\n\t\t\t\t<\/div>\n\t\t\t\t<\/div>\n\t\t\t\t\t<\/div>\n\t\t\t\t<\/div>\n\t\t<div class=\"elementor-element elementor-element-f63c8e4 e-flex e-con-boxed e-con e-parent\" data-id=\"f63c8e4\" data-element_type=\"container\" data-settings=\"{&quot;background_background&quot;:&quot;classic&quot;}\">\n\t\t\t\t\t<div class=\"e-con-inner\">\n\t\t<div class=\"elementor-element elementor-element-be5f0aa e-con-full e-flex e-con e-child\" data-id=\"be5f0aa\" data-element_type=\"container\">\n\t\t<div class=\"elementor-element elementor-element-ad258c9 e-con-full e-flex e-con e-child\" data-id=\"ad258c9\" data-element_type=\"container\">\n\t\t\t\t<div class=\"elementor-element elementor-element-bdee6d8 elementor-invisible elementor-widget elementor-widget-image\" data-id=\"bdee6d8\" data-element_type=\"widget\" data-settings=\"{&quot;_animation&quot;:&quot;fadeInUp&quot;}\" data-widget_type=\"image.default\">\n\t\t\t\t<div class=\"elementor-widget-container\">\n\t\t\t\t\t\t\t\t\t\t\t\t\t\t\t<img decoding=\"async\" width=\"1920\" height=\"960\" src=\"https:\/\/www.matrelec.com\/wp-content\/uploads\/2024\/09\/Luditag.png\" class=\"attachment-full size-full wp-image-33285\" alt=\"\" srcset=\"https:\/\/www.matrelec.com\/wp-content\/uploads\/2024\/09\/Luditag.png 1920w, https:\/\/www.matrelec.com\/wp-content\/uploads\/2024\/09\/Luditag-300x150.png 300w, https:\/\/www.matrelec.com\/wp-content\/uploads\/2024\/09\/Luditag-1024x512.png 1024w, https:\/\/www.matrelec.com\/wp-content\/uploads\/2024\/09\/Luditag-768x384.png 768w, https:\/\/www.matrelec.com\/wp-content\/uploads\/2024\/09\/Luditag-1536x768.png 1536w\" sizes=\"(max-width: 1920px) 100vw, 1920px\" \/>\t\t\t\t\t\t\t\t\t\t\t\t\t\t\t<\/div>\n\t\t\t\t<\/div>\n\t\t\t\t<\/div>\n\t\t<div class=\"elementor-element elementor-element-740950c e-con-full e-flex e-con e-child\" data-id=\"740950c\" data-element_type=\"container\">\n\t\t\t\t<div class=\"elementor-element elementor-element-f57a1c7 elementor-invisible elementor-widget elementor-widget-text-editor\" data-id=\"f57a1c7\" data-element_type=\"widget\" data-settings=\"{&quot;_animation&quot;:&quot;fadeInUp&quot;}\" data-widget_type=\"text-editor.default\">\n\t\t\t\t<div class=\"elementor-widget-container\">\n\t\t\t\t\t\t\t\t\t<h2>Luditag<\/h2><div class=\"wpb_text_column wpb_content_element secteur-application-parag\"><div class=\"wpb_wrapper\"><div class=\"wpb_text_column wpb_content_element secteur-application-parag\"><div class=\"wpb_wrapper\"><p>Conocer el estado de tus m\u00e1quinas y poder resolver r\u00e1pidamente una aver\u00eda en una de ellas es esencial para garantizar siempre una productividad \u00f3ptima. El sistema <a href=\"https:\/\/www.luditag.com\/\" target=\"_blank\" rel=\"noopener noreferrer nofollow\">Luditag<\/a>, que se instalar\u00e1 en cada una de tus m\u00e1quinas, te dar\u00e1 una visi\u00f3n en tiempo real, est\u00e9s donde est\u00e9s, de cada una de tus m\u00e1quinas, de su estado y de las operaciones realizadas o por realizar por nuestros expertos. <\/p><p>La programaci\u00f3n de intervenciones puntuales, la planificaci\u00f3n en l\u00ednea y el acceso a los distintos recambios o documentaci\u00f3n t\u00e9cnica vinculada a cada m\u00e1quina, permiten estandarizar y simplificar la gesti\u00f3n de las intervenciones y la b\u00fasqueda de informaci\u00f3n t\u00e9cnica, agilizando todo el proceso de mantenimiento.<\/p><\/div><\/div><div class=\"wpb_text_column wpb_content_element secteur-application-parag\"><div class=\"wpb_wrapper\"><p> <\/p><p><strong>Las ventajas del sistema Luditag<\/strong><\/p><\/div><\/div><div class=\"wpb_text_column wpb_content_element vc_custom_1523879599903 secteur-application-demi-liste\"><div class=\"wpb_wrapper\"><ul><li>Seguimiento de los trabajos a realizar<\/li><li>Controlar el trabajo hecho y por hacer<\/li><li>Acceso directo a las distintas listas de piezas y esquemas de tus m\u00e1quinas Matrelec<\/li><li>Un sitio f\u00e1cil de usar que re\u00fane toda tu maquinaria y el estado de cada una de ellas<\/li><li>Una aplicaci\u00f3n m\u00f3vil que te permite gestionar y controlar las operaciones realizadas o por realizar en cualquier momento<\/li><li>Reserva de citas y planificaci\u00f3n simplificada disponibles las 24 horas del d\u00eda<\/li><li>Pedido directo de piezas de recambio desde tu \u00e1rea dedicada, entregadas en 72 horas<\/li><\/ul><\/div><\/div><\/div><\/div>\t\t\t\t\t\t\t\t<\/div>\n\t\t\t\t<\/div>\n\t\t\t\t<\/div>\n\t\t\t\t<\/div>\n\t\t\t\t\t<\/div>\n\t\t\t\t<\/div>\n\t\t<div class=\"elementor-element elementor-element-0175c96 e-flex e-con-boxed e-con e-parent\" data-id=\"0175c96\" data-element_type=\"container\" data-settings=\"{&quot;background_background&quot;:&quot;classic&quot;}\">\n\t\t\t\t\t<div class=\"e-con-inner\">\n\t\t<div class=\"elementor-element elementor-element-69cd3b0 e-flex e-con-boxed elementor-invisible e-con e-child\" data-id=\"69cd3b0\" data-element_type=\"container\" data-settings=\"{&quot;background_background&quot;:&quot;classic&quot;,&quot;animation&quot;:&quot;fadeInUp&quot;}\">\n\t\t\t\t\t<div class=\"e-con-inner\">\n\t\t\t\t<div class=\"elementor-element elementor-element-d7c1b77 elementor-invisible elementor-widget elementor-widget-heading\" data-id=\"d7c1b77\" data-element_type=\"widget\" data-settings=\"{&quot;_animation&quot;:&quot;fadeInUp&quot;}\" data-widget_type=\"heading.default\">\n\t\t\t\t<div class=\"elementor-widget-container\">\n\t\t\t\t\t<h2 class=\"elementor-heading-title elementor-size-default\">Contacta con nosotros<\/h2>\t\t\t\t<\/div>\n\t\t\t\t<\/div>\n\t\t\t\t<div class=\"elementor-element elementor-element-1fc58b4 elementor-widget__width-initial elementor-invisible elementor-widget elementor-widget-text-editor\" data-id=\"1fc58b4\" data-element_type=\"widget\" data-settings=\"{&quot;_animation&quot;:&quot;fadeInUp&quot;}\" data-widget_type=\"text-editor.default\">\n\t\t\t\t<div class=\"elementor-widget-container\">\n\t\t\t\t\t\t\t\t\t<p>Si tienes alguna pregunta sobre nuestras m\u00e1quinas, quieres un presupuesto o deseas tratar cualquier otro asunto, ponte en contacto con nosotros mediante el formulario que aparece a continuaci\u00f3n.<\/p>\t\t\t\t\t\t\t\t<\/div>\n\t\t\t\t<\/div>\n\t\t\t\t<div class=\"elementor-element elementor-element-d8598e2 eael-contact-form-7-button-align-center eael-contact-form-7-button-custom elementor-invisible elementor-widget elementor-widget-eael-contact-form-7\" data-id=\"d8598e2\" data-element_type=\"widget\" data-settings=\"{&quot;_animation&quot;:&quot;fadeInUp&quot;}\" data-widget_type=\"eael-contact-form-7.default\">\n\t\t\t\t<div class=\"elementor-widget-container\">\n\t\t\t\t\t<div class=\"eael-contact-form-7-wrapper\">\n                <div class=\"eael-contact-form eael-contact-form-7 eael-contact-form-d8598e2 placeholder-show eael-custom-radio-checkbox eael-contact-form-align-default\">\n<div class=\"wpcf7 no-js\" id=\"wpcf7-f33471-o1\" lang=\"es-ES\" dir=\"ltr\" data-wpcf7-id=\"33471\">\n<div class=\"screen-reader-response\"><p role=\"status\" aria-live=\"polite\" aria-atomic=\"true\"><\/p> <ul><\/ul><\/div>\n<form action=\"\/es\/wp-json\/wp\/v2\/pages\/33280#wpcf7-f33471-o1\" method=\"post\" class=\"wpcf7-form init\" aria-label=\"Formulario de contacto\" novalidate=\"novalidate\" data-status=\"init\">\n<fieldset class=\"hidden-fields-container\"><input type=\"hidden\" name=\"_wpcf7\" value=\"33471\" \/><input type=\"hidden\" name=\"_wpcf7_version\" value=\"6.1.4\" \/><input type=\"hidden\" name=\"_wpcf7_locale\" value=\"es_ES\" \/><input type=\"hidden\" name=\"_wpcf7_unit_tag\" value=\"wpcf7-f33471-o1\" \/><input type=\"hidden\" name=\"_wpcf7_container_post\" value=\"0\" \/><input type=\"hidden\" name=\"_wpcf7_posted_data_hash\" value=\"\" \/><input type=\"hidden\" name=\"_wpcf7_recaptcha_response\" value=\"\" \/>\n<\/fieldset>\n<div class=\"wrap_contact\">\n\t<div class=\"columns column-2\">\n\t\t<div class=\"column\">\n\t\t\t<p><span class=\"wpcf7-form-control-wrap\" data-name=\"nom\"><input size=\"40\" maxlength=\"400\" class=\"wpcf7-form-control wpcf7-text wpcf7-validates-as-required\" aria-required=\"true\" aria-invalid=\"false\" placeholder=\"Nombre y apellidos\" value=\"\" type=\"text\" name=\"nom\" \/><\/span>\n\t\t\t<\/p>\n\t\t<\/div>\n\t\t<div class=\"column\">\n\t\t\t<p><span class=\"wpcf7-form-control-wrap\" data-name=\"email\"><input size=\"40\" maxlength=\"400\" class=\"wpcf7-form-control wpcf7-email wpcf7-validates-as-required wpcf7-text wpcf7-validates-as-email\" aria-required=\"true\" aria-invalid=\"false\" placeholder=\"Correo electr\u00f3nico\" value=\"\" type=\"email\" name=\"email\" \/><\/span>\n\t\t\t<\/p>\n\t\t<\/div>\n\t<\/div>\n\t<div class=\"columns column-2\">\n\t\t<div class=\"column\">\n\t\t\t<p><span class=\"wpcf7-form-control-wrap\" data-name=\"telephone\"><input size=\"40\" maxlength=\"400\" class=\"wpcf7-form-control wpcf7-tel wpcf7-validates-as-required wpcf7-text wpcf7-validates-as-tel\" aria-required=\"true\" aria-invalid=\"false\" placeholder=\"N\u00famero de tel\u00e9fono\" value=\"\" type=\"tel\" name=\"telephone\" \/><\/span>\n\t\t\t<\/p>\n\t\t<\/div>\n\t\t<div class=\"column\">\n\t\t\t<p><span class=\"wpcf7-form-control-wrap\" data-name=\"entreprise\"><input size=\"40\" maxlength=\"400\" class=\"wpcf7-form-control wpcf7-text wpcf7-validates-as-required\" aria-required=\"true\" aria-invalid=\"false\" placeholder=\"Empresa\" value=\"\" type=\"text\" name=\"entreprise\" \/><\/span>\n\t\t\t<\/p>\n\t\t<\/div>\n\t<\/div>\n\t<div class=\"columns column-1\">\n\t\t<div class=\"column\">\n\t\t\t<p><span class=\"wpcf7-form-control-wrap\" data-name=\"message\"><textarea cols=\"40\" rows=\"10\" maxlength=\"2000\" class=\"wpcf7-form-control wpcf7-textarea wpcf7-validates-as-required\" aria-required=\"true\" aria-invalid=\"false\" placeholder=\"Mensaje\" name=\"message\"><\/textarea><\/span>\n\t\t\t<\/p>\n\t\t<\/div>\n\t<\/div>\n\t<div class=\"columns column-1\">\n\t\t<div class=\"column\">\n\t\t\t<p><span class=\"wpcf7-form-control-wrap\" data-name=\"acceptance\"><span class=\"wpcf7-form-control wpcf7-acceptance\"><span class=\"wpcf7-list-item\"><label><input type=\"checkbox\" name=\"acceptance\" value=\"1\" aria-invalid=\"false\" \/><span class=\"wpcf7-list-item-label\">MATRELEC es responsable del tratamiento realizado y procesa los datos recogidos para responder a tu solicitud de informaci\u00f3n. Para obtener m\u00e1s informaci\u00f3n, consulta nuestra <a href=\"\/politique-de-confidentialite\/\">pol\u00edtica de privacidad<\/a>.<\/span><\/label><\/span><\/span><\/span>\n\t\t\t<\/p>\n\t\t<\/div>\n\t<\/div>\n\t<div class=\"columns column-1\">\n\t\t<div class=\"column text-center\">\n\t\t\t<div class=\"wrap-submit\">\n\t\t\t\t<p><input class=\"wpcf7-form-control wpcf7-submit has-spinner\" type=\"submit\" value=\"Env\u00eda\" \/>\n\t\t\t\t<\/p>\n\t\t\t<\/div>\n\t\t<\/div>\n\t<\/div>\n<\/div><div class=\"wpcf7-response-output\" aria-hidden=\"true\"><\/div>\n<\/form>\n<\/div>\n<\/div>\n            <\/div>\t\t\t\t<\/div>\n\t\t\t\t<\/div>\n\t\t\t\t\t<\/div>\n\t\t\t\t<\/div>\n\t\t\t\t\t<\/div>\n\t\t\t\t<\/div>\n\t\t\t\t<\/div>\n\t\t","protected":false},"excerpt":{"rendered":"<p>Servicios para m\u00e1quinas de soldar de alta frecuencia Servicio posventa, formaci\u00f3n y actualizaciones de AF Con el mayor equipo de especialistas en mantenimiento industrial de alta frecuencia, el servicio posventa de Matrelec est\u00e1 ah\u00ed para resolver tus problemas en las m\u00e1quinas de soldadura de alta frecuencia. Siempre que lo necesites, su experiencia estar\u00e1 a tu [&hellip;]<\/p>\n","protected":false},"author":1,"featured_media":0,"parent":0,"menu_order":0,"comment_status":"closed","ping_status":"closed","template":"","meta":{"_acf_changed":false,"footnotes":""},"class_list":["post-33280","page","type-page","status-publish","hentry"],"acf":[],"_links":{"self":[{"href":"https:\/\/www.matrelec.com\/es\/wp-json\/wp\/v2\/pages\/33280","targetHints":{"allow":["GET"]}}],"collection":[{"href":"https:\/\/www.matrelec.com\/es\/wp-json\/wp\/v2\/pages"}],"about":[{"href":"https:\/\/www.matrelec.com\/es\/wp-json\/wp\/v2\/types\/page"}],"author":[{"embeddable":true,"href":"https:\/\/www.matrelec.com\/es\/wp-json\/wp\/v2\/users\/1"}],"replies":[{"embeddable":true,"href":"https:\/\/www.matrelec.com\/es\/wp-json\/wp\/v2\/comments?post=33280"}],"version-history":[{"count":5,"href":"https:\/\/www.matrelec.com\/es\/wp-json\/wp\/v2\/pages\/33280\/revisions"}],"predecessor-version":[{"id":39119,"href":"https:\/\/www.matrelec.com\/es\/wp-json\/wp\/v2\/pages\/33280\/revisions\/39119"}],"wp:attachment":[{"href":"https:\/\/www.matrelec.com\/es\/wp-json\/wp\/v2\/media?parent=33280"}],"curies":[{"name":"wp","href":"https:\/\/api.w.org\/{rel}","templated":true}]}}