{"id":33281,"date":"2024-09-13T05:15:16","date_gmt":"2024-09-13T03:15:16","guid":{"rendered":"https:\/\/www.matrelec.com\/bolsas-de-sellado\/"},"modified":"2026-01-30T17:48:23","modified_gmt":"2026-01-30T15:48:23","slug":"bolsas-de-sellado","status":"publish","type":"page","link":"https:\/\/www.matrelec.com\/es\/bolsas-de-sellado\/","title":{"rendered":"Bolsas de sellado"},"content":{"rendered":"\t\t<div data-elementor-type=\"wp-page\" data-elementor-id=\"33281\" class=\"elementor elementor-33281 elementor-31256\" data-elementor-post-type=\"page\">\n\t\t\t\t<div class=\"elementor-element elementor-element-690e593 e-flex e-con-boxed e-con e-parent\" data-id=\"690e593\" data-element_type=\"container\">\n\t\t\t\t\t<div class=\"e-con-inner\">\n\t\t\t\t<div class=\"elementor-element elementor-element-7dc85c8 elementor-invisible elementor-widget elementor-widget-heading\" data-id=\"7dc85c8\" data-element_type=\"widget\" data-settings=\"{&quot;_animation&quot;:&quot;fadeInUp&quot;}\" data-widget_type=\"heading.default\">\n\t\t\t\t<div class=\"elementor-widget-container\">\n\t\t\t\t\t<h1 class=\"elementor-heading-title elementor-size-default\">Bolsas de sellado<\/h1>\t\t\t\t<\/div>\n\t\t\t\t<\/div>\n\t\t\t\t\t<\/div>\n\t\t\t\t<\/div>\n\t\t<div class=\"elementor-element elementor-element-824269a e-flex e-con-boxed e-con e-parent\" data-id=\"824269a\" data-element_type=\"container\" data-settings=\"{&quot;background_background&quot;:&quot;classic&quot;}\">\n\t\t\t\t\t<div class=\"e-con-inner\">\n\t\t\t\t<div class=\"elementor-element elementor-element-518fce4 elementor-invisible elementor-widget elementor-widget-heading\" data-id=\"518fce4\" data-element_type=\"widget\" data-settings=\"{&quot;_animation&quot;:&quot;fadeInUp&quot;}\" data-widget_type=\"heading.default\">\n\t\t\t\t<div class=\"elementor-widget-container\">\n\t\t\t\t\t<h2 class=\"elementor-heading-title elementor-size-default\">Preguntas frecuentes sobre el sellado de bolsas<\/h2>\t\t\t\t<\/div>\n\t\t\t\t<\/div>\n\t\t\t\t<div class=\"elementor-element elementor-element-ab7c0d4 elementor-invisible elementor-widget elementor-widget-text-editor\" data-id=\"ab7c0d4\" data-element_type=\"widget\" data-settings=\"{&quot;_animation&quot;:&quot;fadeInUp&quot;}\" data-widget_type=\"text-editor.default\">\n\t\t\t\t<div class=\"elementor-widget-container\">\n\t\t\t\t\t\t\t\t\t<p>Las bolsas de pl\u00e1stico, tanto r\u00edgidas como flexibles, se utilizan cada vez m\u00e1s en un n\u00famero creciente de campos. La soldadura es el m\u00e9todo m\u00e1s utilizado para ensamblarlas, o m\u00e1s sencillamente para asegurar su sistema de cierre, ya que permite satisfacer necesidades espec\u00edficas. <\/p><p>El sellado de bolsas o fundas requiere el uso de m\u00e1quinas adecuadas para cerrarlas o ensamblarlas en entornos espec\u00edficos. En el sector m\u00e9dico, las bolsas de sangre deben sellarse en un entorno as\u00e9ptico. En el sector del envasado, el sellado de bolsas debe dar como resultado un envase herm\u00e9tico.  <\/p>\t\t\t\t\t\t\t\t<\/div>\n\t\t\t\t<\/div>\n\t\t\t\t<div class=\"elementor-element elementor-element-5e6fb5a elementor-invisible elementor-widget elementor-widget-heading\" data-id=\"5e6fb5a\" data-element_type=\"widget\" data-settings=\"{&quot;_animation&quot;:&quot;fadeInUp&quot;}\" data-widget_type=\"heading.default\">\n\t\t\t\t<div class=\"elementor-widget-container\">\n\t\t\t\t\t<h2 class=\"elementor-heading-title elementor-size-default\">\u00bfQu\u00e9 tecnolog\u00edas de soldadura se utilizan para las bolsas?<\/h2>\t\t\t\t<\/div>\n\t\t\t\t<\/div>\n\t\t\t\t<div class=\"elementor-element elementor-element-c817b08 elementor-invisible elementor-widget elementor-widget-text-editor\" data-id=\"c817b08\" data-element_type=\"widget\" data-settings=\"{&quot;_animation&quot;:&quot;fadeInUp&quot;}\" data-widget_type=\"text-editor.default\">\n\t\t\t\t<div class=\"elementor-widget-container\">\n\t\t\t\t\t\t\t\t\t<p>Las principales tecnolog\u00edas utilizadas para la soldadura de bolsas de alta velocidad y gran volumen son la soldadura por ultrasonidos y la soldadura de alta frecuencia.<\/p><p>La soldadura de alta frecuencia (HF) se utiliza para unir piezas de pl\u00e1stico mediante un campo electromagn\u00e9tico. Esta tecnolog\u00eda se basa en la aplicaci\u00f3n de energ\u00eda el\u00e9ctrica de alta frecuencia para producir soldaduras muy resistentes. Entre los productos que requieren soldadura de HF est\u00e1n las bolsas de sangre, las fundas protectoras, los inflables, las serpentinas, etc.  <\/p><p>La soldadura de bolsillo por ultrasonidos consiste en unir componentes de pl\u00e1stico. Como su nombre indica, esta tecnolog\u00eda se basa en las vibraciones ultras\u00f3nicas emitidas por un sonotrodo. \u00c9ste produce una corriente el\u00e9ctrica con una frecuencia de 20 a 70 kHz, que agita las mol\u00e9culas necesarias para unir las piezas. La soldadura resultante es robusta y duradera.   <\/p>\t\t\t\t\t\t\t\t<\/div>\n\t\t\t\t<\/div>\n\t\t\t\t<div class=\"elementor-element elementor-element-f38fb09 elementor-invisible elementor-widget elementor-widget-image\" data-id=\"f38fb09\" data-element_type=\"widget\" data-settings=\"{&quot;_animation&quot;:&quot;fadeInUp&quot;}\" data-widget_type=\"image.default\">\n\t\t\t\t<div class=\"elementor-widget-container\">\n\t\t\t\t\t\t\t\t\t\t\t\t\t\t\t<img fetchpriority=\"high\" decoding=\"async\" width=\"467\" height=\"467\" src=\"https:\/\/www.matrelec.com\/wp-content\/uploads\/2024\/09\/img-q-3.png\" class=\"attachment-full size-full wp-image-33283\" alt=\"\" srcset=\"https:\/\/www.matrelec.com\/wp-content\/uploads\/2024\/09\/img-q-3.png 467w, https:\/\/www.matrelec.com\/wp-content\/uploads\/2024\/09\/img-q-3-300x300.png 300w, https:\/\/www.matrelec.com\/wp-content\/uploads\/2024\/09\/img-q-3-150x150.png 150w\" sizes=\"(max-width: 467px) 100vw, 467px\" \/>\t\t\t\t\t\t\t\t\t\t\t\t\t\t\t<\/div>\n\t\t\t\t<\/div>\n\t\t\t\t<div class=\"elementor-element elementor-element-66390b7 elementor-invisible elementor-widget elementor-widget-heading\" data-id=\"66390b7\" data-element_type=\"widget\" data-settings=\"{&quot;_animation&quot;:&quot;fadeInUp&quot;}\" data-widget_type=\"heading.default\">\n\t\t\t\t<div class=\"elementor-widget-container\">\n\t\t\t\t\t<h2 class=\"elementor-heading-title elementor-size-default\">\u00bfQu\u00e9 tipos de bolsas se sueldan?<\/h2>\t\t\t\t<\/div>\n\t\t\t\t<\/div>\n\t\t\t\t<div class=\"elementor-element elementor-element-13b9277 elementor-invisible elementor-widget elementor-widget-text-editor\" data-id=\"13b9277\" data-element_type=\"widget\" data-settings=\"{&quot;_animation&quot;:&quot;fadeInUp&quot;}\" data-widget_type=\"text-editor.default\">\n\t\t\t\t<div class=\"elementor-widget-container\">\n\t\t\t\t\t\t\t\t\t<p>Muchos sectores empresariales utilizan bolsas que se ensamblan mediante soldadura. En material de oficina, envases y embalajes publicitarios, el m\u00e9todo de <strong>sellado de bolsas<\/strong> se utiliza para producir : <\/p><ul><li>Protectores de documentos (comerciales, m\u00e9dicos),<\/li><li>Vistas de las puertas,<\/li><li><strong>Fundas de pl\u00e1stico<\/strong>,<\/li><li>Protectores de tarjetas,<\/li><li>Estuches y <strong>fundas<\/strong> en diferentes formatos,<\/li><li>Bolsillos adhesivos o magn\u00e9ticos,<\/li><li>Coquetas r\u00edgidas,<\/li><li>Cajas y estuches r\u00edgidos,<\/li><li><strong>Bolsas de una sola costura.<\/strong><\/li><\/ul><p>En el sector m\u00e9dico, las bolsas se <strong>sueldan una<\/strong> o dos veces. Esta t\u00e9cnica de montaje significa que las bolsas est\u00e1n soldadas por tres lados. <\/p><p>Las<strong> bolsas m\u00e9dicas<\/strong> m\u00e1s frecuentemente ensambladas mediante doble soldadura son :<\/p><ul><li>Bolsas de infusi\u00f3n,<\/li><li>Bolsas de ostom\u00eda,<\/li><li><strong>Bolsas de sangre.<\/strong><\/li><\/ul><p>En el sector de la prensa, <strong>el sellado de bl\u00edsteres de embalaje<\/strong> permite plegar peri\u00f3dicos, revistas y diarios y enviarlos a sus destinatarios.<\/p>\t\t\t\t\t\t\t\t<\/div>\n\t\t\t\t<\/div>\n\t\t\t\t<div class=\"elementor-element elementor-element-53c730c elementor-invisible elementor-widget elementor-widget-heading\" data-id=\"53c730c\" data-element_type=\"widget\" data-settings=\"{&quot;_animation&quot;:&quot;fadeInUp&quot;}\" data-widget_type=\"heading.default\">\n\t\t\t\t<div class=\"elementor-widget-container\">\n\t\t\t\t\t<h2 class=\"elementor-heading-title elementor-size-default\">\u00bfQu\u00e9 materiales se sueldan para hacer las bolsas?<\/h2>\t\t\t\t<\/div>\n\t\t\t\t<\/div>\n\t\t\t\t<div class=\"elementor-element elementor-element-bc90c37 elementor-invisible elementor-widget elementor-widget-text-editor\" data-id=\"bc90c37\" data-element_type=\"widget\" data-settings=\"{&quot;_animation&quot;:&quot;fadeInUp&quot;}\" data-widget_type=\"text-editor.default\">\n\t\t\t\t<div class=\"elementor-widget-container\">\n\t\t\t\t\t\t\t\t\t<p>En general, <strong>las bolsas<\/strong> se fabrican con termopl\u00e1sticos, que son los \u00fanicos materiales capaces de ensamblarse mediante soldadura. Ensambladas de este modo, constituyen el 80% de los pl\u00e1sticos producidos en el mundo: <\/p>\n<ul>\n<li>PVC (cloruro de polivinilo),<\/li>\n<li>PET (tereftalato de polietileno),<\/li>\n<li>PP (Polipropileno),<\/li>\n<li>PS (Poliestireno).<\/li>\n<\/ul>\n<p>La dicotom\u00eda entre pl\u00e1sticos flexibles y r\u00edgidos reside principalmente en su formulaci\u00f3n qu\u00edmica. Materiales como el PET, el PS, el LDPE y el PVC pueden utilizarse para fabricar pl\u00e1sticos flexibles. Esto significa que pueden utilizarse para fabricar envases, lonas, <strong>bolsas<\/strong>, etc.  <\/p>\n<p>El PP, el HDPE y el ABS (acrilonitrilo-butadieno-estireno) son pl\u00e1sticos r\u00edgidos que pueden soldarse para fabricar piezas utilizadas en una amplia gama de industrias.<\/p>\t\t\t\t\t\t\t\t<\/div>\n\t\t\t\t<\/div>\n\t\t\t\t<div class=\"elementor-element elementor-element-d144e73 elementor-align-center elementor-widget elementor-widget-button\" data-id=\"d144e73\" data-element_type=\"widget\" data-widget_type=\"button.default\">\n\t\t\t\t<div class=\"elementor-widget-container\">\n\t\t\t\t\t\t\t\t\t<div class=\"elementor-button-wrapper\">\n\t\t\t\t\t<a class=\"elementor-button elementor-button-link elementor-size-sm\" href=\"https:\/\/shop.matrelec.com\/fr\/\" target=\"_blank\" rel=\"noopener noreferrer nofollow\">\n\t\t\t\t\t\t<span class=\"elementor-button-content-wrapper\">\n\t\t\t\t\t\t<span class=\"elementor-button-icon\">\n\t\t\t\t<svg aria-hidden=\"true\" class=\"e-font-icon-svg e-fas-chevron-right\" viewBox=\"0 0 320 512\" xmlns=\"http:\/\/www.w3.org\/2000\/svg\"><path d=\"M285.476 272.971L91.132 467.314c-9.373 9.373-24.569 9.373-33.941 0l-22.667-22.667c-9.357-9.357-9.375-24.522-.04-33.901L188.505 256 34.484 101.255c-9.335-9.379-9.317-24.544.04-33.901l22.667-22.667c9.373-9.373 24.569-9.373 33.941 0L285.475 239.03c9.373 9.372 9.373 24.568.001 33.941z\"><\/path><\/svg>\t\t\t<\/span>\n\t\t\t\t\t\t\t\t\t<span class=\"elementor-button-text\">Descubre nuestra tienda online<\/span>\n\t\t\t\t\t<\/span>\n\t\t\t\t\t<\/a>\n\t\t\t\t<\/div>\n\t\t\t\t\t\t\t\t<\/div>\n\t\t\t\t<\/div>\n\t\t\t\t\t<\/div>\n\t\t\t\t<\/div>\n\t\t\t\t<\/div>\n\t\t","protected":false},"excerpt":{"rendered":"<p>Preguntas frecuentes sobre el sellado de bolsas Las bolsas de pl\u00e1stico, tanto r\u00edgidas como flexibles, se utilizan cada vez m\u00e1s en un n\u00famero creciente de campos. La soldadura es el m\u00e9todo m\u00e1s utilizado para ensamblarlas, o m\u00e1s sencillamente para asegurar su sistema de cierre, ya que permite satisfacer necesidades espec\u00edficas. El sellado de bolsas o [&hellip;]<\/p>\n","protected":false},"author":1,"featured_media":0,"parent":0,"menu_order":0,"comment_status":"closed","ping_status":"closed","template":"","meta":{"_acf_changed":false,"footnotes":""},"class_list":["post-33281","page","type-page","status-publish","hentry"],"acf":[],"_links":{"self":[{"href":"https:\/\/www.matrelec.com\/es\/wp-json\/wp\/v2\/pages\/33281","targetHints":{"allow":["GET"]}}],"collection":[{"href":"https:\/\/www.matrelec.com\/es\/wp-json\/wp\/v2\/pages"}],"about":[{"href":"https:\/\/www.matrelec.com\/es\/wp-json\/wp\/v2\/types\/page"}],"author":[{"embeddable":true,"href":"https:\/\/www.matrelec.com\/es\/wp-json\/wp\/v2\/users\/1"}],"replies":[{"embeddable":true,"href":"https:\/\/www.matrelec.com\/es\/wp-json\/wp\/v2\/comments?post=33281"}],"version-history":[{"count":2,"href":"https:\/\/www.matrelec.com\/es\/wp-json\/wp\/v2\/pages\/33281\/revisions"}],"predecessor-version":[{"id":38121,"href":"https:\/\/www.matrelec.com\/es\/wp-json\/wp\/v2\/pages\/33281\/revisions\/38121"}],"wp:attachment":[{"href":"https:\/\/www.matrelec.com\/es\/wp-json\/wp\/v2\/media?parent=33281"}],"curies":[{"name":"wp","href":"https:\/\/api.w.org\/{rel}","templated":true}]}}