{"id":33288,"date":"2024-09-13T05:14:58","date_gmt":"2024-09-13T03:14:58","guid":{"rendered":"https:\/\/www.matrelec.com\/preguntas-frecuentes\/"},"modified":"2025-11-20T12:24:42","modified_gmt":"2025-11-20T10:24:42","slug":"preguntas-frecuentes","status":"publish","type":"page","link":"https:\/\/www.matrelec.com\/es\/preguntas-frecuentes\/","title":{"rendered":"FAQ Soldadura"},"content":{"rendered":"\t\t<div data-elementor-type=\"wp-page\" data-elementor-id=\"33288\" class=\"elementor elementor-33288 elementor-31254\" data-elementor-post-type=\"page\">\n\t\t\t\t<div class=\"elementor-element elementor-element-2929fd0 e-flex e-con-boxed e-con e-parent\" data-id=\"2929fd0\" data-element_type=\"container\">\n\t\t\t\t\t<div class=\"e-con-inner\">\n\t\t\t\t<div class=\"elementor-element elementor-element-653fe51 elementor-invisible elementor-widget elementor-widget-heading\" data-id=\"653fe51\" data-element_type=\"widget\" data-settings=\"{&quot;_animation&quot;:&quot;fadeInUp&quot;}\" data-widget_type=\"heading.default\">\n\t\t\t\t<div class=\"elementor-widget-container\">\n\t\t\t\t\t<h1 class=\"elementor-heading-title elementor-size-default\">FAQ Soldadura<\/h1>\t\t\t\t<\/div>\n\t\t\t\t<\/div>\n\t\t\t\t\t<\/div>\n\t\t\t\t<\/div>\n\t\t<div class=\"elementor-element elementor-element-868bdb1 e-flex e-con-boxed e-con e-parent\" data-id=\"868bdb1\" data-element_type=\"container\">\n\t\t\t\t\t<div class=\"e-con-inner\">\n\t\t\t\t<div class=\"elementor-element elementor-element-35f8b53 faqs elementor-invisible elementor-widget elementor-widget-text-editor\" data-id=\"35f8b53\" data-element_type=\"widget\" data-settings=\"{&quot;_animation&quot;:&quot;fadeInUp&quot;}\" data-widget_type=\"text-editor.default\">\n\t\t\t\t<div class=\"elementor-widget-container\">\n\t\t\t\t\t\t\t\t\t<ul>\n<li><a href=\"https:\/\/www.matrelec.com\/es\/bolsas-de-sellado\/\">Bolsas de sellado<\/a><\/li>\n<li><a href=\"https:\/\/www.matrelec.com\/es\/soldadura-de-pvc\/\">Soldadura de PVC<\/a><\/li>\n<li><a href=\"https:\/\/www.matrelec.com\/es\/soldadura-termica\/\">Soldadura t\u00e9rmica<\/a><\/li>\n<li><a href=\"https:\/\/www.matrelec.com\/es\/soldadura-de-ojales\/\">Ojales soldados<\/a><\/li>\n<li><a href=\"https:\/\/www.matrelec.com\/es\/maquinas-de-soldar\/\">M\u00e1quinas de soldar<\/a><\/li>\n<li><a href=\"https:\/\/www.matrelec.com\/es\/soldadura-de-plasticos\/\">Soldadura de pl\u00e1sticos<\/a><\/li>\n<li><a href=\"https:\/\/www.matrelec.com\/es\/mesas-giratorias\/\">Mesas giratorias<\/a><\/li>\n<li><a href=\"https:\/\/www.matrelec.com\/es\/soldadura-de-alta-frecuencia\/\">Soldadura de alta frecuencia<\/a><\/li>\n<li><a href=\"https:\/\/www.matrelec.com\/es\/triodos-industriales\/\">Triodos industriales<\/a><\/li>\n<li><a href=\"https:\/\/www.matrelec.com\/es\/soldadura-petg\/\">Soldadura PETG<\/a><\/li>\n<li><a href=\"https:\/\/www.matrelec.com\/es\/soldadura-de-ojales\/\">Soldadura de ojales<\/a><\/li>\n<li><a href=\"https:\/\/www.matrelec.com\/es\/soldadura-eva\/\">Soldadura EVA<\/a><\/li>\n<li><a href=\"https:\/\/www.matrelec.com\/es\/soldadura-autogena\/\">Soldadura aut\u00f3gena<\/a><\/li>\n<li><a href=\"https:\/\/www.matrelec.com\/es\/soldadura-resistente\/\">Soldadura resistente<\/a><\/li>\n<li><a href=\"https:\/\/www.matrelec.com\/es\/soldadura-invisible\/\">Soldadura invisible<\/a><\/li>\n<li><a href=\"https:\/\/www.matrelec.com\/es\/soldadura-de-bolsas-medicas\/\">Soldadura de bolsas m\u00e9dicas<\/a><\/li>\n<li><a href=\"https:\/\/www.matrelec.com\/es\/lonas-de-soldadura\/\">Lonas de soldadura<\/a><\/li>\n<li><a href=\"https:\/\/www.matrelec.com\/es\/soldadura-de-cinturones-lumbares\/\">Soldadura de cinturones lumbares<\/a><\/li>\n<li><a href=\"https:\/\/www.matrelec.com\/es\/prensas-de-cuello-de-cisne\/\">Prensas de cuello de cisne<\/a><\/li>\n<li><a href=\"https:\/\/www.matrelec.com\/es\/soldadura-ortesica\/\">Soldadura ort\u00e9sica<\/a><\/li>\n<li><a href=\"https:\/\/www.matrelec.com\/es\/soldadura-de-tejidos\/\">Soldadura de tejidos<\/a><\/li>\n<li><a href=\"https:\/\/www.matrelec.com\/es\/soldadura-hermetica\/\">Soldadura herm\u00e9tica<\/a><\/li>\n<\/ul>\n\t\t\t\t\t\t\t\t<\/div>\n\t\t\t\t<\/div>\n\t\t\t\t\t<\/div>\n\t\t\t\t<\/div>\n\t\t\t\t<\/div>\n\t\t","protected":false},"excerpt":{"rendered":"<p>Bolsas de sellado Soldadura de PVC Soldadura t\u00e9rmica Ojales soldados M\u00e1quinas de soldar Soldadura de pl\u00e1sticos Mesas giratorias Soldadura de alta frecuencia Triodos industriales Soldadura PETG Soldadura de ojales Soldadura EVA Soldadura aut\u00f3gena Soldadura resistente Soldadura invisible Soldadura de bolsas m\u00e9dicas Lonas de soldadura Soldadura de cinturones lumbares Prensas de cuello de cisne Soldadura ort\u00e9sica [&hellip;]<\/p>\n","protected":false},"author":1,"featured_media":0,"parent":0,"menu_order":0,"comment_status":"closed","ping_status":"closed","template":"","meta":{"_acf_changed":false,"footnotes":""},"class_list":["post-33288","page","type-page","status-publish","hentry"],"acf":[],"_links":{"self":[{"href":"https:\/\/www.matrelec.com\/es\/wp-json\/wp\/v2\/pages\/33288","targetHints":{"allow":["GET"]}}],"collection":[{"href":"https:\/\/www.matrelec.com\/es\/wp-json\/wp\/v2\/pages"}],"about":[{"href":"https:\/\/www.matrelec.com\/es\/wp-json\/wp\/v2\/types\/page"}],"author":[{"embeddable":true,"href":"https:\/\/www.matrelec.com\/es\/wp-json\/wp\/v2\/users\/1"}],"replies":[{"embeddable":true,"href":"https:\/\/www.matrelec.com\/es\/wp-json\/wp\/v2\/comments?post=33288"}],"version-history":[{"count":0,"href":"https:\/\/www.matrelec.com\/es\/wp-json\/wp\/v2\/pages\/33288\/revisions"}],"wp:attachment":[{"href":"https:\/\/www.matrelec.com\/es\/wp-json\/wp\/v2\/media?parent=33288"}],"curies":[{"name":"wp","href":"https:\/\/api.w.org\/{rel}","templated":true}]}}