{"id":33297,"date":"2024-09-02T14:26:39","date_gmt":"2024-09-02T12:26:39","guid":{"rendered":"https:\/\/www.matrelec.com\/gestion-de-cookies\/"},"modified":"2025-03-17T15:57:01","modified_gmt":"2025-03-17T13:57:01","slug":"gestion-de-cookies","status":"publish","type":"page","link":"https:\/\/www.matrelec.com\/es\/gestion-de-cookies\/","title":{"rendered":"Gesti\u00f3n de cookies"},"content":{"rendered":"\t\t<div data-elementor-type=\"wp-page\" data-elementor-id=\"33297\" class=\"elementor elementor-33297 elementor-30686\" data-elementor-post-type=\"page\">\n\t\t\t\t<div class=\"elementor-element elementor-element-d3696da e-flex e-con-boxed e-con e-parent\" data-id=\"d3696da\" data-element_type=\"container\">\n\t\t\t\t\t<div class=\"e-con-inner\">\n\t\t\t\t<div class=\"elementor-element elementor-element-e91f483 elementor-widget elementor-widget-heading\" data-id=\"e91f483\" data-element_type=\"widget\" data-widget_type=\"heading.default\">\n\t\t\t\t<div class=\"elementor-widget-container\">\n\t\t\t\t\t<h1 class=\"elementor-heading-title elementor-size-default\">Gesti\u00f3n de cookies<\/h1>\t\t\t\t<\/div>\n\t\t\t\t<\/div>\n\t\t\t\t\t<\/div>\n\t\t\t\t<\/div>\n\t\t<div class=\"elementor-element elementor-element-7a463e62 e-flex e-con-boxed e-con e-parent\" data-id=\"7a463e62\" data-element_type=\"container\">\n\t\t\t\t\t<div class=\"e-con-inner\">\n\t\t\t\t<div class=\"elementor-element elementor-element-7d94d741 elementor-widget elementor-widget-text-editor\" data-id=\"7d94d741\" data-element_type=\"widget\" data-widget_type=\"text-editor.default\">\n\t\t\t\t<div class=\"elementor-widget-container\">\n\t\t\t\t\t\t\t\t\t<div class=\"wpb_text_column wpb_content_element cms_text_block\">\n<div class=\"wpb_wrapper \">\n<p>Cuando accedes por primera vez al sitio web https:\/\/www.matrelec.com\/, un banner situado en la parte inferior de la p\u00e1gina te informa de que los datos relativos a tu navegaci\u00f3n quedar\u00e1n registrados en unos ficheros espec\u00edficos denominados \u00abcookies\u00bb o archivos de conexi\u00f3n.<\/p>\n<p>Para informarte mejor sobre su funci\u00f3n, las limitaciones vinculadas a su aceptaci\u00f3n o rechazo y los pasos a seguir para bloquear su instalaci\u00f3n en tu ordenador, <strong>MATRELEC <\/strong>presenta su pol\u00edtica de gesti\u00f3n de cookies, establecida en el marco del Reglamento General de Protecci\u00f3n de Datos (RGPD).<\/p>\n<div class=\"wpb_column vc_column_container vc_col-sm-12\">\n<div class=\"vc_column-inner\">\n<div class=\"wpb_wrapper\"> <\/div>\n<\/div>\n<\/div>\n<div class=\"cms-custom-heading-wrap heading2 text-left vc_custom_heading heading2_uppercase \">\n<h2 class=\"cmsc-custom-heading vc_custom_heading\"><strong>1\u00b0 EL PAPEL DE LAS COOKIES O ARCHIVOS DE CONEXI\u00d3N<\/strong><\/h2>\n<\/div>\n<p>Las cookies se utilizan para recopilar informaci\u00f3n sobre tu uso del sitio web (https:\/\/www.matrelec.com\/) con el fin de ajustar y dirigir tu navegaci\u00f3n de la forma m\u00e1s eficaz posible. Gestionados por el navegador, los archivos de conexi\u00f3n permiten determinar con precisi\u00f3n los servicios y la informaci\u00f3n que buscas en las secciones y p\u00e1ginas que visitas. <\/p>\n<p>Se utilizan distintos tipos de cookies con diferentes fines para garantizar un uso \u00f3ptimo del sitio web y sus servicios:<\/p>\n<ul>\n<li>Las cookies de sesi\u00f3n se instalan principalmente en los sitios de los comerciantes para guardar determinados datos introducidos previamente a lo largo de la secuencia de navegaci\u00f3n,<\/li>\n<li>Las cookies funcionales tienen en cuenta las preferencias de navegaci\u00f3n (idioma, resoluci\u00f3n de pantalla, etc.) o gestionan la informaci\u00f3n introducida durante sesiones de navegaci\u00f3n anteriores (datos de acceso, servicios suscritos, datos introducidos, etc.),<\/li>\n<li>Las cookies anal\u00edticas se utilizan para contar usuarios de Internet y analizar su comportamiento durante su visita al sitio web con el fin de generar estad\u00edsticas de visitas,<\/li>\n<li>Las cookies de terceros son colocadas en el navegador del internauta por agencias de publicidad o socios del sitio web, as\u00ed como por redes sociales y plataformas de v\u00eddeo vinculadas al sitio web.<\/li>\n<\/ul>\n<p>Los datos recogidos por los ficheros de conexi\u00f3n no permiten identificarte por tu nombre, se utilizan \u00fanicamente para el buen funcionamiento del sitio de Internet y <strong>MATRELEC<\/strong><strong> <\/strong>nunca los comunica a otras organizaciones.<\/p>\n<div class=\"wpb_column vc_column_container vc_col-sm-12\">\n<div class=\"vc_column-inner\">\n<div class=\"wpb_wrapper\"> <\/div>\n<\/div>\n<\/div>\n<div class=\"cms-custom-heading-wrap heading2 text-left vc_custom_heading heading2_uppercase \">\n<h2 class=\"cmsc-custom-heading vc_custom_heading\"><strong>2\u00b0 COOKIES PRESENTES EN EL SITIO<\/strong><\/h2>\n<\/div>\n<p>En funci\u00f3n de su naturaleza y del tipo de datos que recogen, las cookies utilizadas en el sitio web https:\/\/www.matrelec.com\/ requieren o no tu consentimiento para ser utilizadas.<\/p>\n<\/div>\n<div class=\"wpb_wrapper \">\n<h3><strong>2.1\u00b0 Cookies funcionales<\/strong><\/h3>\n<p>La Commission Nationale de l&#8217;Informatique et des Libert\u00e9s (CNIL) recomienda que las cookies que sean necesarias para que el sitio web funcione correctamente o cuya \u00fanica finalidad sea facilitar la comunicaci\u00f3n electr\u00f3nica no requieran consentimiento.<\/p>\n<p>Esto afecta principalmente a las cookies de identificador de sesi\u00f3n, las cookies de sesi\u00f3n del reproductor multimedia, las cookies de autenticaci\u00f3n, las cookies de equilibrio de carga o de sesi\u00f3n creada y las cookies para personalizar tu interfaz de usuario.<\/p>\n<h3><strong>2.2\u00b0 Cookies de seguimiento<\/strong><\/h3>\n<p>Seg\u00fan la legislaci\u00f3n vigente, confirmada por el RGPD, todas las cookies utilizadas con fines de selecci\u00f3n o elaboraci\u00f3n de perfiles deben enviarse a tu navegador antes de que puedan utilizarse: debe obtenerse tu consentimiento, debe d\u00e1rsete la opci\u00f3n de oponerte a su uso y debe inform\u00e1rsete de que, al continuar navegando por el sitio, est\u00e1s dando tu consentimiento para que se depositen cookies en tu terminal.<\/p>\n<p>Esto afecta tanto a las cookies de medici\u00f3n de audiencia (Analytics) como a las cookies de compartici\u00f3n en redes sociales (Facebook, etc.). Por tanto, estas cookies est\u00e1n sujetas a las pol\u00edticas de privacidad de los editores de estas aplicaciones de software.<\/p>\n<h4><strong>2.2.1\u00b0 Cookies de medici\u00f3n de audiencia<\/strong><\/h4>\n<p>Las cookies de Google Analytics se utilizan para recopilar estad\u00edsticas sobre el uso del sitio web: https:\/\/www.matrelec.com\/.<\/p>\n<p>Se han configurado para recoger datos de modo que tu consentimiento sea opcional:<\/p>\n<ul>\n<li>La direcci\u00f3n IP utilizada para geolocalizarte no es m\u00e1s precisa que la escala de la ciudad. En la pr\u00e1ctica, se suprimen los dos \u00faltimos bytes de la direcci\u00f3n IP,<\/li>\n<li>Las cookies utilizadas para rastrearte y tus direcciones IP no se conservan durante m\u00e1s de 13 meses desde la primera visita.<\/li>\n<\/ul>\n<p>La pol\u00edtica de confidencialidad de Google Analytics est\u00e1 disponible en la siguiente direcci\u00f3n: https:\/\/policies.google.com\/privacy?hl=fr.<\/p>\n<h4><strong>2.2.2\u00b0 Cookies de intercambio de datos<\/strong><\/h4>\n<p>Las cookies para compartir en redes sociales (Facebook, etc.) son emitidas y gestionadas por los editores de las aplicaciones. Sujeto a tu consentimiento, estas cookies facilitan compartir el contenido publicado en el sitio web: https:\/\/www.matrelec.com\/ utilizando los botones dedicados de la aplicaci\u00f3n. <\/p>\n<p>Las pol\u00edticas de privacidad de las redes sociales est\u00e1n disponibles en las p\u00e1ginas siguientes:<\/p>\n<ul>\n<li>Facebook: https:\/\/fr-fr.facebook.com\/privacy\/explanation<\/li>\n<li>Twitter: https:\/\/twitter.com\/fr\/privacy#update<\/li>\n<li>Pinterest : https:\/\/policy.pinterest.com\/fr\/privacy-policy<\/li>\n<li>Instagram: https:\/\/help.instagram.com\/519522125107875<\/li>\n<li>LinkedIn: https:\/\/www.linkedin.com\/legal\/privacy-policy?_l=fr_FR<\/li>\n<\/ul>\n<h4><strong>2.2.3\u00b0 Cookies de la plataforma de v\u00eddeo<\/strong><\/h4>\n<p>Las cookies relacionadas con la visualizaci\u00f3n de v\u00eddeos en YouTube son emitidas y gestionadas por el editor de la plataforma de v\u00eddeos. Sujeto a tu consentimiento, estas cookies se env\u00edan a tu navegador cuando reproduces v\u00eddeos publicados en el sitio web: https:\/\/www.matrelec.com\/ y alojados en la plataforma. <\/p>\n<p>La pol\u00edtica de privacidad de YouTube est\u00e1 disponible en la siguiente direcci\u00f3n: https:\/\/policies.google.com\/privacy?hl=fr-CA.<\/p>\n<\/div>\n<\/div>\n<div class=\"wpb_column vc_column_container vc_col-sm-12\">\n<div class=\"vc_column-inner\">\n<div class=\"wpb_wrapper\"> <\/div>\n<\/div>\n<\/div>\n<div class=\"cms-custom-heading-wrap heading2 text-left vc_custom_heading heading2_uppercase \">\n<h2 class=\"cmsc-custom-heading vc_custom_heading\"><strong>3\u00b0 ACEPTACI\u00d3N O RECHAZO DE COOKIES<\/strong><\/h2>\n<\/div>\n<div class=\"wpb_text_column wpb_content_element vc_custom_1621498045904 cms_text_block\">\n<div class=\"wpb_wrapper \">\n<p>Cuando visitas por primera vez el sitio web https:\/\/www.matrelec.com\/, se muestra un banner en la parte inferior de la p\u00e1gina para que puedas aceptar o rechazar las cookies. Este banner tambi\u00e9n indica la finalidad con la que se env\u00edan las cookies a tu navegador de Internet. <\/p>\n<p>Tambi\u00e9n puedes configurar tu navegador de Internet para que te avise cuando se almacenen cookies, d\u00e1ndote la opci\u00f3n de aceptarlas o rechazarlas. La configuraci\u00f3n de la gesti\u00f3n de cookies (aceptaci\u00f3n o rechazo) var\u00eda en funci\u00f3n del navegador utilizado. <\/p>\n<p>A continuaci\u00f3n encontrar\u00e1s las direcciones de las p\u00e1ginas dedicadas a cada uno de los principales navegadores:<\/p>\n<ul>\n<li>Microsoft Edge: https:\/\/support.microsoft.com\/fr-fr\/microsoft-edge\/supprimer-les-cookies-dans-microsoft-edge-63947406-40ac-c3b8-57b9-2a946a29ae09<\/li>\n<li>Google Chrome: http:\/\/support.google.com\/chrome\/bin\/answer.py?hl=fr&amp;hlrm=en&amp;answer=95647<\/li>\n<li>Safari de Apple: https:\/\/www.apple.com\/fr\/legal\/privacy\/fr-ww\/cookies<\/li>\n<li>Mozilla Firefox: http:\/\/support.mozilla.org\/fr\/kb\/Activer%20et%20d%C3%A9activar%20les%20cookies<\/li>\n<li>\u00d3pera : http:\/\/help.opera.com\/Windows\/10.20\/fr\/cookies.html<\/li>\n<li>Valiente: https:\/\/brave.com\/fr\/privacy-updates\/21-blocking-cookie-notices<\/li>\n<\/ul>\n<p>Ten en cuenta que Rechazar las cookies puede impedirte personalizar tu experiencia de navegaci\u00f3n en el sitio web https:\/\/www.matrelec.com\/, por lo que es importante que configures tu navegador con pleno conocimiento de causa.<\/p>\n<\/p>\n<\/div>\n<\/div>\n<div class=\"cms-custom-heading-wrap heading2 text-left vc_custom_heading heading2_uppercase \">\n<h2 class=\"cmsc-custom-heading vc_custom_heading\"><strong>4\u00b0 REVOCAR EL CONSENTIMIENTO A LAS COOKIES<\/strong><\/h2>\n<\/div>\n<div class=\"wpb_text_column wpb_content_element vc_custom_1621498045904 cms_text_block\">\n<div class=\"wpb_wrapper \">\n<p>Es posible revocar <a>el consentimiento a las cookies de<\/a> terceros y a las cookies anal\u00edticas en cualquier momento.<\/p>\n<div class=\"wpb_column vc_column_container vc_col-sm-12\">\n<div class=\"vc_column-inner\">\n<div class=\"wpb_wrapper\"> <\/div>\n<\/div>\n<\/div>\n<div class=\"cms-custom-heading-wrap heading2 text-left vc_custom_heading heading2_uppercase \">\n<h2 class=\"cmsc-custom-heading vc_custom_heading\"><strong>5\u00b0 POL\u00cdTICA DE PRIVACIDAD<\/strong><\/h2>\n<\/div>\n<div class=\"wpb_text_column wpb_content_element vc_custom_1621498045904 cms_text_block\">\n<div class=\"wpb_wrapper \">Para saber m\u00e1s sobre la pol\u00edtica de privacidad de <strong>MATRELEC<\/strong>: <a href=\"https:\/\/www.matrelec.com\/politique-de-confidentialite\/\"><strong>haz clic aqu\u00ed<\/strong><\/a>.<\/div>\n<\/div>\n<\/div>\n<\/div>\n\t\t\t\t\t\t\t\t<\/div>\n\t\t\t\t<\/div>\n\t\t\t\t\t<\/div>\n\t\t\t\t<\/div>\n\t\t\t\t<\/div>\n\t\t","protected":false},"excerpt":{"rendered":"<p>Gesti\u00f3n de cookies Cuando accedes por primera vez al sitio web https:\/\/www.matrelec.com\/, un banner situado en la parte inferior de la p\u00e1gina te informa de que los datos relativos a tu navegaci\u00f3n quedar\u00e1n registrados en unos ficheros espec\u00edficos denominados \u00abcookies\u00bb o archivos de conexi\u00f3n. Para informarte mejor sobre su funci\u00f3n, las limitaciones vinculadas a su [&hellip;]<\/p>\n","protected":false},"author":1,"featured_media":0,"parent":0,"menu_order":0,"comment_status":"closed","ping_status":"closed","template":"","meta":{"_acf_changed":false,"footnotes":""},"class_list":["post-33297","page","type-page","status-publish","hentry"],"acf":[],"_links":{"self":[{"href":"https:\/\/www.matrelec.com\/es\/wp-json\/wp\/v2\/pages\/33297","targetHints":{"allow":["GET"]}}],"collection":[{"href":"https:\/\/www.matrelec.com\/es\/wp-json\/wp\/v2\/pages"}],"about":[{"href":"https:\/\/www.matrelec.com\/es\/wp-json\/wp\/v2\/types\/page"}],"author":[{"embeddable":true,"href":"https:\/\/www.matrelec.com\/es\/wp-json\/wp\/v2\/users\/1"}],"replies":[{"embeddable":true,"href":"https:\/\/www.matrelec.com\/es\/wp-json\/wp\/v2\/comments?post=33297"}],"version-history":[{"count":0,"href":"https:\/\/www.matrelec.com\/es\/wp-json\/wp\/v2\/pages\/33297\/revisions"}],"wp:attachment":[{"href":"https:\/\/www.matrelec.com\/es\/wp-json\/wp\/v2\/media?parent=33297"}],"curies":[{"name":"wp","href":"https:\/\/api.w.org\/{rel}","templated":true}]}}