{"id":33301,"date":"2024-09-02T14:13:04","date_gmt":"2024-09-02T12:13:04","guid":{"rendered":"https:\/\/www.matrelec.com\/informacion-legal\/"},"modified":"2025-03-17T15:57:01","modified_gmt":"2025-03-17T13:57:01","slug":"informacion-legal","status":"publish","type":"page","link":"https:\/\/www.matrelec.com\/es\/informacion-legal\/","title":{"rendered":"Informaci\u00f3n legal"},"content":{"rendered":"\t\t<div data-elementor-type=\"wp-page\" data-elementor-id=\"33301\" class=\"elementor elementor-33301 elementor-30671\" data-elementor-post-type=\"page\">\n\t\t\t\t<div class=\"elementor-element elementor-element-d3696da e-flex e-con-boxed e-con e-parent\" data-id=\"d3696da\" data-element_type=\"container\">\n\t\t\t\t\t<div class=\"e-con-inner\">\n\t\t\t\t<div class=\"elementor-element elementor-element-e91f483 elementor-widget elementor-widget-heading\" data-id=\"e91f483\" data-element_type=\"widget\" data-widget_type=\"heading.default\">\n\t\t\t\t<div class=\"elementor-widget-container\">\n\t\t\t\t\t<h1 class=\"elementor-heading-title elementor-size-default\">Informaci\u00f3n legal  <\/h1>\t\t\t\t<\/div>\n\t\t\t\t<\/div>\n\t\t\t\t\t<\/div>\n\t\t\t\t<\/div>\n\t\t<div class=\"elementor-element elementor-element-7a463e62 e-flex e-con-boxed e-con e-parent\" data-id=\"7a463e62\" data-element_type=\"container\">\n\t\t\t\t\t<div class=\"e-con-inner\">\n\t\t\t\t<div class=\"elementor-element elementor-element-7d94d741 elementor-widget elementor-widget-text-editor\" data-id=\"7d94d741\" data-element_type=\"widget\" data-widget_type=\"text-editor.default\">\n\t\t\t\t<div class=\"elementor-widget-container\">\n\t\t\t\t\t\t\t\t\t<div>\n<h2><strong>PRESENTACI\u00d3N DEL SITIO<\/strong><\/h2>\n<\/div>\n<div>\n<p>De conformidad con el art\u00edculo 6 de la Ley n\u00ba 2004-575, de 21 de junio de 2004, sobre la confianza en la econom\u00eda digital, y en aplicaci\u00f3n del Reglamento general de protecci\u00f3n de datos [Reglamento (UE) 2016\/679], se informa a los usuarios del sitio web https:\/\/www.matrelec.com\/ de la identidad de las distintas partes implicadas en su creaci\u00f3n y seguimiento.<\/p>\n<p><strong>Propietario\/Editor: MATRELEC<\/strong><\/p>\n<ul>\n<li>SAS con un capital social de 303.600 euros<\/li>\n<li>RCS Lyon B 352 888 531<\/li>\n<li>Sede social: ZI des Lats &#8211; 69510 MESSIMY &#8211; FRANCIA<\/li>\n<li>Tel : 04 78 44 80 20<\/li>\n<li>Correo electr\u00f3nico: info@matrelec.com<\/li>\n<\/ul>\n<\/div>\n<p> <\/p>\n<p><strong>Creador\/Webmaster : KUBIWEB<\/strong><\/p>\n<ul>\n<li>SAS con un capital social de 21.320 euros<\/li>\n<li>N\u00ba SIRET: 53018964600025<\/li>\n<li>Domicilio social: 46-48 Chemin de la Bruy\u00e8re &#8211; 69570 DARDILLY &#8211; FRANCIA<\/li>\n<li>Tel : 09 63 25 11 39<\/li>\n<\/ul>\n<p> <\/p>\n<p><strong>Anfitri\u00f3n : COGNIX SYSTEMS<\/strong><\/p>\n<ul>\n<li>SARL con capital social de 40.000 euros<\/li>\n<li>N\u00ba SIRET: 44472446200064<\/li>\n<li>Sede social: 50 Rue Pau Langevin &#8211; 35200 RENNES<\/li>\n<li>Tel : 02 99 27 75 92<\/li>\n<\/ul>\n<p> <\/p>\n<p><strong>Director de la publicaci\u00f3n: Fr\u00e9d\u00e9ric HOSTETTLER<\/strong><\/p>\n<div>\n<div>\n<ul>\n<li>Correo electr\u00f3nico: info@matrelec.com<\/li>\n<\/ul>\n<p> <\/p>\n<h2><strong>CONDICIONES GENERALES DE USO DEL SITIO Y DE LOS SERVICIOS OFRECIDOS<\/strong><\/h2>\n<p>El uso del sitio web https:\/\/www.matrelec.com\/ implica la plena aceptaci\u00f3n de las condiciones generales de uso que se exponen a continuaci\u00f3n. Estas condiciones de uso pueden ser modificadas o completadas en cualquier momento, por lo que se aconseja a los usuarios del sitio web https:\/\/www.matrelec.com\/ que las consulten regularmente. <\/p>\n<p>Este sitio es normalmente accesible a los usuarios en todo momento. No obstante, <strong>MATRELEC<\/strong> puede decidir interrumpir el sitio por motivos de mantenimiento t\u00e9cnico, en cuyo caso se esforzar\u00e1 por informar a los usuarios con antelaci\u00f3n de las fechas y horas de la intervenci\u00f3n. <\/p>\n<p>El sitio web https:\/\/www.matrelec.com\/ es actualizado regularmente por <strong>MATRELEC<\/strong>. Del mismo modo, las menciones legales pueden modificarse en cualquier momento: no obstante, son vinculantes para el usuario, al que se invita a consultarlas con la mayor frecuencia posible para leerlas. <\/p>\n<div> <\/div>\n<div>\n<h2><strong>DESCRIPCI\u00d3N DE LOS SERVICIOS PRESTADOS<\/strong><\/h2>\n<\/div>\n<p>El objetivo del sitio web https:\/\/www.matrelec.com\/ es proporcionar informaci\u00f3n sobre todas las actividades de la empresa.<\/p>\n<p><strong>MATRELEC<\/strong> se esfuerza por ofrecer en el sitio web https:\/\/www.matrelec.com\/ informaci\u00f3n lo m\u00e1s exacta posible. Sin embargo, no se responsabiliza de las omisiones, inexactitudes o falta de actualizaci\u00f3n de la informaci\u00f3n, ya sea por su culpa o por la de terceros asociados que faciliten la informaci\u00f3n. <\/p>\n<p>Toda la informaci\u00f3n facilitada en el sitio web https:\/\/www.matrelec.com\/ se proporciona a t\u00edtulo orientativo y est\u00e1 sujeta a cambios. Adem\u00e1s, la informaci\u00f3n del sitio web https:\/\/www.matrelec.com\/ no es exhaustiva. Est\u00e1 sujeta a cambios desde su puesta en l\u00ednea.  <\/p>\n<div> <\/div>\n<div>\n<h2><strong>LIMITACIONES CONTRACTUALES DE LOS DATOS T\u00c9CNICOS<\/strong><\/h2>\n<\/div>\n<p>El sitio utiliza tecnolog\u00eda JavaScript.<\/p>\n<p>El sitio web no se hace responsable de ning\u00fan da\u00f1o material relacionado con el uso del sitio. Adem\u00e1s, los usuarios del sitio se comprometen a acceder a \u00e9l utilizando equipos recientes, libres de virus y con un navegador actualizado de \u00faltima generaci\u00f3n. <\/p>\n<div> <\/div>\n<div>\n<h2><strong>PROPIEDAD INTELECTUAL Y FALSIFICACI\u00d3N<\/strong><\/h2>\n<\/div>\n<p><strong>MATRELEC<\/strong> es propietaria de los derechos de propiedad intelectual o titular de los derechos de uso sobre todos los elementos accesibles en el sitio, en particular los textos, im\u00e1genes, gr\u00e1ficos, logotipos, iconos, sonidos y software.<\/p>\n<p>Toda reproducci\u00f3n, representaci\u00f3n, modificaci\u00f3n, publicaci\u00f3n, adaptaci\u00f3n de la totalidad o parte de los elementos del sitio, cualesquiera que sean los medios o procedimientos utilizados, est\u00e1 prohibida, salvo autorizaci\u00f3n previa por escrito de <strong>MATRELEC<\/strong>.<\/p>\n<p>Cualquier uso no autorizado del sitio o de cualquiera de los elementos que contiene se considerar\u00e1 constitutivo de infracci\u00f3n y ser\u00e1 perseguido de conformidad con las disposiciones de los art\u00edculos L.335-2 y siguientes del C\u00f3digo franc\u00e9s de la Propiedad Intelectual.<\/p>\n<div>\n<div>\n<div> <\/div>\n<\/div>\n<\/div>\n<div>\n<h2><strong>LIMITACIONES DE RESPONSABILIDAD<\/strong><\/h2>\n<\/div>\n<p><strong>MATRELEC<\/strong> no podr\u00e1 ser considerada responsable de los da\u00f1os directos o indirectos causados al equipo del usuario al acceder al sitio https:\/\/www.matrelec.com\/, que resulten bien de la utilizaci\u00f3n de un equipo que no responda a las especificaciones indicadas en el punto 4, bien de la aparici\u00f3n de un error o de una incompatibilidad.<\/p>\n<p><strong>MATRELEC<\/strong> no se hace responsable de los da\u00f1os indirectos (como la p\u00e9rdida de negocio o la p\u00e9rdida de oportunidades) derivados del uso del sitio web https:\/\/www.matrelec.com\/.<\/p>\n<p>Los usuarios tienen a su disposici\u00f3n \u00e1reas interactivas (posibilidad de hacer preguntas en el \u00e1rea de contacto). <strong>MATRELEC<\/strong> se reserva el derecho a eliminar, sin previo aviso, cualquier contenido publicado en esta \u00e1rea que contravenga la legislaci\u00f3n aplicable en Francia, en particular las disposiciones relativas a la protecci\u00f3n de datos. En su caso, <strong>MATRELEC<\/strong> tambi\u00e9n se reserva el derecho de exigir responsabilidades civiles y\/o penales al usuario, especialmente en caso de mensajes de car\u00e1cter racista, insultante, difamatorio o pornogr\u00e1fico, sea cual sea el medio utilizado (texto, fotograf\u00edas, etc.). <\/p>\n<div> <\/div>\n<div>\n<h2><strong>GESTI\u00d3N DE DATOS PERSONALES<\/strong><\/h2>\n<\/div>\n<p>En Francia, los datos personales est\u00e1n protegidos por la ley n\u00ba 78-87 de 6 de enero de 1978, la ley n\u00ba 2004-801 de 6 de agosto de 2004, el art\u00edculo L. 226-13 del C\u00f3digo Penal, la Directiva Europea de 24 de octubre de 1995 y el Reglamento General de Protecci\u00f3n de Datos.<\/p>\n<p>Al utilizar el sitio web https:\/\/www.matrelec.com\/, se puede recopilar la siguiente informaci\u00f3n: la URL de los enlaces a trav\u00e9s de los cuales el usuario accedi\u00f3 al sitio web https:\/\/www.matrelec.com\/, el proveedor de acceso del usuario, la direcci\u00f3n del Protocolo de Internet (IP) del usuario.<\/p>\n<p>En cualquier caso, <strong>MATRELEC <\/strong>s\u00f3lo recoge informaci\u00f3n personal relativa al usuario a efectos de determinados servicios ofrecidos por el sitio web https:\/\/www.matrelec.com\/. Los usuarios facilitan esta informaci\u00f3n con pleno conocimiento de causa, en particular cuando ellos mismos la introducen. A continuaci\u00f3n, se informa a los usuarios del sitio web https:\/\/www.matrelec.com\/ de si est\u00e1n obligados o no a facilitar esta informaci\u00f3n. <\/p>\n<p>De conformidad con las disposiciones de los art\u00edculos 38 y siguientes de la Ley 78-17 de 6 de enero de 1978 relativa a la inform\u00e1tica, a los ficheros y a las libertades, todo usuario dispone de un derecho de acceso, de rectificaci\u00f3n y de oposici\u00f3n a los datos de car\u00e1cter personal que le conciernan, enviando una solicitud escrita y firmada, acompa\u00f1ada de una copia del documento de identidad con la firma del portador del documento, precisando la direcci\u00f3n a la que debe enviarse la respuesta.<\/p>\n<p>Ninguna informaci\u00f3n personal del usuario del sitio https:\/\/www.matrelec.com\/ es publicada sin su conocimiento, intercambiada, transferida, cedida o vendida por ning\u00fan medio a terceros. \u00danicamente la asunci\u00f3n de la recompra de <strong>MATRELEC<\/strong> y sus derechos permitir\u00eda la transmisi\u00f3n de dicha informaci\u00f3n al posible comprador, quien a su vez estar\u00eda sujeto a la misma obligaci\u00f3n de conservaci\u00f3n y modificaci\u00f3n de los datos con respecto al usuario del sitio https:\/\/www.matrelec.com\/. <\/p>\n<p>El sitio no est\u00e1 registrado en la CNIL, ya que no recoge informaci\u00f3n personal.<\/p>\n<p>Las bases de datos est\u00e1n protegidas por las disposiciones de la Ley de 1 de julio de 1998 que transpone la Directiva 96\/9 de 11 de marzo de 1996 sobre la protecci\u00f3n jur\u00eddica de las bases de datos.<\/p>\n<div>\n<div>\n<div> <\/div>\n<\/div>\n<\/div>\n<div>\n<h2><strong>ENLACES DE HIPERTEXTO Y COOKIES<\/strong><\/h2>\n<\/div>\n<p>El sitio https:\/\/www.matrelec.com\/ contiene una serie de enlaces de hipertexto a otros sitios, establecidos con la autorizaci\u00f3n de <strong>MATRELEC<\/strong>. Sin embargo, <strong>MATRELEC<\/strong> no puede controlar el contenido de los sitios visitados de este modo y, por consiguiente, no asume ninguna responsabilidad al respecto. <\/p>\n<p>La navegaci\u00f3n por el sitio web https:\/\/www.matrelec.com\/ puede provocar la instalaci\u00f3n de cookies en el ordenador del usuario. Una cookie es un peque\u00f1o archivo que no permite identificar al usuario, pero que registra informaci\u00f3n relativa a la navegaci\u00f3n de un ordenador en un sitio. Los datos obtenidos de este modo est\u00e1n destinados a facilitar la navegaci\u00f3n posterior por el sitio y tambi\u00e9n se utilizan para medir el n\u00famero de visitantes.  <\/p>\n<p>Rechazar la instalaci\u00f3n de una cookie puede imposibilitar el acceso a determinados servicios. Sin embargo, los usuarios pueden configurar su ordenador de la siguiente manera para rechazar la instalaci\u00f3n de cookies: <\/p>\n<ul>\n<li>En Internet Explorer: pesta\u00f1a Herramientas (icono en forma de rueda arriba a la derecha) \/ Opciones de Internet. Haz clic en Confidencialidad y elige Bloquear todas las cookies. Confirma con Ok.  <\/li>\n<li>Firefox: en la parte superior de la ventana del navegador, haz clic en el bot\u00f3n Firefox y, a continuaci\u00f3n, ve a la pesta\u00f1a Opciones. Haz clic en la pesta\u00f1a Privacidad. Establece las Reglas de retenci\u00f3n en: utilizar una configuraci\u00f3n personalizada para el historial. Por \u00faltimo, desmarca para desactivar las cookies.   <\/li>\n<li>En Safari: haz clic en el icono del men\u00fa (simbolizado por una rueda dentada) situado en la parte superior derecha del navegador. Selecciona Ajustes. Haz clic en Mostrar ajustes avanzados. En la secci\u00f3n \u00abConfidencialidad\u00bb, haz clic en Configuraci\u00f3n de contenido. En la secci\u00f3n \u00abCookies\u00bb, puedes bloquear las cookies.    <\/li>\n<li>En Chrome: haz clic en el icono de men\u00fa (simbolizado por tres l\u00edneas horizontales) situado en la esquina superior derecha del navegador. Selecciona Configuraci\u00f3n. Haz clic en Mostrar configuraci\u00f3n avanzada. En la secci\u00f3n \u00abConfidencialidad\u00bb, haz clic en Preferencias. En la pesta\u00f1a \u00abConfidencialidad\u00bb, puedes bloquear las cookies.    <\/li>\n<\/ul>\n<div>\n<div>\n<div> <\/div>\n<\/div>\n<\/div>\n<div>\n<h2><strong>LEGISLACI\u00d3N Y JURISDICCI\u00d3N APLICABLES<\/strong><\/h2>\n<\/div>\n<p>Cualquier litigio relacionado con el uso del sitio web https:\/\/www.matrelec.com\/ est\u00e1 sujeto a la legislaci\u00f3n francesa. Los tribunales competentes de Par\u00eds tienen jurisdicci\u00f3n exclusiva. <\/p>\n<div> <\/div>\n<div>\n<h2><strong>LAS PRINCIPALES LEYES AFECTADAS<\/strong><\/h2>\n<\/div>\n<p>Ley n\u00ba 78-87 de 6 de enero de 1978, modificada por la Ley n\u00ba 2004-801 de 6 de agosto de 2004 relativa a la inform\u00e1tica, los ficheros y las libertades.<\/p>\n<p>Ley n\u00ba 2004-575 de 21 de junio de 2004 sobre la confianza en la econom\u00eda digital.<\/p>\n<p>Secciones 2, 3, 4 y 5 del Cap\u00edtulo 3 del Reglamento General de Protecci\u00f3n de Datos.<\/p>\n<div>\n<div>\n<div> <\/div>\n<\/div>\n<\/div>\n<div>\n<h2><strong>LEXICON<\/strong><\/h2>\n<\/div>\n<p>Usuario: Usuario de Internet que se conecta y utiliza el sitio mencionado.<\/p>\n<p>Informaci\u00f3n personal: \u00abinformaci\u00f3n que permite, en cualquier forma, directa o indirectamente, la identificaci\u00f3n de las personas f\u00edsicas a las que se aplica\u00bb (art\u00edculo 4 de la ley n\u00ba 78-17 de 6 de enero de 1978).<\/p>\n<\/div>\n<\/div>\t\t\t\t\t\t\t\t<\/div>\n\t\t\t\t<\/div>\n\t\t\t\t\t<\/div>\n\t\t\t\t<\/div>\n\t\t\t\t<\/div>\n\t\t","protected":false},"excerpt":{"rendered":"<p>Informaci\u00f3n legal PRESENTACI\u00d3N DEL SITIO De conformidad con el art\u00edculo 6 de la Ley n\u00ba 2004-575, de 21 de junio de 2004, sobre la confianza en la econom\u00eda digital, y en aplicaci\u00f3n del Reglamento general de protecci\u00f3n de datos [Reglamento (UE) 2016\/679], se informa a los usuarios del sitio web https:\/\/www.matrelec.com\/ de la identidad de [&hellip;]<\/p>\n","protected":false},"author":1,"featured_media":0,"parent":0,"menu_order":0,"comment_status":"closed","ping_status":"closed","template":"","meta":{"_acf_changed":false,"footnotes":""},"class_list":["post-33301","page","type-page","status-publish","hentry"],"acf":[],"_links":{"self":[{"href":"https:\/\/www.matrelec.com\/es\/wp-json\/wp\/v2\/pages\/33301","targetHints":{"allow":["GET"]}}],"collection":[{"href":"https:\/\/www.matrelec.com\/es\/wp-json\/wp\/v2\/pages"}],"about":[{"href":"https:\/\/www.matrelec.com\/es\/wp-json\/wp\/v2\/types\/page"}],"author":[{"embeddable":true,"href":"https:\/\/www.matrelec.com\/es\/wp-json\/wp\/v2\/users\/1"}],"replies":[{"embeddable":true,"href":"https:\/\/www.matrelec.com\/es\/wp-json\/wp\/v2\/comments?post=33301"}],"version-history":[{"count":0,"href":"https:\/\/www.matrelec.com\/es\/wp-json\/wp\/v2\/pages\/33301\/revisions"}],"wp:attachment":[{"href":"https:\/\/www.matrelec.com\/es\/wp-json\/wp\/v2\/media?parent=33301"}],"curies":[{"name":"wp","href":"https:\/\/api.w.org\/{rel}","templated":true}]}}