{"id":33662,"date":"2024-10-30T11:43:09","date_gmt":"2024-10-30T09:43:09","guid":{"rendered":"https:\/\/www.matrelec.com\/prensas-termicas\/"},"modified":"2026-04-24T17:05:50","modified_gmt":"2026-04-24T15:05:50","slug":"prensas-termicas","status":"publish","type":"page","link":"https:\/\/www.matrelec.com\/es\/prensas-termicas\/","title":{"rendered":"Prensas t\u00e9rmicas"},"content":{"rendered":"\t\t<div data-elementor-type=\"wp-page\" data-elementor-id=\"33662\" class=\"elementor elementor-33662 elementor-31611\" data-elementor-post-type=\"page\">\n\t\t\t\t<div class=\"elementor-element elementor-element-f5d8421 e-flex e-con-boxed e-con e-parent\" data-id=\"f5d8421\" data-element_type=\"container\">\n\t\t\t\t\t<div class=\"e-con-inner\">\n\t\t\t\t<div class=\"elementor-element elementor-element-a091d71 elementor-invisible elementor-widget elementor-widget-heading\" data-id=\"a091d71\" data-element_type=\"widget\" data-settings=\"{&quot;_animation&quot;:&quot;fadeInUp&quot;}\" data-widget_type=\"heading.default\">\n\t\t\t\t<div class=\"elementor-widget-container\">\n\t\t\t\t\t<h1 class=\"elementor-heading-title elementor-size-default\">Soldadura t\u00e9rmica de pl\u00e1sticos<\/h1>\t\t\t\t<\/div>\n\t\t\t\t<\/div>\n\t\t\t\t\t<\/div>\n\t\t\t\t<\/div>\n\t\t<div class=\"elementor-element elementor-element-163d02a e-flex e-con-boxed e-con e-parent\" data-id=\"163d02a\" data-element_type=\"container\">\n\t\t\t\t\t<div class=\"e-con-inner\">\n\t\t<div class=\"elementor-element elementor-element-9e7f73c e-con-full e-flex e-con e-child\" data-id=\"9e7f73c\" data-element_type=\"container\">\n\t\t\t\t<\/div>\n\t\t<div class=\"elementor-element elementor-element-d4331ab e-con-full e-flex e-con e-child\" data-id=\"d4331ab\" data-element_type=\"container\">\n\t\t\t\t<div class=\"elementor-element elementor-element-da97513 elementor-widget elementor-widget-image\" data-id=\"da97513\" data-element_type=\"widget\" data-widget_type=\"image.default\">\n\t\t\t\t<div class=\"elementor-widget-container\">\n\t\t\t\t\t\t\t\t\t\t\t\t\t\t\t<img fetchpriority=\"high\" decoding=\"async\" width=\"800\" height=\"500\" src=\"https:\/\/www.matrelec.com\/wp-content\/uploads\/2024\/10\/presse-termique.png\" class=\"attachment-large size-large wp-image-33664\" alt=\"\" srcset=\"https:\/\/www.matrelec.com\/wp-content\/uploads\/2024\/10\/presse-termique.png 800w, https:\/\/www.matrelec.com\/wp-content\/uploads\/2024\/10\/presse-termique-300x188.png 300w, https:\/\/www.matrelec.com\/wp-content\/uploads\/2024\/10\/presse-termique-768x480.png 768w\" sizes=\"(max-width: 800px) 100vw, 800px\" \/>\t\t\t\t\t\t\t\t\t\t\t\t\t\t\t<\/div>\n\t\t\t\t<\/div>\n\t\t\t\t<\/div>\n\t\t<div class=\"elementor-element elementor-element-0819c05 e-con-full e-flex e-con e-child\" data-id=\"0819c05\" data-element_type=\"container\">\n\t\t\t\t<\/div>\n\t\t\t\t\t<\/div>\n\t\t\t\t<\/div>\n\t\t<div class=\"elementor-element elementor-element-7af8c61 e-flex e-con-boxed e-con e-parent\" data-id=\"7af8c61\" data-element_type=\"container\">\n\t\t\t\t\t<div class=\"e-con-inner\">\n\t\t\t\t<div class=\"elementor-element elementor-element-6e4f8ce elementor-invisible elementor-widget elementor-widget-text-editor\" data-id=\"6e4f8ce\" data-element_type=\"widget\" data-settings=\"{&quot;_animation&quot;:&quot;fadeInUp&quot;}\" data-widget_type=\"text-editor.default\">\n\t\t\t\t<div class=\"elementor-widget-container\">\n\t\t\t\t\t\t\t\t\t<h2>Soldadura t\u00e9rmica tipo \u00abplaca de presi\u00f3n<\/h2><p>Adem\u00e1s de nuestra gama de m\u00e1quinas de alta frecuencia, todas nuestras m\u00e1quinas de mesa giratoria y mesa de transferencia est\u00e1n equipadas con tecnolog\u00eda de soldadura t\u00e9rmica \u00abPress Plate\u00bb, una soluci\u00f3n ideal para aplicaciones industriales que requieren soldaduras grandes, robustas y uniformes en materiales que no podr\u00edan procesarse con alta frecuencia o como complemento de la alta frecuencia para materiales r\u00edgidos, por ejemplo. Este proceso utiliza una placa calefactora en contacto directo con el material, lo que permite realizar soldaduras a temperaturas de hasta 200\u00b0C. <\/p><p>Las termosoldadoras que ofrecemos est\u00e1n equipadas con cilindros neum\u00e1ticos para empujes de 1,8 a 3 toneladas que garantizan la resistencia de la soldadura. El \u00e1rea de soldadura puede ser de hasta 900&#215;1500 mm para soldar productos grandes en una sola operaci\u00f3n. <\/p><p>Entre las ventajas de la soldadura t\u00e9rmica est\u00e1n los altos \u00edndices de producci\u00f3n, la facilidad de uso y la versatilidad en comparaci\u00f3n con otras tecnolog\u00edas. El bajo coste de las herramientas y el f\u00e1cil mantenimiento de las m\u00e1quinas son tambi\u00e9n dos ventajas de esta tecnolog\u00eda. <\/p>\t\t\t\t\t\t\t\t<\/div>\n\t\t\t\t<\/div>\n\t\t\t\t\t<\/div>\n\t\t\t\t<\/div>\n\t\t\t\t<\/div>\n\t\t","protected":false},"excerpt":{"rendered":"<p>Soldadura t\u00e9rmica de pl\u00e1sticos Soldadura t\u00e9rmica tipo \u00abplaca de presi\u00f3n Adem\u00e1s de nuestra gama de m\u00e1quinas de alta frecuencia, todas nuestras m\u00e1quinas de mesa giratoria y mesa de transferencia est\u00e1n equipadas con tecnolog\u00eda de soldadura t\u00e9rmica \u00abPress Plate\u00bb, una soluci\u00f3n ideal para aplicaciones industriales que requieren soldaduras grandes, robustas y uniformes en materiales que no [&hellip;]<\/p>\n","protected":false},"author":1,"featured_media":0,"parent":0,"menu_order":0,"comment_status":"closed","ping_status":"closed","template":"","meta":{"_acf_changed":false,"footnotes":""},"class_list":["post-33662","page","type-page","status-publish","hentry"],"acf":[],"_links":{"self":[{"href":"https:\/\/www.matrelec.com\/es\/wp-json\/wp\/v2\/pages\/33662","targetHints":{"allow":["GET"]}}],"collection":[{"href":"https:\/\/www.matrelec.com\/es\/wp-json\/wp\/v2\/pages"}],"about":[{"href":"https:\/\/www.matrelec.com\/es\/wp-json\/wp\/v2\/types\/page"}],"author":[{"embeddable":true,"href":"https:\/\/www.matrelec.com\/es\/wp-json\/wp\/v2\/users\/1"}],"replies":[{"embeddable":true,"href":"https:\/\/www.matrelec.com\/es\/wp-json\/wp\/v2\/comments?post=33662"}],"version-history":[{"count":4,"href":"https:\/\/www.matrelec.com\/es\/wp-json\/wp\/v2\/pages\/33662\/revisions"}],"predecessor-version":[{"id":39146,"href":"https:\/\/www.matrelec.com\/es\/wp-json\/wp\/v2\/pages\/33662\/revisions\/39146"}],"wp:attachment":[{"href":"https:\/\/www.matrelec.com\/es\/wp-json\/wp\/v2\/media?parent=33662"}],"curies":[{"name":"wp","href":"https:\/\/api.w.org\/{rel}","templated":true}]}}