{"id":33663,"date":"2024-09-17T08:32:07","date_gmt":"2024-09-17T06:32:07","guid":{"rendered":"https:\/\/www.matrelec.com\/soldadura-de-tejidos\/"},"modified":"2026-01-30T18:02:49","modified_gmt":"2026-01-30T16:02:49","slug":"soldadura-de-tejidos","status":"publish","type":"page","link":"https:\/\/www.matrelec.com\/es\/soldadura-de-tejidos\/","title":{"rendered":"Soldadura de tejidos"},"content":{"rendered":"\t\t<div data-elementor-type=\"wp-page\" data-elementor-id=\"33663\" class=\"elementor elementor-33663 elementor-31484\" data-elementor-post-type=\"page\">\n\t\t\t\t<div class=\"elementor-element elementor-element-690e593 e-flex e-con-boxed e-con e-parent\" data-id=\"690e593\" data-element_type=\"container\">\n\t\t\t\t\t<div class=\"e-con-inner\">\n\t\t\t\t<div class=\"elementor-element elementor-element-7dc85c8 elementor-invisible elementor-widget elementor-widget-heading\" data-id=\"7dc85c8\" data-element_type=\"widget\" data-settings=\"{&quot;_animation&quot;:&quot;fadeInUp&quot;}\" data-widget_type=\"heading.default\">\n\t\t\t\t<div class=\"elementor-widget-container\">\n\t\t\t\t\t<h1 class=\"elementor-heading-title elementor-size-default\">Soldadura de tejidos<\/h1>\t\t\t\t<\/div>\n\t\t\t\t<\/div>\n\t\t\t\t\t<\/div>\n\t\t\t\t<\/div>\n\t\t<div class=\"elementor-element elementor-element-824269a e-flex e-con-boxed e-con e-parent\" data-id=\"824269a\" data-element_type=\"container\" data-settings=\"{&quot;background_background&quot;:&quot;classic&quot;}\">\n\t\t\t\t\t<div class=\"e-con-inner\">\n\t\t\t\t<div class=\"elementor-element elementor-element-518fce4 elementor-invisible elementor-widget elementor-widget-heading\" data-id=\"518fce4\" data-element_type=\"widget\" data-settings=\"{&quot;_animation&quot;:&quot;fadeInUp&quot;}\" data-widget_type=\"heading.default\">\n\t\t\t\t<div class=\"elementor-widget-container\">\n\t\t\t\t\t<h2 class=\"elementor-heading-title elementor-size-default\">Preguntas frecuentes sobre la soldadura de tejidos<\/h2>\t\t\t\t<\/div>\n\t\t\t\t<\/div>\n\t\t\t\t<div class=\"elementor-element elementor-element-ab7c0d4 elementor-invisible elementor-widget elementor-widget-text-editor\" data-id=\"ab7c0d4\" data-element_type=\"widget\" data-settings=\"{&quot;_animation&quot;:&quot;fadeInUp&quot;}\" data-widget_type=\"text-editor.default\">\n\t\t\t\t<div class=\"elementor-widget-container\">\n\t\t\t\t\t\t\t\t\t<p>Aut\u00e9ntica alternativa a la costura de tejidos sint\u00e9ticos, la soldadura de tejidos permite realizar costuras sin puntadas ni marcas de montaje, y se caracteriza por su resistencia, estanqueidad y alto nivel de calidad.<\/p><p>Sin embargo, la soldadura textil no s\u00f3lo afecta a las fibras sint\u00e9ticas, ya que los tejidos de fibras naturales pueden ensamblarse del mismo modo tras una operaci\u00f3n previa de recubrimiento para darles las caracter\u00edsticas necesarias para la soldadura.<\/p>\t\t\t\t\t\t\t\t<\/div>\n\t\t\t\t<\/div>\n\t\t\t\t<div class=\"elementor-element elementor-element-5e6fb5a elementor-invisible elementor-widget elementor-widget-heading\" data-id=\"5e6fb5a\" data-element_type=\"widget\" data-settings=\"{&quot;_animation&quot;:&quot;fadeInUp&quot;}\" data-widget_type=\"heading.default\">\n\t\t\t\t<div class=\"elementor-widget-container\">\n\t\t\t\t\t<h2 class=\"elementor-heading-title elementor-size-default\">\u00bfQu\u00e9 tecnolog\u00edas se utilizan para la soldadura textil?\n<\/h2>\t\t\t\t<\/div>\n\t\t\t\t<\/div>\n\t\t\t\t<div class=\"elementor-element elementor-element-c817b08 elementor-invisible elementor-widget elementor-widget-text-editor\" data-id=\"c817b08\" data-element_type=\"widget\" data-settings=\"{&quot;_animation&quot;:&quot;fadeInUp&quot;}\" data-widget_type=\"text-editor.default\">\n\t\t\t\t<div class=\"elementor-widget-container\">\n\t\t\t\t\t\t\t\t\t<p>Bas\u00e1ndose en el ensamblaje de tejidos de fibras sint\u00e9ticas o en el ensamblaje de tejidos compuestos tanto de fibras naturales como sint\u00e9ticas, la soldadura textil puede realizarse mediante tecnolog\u00eda de ultrasonidos o de alta frecuencia.<\/p><p><span style=\"color: var( --e-global-color-text ); text-align: var(--text-align); background-color: var( --e-global-color-0d23d34 );\">La soldadura por ultrasonidos es una t\u00e9cnica de ensamblaje r\u00e1pido que consiste en hacer vibrar las tiras de tejido que se van a unir a una frecuencia de entre 20 y 70 kHz. El calor resultante funde las fibras termopl\u00e1sticas, haciendo que los elementos de tejido se suelden entre s\u00ed. La soldadura textil por ultrasonidos permite unir piezas de tejido fabricadas con una mezcla de fibras sint\u00e9ticas y naturales con un acabado muy limpio.  <\/span><\/p><p><span style=\"color: var( --e-global-color-text ); text-align: var(--text-align); background-color: var( --e-global-color-0d23d34 );\">La soldadura textil de alta frecuencia (soldadura RF o HF) se basa en la generaci\u00f3n de un campo electromagn\u00e9tico de alta frecuencia que tiene un efecto diel\u00e9ctrico sobre los materiales. La agitaci\u00f3n de las mol\u00e9culas en las fibras sint\u00e9ticas y en los revestimientos termopl\u00e1sticos de las fibras naturales garantiza que los tejidos se suelden entre s\u00ed para producir ensamblajes muy resistentes con un alto nivel de acabado. <\/span><\/p>\t\t\t\t\t\t\t\t<\/div>\n\t\t\t\t<\/div>\n\t\t\t\t<div class=\"elementor-element elementor-element-e9f51af elementor-invisible elementor-widget elementor-widget-heading\" data-id=\"e9f51af\" data-element_type=\"widget\" data-settings=\"{&quot;_animation&quot;:&quot;fadeInUp&quot;}\" data-widget_type=\"heading.default\">\n\t\t\t\t<div class=\"elementor-widget-container\">\n\t\t\t\t\t<h2 class=\"elementor-heading-title elementor-size-default\">\u00bfQu\u00e9 fibras textiles se pueden recubrir para soldar?\n<\/h2>\t\t\t\t<\/div>\n\t\t\t\t<\/div>\n\t\t\t\t<div class=\"elementor-element elementor-element-7af1e33 elementor-invisible elementor-widget elementor-widget-text-editor\" data-id=\"7af1e33\" data-element_type=\"widget\" data-settings=\"{&quot;_animation&quot;:&quot;fadeInUp&quot;}\" data-widget_type=\"text-editor.default\">\n\t\t\t\t<div class=\"elementor-widget-container\">\n\t\t\t\t\t\t\t\t\t<p>El recubrimiento es una t\u00e9cnica utilizada para modificar las caracter\u00edsticas t\u00e9cnicas de un textil o tejido, ya sea de fibras naturales (algod\u00f3n, lino, lana, etc.), artificiales (viscosa, lyocell, etc.) o sint\u00e9ticas (poliamida, poli\u00e9ster, acr\u00edlico, etc.). Mientras que los tejidos recubiertos son de una sola capa y se someten a un tratamiento para modificar su superficie en un compuesto de recubrimiento uniforme, los tejidos recubiertos est\u00e1n formados por al menos dos capas de material: la capa de tejido y la capa de recubrimiento polim\u00e9rico. Los soportes textiles m\u00e1s representativos de esta t\u00e9cnica son los <strong>tejidos recubiertos de PVC<\/strong>, <strong>los tejidos recubiertos de PU<\/strong> (poliuretano), <strong>los tejidos recubiertos de PVC<\/strong>, etc.  <\/p>\n<p>Le&nbsp;<span style=\"font-weight: bold;\">El revestimiento textil de poliuretano<\/span> se caracteriza por su estanqueidad y baja manchabilidad. Protege contra los productos qu\u00edmicos y no conduce la electricidad. En general, todos los sustratos textiles tejidos contienen una elevada proporci\u00f3n de fibras sint\u00e9ticas y pueden revestirse para soldar:  <\/p>\n<ul>\n<li>poliamida<\/li>\n<li>nylon<\/li>\n<li>poli\u00e9ster<\/li>\n<li>acr\u00edlico o poliacrilonitrilo<\/li>\n<li>polietileno<\/li>\n<li>polipropileno<\/li>\n<li>politetrafluoroetileno<\/li>\n<li>elastano&#8230;<\/li>\n<\/ul>\n<p>Los textiles no tejidos y determinadas fibras naturales (algod\u00f3n, lana, seda, etc.) tambi\u00e9n pueden recubrirse y soldarse. Los materiales textiles con un 40% de fibras naturales, los tejidos, los tejidos el\u00e1sticos y los tejidos de punto tambi\u00e9n pueden soldarse. <\/p>\t\t\t\t\t\t\t\t<\/div>\n\t\t\t\t<\/div>\n\t\t\t\t<div class=\"elementor-element elementor-element-9a8f3e8 elementor-invisible elementor-widget elementor-widget-image\" data-id=\"9a8f3e8\" data-element_type=\"widget\" data-settings=\"{&quot;_animation&quot;:&quot;fadeInUp&quot;}\" data-widget_type=\"image.default\">\n\t\t\t\t<div class=\"elementor-widget-container\">\n\t\t\t\t\t\t\t\t\t\t\t\t\t\t\t<img fetchpriority=\"high\" decoding=\"async\" width=\"265\" height=\"265\" src=\"https:\/\/www.matrelec.com\/wp-content\/uploads\/2024\/09\/le-labo4.jpg\" class=\"attachment-large size-large wp-image-33665\" alt=\"\" srcset=\"https:\/\/www.matrelec.com\/wp-content\/uploads\/2024\/09\/le-labo4.jpg 265w, https:\/\/www.matrelec.com\/wp-content\/uploads\/2024\/09\/le-labo4-150x150.jpg 150w\" sizes=\"(max-width: 265px) 100vw, 265px\" \/>\t\t\t\t\t\t\t\t\t\t\t\t\t\t\t<\/div>\n\t\t\t\t<\/div>\n\t\t\t\t<div class=\"elementor-element elementor-element-66390b7 elementor-invisible elementor-widget elementor-widget-heading\" data-id=\"66390b7\" data-element_type=\"widget\" data-settings=\"{&quot;_animation&quot;:&quot;fadeInUp&quot;}\" data-widget_type=\"heading.default\">\n\t\t\t\t<div class=\"elementor-widget-container\">\n\t\t\t\t\t<h2 class=\"elementor-heading-title elementor-size-default\">\u00bfQu\u00e9 materiales se utilizan para recubrir los tejidos?\n<\/h2>\t\t\t\t<\/div>\n\t\t\t\t<\/div>\n\t\t\t\t<div class=\"elementor-element elementor-element-13b9277 elementor-invisible elementor-widget elementor-widget-text-editor\" data-id=\"13b9277\" data-element_type=\"widget\" data-settings=\"{&quot;_animation&quot;:&quot;fadeInUp&quot;}\" data-widget_type=\"text-editor.default\">\n\t\t\t\t<div class=\"elementor-widget-container\">\n\t\t\t\t\t\t\t\t\t<p>La producci\u00f3n de tejidos recubiertos var\u00eda seg\u00fan los pol\u00edmeros utilizados, el tipo de recubrimiento elegido y los m\u00e9todos de procesamiento. Los materiales utilizados para recubrir tejidos se componen de resinas y aditivos. Las resinas de recubrimiento consisten en un pol\u00edmero o una mezcla de pol\u00edmero y aditivo a base de :  <\/p><ul><li>poliuretanos,<\/li><li>acrilatos o \u00e1cidos poliacr\u00edlicos,<\/li><li>l\u00e1tex o caucho natural,<\/li><li>cloruro de polivinilo (PVC),<\/li><li>elast\u00f3meros de silicona&#8230;<\/li><\/ul><p> <\/p><p>Los aditivos son agentes suavizantes, hidr\u00f3fobos o conservantes y pueden representar hasta el 80% de la composici\u00f3n de una resina de recubrimiento.<\/p><p><span style=\"color: var( --e-global-color-text ); text-align: var(--text-align); background-color: var( --e-global-color-0d23d34 );\">Los sustratos textiles cuya estructura inicial se modifica incluyen :<\/span><\/p><ul><li><span style=\"font-weight: bold;\">Tejido recubierto de PVC<\/span> utilizado para puertas enrollables, revestimientos de suelos o trajes impermeables&#8230;<\/li><li><span style=\"font-weight: bold;\">Tejidos recubiertos de poliuretano<\/span> para fabricar ropa impermeable, fundas de colch\u00f3n o colchones de hospital&#8230;<\/li><li><span style=\"font-weight: bold;\">Tejidos recubiertos de PU<\/span> para fabricar fundas de colch\u00f3n, fundas de camilla de masaje, fundas de camilla de tratamiento, etc.<\/li><\/ul>\t\t\t\t\t\t\t\t<\/div>\n\t\t\t\t<\/div>\n\t\t\t\t<div class=\"elementor-element elementor-element-b9b94bb elementor-invisible elementor-widget elementor-widget-heading\" data-id=\"b9b94bb\" data-element_type=\"widget\" data-settings=\"{&quot;_animation&quot;:&quot;fadeInUp&quot;}\" data-widget_type=\"heading.default\">\n\t\t\t\t<div class=\"elementor-widget-container\">\n\t\t\t\t\t<h2 class=\"elementor-heading-title elementor-size-default\">\u00bfQu\u00e9 m\u00e1quinas se utilizan para la soldadura textil?\n<\/h2>\t\t\t\t<\/div>\n\t\t\t\t<\/div>\n\t\t\t\t<div class=\"elementor-element elementor-element-ab072fe elementor-invisible elementor-widget elementor-widget-text-editor\" data-id=\"ab072fe\" data-element_type=\"widget\" data-settings=\"{&quot;_animation&quot;:&quot;fadeInUp&quot;}\" data-widget_type=\"text-editor.default\">\n\t\t\t\t<div class=\"elementor-widget-container\">\n\t\t\t\t\t\t\t\t\t<p>Seg\u00fan el tipo de soldadura textil que haya que realizar, Matrelec dispone de varias familias de prensas de soldadura de alta frecuencia para responder a necesidades muy diferentes.<\/p><p><span style=\"color: var( --e-global-color-text ); text-align: var(--text-align); background-color: var( --e-global-color-0d23d34 );\">Para soldaduras cortas y peque\u00f1as series de producci\u00f3n, las prensas de cuello de cisne como la CCM30 son las m\u00e1s adecuadas. Estas prensas de soldadura de alta frecuencia son f\u00e1ciles de usar y satisfacen una amplia gama de necesidades. Recomendadas para productos de acabado, est\u00e1n disponibles en 4 niveles de potencia.  <\/span><\/p><p><span style=\"color: var( --e-global-color-text ); text-align: var(--text-align); background-color: var( --e-global-color-0d23d34 );\">Las prensas de soldadura de cuello de cisne de alta frecuencia de tipo C se utilizan para soldar productos textiles revestidos grandes y voluminosos. Estas prensas pueden soldar tejidos de hasta 800 mm de longitud.<\/span><\/p><p><span style=\"color: var( --e-global-color-text ); text-align: var(--text-align); background-color: var( --e-global-color-0d23d34 );\">Las prensas de alta frecuencia de cuello de cisne pueden utilizarse para soldar productos textiles muy voluminosos con un paso de 1500 mm por detr\u00e1s del cabezal de soldadura. Estas prensas de alta frecuencia tipo ECP pueden utilizarse para realizar soldaduras largas de hasta 1200 mm. <\/span><\/p>\t\t\t\t\t\t\t\t<\/div>\n\t\t\t\t<\/div>\n\t\t\t\t<div class=\"elementor-element elementor-element-a8399e8 elementor-align-center elementor-widget elementor-widget-button\" data-id=\"a8399e8\" data-element_type=\"widget\" data-widget_type=\"button.default\">\n\t\t\t\t<div class=\"elementor-widget-container\">\n\t\t\t\t\t\t\t\t\t<div class=\"elementor-button-wrapper\">\n\t\t\t\t\t<a class=\"elementor-button elementor-button-link elementor-size-sm\" href=\"https:\/\/shop.matrelec.com\/fr\/\" target=\"_blank\" rel=\"noopener noreferrer nofollow\">\n\t\t\t\t\t\t<span class=\"elementor-button-content-wrapper\">\n\t\t\t\t\t\t<span class=\"elementor-button-icon\">\n\t\t\t\t<svg aria-hidden=\"true\" class=\"e-font-icon-svg e-fas-chevron-right\" viewBox=\"0 0 320 512\" xmlns=\"http:\/\/www.w3.org\/2000\/svg\"><path d=\"M285.476 272.971L91.132 467.314c-9.373 9.373-24.569 9.373-33.941 0l-22.667-22.667c-9.357-9.357-9.375-24.522-.04-33.901L188.505 256 34.484 101.255c-9.335-9.379-9.317-24.544.04-33.901l22.667-22.667c9.373-9.373 24.569-9.373 33.941 0L285.475 239.03c9.373 9.372 9.373 24.568.001 33.941z\"><\/path><\/svg>\t\t\t<\/span>\n\t\t\t\t\t\t\t\t\t<span class=\"elementor-button-text\">Descubre nuestra tienda online<\/span>\n\t\t\t\t\t<\/span>\n\t\t\t\t\t<\/a>\n\t\t\t\t<\/div>\n\t\t\t\t\t\t\t\t<\/div>\n\t\t\t\t<\/div>\n\t\t\t\t\t<\/div>\n\t\t\t\t<\/div>\n\t\t\t\t<\/div>\n\t\t","protected":false},"excerpt":{"rendered":"<p>Preguntas frecuentes sobre la soldadura de tejidos Aut\u00e9ntica alternativa a la costura de tejidos sint\u00e9ticos, la soldadura de tejidos permite realizar costuras sin puntadas ni marcas de montaje, y se caracteriza por su resistencia, estanqueidad y alto nivel de calidad. Sin embargo, la soldadura textil no s\u00f3lo afecta a las fibras sint\u00e9ticas, ya que los [&hellip;]<\/p>\n","protected":false},"author":1,"featured_media":0,"parent":0,"menu_order":0,"comment_status":"closed","ping_status":"closed","template":"","meta":{"_acf_changed":false,"footnotes":""},"class_list":["post-33663","page","type-page","status-publish","hentry"],"acf":[],"_links":{"self":[{"href":"https:\/\/www.matrelec.com\/es\/wp-json\/wp\/v2\/pages\/33663","targetHints":{"allow":["GET"]}}],"collection":[{"href":"https:\/\/www.matrelec.com\/es\/wp-json\/wp\/v2\/pages"}],"about":[{"href":"https:\/\/www.matrelec.com\/es\/wp-json\/wp\/v2\/types\/page"}],"author":[{"embeddable":true,"href":"https:\/\/www.matrelec.com\/es\/wp-json\/wp\/v2\/users\/1"}],"replies":[{"embeddable":true,"href":"https:\/\/www.matrelec.com\/es\/wp-json\/wp\/v2\/comments?post=33663"}],"version-history":[{"count":4,"href":"https:\/\/www.matrelec.com\/es\/wp-json\/wp\/v2\/pages\/33663\/revisions"}],"predecessor-version":[{"id":38284,"href":"https:\/\/www.matrelec.com\/es\/wp-json\/wp\/v2\/pages\/33663\/revisions\/38284"}],"wp:attachment":[{"href":"https:\/\/www.matrelec.com\/es\/wp-json\/wp\/v2\/media?parent=33663"}],"curies":[{"name":"wp","href":"https:\/\/api.w.org\/{rel}","templated":true}]}}