{"id":33668,"date":"2024-10-30T11:41:27","date_gmt":"2024-10-30T09:41:27","guid":{"rendered":"https:\/\/www.matrelec.com\/prensas-de-impulso\/"},"modified":"2026-04-24T17:04:41","modified_gmt":"2026-04-24T15:04:41","slug":"prensas-de-impulso","status":"publish","type":"page","link":"https:\/\/www.matrelec.com\/es\/prensas-de-impulso\/","title":{"rendered":"Prensas de impulso"},"content":{"rendered":"\t\t<div data-elementor-type=\"wp-page\" data-elementor-id=\"33668\" class=\"elementor elementor-33668 elementor-31604\" data-elementor-post-type=\"page\">\n\t\t\t\t<div class=\"elementor-element elementor-element-f5d8421 e-flex e-con-boxed e-con e-parent\" data-id=\"f5d8421\" data-element_type=\"container\">\n\t\t\t\t\t<div class=\"e-con-inner\">\n\t\t\t\t<div class=\"elementor-element elementor-element-a091d71 elementor-invisible elementor-widget elementor-widget-heading\" data-id=\"a091d71\" data-element_type=\"widget\" data-settings=\"{&quot;_animation&quot;:&quot;fadeInUp&quot;}\" data-widget_type=\"heading.default\">\n\t\t\t\t<div class=\"elementor-widget-container\">\n\t\t\t\t\t<h1 class=\"elementor-heading-title elementor-size-default\">Soldadoras de impulsos<\/h1>\t\t\t\t<\/div>\n\t\t\t\t<\/div>\n\t\t\t\t\t<\/div>\n\t\t\t\t<\/div>\n\t\t<div class=\"elementor-element elementor-element-67fd7c1 e-flex e-con-boxed e-con e-parent\" data-id=\"67fd7c1\" data-element_type=\"container\">\n\t\t\t\t\t<div class=\"e-con-inner\">\n\t\t<div class=\"elementor-element elementor-element-4f11a33 e-con-full e-flex e-con e-child\" data-id=\"4f11a33\" data-element_type=\"container\">\n\t\t\t\t<div class=\"elementor-element elementor-element-0e86746 elementor-widget elementor-widget-image\" data-id=\"0e86746\" data-element_type=\"widget\" data-widget_type=\"image.default\">\n\t\t\t\t<div class=\"elementor-widget-container\">\n\t\t\t\t\t\t\t\t\t\t\t\t\t\t\t<img fetchpriority=\"high\" decoding=\"async\" width=\"800\" height=\"612\" src=\"https:\/\/www.matrelec.com\/wp-content\/uploads\/2024\/10\/Presse-de-soudure-impulsion-2200-mm-IP5V.png\" class=\"attachment-large size-large wp-image-33669\" alt=\"\" srcset=\"https:\/\/www.matrelec.com\/wp-content\/uploads\/2024\/10\/Presse-de-soudure-impulsion-2200-mm-IP5V.png 800w, https:\/\/www.matrelec.com\/wp-content\/uploads\/2024\/10\/Presse-de-soudure-impulsion-2200-mm-IP5V-300x230.png 300w, https:\/\/www.matrelec.com\/wp-content\/uploads\/2024\/10\/Presse-de-soudure-impulsion-2200-mm-IP5V-768x588.png 768w\" sizes=\"(max-width: 800px) 100vw, 800px\" \/>\t\t\t\t\t\t\t\t\t\t\t\t\t\t\t<\/div>\n\t\t\t\t<\/div>\n\t\t\t\t<\/div>\n\t\t<div class=\"elementor-element elementor-element-fffaa3a e-con-full e-flex e-con e-child\" data-id=\"fffaa3a\" data-element_type=\"container\">\n\t\t\t\t<div class=\"elementor-element elementor-element-138d429 elementor-widget elementor-widget-image\" data-id=\"138d429\" data-element_type=\"widget\" data-widget_type=\"image.default\">\n\t\t\t\t<div class=\"elementor-widget-container\">\n\t\t\t\t\t\t\t\t\t\t\t\t\t\t\t<img decoding=\"async\" width=\"800\" height=\"612\" src=\"https:\/\/www.matrelec.com\/wp-content\/uploads\/2024\/10\/ST01-presse-impulsion.png\" class=\"attachment-large size-large wp-image-33670\" alt=\"\" srcset=\"https:\/\/www.matrelec.com\/wp-content\/uploads\/2024\/10\/ST01-presse-impulsion.png 800w, https:\/\/www.matrelec.com\/wp-content\/uploads\/2024\/10\/ST01-presse-impulsion-300x230.png 300w, https:\/\/www.matrelec.com\/wp-content\/uploads\/2024\/10\/ST01-presse-impulsion-768x588.png 768w\" sizes=\"(max-width: 800px) 100vw, 800px\" \/>\t\t\t\t\t\t\t\t\t\t\t\t\t\t\t<\/div>\n\t\t\t\t<\/div>\n\t\t\t\t<\/div>\n\t\t\t\t\t<\/div>\n\t\t\t\t<\/div>\n\t\t<div class=\"elementor-element elementor-element-7af8c61 e-flex e-con-boxed e-con e-parent\" data-id=\"7af8c61\" data-element_type=\"container\">\n\t\t\t\t\t<div class=\"e-con-inner\">\n\t\t\t\t<div class=\"elementor-element elementor-element-6e4f8ce elementor-invisible elementor-widget elementor-widget-text-editor\" data-id=\"6e4f8ce\" data-element_type=\"widget\" data-settings=\"{&quot;_animation&quot;:&quot;fadeInUp&quot;}\" data-widget_type=\"text-editor.default\">\n\t\t\t\t<div class=\"elementor-widget-container\">\n\t\t\t\t\t\t\t\t\t<h2>Soldadura por impulsos<\/h2><p>Adem\u00e1s de nuestra gama de prensas de soldadura de alta frecuencia, tambi\u00e9n ofrecemos prensas de soldadura por impulsos, una tecnolog\u00eda t\u00e9rmica avanzada y precisa para sellar pl\u00e1sticos. Este proceso es especialmente adecuado para sectores de gran demanda (alimentaci\u00f3n, medicina, cosm\u00e9tica, automoci\u00f3n) y destaca en aplicaciones que requieren soldaduras sensibles en materiales finos, o para soldar materiales reciclados o monomateriales. <\/p><p>El sistema de soldadura por impulsos utiliza impulsos el\u00e9ctricos controlados para calentar en el momento preciso de la soldadura, minimizando la tensi\u00f3n t\u00e9rmica en los materiales. Esta tecnolog\u00eda permite altas velocidades, de hasta 120 ciclos por minuto, y reduce el riesgo de quemaduras y desgaste, para una mayor eficiencia energ\u00e9tica. Adem\u00e1s de esta soluci\u00f3n, que puede instalarse en todas nuestras m\u00e1quinas, ofrecemos una gama de m\u00e1quinas dedicadas exclusivamente a la soldadura por impulsos.  <\/p><p>Esta tecnolog\u00eda tambi\u00e9n permite gestionar la temperatura lo m\u00e1s cerca posible del material, actuando la herramienta como sensor de temperatura. Este proceso de soldadura ser\u00e1 eficaz en materiales finos y materiales que no puedan soldarse a alta frecuencia. <\/p>\t\t\t\t\t\t\t\t<\/div>\n\t\t\t\t<\/div>\n\t\t\t\t\t<\/div>\n\t\t\t\t<\/div>\n\t\t\t\t<\/div>\n\t\t","protected":false},"excerpt":{"rendered":"<p>Soldadoras de impulsos Soldadura por impulsos Adem\u00e1s de nuestra gama de prensas de soldadura de alta frecuencia, tambi\u00e9n ofrecemos prensas de soldadura por impulsos, una tecnolog\u00eda t\u00e9rmica avanzada y precisa para sellar pl\u00e1sticos. Este proceso es especialmente adecuado para sectores de gran demanda (alimentaci\u00f3n, medicina, cosm\u00e9tica, automoci\u00f3n) y destaca en aplicaciones que requieren soldaduras sensibles [&hellip;]<\/p>\n","protected":false},"author":1,"featured_media":0,"parent":0,"menu_order":0,"comment_status":"closed","ping_status":"closed","template":"","meta":{"_acf_changed":false,"footnotes":""},"class_list":["post-33668","page","type-page","status-publish","hentry"],"acf":[],"_links":{"self":[{"href":"https:\/\/www.matrelec.com\/es\/wp-json\/wp\/v2\/pages\/33668","targetHints":{"allow":["GET"]}}],"collection":[{"href":"https:\/\/www.matrelec.com\/es\/wp-json\/wp\/v2\/pages"}],"about":[{"href":"https:\/\/www.matrelec.com\/es\/wp-json\/wp\/v2\/types\/page"}],"author":[{"embeddable":true,"href":"https:\/\/www.matrelec.com\/es\/wp-json\/wp\/v2\/users\/1"}],"replies":[{"embeddable":true,"href":"https:\/\/www.matrelec.com\/es\/wp-json\/wp\/v2\/comments?post=33668"}],"version-history":[{"count":4,"href":"https:\/\/www.matrelec.com\/es\/wp-json\/wp\/v2\/pages\/33668\/revisions"}],"predecessor-version":[{"id":39137,"href":"https:\/\/www.matrelec.com\/es\/wp-json\/wp\/v2\/pages\/33668\/revisions\/39137"}],"wp:attachment":[{"href":"https:\/\/www.matrelec.com\/es\/wp-json\/wp\/v2\/media?parent=33668"}],"curies":[{"name":"wp","href":"https:\/\/api.w.org\/{rel}","templated":true}]}}