{"id":33673,"date":"2024-09-17T08:26:09","date_gmt":"2024-09-17T06:26:09","guid":{"rendered":"https:\/\/www.matrelec.com\/soldadura-ortesica\/"},"modified":"2026-01-30T18:02:39","modified_gmt":"2026-01-30T16:02:39","slug":"soldadura-ortesica","status":"publish","type":"page","link":"https:\/\/www.matrelec.com\/es\/soldadura-ortesica\/","title":{"rendered":"Soldadura ort\u00e9sica"},"content":{"rendered":"\t\t<div data-elementor-type=\"wp-page\" data-elementor-id=\"33673\" class=\"elementor elementor-33673 elementor-31478\" data-elementor-post-type=\"page\">\n\t\t\t\t<div class=\"elementor-element elementor-element-690e593 e-flex e-con-boxed e-con e-parent\" data-id=\"690e593\" data-element_type=\"container\">\n\t\t\t\t\t<div class=\"e-con-inner\">\n\t\t\t\t<div class=\"elementor-element elementor-element-7dc85c8 elementor-invisible elementor-widget elementor-widget-heading\" data-id=\"7dc85c8\" data-element_type=\"widget\" data-settings=\"{&quot;_animation&quot;:&quot;fadeInUp&quot;}\" data-widget_type=\"heading.default\">\n\t\t\t\t<div class=\"elementor-widget-container\">\n\t\t\t\t\t<h1 class=\"elementor-heading-title elementor-size-default\">Soldadura ort\u00e9sica<\/h1>\t\t\t\t<\/div>\n\t\t\t\t<\/div>\n\t\t\t\t\t<\/div>\n\t\t\t\t<\/div>\n\t\t<div class=\"elementor-element elementor-element-824269a e-flex e-con-boxed e-con e-parent\" data-id=\"824269a\" data-element_type=\"container\" data-settings=\"{&quot;background_background&quot;:&quot;classic&quot;}\">\n\t\t\t\t\t<div class=\"e-con-inner\">\n\t\t\t\t<div class=\"elementor-element elementor-element-518fce4 elementor-invisible elementor-widget elementor-widget-heading\" data-id=\"518fce4\" data-element_type=\"widget\" data-settings=\"{&quot;_animation&quot;:&quot;fadeInUp&quot;}\" data-widget_type=\"heading.default\">\n\t\t\t\t<div class=\"elementor-widget-container\">\n\t\t\t\t\t<h2 class=\"elementor-heading-title elementor-size-default\">Preguntas frecuentes sobre la soldadura ort\u00e9sica<\/h2>\t\t\t\t<\/div>\n\t\t\t\t<\/div>\n\t\t\t\t<div class=\"elementor-element elementor-element-ab7c0d4 elementor-invisible elementor-widget elementor-widget-text-editor\" data-id=\"ab7c0d4\" data-element_type=\"widget\" data-settings=\"{&quot;_animation&quot;:&quot;fadeInUp&quot;}\" data-widget_type=\"text-editor.default\">\n\t\t\t\t<div class=\"elementor-widget-container\">\n\t\t\t\t\t\t\t\t\tUna \u00f3rtesis es un dispositivo m\u00e9dico utilizado para compensar o remediar una funci\u00f3n articular, muscular o postural defectuosa o ausente. Las \u00f3rtesis se utilizan para corregir trastornos musculoesquel\u00e9ticos de los miembros inferiores, los miembros superiores, el tronco o el cuello, por prescripci\u00f3n de un cirujano ortop\u00e9dico o un m\u00e9dico generalista. Tras haberse fabricado durante mucho tiempo con madera, tela o yeso, estos dispositivos m\u00e9dicos de apoyo o compensaci\u00f3n se fabrican cada vez m\u00e1s con materiales termopl\u00e1sticos ensamblados mediante soldadura, como las \u00f3rtesis sin costuras.  \n\n\t\t\t\t\t\t\t\t<\/div>\n\t\t\t\t<\/div>\n\t\t\t\t<div class=\"elementor-element elementor-element-5e6fb5a elementor-invisible elementor-widget elementor-widget-heading\" data-id=\"5e6fb5a\" data-element_type=\"widget\" data-settings=\"{&quot;_animation&quot;:&quot;fadeInUp&quot;}\" data-widget_type=\"heading.default\">\n\t\t\t\t<div class=\"elementor-widget-container\">\n\t\t\t\t\t<h2 class=\"elementor-heading-title elementor-size-default\">\u00bfCu\u00e1les son los distintos tipos de \u00f3rtesis m\u00e9dicas?\n<\/h2>\t\t\t\t<\/div>\n\t\t\t\t<\/div>\n\t\t\t\t<div class=\"elementor-element elementor-element-c817b08 elementor-invisible elementor-widget elementor-widget-text-editor\" data-id=\"c817b08\" data-element_type=\"widget\" data-settings=\"{&quot;_animation&quot;:&quot;fadeInUp&quot;}\" data-widget_type=\"text-editor.default\">\n\t\t\t\t<div class=\"elementor-widget-container\">\n\t\t\t\t\t\t\t\t\t<p>Antepasados de las \u00f3rtesis, las f\u00e9rulas eran dispositivos de tratamiento utilizados desde tiempos inmemoriales para inmovilizar miembros lesionados o fracturados. M\u00e1s cerca de nosotros, los antiguos griegos ya utilizaban fajas lumbares para aliviar el dolor de espalda y acompa\u00f1ar ciertos esfuerzos f\u00edsicos. <\/p><p><span style=\"color: var( --e-global-color-text ); text-align: var(--text-align); background-color: var( --e-global-color-0d23d34 );\">Las \u00f3rtesis est\u00e1n dise\u00f1adas para aliviar trastornos musculoesquel\u00e9ticos, inmovilizar un miembro, mejorar la postura o compensar una deficiencia. Pueden clasificarse seg\u00fan su capacidad de acci\u00f3n:<\/span><\/p><ul><li><strong>Inmovilizaci\u00f3n en reposo en casos de necesidad m\u00e9dica o dolor intenso causado por la movilizaci\u00f3n de m\u00fasculos o nervios.<\/strong><\/li><li><strong>Movilizaci\u00f3n est\u00e1tica para mantener un miembro en una posici\u00f3n inusual con el fin de corregir o prevenir deformidades.<\/strong><\/li><li><strong>Movilizaci\u00f3n din\u00e1mica para colocar un miembro en una posici\u00f3n inusual, permiti\u00e9ndole realizar movimientos opuestos.<\/strong><\/li><li><strong>Restricci\u00f3n planar para limitar las desviaciones del eje articular, que pueden provocar una movilidad anormal y da\u00f1os colaterales.<\/strong><\/li><li><strong>Restricci\u00f3n de la movilidad para limitar o reducir los riesgos y problemas asociados a la hipermovilidad de las articulaciones.<\/strong><\/li><li><strong>Compresi\u00f3n para forzar la alineaci\u00f3n de los firoblastos que componen el tejido conjuntivo y limitar el engrosamiento de la cicatriz.<\/strong><\/li><li><strong>Funcionalidad que facilita la movilizaci\u00f3n de una articulaci\u00f3n discal bloqueando el movimiento de una articulaci\u00f3n proximal.<\/strong><\/li><\/ul><p> <\/p><p>Estos productos sanitarios tambi\u00e9n se clasifican por campo de aplicaci\u00f3n:<\/p><ul><li><strong>ortesis de tronco.<\/strong><\/li><li><strong>cors\u00e9s,<\/strong><\/li><li><strong>cinturones lumbares.<\/strong><\/li><li><strong>ortesis cervicales,<\/strong><\/li><li><strong>Ortesis para miembros superiores (dedos, mano, mu\u00f1eca, codo, hombro),<\/strong><\/li><li><strong>Ortesis para miembros inferiores (rodillas, tobillos),<\/strong><\/li><li><strong>Ortesis p\u00e9lvico-crural y crural-pedal,<\/strong><\/li><li><strong>calzado ortop\u00e9dico.<\/strong><\/li><\/ul>\t\t\t\t\t\t\t\t<\/div>\n\t\t\t\t<\/div>\n\t\t\t\t<div class=\"elementor-element elementor-element-e9f51af elementor-invisible elementor-widget elementor-widget-heading\" data-id=\"e9f51af\" data-element_type=\"widget\" data-settings=\"{&quot;_animation&quot;:&quot;fadeInUp&quot;}\" data-widget_type=\"heading.default\">\n\t\t\t\t<div class=\"elementor-widget-container\">\n\t\t\t\t\t<h2 class=\"elementor-heading-title elementor-size-default\">\u00bfQu\u00e9 es una \u00f3rtesis sin costuras?\n<\/h2>\t\t\t\t<\/div>\n\t\t\t\t<\/div>\n\t\t\t\t<div class=\"elementor-element elementor-element-7af1e33 elementor-invisible elementor-widget elementor-widget-text-editor\" data-id=\"7af1e33\" data-element_type=\"widget\" data-settings=\"{&quot;_animation&quot;:&quot;fadeInUp&quot;}\" data-widget_type=\"text-editor.default\">\n\t\t\t\t<div class=\"elementor-widget-container\">\n\t\t\t\t\t\t\t\t\t<p>Las ortesis antiguas sol\u00edan tener un problema recurrente de abultamiento en la zona de montaje, ya fuera por costura, pegado o soldadura. Este abultamiento era a menudo una fuente de irritaci\u00f3n para el usuario de la \u00f3rtesis y tambi\u00e9n pod\u00eda provocar hematomas o inflamaci\u00f3n. <\/p><p><span style=\"color: var( --e-global-color-text ); text-align: var(--text-align); background-color: var( --e-global-color-0d23d34 );\">En el caso de las plantillas ortop\u00e9dicas de escayola, esto no es un problema porque, despu\u00e9s de humedecerlas, las tiras se colocan directamente unas junto a otras para que se consoliden por secado.<\/span><\/p><p><span style=\"color: var( --e-global-color-text ); text-align: var(--text-align); background-color: var( --e-global-color-0d23d34 );\">Las \u00f3rtesis fabricadas con textiles m\u00e9dicos pueden ser de punto en 2D o 3D, o tejidas con fibras sint\u00e9ticas con propiedades el\u00e1sticas. Esto permite fabricar \u00f3rtesis sin costuras y, por tanto, sin riesgo de magulladuras. <\/span><\/p><p><span style=\"color: var( --e-global-color-text ); text-align: var(--text-align); background-color: var( --e-global-color-0d23d34 );\">Las \u00f3rtesis soldadas se fabrican con materiales termopl\u00e1sticos ensamblados mediante tecnolog\u00eda de alta frecuencia y ultrasonidos. El uso de m\u00e1quinas de soldadura permite soldar las \u00f3rtesis m\u00e9dicas con uniones lisas, regulares y sin relieves. <\/span><\/p>\t\t\t\t\t\t\t\t<\/div>\n\t\t\t\t<\/div>\n\t\t\t\t<div class=\"elementor-element elementor-element-1573ff8 elementor-invisible elementor-widget elementor-widget-image\" data-id=\"1573ff8\" data-element_type=\"widget\" data-settings=\"{&quot;_animation&quot;:&quot;fadeInUp&quot;}\" data-widget_type=\"image.default\">\n\t\t\t\t<div class=\"elementor-widget-container\">\n\t\t\t\t\t\t\t\t\t\t\t\t\t\t\t<img fetchpriority=\"high\" decoding=\"async\" width=\"265\" height=\"265\" src=\"https:\/\/www.matrelec.com\/wp-content\/uploads\/2024\/09\/le-labo1.jpg\" class=\"attachment-medium size-medium wp-image-33674\" alt=\"\" srcset=\"https:\/\/www.matrelec.com\/wp-content\/uploads\/2024\/09\/le-labo1.jpg 265w, https:\/\/www.matrelec.com\/wp-content\/uploads\/2024\/09\/le-labo1-150x150.jpg 150w\" sizes=\"(max-width: 265px) 100vw, 265px\" \/>\t\t\t\t\t\t\t\t\t\t\t\t\t\t\t<\/div>\n\t\t\t\t<\/div>\n\t\t\t\t<div class=\"elementor-element elementor-element-66390b7 elementor-invisible elementor-widget elementor-widget-heading\" data-id=\"66390b7\" data-element_type=\"widget\" data-settings=\"{&quot;_animation&quot;:&quot;fadeInUp&quot;}\" data-widget_type=\"heading.default\">\n\t\t\t\t<div class=\"elementor-widget-container\">\n\t\t\t\t\t<h2 class=\"elementor-heading-title elementor-size-default\">\u00bfQu\u00e9 tipos de m\u00e1quinas se utilizan para soldar \u00f3rtesis?\n<\/h2>\t\t\t\t<\/div>\n\t\t\t\t<\/div>\n\t\t\t\t<div class=\"elementor-element elementor-element-13b9277 elementor-invisible elementor-widget elementor-widget-text-editor\" data-id=\"13b9277\" data-element_type=\"widget\" data-settings=\"{&quot;_animation&quot;:&quot;fadeInUp&quot;}\" data-widget_type=\"text-editor.default\">\n\t\t\t\t<div class=\"elementor-widget-container\">\n\t\t\t\t\t\t\t\t\t<p>Seg\u00fan el tipo de \u00f3rtesis y el m\u00e9todo de montaje utilizado, los productos sanitarios pueden soldarse de distintas formas.<\/p><p><span style=\"color: var( --e-global-color-text ); text-align: var(--text-align); background-color: var( --e-global-color-0d23d34 );\">Los tirantes ajustables y los componentes de los tirantes pueden fabricarse industrialmente por moldeo y luego ensamblarse mediante prensas de soldadura de alta frecuencia o ultras\u00f3nica.<\/span><\/p><p><span style=\"color: var( --e-global-color-text ); text-align: var(--text-align); background-color: var( --e-global-color-0d23d34 );\">Las m\u00e1quinas de soldadura ortop\u00e9dica no pueden utilizarse para fabricar dispositivos m\u00e9dicos a medida, ya que \u00e9stos son ajustados, montados o configurados directamente por ortoprot\u00e9sicos. S\u00f3lo las plantillas ortop\u00e9dicas pueden fabricarse \u00edntegramente en la consulta del ortoprot\u00e9sico, utilizando una termoformadora espec\u00edfica para fabricar plantillas a medida. <\/span><\/p>\t\t\t\t\t\t\t\t<\/div>\n\t\t\t\t<\/div>\n\t\t\t\t<div class=\"elementor-element elementor-element-b9b94bb elementor-invisible elementor-widget elementor-widget-heading\" data-id=\"b9b94bb\" data-element_type=\"widget\" data-settings=\"{&quot;_animation&quot;:&quot;fadeInUp&quot;}\" data-widget_type=\"heading.default\">\n\t\t\t\t<div class=\"elementor-widget-container\">\n\t\t\t\t\t<h2 class=\"elementor-heading-title elementor-size-default\">\u00bfQu\u00e9 tipos de \u00f3rtesis son termoformables?\n<\/h2>\t\t\t\t<\/div>\n\t\t\t\t<\/div>\n\t\t\t\t<div class=\"elementor-element elementor-element-ab072fe elementor-invisible elementor-widget elementor-widget-text-editor\" data-id=\"ab072fe\" data-element_type=\"widget\" data-settings=\"{&quot;_animation&quot;:&quot;fadeInUp&quot;}\" data-widget_type=\"text-editor.default\">\n\t\t\t\t<div class=\"elementor-widget-container\">\n\t\t\t\t\t\t\t\t\t<p>Las \u00f3rtesis termoformables se fabrican con materiales pl\u00e1sticos termofusibles, que se deforman al calentarse y adoptan la forma necesaria para corregir trastornos musculoesquel\u00e9ticos o problemas posturales.<\/p><p><span style=\"color: var( --e-global-color-text ); text-align: var(--text-align); background-color: var( --e-global-color-0d23d34 );\">Las \u00f3rtesis termoformables se fabrican en la consulta del ortopeda o en el dispensario del farmac\u00e9utico ortop\u00e9dico. El dispositivo de soporte, compresi\u00f3n o inmovilizaci\u00f3n a medida se fabrica calentando una l\u00e1mina de material termopl\u00e1stico.  <\/span><\/p><p><span style=\"color: var( --e-global-color-text ); text-align: var(--text-align); background-color: var( --e-global-color-0d23d34 );\">Las \u00f3rtesis termoformables pueden utilizarse para satisfacer las siguientes necesidades:<\/span><\/p><ul><li><strong><span style=\"color: var( --e-global-color-text ); text-align: var(--text-align); background-color: var( --e-global-color-0d23d34 );\">Bloqueo articular tras un accidente o una enfermedad,<\/span><\/strong><\/li><li><strong>Inmovilizaci\u00f3n parcial de un miembro debido a una tendinitis,<\/strong><\/li><li><strong>inmovilizaci\u00f3n total de un miembro tras una fractura,<\/strong><\/li><li><strong>indemnizaci\u00f3n por hundimiento del arco<\/strong><\/li><li><strong>&#8230;<\/strong><\/li><\/ul>\t\t\t\t\t\t\t\t<\/div>\n\t\t\t\t<\/div>\n\t\t\t\t<div class=\"elementor-element elementor-element-e0d81a2 elementor-align-center elementor-widget elementor-widget-button\" data-id=\"e0d81a2\" data-element_type=\"widget\" data-widget_type=\"button.default\">\n\t\t\t\t<div class=\"elementor-widget-container\">\n\t\t\t\t\t\t\t\t\t<div class=\"elementor-button-wrapper\">\n\t\t\t\t\t<a class=\"elementor-button elementor-button-link elementor-size-sm\" href=\"https:\/\/shop.matrelec.com\/fr\/\" target=\"_blank\" rel=\"noopener noreferrer nofollow\">\n\t\t\t\t\t\t<span class=\"elementor-button-content-wrapper\">\n\t\t\t\t\t\t<span class=\"elementor-button-icon\">\n\t\t\t\t<svg aria-hidden=\"true\" class=\"e-font-icon-svg e-fas-chevron-right\" viewBox=\"0 0 320 512\" xmlns=\"http:\/\/www.w3.org\/2000\/svg\"><path d=\"M285.476 272.971L91.132 467.314c-9.373 9.373-24.569 9.373-33.941 0l-22.667-22.667c-9.357-9.357-9.375-24.522-.04-33.901L188.505 256 34.484 101.255c-9.335-9.379-9.317-24.544.04-33.901l22.667-22.667c9.373-9.373 24.569-9.373 33.941 0L285.475 239.03c9.373 9.372 9.373 24.568.001 33.941z\"><\/path><\/svg>\t\t\t<\/span>\n\t\t\t\t\t\t\t\t\t<span class=\"elementor-button-text\">Descubre nuestra tienda online<\/span>\n\t\t\t\t\t<\/span>\n\t\t\t\t\t<\/a>\n\t\t\t\t<\/div>\n\t\t\t\t\t\t\t\t<\/div>\n\t\t\t\t<\/div>\n\t\t\t\t\t<\/div>\n\t\t\t\t<\/div>\n\t\t\t\t<\/div>\n\t\t","protected":false},"excerpt":{"rendered":"<p>Preguntas frecuentes sobre la soldadura ort\u00e9sica Una \u00f3rtesis es un dispositivo m\u00e9dico utilizado para compensar o remediar una funci\u00f3n articular, muscular o postural defectuosa o ausente. Las \u00f3rtesis se utilizan para corregir trastornos musculoesquel\u00e9ticos de los miembros inferiores, los miembros superiores, el tronco o el cuello, por prescripci\u00f3n de un cirujano ortop\u00e9dico o un m\u00e9dico [&hellip;]<\/p>\n","protected":false},"author":1,"featured_media":0,"parent":0,"menu_order":0,"comment_status":"closed","ping_status":"closed","template":"","meta":{"_acf_changed":false,"footnotes":""},"class_list":["post-33673","page","type-page","status-publish","hentry"],"acf":[],"_links":{"self":[{"href":"https:\/\/www.matrelec.com\/es\/wp-json\/wp\/v2\/pages\/33673","targetHints":{"allow":["GET"]}}],"collection":[{"href":"https:\/\/www.matrelec.com\/es\/wp-json\/wp\/v2\/pages"}],"about":[{"href":"https:\/\/www.matrelec.com\/es\/wp-json\/wp\/v2\/types\/page"}],"author":[{"embeddable":true,"href":"https:\/\/www.matrelec.com\/es\/wp-json\/wp\/v2\/users\/1"}],"replies":[{"embeddable":true,"href":"https:\/\/www.matrelec.com\/es\/wp-json\/wp\/v2\/comments?post=33673"}],"version-history":[{"count":4,"href":"https:\/\/www.matrelec.com\/es\/wp-json\/wp\/v2\/pages\/33673\/revisions"}],"predecessor-version":[{"id":38275,"href":"https:\/\/www.matrelec.com\/es\/wp-json\/wp\/v2\/pages\/33673\/revisions\/38275"}],"wp:attachment":[{"href":"https:\/\/www.matrelec.com\/es\/wp-json\/wp\/v2\/media?parent=33673"}],"curies":[{"name":"wp","href":"https:\/\/api.w.org\/{rel}","templated":true}]}}