{"id":33677,"date":"2024-09-25T11:49:08","date_gmt":"2024-09-25T09:49:08","guid":{"rendered":"https:\/\/www.matrelec.com\/soldadura\/"},"modified":"2025-03-17T15:58:55","modified_gmt":"2025-03-17T13:58:55","slug":"soldadura","status":"publish","type":"page","link":"https:\/\/www.matrelec.com\/es\/soldadura\/","title":{"rendered":"Soldadura"},"content":{"rendered":"\t\t<div data-elementor-type=\"wp-page\" data-elementor-id=\"33677\" class=\"elementor elementor-33677 elementor-31576\" data-elementor-post-type=\"page\">\n\t\t\t\t<div class=\"elementor-element elementor-element-f5d8421 e-flex e-con-boxed e-con e-parent\" data-id=\"f5d8421\" data-element_type=\"container\">\n\t\t\t\t\t<div class=\"e-con-inner\">\n\t\t\t\t<div class=\"elementor-element elementor-element-a091d71 elementor-invisible elementor-widget elementor-widget-heading\" data-id=\"a091d71\" data-element_type=\"widget\" data-settings=\"{&quot;_animation&quot;:&quot;fadeInUp&quot;}\" data-widget_type=\"heading.default\">\n\t\t\t\t<div class=\"elementor-widget-container\">\n\t\t\t\t\t<h1 class=\"elementor-heading-title elementor-size-default\">T\u00e9cnicas de soldadura de pl\u00e1sticos<\/h1>\t\t\t\t<\/div>\n\t\t\t\t<\/div>\n\t\t\t\t\t<\/div>\n\t\t\t\t<\/div>\n\t\t<div class=\"elementor-element elementor-element-7af8c61 e-flex e-con-boxed e-con e-parent\" data-id=\"7af8c61\" data-element_type=\"container\">\n\t\t\t\t\t<div class=\"e-con-inner\">\n\t\t\t\t<div class=\"elementor-element elementor-element-6e4f8ce elementor-invisible elementor-widget elementor-widget-text-editor\" data-id=\"6e4f8ce\" data-element_type=\"widget\" data-settings=\"{&quot;_animation&quot;:&quot;fadeInUp&quot;}\" data-widget_type=\"text-editor.default\">\n\t\t\t\t<div class=\"elementor-widget-container\">\n\t\t\t\t\t\t\t\t\t<p>Matrelec est\u00e1 especializada en la fabricaci\u00f3n <span style=\"font-weight: 400;\">de <strong>soldadoras de alta frecuencia, por impulsos y t\u00e9rmicas<\/strong>.<\/span><\/p>\n<h2>Impulso<\/h2>\n<p>La soldadura por impulsos es un proceso de soldadura t\u00e9rmica que consiste en calentar una hoja fina aplicando breves impulsos de calor directamente en las zonas de soldadura.<\/p>\n<p>Este proceso es similar a la soldadura de alta frecuencia, con ciclos de soldadura y enfriamiento, ya que la hoja sube y baja de temperatura muy r\u00e1pidamente.<\/p>\n<p>El proceso ser\u00e1 eficaz en materiales finos en comparaci\u00f3n con la soldadura HF, pero requerir\u00e1 mucha potencia para grandes anchuras y productos gruesos.<\/p>\n<p>Por \u00faltimo, las herramientas conformadas son mucho m\u00e1s complejas y caras que las de alta frecuencia.<\/p>\n<h2>Aire caliente \/ plancha caliente<\/h2>\n<p>La principal ventaja de estas m\u00e1quinas es el coste, en comparaci\u00f3n con las m\u00e1quinas de alta frecuencia, sin comprometer la velocidad de producci\u00f3n. Sin embargo, transfieren el calor del exterior al interior del material, lo que dificulta la soldadura de materiales m\u00e1s gruesos. A diferencia de la HF, la soldadura t\u00e9rmica sobrecalienta las superficies exteriores y debilita la soldadura.  <\/p>\n<p>Al igual que con los ultras\u00f3nicos, poder trabajar con una rueda facilita la manipulaci\u00f3n de formas variadas.<\/p>\n<p>Comparada con esta tecnolog\u00eda, la soldadura HF produce soldaduras m\u00e1s fuertes y uniformes, gracias a un proceso m\u00e1s controlado. La soldadura por aire caliente carece de precisi\u00f3n, por lo que requiere un mayor control de la herramienta y una inspecci\u00f3n visual constante. Adem\u00e1s, a diferencia de la HF, no permite regular la temperatura del electrodo, con el consiguiente riesgo de irregularidades o desviaciones de la soldadura.  <\/p>\n<p>Esta t\u00e9cnica requiere m\u00e1s experiencia y suele llevar m\u00e1s tiempo que la AF.<\/p>\n<p>La soldadura HF permite volver a realizar una soldadura en el mismo lugar, garantizando un sellado contra el aire, el agua y las bacterias, imposible con aire caliente o una plancha caliente.<\/p>\n<p>Por \u00faltimo, a diferencia del proceso HF, estas herramientas emiten muchos m\u00e1s gases nocivos, que provocan riesgos para la salud, y tambi\u00e9n consumen m\u00e1s energ\u00eda, por lo que, en \u00faltima instancia, son m\u00e1s caras.<\/p>\n<h2>Ecograf\u00eda<\/h2>\n<p>La soldadura ultras\u00f3nica de pl\u00e1sticos se basa en el uso de ondas sonoras de alta frecuencia para generar calor localmente, fundiendo as\u00ed las superficies a soldar. La ventaja de esta tecnolog\u00eda es que puede utilizarse para soldar o cortar pr\u00e1cticamente todos los pl\u00e1sticos, aunque ser\u00e1 m\u00e1s dif\u00edcil soldar materiales m\u00e1s gruesos o trabajar con PVC. <\/p>\n<p>Otro factor importante es el utillaje, que es m\u00e1s complejo y caro que la soldadura de alta frecuencia, aunque la posibilidad de trabajar con un disco de corte continuo facilita el procesamiento de diferentes formas, en detrimento de la calidad de la soldadura.<\/p>\n<h2>Encolado<\/h2>\n<p>Otro m\u00e9todo, a\u00fan m\u00e1s econ\u00f3mico, es pegar los materiales pl\u00e1sticos. La soldadura por alta frecuencia ahorra mucho tiempo y crea uniones mucho m\u00e1s resistentes, evitando el riesgo de que las costuras soldadas se rompan en el hinchable y mejorando tambi\u00e9n la estanqueidad. Adem\u00e1s, el pegado requiere un tiempo considerable de preparaci\u00f3n de los materiales y el uso de adhesivos que contienen disolventes potencialmente nocivos para la salud y el medio ambiente. <\/p>\n\t\t\t\t\t\t\t\t<\/div>\n\t\t\t\t<\/div>\n\t\t\t\t\t<\/div>\n\t\t\t\t<\/div>\n\t\t\t\t<\/div>\n\t\t","protected":false},"excerpt":{"rendered":"<p>T\u00e9cnicas de soldadura de pl\u00e1sticos Matrelec est\u00e1 especializada en la fabricaci\u00f3n de soldadoras de alta frecuencia, por impulsos y t\u00e9rmicas. Impulso La soldadura por impulsos es un proceso de soldadura t\u00e9rmica que consiste en calentar una hoja fina aplicando breves impulsos de calor directamente en las zonas de soldadura. Este proceso es similar a la [&hellip;]<\/p>\n","protected":false},"author":1,"featured_media":0,"parent":0,"menu_order":0,"comment_status":"closed","ping_status":"closed","template":"","meta":{"_acf_changed":false,"footnotes":""},"class_list":["post-33677","page","type-page","status-publish","hentry"],"acf":[],"_links":{"self":[{"href":"https:\/\/www.matrelec.com\/es\/wp-json\/wp\/v2\/pages\/33677","targetHints":{"allow":["GET"]}}],"collection":[{"href":"https:\/\/www.matrelec.com\/es\/wp-json\/wp\/v2\/pages"}],"about":[{"href":"https:\/\/www.matrelec.com\/es\/wp-json\/wp\/v2\/types\/page"}],"author":[{"embeddable":true,"href":"https:\/\/www.matrelec.com\/es\/wp-json\/wp\/v2\/users\/1"}],"replies":[{"embeddable":true,"href":"https:\/\/www.matrelec.com\/es\/wp-json\/wp\/v2\/comments?post=33677"}],"version-history":[{"count":0,"href":"https:\/\/www.matrelec.com\/es\/wp-json\/wp\/v2\/pages\/33677\/revisions"}],"wp:attachment":[{"href":"https:\/\/www.matrelec.com\/es\/wp-json\/wp\/v2\/media?parent=33677"}],"curies":[{"name":"wp","href":"https:\/\/api.w.org\/{rel}","templated":true}]}}