{"id":33679,"date":"2024-09-17T08:22:03","date_gmt":"2024-09-17T06:22:03","guid":{"rendered":"https:\/\/www.matrelec.com\/prensas-de-cuello-de-cisne\/"},"modified":"2026-01-30T18:02:21","modified_gmt":"2026-01-30T16:02:21","slug":"prensas-de-cuello-de-cisne","status":"publish","type":"page","link":"https:\/\/www.matrelec.com\/es\/prensas-de-cuello-de-cisne\/","title":{"rendered":"Prensas de cuello de cisne"},"content":{"rendered":"\t\t<div data-elementor-type=\"wp-page\" data-elementor-id=\"33679\" class=\"elementor elementor-33679 elementor-31473\" data-elementor-post-type=\"page\">\n\t\t\t\t<div class=\"elementor-element elementor-element-690e593 e-flex e-con-boxed e-con e-parent\" data-id=\"690e593\" data-element_type=\"container\">\n\t\t\t\t\t<div class=\"e-con-inner\">\n\t\t\t\t<div class=\"elementor-element elementor-element-7dc85c8 elementor-invisible elementor-widget elementor-widget-heading\" data-id=\"7dc85c8\" data-element_type=\"widget\" data-settings=\"{&quot;_animation&quot;:&quot;fadeInUp&quot;}\" data-widget_type=\"heading.default\">\n\t\t\t\t<div class=\"elementor-widget-container\">\n\t\t\t\t\t<h1 class=\"elementor-heading-title elementor-size-default\">Prensas de cuello de cisne<\/h1>\t\t\t\t<\/div>\n\t\t\t\t<\/div>\n\t\t\t\t\t<\/div>\n\t\t\t\t<\/div>\n\t\t<div class=\"elementor-element elementor-element-824269a e-flex e-con-boxed e-con e-parent\" data-id=\"824269a\" data-element_type=\"container\" data-settings=\"{&quot;background_background&quot;:&quot;classic&quot;}\">\n\t\t\t\t\t<div class=\"e-con-inner\">\n\t\t\t\t<div class=\"elementor-element elementor-element-518fce4 elementor-invisible elementor-widget elementor-widget-heading\" data-id=\"518fce4\" data-element_type=\"widget\" data-settings=\"{&quot;_animation&quot;:&quot;fadeInUp&quot;}\" data-widget_type=\"heading.default\">\n\t\t\t\t<div class=\"elementor-widget-container\">\n\t\t\t\t\t<h2 class=\"elementor-heading-title elementor-size-default\">Preguntas frecuentes sobre las prensas de cuello de cisne\n<\/h2>\t\t\t\t<\/div>\n\t\t\t\t<\/div>\n\t\t\t\t<div class=\"elementor-element elementor-element-ab7c0d4 elementor-invisible elementor-widget elementor-widget-text-editor\" data-id=\"ab7c0d4\" data-element_type=\"widget\" data-settings=\"{&quot;_animation&quot;:&quot;fadeInUp&quot;}\" data-widget_type=\"text-editor.default\">\n\t\t\t\t<div class=\"elementor-widget-container\">\n\t\t\t\t\t\t\t\t\t<p>La expresi\u00f3n \u00abcuello de cisne\u00bb describe una forma curva que se parece m\u00e1s o menos al cuello del ave del mismo nombre. Este t\u00e9rmino procede del sector de la ingenier\u00eda mec\u00e1nica y designa la forma de una pieza. Este tipo de dise\u00f1o se utiliza principalmente en los campos de la arquitectura (en herrajes, etc.), la construcci\u00f3n (en tuber\u00edas, accesorios, etc.), el transporte especial (para camiones y remolques cisterna, etc.) y la maquinaria industrial (m\u00e1quinas herramienta, prensas, etc.). <\/p><p><span style=\"color: var( --e-global-color-text ); text-align: var(--text-align); background-color: var( --e-global-color-0d23d34 );\">En este sector, es necesario dise\u00f1ar un gran n\u00famero de m\u00e1quinas para responder a limitaciones espec\u00edficas de producci\u00f3n cuando hay que procesar piezas o componentes de gran tama\u00f1o. La gran altura libre de las m\u00e1quinas-herramienta y otras prensas de cuello de cisne permite realizar modificaciones, tratamientos o montajes en piezas de gran tama\u00f1o. <\/span><\/p>\t\t\t\t\t\t\t\t<\/div>\n\t\t\t\t<\/div>\n\t\t\t\t<div class=\"elementor-element elementor-element-5e6fb5a elementor-invisible elementor-widget elementor-widget-heading\" data-id=\"5e6fb5a\" data-element_type=\"widget\" data-settings=\"{&quot;_animation&quot;:&quot;fadeInUp&quot;}\" data-widget_type=\"heading.default\">\n\t\t\t\t<div class=\"elementor-widget-container\">\n\t\t\t\t\t<h2 class=\"elementor-heading-title elementor-size-default\">\u00bfQu\u00e9 es una prensa de soldar de cuello de cisne de alta frecuencia?\n<\/h2>\t\t\t\t<\/div>\n\t\t\t\t<\/div>\n\t\t\t\t<div class=\"elementor-element elementor-element-c817b08 elementor-invisible elementor-widget elementor-widget-text-editor\" data-id=\"c817b08\" data-element_type=\"widget\" data-settings=\"{&quot;_animation&quot;:&quot;fadeInUp&quot;}\" data-widget_type=\"text-editor.default\">\n\t\t\t\t<div class=\"elementor-widget-container\">\n\t\t\t\t\t\t\t\t\t<p>Una prensa de soldadura de alta frecuencia es una m\u00e1quina de ensamblaje de termopl\u00e1sticos que utiliza tecnolog\u00eda de alta frecuencia. Al transformar una corriente el\u00e9ctrica en un campo electromagn\u00e9tico, se agitan las mol\u00e9culas de los bordes de las piezas a soldar, creando una soldadura muy regular y fuerte. <\/p><p><span style=\"color: var( --e-global-color-text ); text-align: var(--text-align); background-color: var( --e-global-color-0d23d34 );\">El cuello de cisne se refiere a la forma de la prensa, que se ha dise\u00f1ado para cumplir unas limitaciones espec\u00edficas en cuanto al espacio disponible dentro de la m\u00e1quina, lo que se conoce como espacio libre o de paso. Esto permite el paso de objetos voluminosos, lonas anchas o piezas grandes durante la fase de montaje mediante tecnolog\u00eda de soldadura de alta frecuencia. <\/span><\/p>\t\t\t\t\t\t\t\t<\/div>\n\t\t\t\t<\/div>\n\t\t\t\t<div class=\"elementor-element elementor-element-f38fb09 elementor-invisible elementor-widget elementor-widget-image\" data-id=\"f38fb09\" data-element_type=\"widget\" data-settings=\"{&quot;_animation&quot;:&quot;fadeInUp&quot;}\" data-widget_type=\"image.default\">\n\t\t\t\t<div class=\"elementor-widget-container\">\n\t\t\t\t\t\t\t\t\t\t\t\t\t\t\t<img fetchpriority=\"high\" decoding=\"async\" width=\"300\" height=\"300\" src=\"https:\/\/www.matrelec.com\/wp-content\/uploads\/2024\/09\/img-CCM30-300x300.png\" class=\"attachment-medium size-medium wp-image-33704\" alt=\"Presse de soudure HF \u00e0 col de cygne 420 mm sans patin de masse\" srcset=\"https:\/\/www.matrelec.com\/wp-content\/uploads\/2024\/09\/img-CCM30-300x300.png 300w, https:\/\/www.matrelec.com\/wp-content\/uploads\/2024\/09\/img-CCM30-150x150.png 150w, https:\/\/www.matrelec.com\/wp-content\/uploads\/2024\/09\/img-CCM30.png 467w\" sizes=\"(max-width: 300px) 100vw, 300px\" \/>\t\t\t\t\t\t\t\t\t\t\t\t\t\t\t<\/div>\n\t\t\t\t<\/div>\n\t\t\t\t<div class=\"elementor-element elementor-element-e9f51af elementor-invisible elementor-widget elementor-widget-heading\" data-id=\"e9f51af\" data-element_type=\"widget\" data-settings=\"{&quot;_animation&quot;:&quot;fadeInUp&quot;}\" data-widget_type=\"heading.default\">\n\t\t\t\t<div class=\"elementor-widget-container\">\n\t\t\t\t\t<h2 class=\"elementor-heading-title elementor-size-default\">\u00bfLas prensas de soldar HF son las \u00fanicas con cuello de cisne?\n<\/h2>\t\t\t\t<\/div>\n\t\t\t\t<\/div>\n\t\t\t\t<div class=\"elementor-element elementor-element-7af1e33 elementor-invisible elementor-widget elementor-widget-text-editor\" data-id=\"7af1e33\" data-element_type=\"widget\" data-settings=\"{&quot;_animation&quot;:&quot;fadeInUp&quot;}\" data-widget_type=\"text-editor.default\">\n\t\t\t\t<div class=\"elementor-widget-container\">\n\t\t\t\t\t\t\t\t\t<p>El cuello de cisne es ante todo una forma, o para utilizar un t\u00e9rmino m\u00e1s com\u00fan en el dise\u00f1o de m\u00e1quinas, equipos industriales o piezas mec\u00e1nicas: un dise\u00f1o espec\u00edfico. Por ello, en todos los tipos de equipos dise\u00f1ados para trabajar con productos de gran tama\u00f1o, el cuello de cisne, que proporciona un alto grado de holgura, se incorpora al dise\u00f1o de la m\u00e1quina desde el principio. <\/p><p>Cuando se trata de prensas industriales con cuello de cisne, puedes encontrar equipos de producci\u00f3n tan diversos como :<\/p><ul><li><b>Prensas hidr\u00e1ulicas para curvar, conformar o prensar,<\/b><\/li><li><b>prensas mec\u00e1nicas para estampar, forjar o punzonar<\/b><\/li><li><b>prensas hidr\u00e1ulicas de embutici\u00f3n o corte,<\/b><\/li><li><b>prensas electromec\u00e1nicas para conformar o pegar,<\/b><\/li><li><b>prensas hidroneum\u00e1ticas para soldadura de alta frecuencia,<\/b><\/li><li><b>Prensas neum\u00e1ticas para marcado por persecuci\u00f3n o percusi\u00f3n,<\/b><\/li><li><b>prensas el\u00e9ctricas para conformar o estampar,<\/b><\/li><li><b>Prensas hidr\u00e1ulicas para enderezar, punzonar o desbarbar,<\/b><\/li><li><b>prensas mec\u00e1nicas de corte o persecuci\u00f3n,<\/b><\/li><li><b>prensas neum\u00e1ticas de compresi\u00f3n,<\/b><\/li><li><b>prensas hidr\u00e1ulicas de forja,<\/b><\/li><li><b>&#8230;.<\/b><\/li><\/ul>\t\t\t\t\t\t\t\t<\/div>\n\t\t\t\t<\/div>\n\t\t\t\t<div class=\"elementor-element elementor-element-638df25 elementor-invisible elementor-widget elementor-widget-heading\" data-id=\"638df25\" data-element_type=\"widget\" data-settings=\"{&quot;_animation&quot;:&quot;fadeInUp&quot;}\" data-widget_type=\"heading.default\">\n\t\t\t\t<div class=\"elementor-widget-container\">\n\t\t\t\t\t<h2 class=\"elementor-heading-title elementor-size-default\">\u00bfQu\u00e9 diferencias hay entre una prensa de cuello de cisne y una prensa de cuello de cisne profundo?\n<\/h2>\t\t\t\t<\/div>\n\t\t\t\t<\/div>\n\t\t\t\t<div class=\"elementor-element elementor-element-356520b elementor-invisible elementor-widget elementor-widget-text-editor\" data-id=\"356520b\" data-element_type=\"widget\" data-settings=\"{&quot;_animation&quot;:&quot;fadeInUp&quot;}\" data-widget_type=\"text-editor.default\">\n\t\t\t\t<div class=\"elementor-widget-container\">\n\t\t\t\t\t\t\t\t\t<p>No existen normas claramente establecidas para determinar qu\u00e9 m\u00e1quinas pueden clasificarse como prensas de cuello de cisne y qu\u00e9 m\u00e1quinas entran en la categor\u00eda de prensas profundas de cuello de cisne.<\/p><p><span style=\"color: var( --e-global-color-text ); text-align: var(--text-align); background-color: var( --e-global-color-0d23d34 );\">En el sector de la maquinaria industrial, una convenci\u00f3n aplicada por algunos fabricantes de prensas de soldadura de alta frecuencia, como Matrelec, establece que :<\/span><\/p><ul><li><strong><span style=\"color: var( --e-global-color-text ); text-align: var(--text-align); background-color: var( --e-global-color-0d23d34 );\">Las prensas de cuello de cisne tienen un espacio libre detr\u00e1s del electrodo de 1000 mm o menos,<\/span><\/strong><\/li><li><strong>Las prensas profundas de cuello de cisne tienen una anchura libre detr\u00e1s del electrodo superior a 1000 mm.<\/strong><\/li><\/ul>\t\t\t\t\t\t\t\t<\/div>\n\t\t\t\t<\/div>\n\t\t\t\t<div class=\"elementor-element elementor-element-4d5e248 elementor-align-center elementor-widget elementor-widget-button\" data-id=\"4d5e248\" data-element_type=\"widget\" data-widget_type=\"button.default\">\n\t\t\t\t<div class=\"elementor-widget-container\">\n\t\t\t\t\t\t\t\t\t<div class=\"elementor-button-wrapper\">\n\t\t\t\t\t<a class=\"elementor-button elementor-button-link elementor-size-sm\" href=\"https:\/\/shop.matrelec.com\/fr\/\" target=\"_blank\" rel=\"noopener noreferrer nofollow\">\n\t\t\t\t\t\t<span class=\"elementor-button-content-wrapper\">\n\t\t\t\t\t\t<span class=\"elementor-button-icon\">\n\t\t\t\t<svg aria-hidden=\"true\" class=\"e-font-icon-svg e-fas-chevron-right\" viewBox=\"0 0 320 512\" xmlns=\"http:\/\/www.w3.org\/2000\/svg\"><path d=\"M285.476 272.971L91.132 467.314c-9.373 9.373-24.569 9.373-33.941 0l-22.667-22.667c-9.357-9.357-9.375-24.522-.04-33.901L188.505 256 34.484 101.255c-9.335-9.379-9.317-24.544.04-33.901l22.667-22.667c9.373-9.373 24.569-9.373 33.941 0L285.475 239.03c9.373 9.372 9.373 24.568.001 33.941z\"><\/path><\/svg>\t\t\t<\/span>\n\t\t\t\t\t\t\t\t\t<span class=\"elementor-button-text\">Descubre nuestra tienda online<\/span>\n\t\t\t\t\t<\/span>\n\t\t\t\t\t<\/a>\n\t\t\t\t<\/div>\n\t\t\t\t\t\t\t\t<\/div>\n\t\t\t\t<\/div>\n\t\t\t\t\t<\/div>\n\t\t\t\t<\/div>\n\t\t\t\t<\/div>\n\t\t","protected":false},"excerpt":{"rendered":"<p>Preguntas frecuentes sobre las prensas de cuello de cisne La expresi\u00f3n \u00abcuello de cisne\u00bb describe una forma curva que se parece m\u00e1s o menos al cuello del ave del mismo nombre. Este t\u00e9rmino procede del sector de la ingenier\u00eda mec\u00e1nica y designa la forma de una pieza. Este tipo de dise\u00f1o se utiliza principalmente en [&hellip;]<\/p>\n","protected":false},"author":1,"featured_media":0,"parent":0,"menu_order":0,"comment_status":"closed","ping_status":"closed","template":"","meta":{"_acf_changed":false,"footnotes":""},"class_list":["post-33679","page","type-page","status-publish","hentry"],"acf":[],"_links":{"self":[{"href":"https:\/\/www.matrelec.com\/es\/wp-json\/wp\/v2\/pages\/33679","targetHints":{"allow":["GET"]}}],"collection":[{"href":"https:\/\/www.matrelec.com\/es\/wp-json\/wp\/v2\/pages"}],"about":[{"href":"https:\/\/www.matrelec.com\/es\/wp-json\/wp\/v2\/types\/page"}],"author":[{"embeddable":true,"href":"https:\/\/www.matrelec.com\/es\/wp-json\/wp\/v2\/users\/1"}],"replies":[{"embeddable":true,"href":"https:\/\/www.matrelec.com\/es\/wp-json\/wp\/v2\/comments?post=33679"}],"version-history":[{"count":2,"href":"https:\/\/www.matrelec.com\/es\/wp-json\/wp\/v2\/pages\/33679\/revisions"}],"predecessor-version":[{"id":38263,"href":"https:\/\/www.matrelec.com\/es\/wp-json\/wp\/v2\/pages\/33679\/revisions\/38263"}],"wp:attachment":[{"href":"https:\/\/www.matrelec.com\/es\/wp-json\/wp\/v2\/media?parent=33679"}],"curies":[{"name":"wp","href":"https:\/\/api.w.org\/{rel}","templated":true}]}}