{"id":33680,"date":"2024-09-25T11:39:56","date_gmt":"2024-09-25T09:39:56","guid":{"rendered":"https:\/\/www.matrelec.com\/tecnologia-hf\/"},"modified":"2026-04-24T17:02:54","modified_gmt":"2026-04-24T15:02:54","slug":"tecnologia-hf","status":"publish","type":"page","link":"https:\/\/www.matrelec.com\/es\/tecnologia-hf\/","title":{"rendered":"Tecnolog\u00eda HF"},"content":{"rendered":"\t\t<div data-elementor-type=\"wp-page\" data-elementor-id=\"33680\" class=\"elementor elementor-33680 elementor-31571\" data-elementor-post-type=\"page\">\n\t\t\t\t<div class=\"elementor-element elementor-element-f5d8421 e-flex e-con-boxed e-con e-parent\" data-id=\"f5d8421\" data-element_type=\"container\">\n\t\t\t\t\t<div class=\"e-con-inner\">\n\t\t\t\t<div class=\"elementor-element elementor-element-a091d71 elementor-invisible elementor-widget elementor-widget-heading\" data-id=\"a091d71\" data-element_type=\"widget\" data-settings=\"{&quot;_animation&quot;:&quot;fadeInUp&quot;}\" data-widget_type=\"heading.default\">\n\t\t\t\t<div class=\"elementor-widget-container\">\n\t\t\t\t\t<h1 class=\"elementor-heading-title elementor-size-default\">Tecnolog\u00eda de soldadura de alta frecuencia<\/h1>\t\t\t\t<\/div>\n\t\t\t\t<\/div>\n\t\t\t\t\t<\/div>\n\t\t\t\t<\/div>\n\t\t<div class=\"elementor-element elementor-element-7af8c61 e-flex e-con-boxed e-con e-parent\" data-id=\"7af8c61\" data-element_type=\"container\">\n\t\t\t\t\t<div class=\"e-con-inner\">\n\t\t\t\t<div class=\"elementor-element elementor-element-6e4f8ce elementor-invisible elementor-widget elementor-widget-text-editor\" data-id=\"6e4f8ce\" data-element_type=\"widget\" data-settings=\"{&quot;_animation&quot;:&quot;fadeInUp&quot;}\" data-widget_type=\"text-editor.default\">\n\t\t\t\t<div class=\"elementor-widget-container\">\n\t\t\t\t\t\t\t\t\t<h2>Introducci\u00f3n<\/h2><p>El calentamiento por alta frecuencia es un proceso de calentamiento electrot\u00e9rmico basado en oscilaciones el\u00e9ctricas de alta frecuencia producidas por circuitos oscilantes asociados a tubos electr\u00f3nicos termoi\u00f3nicos. Existen dos tipos de calentamiento por alta frecuencia: <\/p><ul><li>El calentamiento por inducci\u00f3n con frecuencias de 200 KHz a 5 MHz se reserva para calentar materiales conductores.<\/li><li>El calentamiento por p\u00e9rdida diel\u00e9ctrica (o calentamiento capacitivo) utiliza una frecuencia de 5 MHZ a 100 MHz para calentar materiales el\u00e9ctricamente aislantes.<\/li><\/ul><p> <\/p><p>El calentamiento por p\u00e9rdidas diel\u00e9ctricas se consigue utilizando las p\u00e9rdidas de calor que se producen en los cuerpos aislantes sometidos a un campo el\u00e9ctrico alterno de alta frecuencia.<\/p><p>Aunque SIEMENS concibi\u00f3 por primera vez esta tecnolog\u00eda en 1864, no se puso en pr\u00e1ctica hasta 1935, tras los trabajos de los Sres. Dufour y Leduc, que la utilizaron para procesar caucho. Desde entonces, la tecnolog\u00eda se ha utilizado para diversas aplicaciones: calentamiento de vidrio, secado de papel, textiles, tabaco, madera, etc. <\/p><p>La principal caracter\u00edstica de este proceso es que consigue una temperatura uniforme dentro de la masa calentada, lo que permite que la temperatura aumente r\u00e1pidamente sin da\u00f1ar el material.<\/p><p>Como el efecto de calentamiento es proporcional a la resistencia del campo excitador, se utilizan frecuencias muy altas.<\/p><p>En la industria, la tecnolog\u00eda empez\u00f3 a desempe\u00f1ar un papel importante con la llegada del PVC.<\/p><p>Para realizar una soldadura, el material se coloca entre dos electrodos (normalmente una herramienta y una contraherramienta) que se someten a una tensi\u00f3n alterna sinusoidal que provoca el calentamiento del material.<\/p><p>En el sector industrial, la ley obliga a utilizar las tres frecuencias asignadas a la industria:<\/p><ul><li>13,56 MHz + 0,05<\/li><li>27,12 MHz + 0,6%: la que utilizamos en nuestros generadores para la soldadura de alta frecuencia<\/li><li>40,68 MHz + 0,05<\/li><\/ul>\t\t\t\t\t\t\t\t<\/div>\n\t\t\t\t<\/div>\n\t\t\t\t\t<\/div>\n\t\t\t\t<\/div>\n\t\t<div class=\"elementor-element elementor-element-a041f18 e-flex e-con-boxed e-con e-parent\" data-id=\"a041f18\" data-element_type=\"container\">\n\t\t\t\t\t<div class=\"e-con-inner\">\n\t\t\t\t<div class=\"elementor-element elementor-element-30bb0ec elementor-invisible elementor-widget elementor-widget-text-editor\" data-id=\"30bb0ec\" data-element_type=\"widget\" data-settings=\"{&quot;_animation&quot;:&quot;fadeInUp&quot;}\" data-widget_type=\"text-editor.default\">\n\t\t\t\t<div class=\"elementor-widget-container\">\n\t\t\t\t\t\t\t\t\t<h2>C\u00f3mo funciona la soldadura por p\u00e9rdida diel\u00e9ctrica<\/h2><p>La soldadura de alta frecuencia (HF) utiliza energ\u00eda electromagn\u00e9tica de alta frecuencia (27,12 MHz) para generar calor en los materiales. El material a soldar debe ser capaz de convertir el campo el\u00e9ctrico alterno en calor.  <\/p><p>Los materiales se someten a un campo el\u00e9ctrico alterno de alta frecuencia. Cuando la corriente atraviesa el material, pierde parte de su energ\u00eda, que se propaga por el material (son las p\u00e9rdidas diel\u00e9ctricas o t\u00e9rmicas). <\/p><ul><li>Si no hay materia, la corriente el\u00e9ctrica atraviesa el campo sin p\u00e9rdidas: su intensidad es la misma al principio (A) y al final (B) (figura 0.1).  <\/li><li>Si un material diel\u00e9ctrico se encuentra en el campo (C), parte de la corriente el\u00e9ctrica se disipar\u00e1 en el material: su intensidad ser\u00e1 mayor antes de atravesar el material (A), y menor despu\u00e9s (B) (figura 0.2).   <\/li><\/ul><p><img decoding=\"async\" class=\"aligncenter wp-image-31619 size-full\" src=\"https:\/\/www.matrelec.com\/wp-content\/uploads\/2024\/10\/techno-soudure-HF-1.png\" alt=\"\" width=\"214\" height=\"134\"><\/p><p>Durante el proceso de p\u00e9rdida diel\u00e9ctrica, parte de la energ\u00eda es absorbida por el material y no se libera, sino que se transforma en calor.<\/p><p>Este proceso se denomina polarizaci\u00f3n bipolar, que se produce a nivel molecular en los materiales compuestos por mol\u00e9culas bipolares.<\/p><p>Las mol\u00e9culas no polares en un campo el\u00e9ctrico mueven los electrones de modo que se alinean de tal forma que los centros de carga positiva y negativa dejan de coincidir. El fen\u00f3meno es instant\u00e1neo y no da lugar a la generaci\u00f3n de calor por CC. Sin embargo, la polarizaci\u00f3n dipolar utilizada en la soldadura HF no es instant\u00e1nea. En presencia de un campo el\u00e9ctrico alterno, la orientaci\u00f3n de los dipolos tambi\u00e9n es \u00abalterna\u00bb: cambian de posici\u00f3n al mismo tiempo que var\u00eda la corriente (Figura 2), 27 millones de veces por segundo (27,12 MHz). Como los dipolos intentan alinearse con el campo el\u00e9ctrico que se alterna r\u00e1pidamente, la orientaci\u00f3n se desfasa. La alineaci\u00f3n imperfecta provoca fricci\u00f3n molecular interna y conduce a la generaci\u00f3n de calor. El retardo entre los cambios en la direcci\u00f3n del campo el\u00e9ctrico y los cambios en la polarizaci\u00f3n dipolar se ilustra en la Fig. 3.      <\/p><p><img fetchpriority=\"high\" decoding=\"async\" class=\"aligncenter wp-image-31620 size-full\" src=\"https:\/\/www.matrelec.com\/wp-content\/uploads\/2024\/10\/techno-soudure-HF-2.png\" alt=\"\" width=\"631\" height=\"351\" srcset=\"https:\/\/www.matrelec.com\/wp-content\/uploads\/2024\/10\/techno-soudure-HF-2.png 631w, https:\/\/www.matrelec.com\/wp-content\/uploads\/2024\/10\/techno-soudure-HF-2-300x167.png 300w\" sizes=\"(max-width: 631px) 100vw, 631px\" \/><\/p><p>Este principio es el mismo que se utiliza para calentar alimentos en el microondas: el fen\u00f3meno de las microondas agita las mol\u00e9culas de agua, lo que hace que se calienten, calentando as\u00ed los alimentos.<\/p><p>Una prensa de soldar de alta frecuencia consta de una parte superior m\u00f3vil y una parte inferior fija, llamada contraherramienta. En la parte m\u00f3vil est\u00e1 fijado el cabezal de soldadura que soporta las herramientas com\u00fanmente llamadas electrodos de soldadura o plantillas de soldadura. <\/p><p>La cabeza suele estar conectada al generador de HF, pero a veces se conecta la placa inferior dependiendo de la aplicaci\u00f3n. Si la placa superior est\u00e1 conectada a HF, la inferior lo estar\u00e1 a masa y viceversa. El utillaje define la forma y las dimensiones de la soldadura.  <\/p><p>Los materiales a soldar se colocan entre el electrodo y el m\u00e1rmol, y la prensa aplica presi\u00f3n en la zona de soldadura.<\/p><p>A continuaci\u00f3n, se aplica potencia de AF durante un tiempo predefinido, conocido como tiempo de soldadura. Una vez transcurrido el tiempo de soldadura, se sigue aplicando presi\u00f3n a los materiales hasta que la soldadura se solidifica. Esto se conoce como tiempo de enfriamiento.   A continuaci\u00f3n, la prensa se abre para liberar el conjunto soldado.  <\/p><p>Normalmente, la soldadura HF s\u00f3lo se utiliza para unir l\u00e1minas y materiales finos y flexibles. Esto se debe a que es dif\u00edcil producir un campo el\u00e9ctrico suficientemente potente y es m\u00e1s dif\u00edcil fundir el material si la separaci\u00f3n entre el electrodo y el m\u00e1rmol es superior a 3 mm. <\/p>\t\t\t\t\t\t\t\t<\/div>\n\t\t\t\t<\/div>\n\t\t\t\t\t<\/div>\n\t\t\t\t<\/div>\n\t\t<div class=\"elementor-element elementor-element-e37057f e-flex e-con-boxed e-con e-parent\" data-id=\"e37057f\" data-element_type=\"container\">\n\t\t\t\t\t<div class=\"e-con-inner\">\n\t\t\t\t<div class=\"elementor-element elementor-element-d578c73 elementor-invisible elementor-widget elementor-widget-text-editor\" data-id=\"d578c73\" data-element_type=\"widget\" data-settings=\"{&quot;_animation&quot;:&quot;fadeInUp&quot;}\" data-widget_type=\"text-editor.default\">\n\t\t\t\t<div class=\"elementor-widget-container\">\n\t\t\t\t\t\t\t\t\t<h2>Ventajas e inconvenientes<\/h2><p>La soldadura por HF utiliza un proceso que s\u00f3lo requiere electricidad y aire comprimido. El proceso de excitaci\u00f3n molecular evita la liberaci\u00f3n de gases nocivos o el uso de disolventes o adhesivos para soldar, lo que minimiza el riesgo de contaminaci\u00f3n y facilita la reciclabilidad de las piezas soldadas. Adem\u00e1s, los tiempos de ciclo son bastante cortos (hasta 20 golpes por minuto en los procesos automatizados). El proceso de excitaci\u00f3n molecular calienta los materiales que se van a soldar desde dentro hacia fuera (fig. 2.32), evitando as\u00ed \u00abaporrear\u00bb el material y proporcionando la soldadura m\u00e1s autogeneradora de los diversos procesos de soldadura de pl\u00e1sticos.  <\/p><p><img decoding=\"async\" class=\"aligncenter wp-image-31621 size-full\" src=\"https:\/\/www.matrelec.com\/wp-content\/uploads\/2024\/10\/techno-soudure-HF-3.png\" alt=\"\" width=\"944\" height=\"429\" srcset=\"https:\/\/www.matrelec.com\/wp-content\/uploads\/2024\/10\/techno-soudure-HF-3.png 944w, https:\/\/www.matrelec.com\/wp-content\/uploads\/2024\/10\/techno-soudure-HF-3-300x136.png 300w, https:\/\/www.matrelec.com\/wp-content\/uploads\/2024\/10\/techno-soudure-HF-3-768x349.png 768w\" sizes=\"(max-width: 944px) 100vw, 944px\" \/><\/p><p>Las prensas de soldadura de alta frecuencia tambi\u00e9n pueden utilizarse para la soldadura por corte (fig. 5). Los electrodos pueden fabricarse de forma que permitan separar la pieza soldada del material base, convirti\u00e9ndose el material restante en lo que se conoce como \u00abresiduo\u00bb, sin necesidad de una operaci\u00f3n de corte secundaria, pero esta operaci\u00f3n de soldadura por corte s\u00f3lo puede realizarse sobre pel\u00edcula y no sobre tejido revestido, que requiere un corte mec\u00e1nico y mucha m\u00e1s presi\u00f3n que las presiones de soldadura convencionales. <\/p><p>Tambi\u00e9n se pueden crear marcas (fig. 5) y pliegues en un producto sin da\u00f1ar el material. Tambi\u00e9n es posible soldar accesorios como v\u00e1lvulas (figs. 6 y 7) o tubos en cualquier punto de un producto sin soldar los materiales subyacentes, utilizando aisladores. Por \u00faltimo, en determinadas aplicaciones, la soldadura de alta frecuencia puede utilizarse para marcar, repujar o moldear una forma.  <\/p><p><img loading=\"lazy\" decoding=\"async\" class=\"wp-image-31623 size-large aligncenter\" src=\"https:\/\/www.matrelec.com\/wp-content\/uploads\/2024\/10\/techno-soudure-HF-4-1024x337.png\" alt=\"\" width=\"800\" height=\"263\" srcset=\"https:\/\/www.matrelec.com\/wp-content\/uploads\/2024\/10\/techno-soudure-HF-4-1024x337.png 1024w, https:\/\/www.matrelec.com\/wp-content\/uploads\/2024\/10\/techno-soudure-HF-4-300x99.png 300w, https:\/\/www.matrelec.com\/wp-content\/uploads\/2024\/10\/techno-soudure-HF-4-768x253.png 768w, https:\/\/www.matrelec.com\/wp-content\/uploads\/2024\/10\/techno-soudure-HF-4.png 1181w\" sizes=\"(max-width: 800px) 100vw, 800px\" \/><\/p><p>La principal desventaja de la soldadura HF es que s\u00f3lo es adecuada para materiales con una estructura molecular polar. Los materiales no polares pueden soldarse, pero requieren la adici\u00f3n de material polar entre espesores, como en el caso de l\u00e1minas complejas compuestas por varios materiales diferentes (por ejemplo, PE\/EVOH\/PE). En algunos casos, hablamos de tiras de relleno que reaccionan a la frecuencia incorrecta y permiten el calentamiento.  <\/p>\t\t\t\t\t\t\t\t<\/div>\n\t\t\t\t<\/div>\n\t\t\t\t\t<\/div>\n\t\t\t\t<\/div>\n\t\t<div class=\"elementor-element elementor-element-17942cc e-flex e-con-boxed e-con e-parent\" data-id=\"17942cc\" data-element_type=\"container\">\n\t\t\t\t\t<div class=\"e-con-inner\">\n\t\t\t\t<div class=\"elementor-element elementor-element-f5a5db0 elementor-invisible elementor-widget elementor-widget-text-editor\" data-id=\"f5a5db0\" data-element_type=\"widget\" data-settings=\"{&quot;_animation&quot;:&quot;fadeInUp&quot;}\" data-widget_type=\"text-editor.default\">\n\t\t\t\t<div class=\"elementor-widget-container\">\n\t\t\t\t\t\t\t\t\t<h2>Campos de aplicaci\u00f3n<\/h2><p><img loading=\"lazy\" decoding=\"async\" class=\"size-full wp-image-31624 aligncenter\" src=\"https:\/\/www.matrelec.com\/wp-content\/uploads\/2024\/10\/techno-soudure-HF-5.png\" alt=\"\" width=\"292\" height=\"279\"><\/p><p>La soldadura HF se utiliza habitualmente para sellar l\u00e1minas finas y pel\u00edculas de PVC plastificado para productos de papeler\u00eda, como carpetas de bolsillo, fundas de chequeras, tarjeteros y cubiertas de libros. Otro mercado importante es el de los productos hinchables (fig. 7), como balones de playa, colchones hinchables, chalecos salvavidas, bolsas de aire y botes hinchables. <\/p><p>Otras aplicaciones incluyen art\u00edculos m\u00e9dicos, como balones g\u00e1stricos, bolsas de sangre (fig. 4), ropa nuclear desechable, como trajes QBRN (fig. 6), productos ortop\u00e9dicos, estructuras hinchables, manguitos para la tensi\u00f3n arterial, camas hinchables y cojines (fig. 6). Los bl\u00edsteres y otros tipos de envases tambi\u00e9n utilizan soldadura HF. <\/p><p>Por \u00faltimo, la soldadura HF se utiliza mucho en el sector de las lonas para soldar lonas de cami\u00f3n, dep\u00f3sitos de agua (fig. 8), cubiertas de piscina, revestimientos, p\u00e9rgolas y cubiertas de sombra.<\/p><p>Muchos de nuestros productos se sueldan mediante soldadura de alta frecuencia. Puedes encontrar ejemplos en <a href=\"https:\/\/www.matrelec.com\/es\/sectores-1\/\">la secci\u00f3n del sector de nuestro sitio, aqu\u00ed.<\/a><\/p><p><img loading=\"lazy\" decoding=\"async\" class=\"aligncenter wp-image-31625 size-full\" src=\"https:\/\/www.matrelec.com\/wp-content\/uploads\/2024\/10\/techno-soudure-HF-6.png\" alt=\"\" width=\"388\" height=\"260\" srcset=\"https:\/\/www.matrelec.com\/wp-content\/uploads\/2024\/10\/techno-soudure-HF-6.png 388w, https:\/\/www.matrelec.com\/wp-content\/uploads\/2024\/10\/techno-soudure-HF-6-300x201.png 300w\" sizes=\"(max-width: 388px) 100vw, 388px\" \/><\/p><p><em> <\/em><\/p>\t\t\t\t\t\t\t\t<\/div>\n\t\t\t\t<\/div>\n\t\t\t\t\t<\/div>\n\t\t\t\t<\/div>\n\t\t\t\t<\/div>\n\t\t","protected":false},"excerpt":{"rendered":"<p>Tecnolog\u00eda de soldadura de alta frecuencia Introducci\u00f3n El calentamiento por alta frecuencia es un proceso de calentamiento electrot\u00e9rmico basado en oscilaciones el\u00e9ctricas de alta frecuencia producidas por circuitos oscilantes asociados a tubos electr\u00f3nicos termoi\u00f3nicos. Existen dos tipos de calentamiento por alta frecuencia: El calentamiento por inducci\u00f3n con frecuencias de 200 KHz a 5 MHz se [&hellip;]<\/p>\n","protected":false},"author":1,"featured_media":0,"parent":0,"menu_order":0,"comment_status":"closed","ping_status":"closed","template":"","meta":{"_acf_changed":false,"footnotes":""},"class_list":["post-33680","page","type-page","status-publish","hentry"],"acf":[],"_links":{"self":[{"href":"https:\/\/www.matrelec.com\/es\/wp-json\/wp\/v2\/pages\/33680","targetHints":{"allow":["GET"]}}],"collection":[{"href":"https:\/\/www.matrelec.com\/es\/wp-json\/wp\/v2\/pages"}],"about":[{"href":"https:\/\/www.matrelec.com\/es\/wp-json\/wp\/v2\/types\/page"}],"author":[{"embeddable":true,"href":"https:\/\/www.matrelec.com\/es\/wp-json\/wp\/v2\/users\/1"}],"replies":[{"embeddable":true,"href":"https:\/\/www.matrelec.com\/es\/wp-json\/wp\/v2\/comments?post=33680"}],"version-history":[{"count":4,"href":"https:\/\/www.matrelec.com\/es\/wp-json\/wp\/v2\/pages\/33680\/revisions"}],"predecessor-version":[{"id":39128,"href":"https:\/\/www.matrelec.com\/es\/wp-json\/wp\/v2\/pages\/33680\/revisions\/39128"}],"wp:attachment":[{"href":"https:\/\/www.matrelec.com\/es\/wp-json\/wp\/v2\/media?parent=33680"}],"curies":[{"name":"wp","href":"https:\/\/api.w.org\/{rel}","templated":true}]}}