{"id":33684,"date":"2024-09-17T08:17:36","date_gmt":"2024-09-17T06:17:36","guid":{"rendered":"https:\/\/www.matrelec.com\/soldadura-de-cinturones-lumbares\/"},"modified":"2026-01-30T18:02:11","modified_gmt":"2026-01-30T16:02:11","slug":"soldadura-de-cinturones-lumbares","status":"publish","type":"page","link":"https:\/\/www.matrelec.com\/es\/soldadura-de-cinturones-lumbares\/","title":{"rendered":"Soldadura de cinturones lumbares"},"content":{"rendered":"\t\t<div data-elementor-type=\"wp-page\" data-elementor-id=\"33684\" class=\"elementor elementor-33684 elementor-31468\" data-elementor-post-type=\"page\">\n\t\t\t\t<div class=\"elementor-element elementor-element-690e593 e-flex e-con-boxed e-con e-parent\" data-id=\"690e593\" data-element_type=\"container\">\n\t\t\t\t\t<div class=\"e-con-inner\">\n\t\t\t\t<div class=\"elementor-element elementor-element-7dc85c8 elementor-invisible elementor-widget elementor-widget-heading\" data-id=\"7dc85c8\" data-element_type=\"widget\" data-settings=\"{&quot;_animation&quot;:&quot;fadeInUp&quot;}\" data-widget_type=\"heading.default\">\n\t\t\t\t<div class=\"elementor-widget-container\">\n\t\t\t\t\t<h1 class=\"elementor-heading-title elementor-size-default\">Soldadura de cinturones lumbares<\/h1>\t\t\t\t<\/div>\n\t\t\t\t<\/div>\n\t\t\t\t\t<\/div>\n\t\t\t\t<\/div>\n\t\t<div class=\"elementor-element elementor-element-824269a e-flex e-con-boxed e-con e-parent\" data-id=\"824269a\" data-element_type=\"container\" data-settings=\"{&quot;background_background&quot;:&quot;classic&quot;}\">\n\t\t\t\t\t<div class=\"e-con-inner\">\n\t\t\t\t<div class=\"elementor-element elementor-element-518fce4 elementor-invisible elementor-widget elementor-widget-heading\" data-id=\"518fce4\" data-element_type=\"widget\" data-settings=\"{&quot;_animation&quot;:&quot;fadeInUp&quot;}\" data-widget_type=\"heading.default\">\n\t\t\t\t<div class=\"elementor-widget-container\">\n\t\t\t\t\t<h2 class=\"elementor-heading-title elementor-size-default\">Preguntas frecuentes sobre los cinturones lumbares de soldadura<\/h2>\t\t\t\t<\/div>\n\t\t\t\t<\/div>\n\t\t\t\t<div class=\"elementor-element elementor-element-ab7c0d4 elementor-invisible elementor-widget elementor-widget-text-editor\" data-id=\"ab7c0d4\" data-element_type=\"widget\" data-settings=\"{&quot;_animation&quot;:&quot;fadeInUp&quot;}\" data-widget_type=\"text-editor.default\">\n\t\t\t\t<div class=\"elementor-widget-container\">\n\t\t\t\t\t\t\t\t\t<p>Algunos de los dispositivos m\u00e9dicos actuales est\u00e1n muy extendidos y tienen su origen en la antig\u00fcedad, o incluso antes. Las \u00f3rtesis, como los cinturones lumbares, ya eran muy utilizadas por los atletas griegos y romanos. <\/p><p><span style=\"color: var( --e-global-color-text ); text-align: var(--text-align); background-color: var( --e-global-color-0d23d34 );\">En aquella \u00e9poca, para combatir el dolor de espalda o de costillas y las lesiones, se enrollaban unas simples bandas alrededor del pecho de los deportistas. Desde entonces, estos dispositivos m\u00e9dicos se han vuelto mucho m\u00e1s complejos y muy eficaces. El m\u00e9todo m\u00e1s utilizado ahora para fabricar este tipo de \u00f3rtesis consiste en soldar dispositivos m\u00e9dicos entre s\u00ed.  <\/span><\/p>\t\t\t\t\t\t\t\t<\/div>\n\t\t\t\t<\/div>\n\t\t\t\t<div class=\"elementor-element elementor-element-5e6fb5a elementor-invisible elementor-widget elementor-widget-heading\" data-id=\"5e6fb5a\" data-element_type=\"widget\" data-settings=\"{&quot;_animation&quot;:&quot;fadeInUp&quot;}\" data-widget_type=\"heading.default\">\n\t\t\t\t<div class=\"elementor-widget-container\">\n\t\t\t\t\t<h2 class=\"elementor-heading-title elementor-size-default\">\u00bfCu\u00e1les son las distintas categor\u00edas de cinturones lumbares?\n<\/h2>\t\t\t\t<\/div>\n\t\t\t\t<\/div>\n\t\t\t\t<div class=\"elementor-element elementor-element-c817b08 elementor-invisible elementor-widget elementor-widget-text-editor\" data-id=\"c817b08\" data-element_type=\"widget\" data-settings=\"{&quot;_animation&quot;:&quot;fadeInUp&quot;}\" data-widget_type=\"text-editor.default\">\n\t\t\t\t<div class=\"elementor-widget-container\">\n\t\t\t\t\t\t\t\t\t<p>Existen varias categor\u00edas de cinturones lumbares, que pueden clasificarse seg\u00fan su finalidad terap\u00e9utica o su modo de fabricaci\u00f3n.<\/p><p>El m\u00e9todo de clasificaci\u00f3n m\u00e1s utilizado se basa en las funciones terap\u00e9uticas de los distintos cinturones lumbares. En el caso de dolores de espalda leves sin patolog\u00eda identificada, se habla de cinturones de sujeci\u00f3n. En el caso de dolores limitados correspondientes a patolog\u00edas leves claramente identificadas, se utilizan cinturones lumbares de sujeci\u00f3n. Por \u00faltimo, los cinturones de inmovilizaci\u00f3n se utilizan para patolog\u00edas agudas tras el diagn\u00f3stico, en el marco de una prescripci\u00f3n m\u00e9dica.   <\/p><p>La tecnolog\u00eda utilizada para fabricar las ortesis de espalda es otra forma de clasificarlas. Estas \u00f3rtesis pueden ser est\u00e1ndar o a medida, y algunas marcas las moldean directamente sobre el paciente. <\/p><p>Los dem\u00e1s criterios de clasificaci\u00f3n de los cinturones lumbares son los siguientes:<\/p><ul><li><strong>el grado de rigidez o flexibilidad de la \u00f3rtesis,<\/strong><\/li><li><strong>el tama\u00f1o y la altura del cintur\u00f3n dorsal,<\/strong><\/li><li><strong>el material utilizado para fabricarlo (yeso, tela, acero, pl\u00e1stico, etc.).<\/strong><br><br><\/li><\/ul><p>Las \u00f3rtesis fabricadas con materiales termopl\u00e1sticos se componen de distintas piezas que se ensamblan en forma de soldadura de cintur\u00f3n lumbar.<\/p>\t\t\t\t\t\t\t\t<\/div>\n\t\t\t\t<\/div>\n\t\t\t\t<div class=\"elementor-element elementor-element-9a8f3e8 elementor-invisible elementor-widget elementor-widget-image\" data-id=\"9a8f3e8\" data-element_type=\"widget\" data-settings=\"{&quot;_animation&quot;:&quot;fadeInUp&quot;}\" data-widget_type=\"image.default\">\n\t\t\t\t<div class=\"elementor-widget-container\">\n\t\t\t\t\t\t\t\t\t\t\t\t\t\t\t<img fetchpriority=\"high\" decoding=\"async\" width=\"300\" height=\"300\" src=\"https:\/\/www.matrelec.com\/wp-content\/uploads\/2024\/09\/img-CCM30-300x300.png\" class=\"attachment-medium size-medium wp-image-33704\" alt=\"Presse de soudure HF \u00e0 col de cygne 420 mm sans patin de masse\" srcset=\"https:\/\/www.matrelec.com\/wp-content\/uploads\/2024\/09\/img-CCM30-300x300.png 300w, https:\/\/www.matrelec.com\/wp-content\/uploads\/2024\/09\/img-CCM30-150x150.png 150w, https:\/\/www.matrelec.com\/wp-content\/uploads\/2024\/09\/img-CCM30.png 467w\" sizes=\"(max-width: 300px) 100vw, 300px\" \/>\t\t\t\t\t\t\t\t\t\t\t\t\t\t\t<\/div>\n\t\t\t\t<\/div>\n\t\t\t\t<div class=\"elementor-element elementor-element-e9f51af elementor-invisible elementor-widget elementor-widget-heading\" data-id=\"e9f51af\" data-element_type=\"widget\" data-settings=\"{&quot;_animation&quot;:&quot;fadeInUp&quot;}\" data-widget_type=\"heading.default\">\n\t\t\t\t<div class=\"elementor-widget-container\">\n\t\t\t\t\t<h2 class=\"elementor-heading-title elementor-size-default\">\u00bfDe qu\u00e9 materiales est\u00e1n hechos los cinturones lumbares m\u00e9dicos?\n<\/h2>\t\t\t\t<\/div>\n\t\t\t\t<\/div>\n\t\t\t\t<div class=\"elementor-element elementor-element-7af1e33 elementor-invisible elementor-widget elementor-widget-text-editor\" data-id=\"7af1e33\" data-element_type=\"widget\" data-settings=\"{&quot;_animation&quot;:&quot;fadeInUp&quot;}\" data-widget_type=\"text-editor.default\">\n\t\t\t\t<div class=\"elementor-widget-container\">\n\t\t\t\t\t\t\t\t\t<p>En funci\u00f3n de los objetivos terap\u00e9uticos de llevar un cintur\u00f3n de sujeci\u00f3n lumbar, los materiales utilizados para fabricarlos var\u00edan considerablemente, al igual que los m\u00e9todos empleados para producirlos y comercializarlos.<\/p><p><span style=\"color: var( --e-global-color-text ); text-align: var(--text-align); background-color: var( --e-global-color-0d23d34 );\">Disponibles en farmacias, las fajas lumbares blandas son fabricadas en serie por laboratorios ortop\u00e9dicos en modelos para mujeres, hombres y ni\u00f1os. Se fabrican con tejidos flexibles o no, tejiendo o tricotando. Dotadas de refuerzos (bandas dorsales, varillas r\u00edgidas, etc.), estas fajas tienen un cierre ajustable.  <\/span><\/p><p><span style=\"color: var( --e-global-color-text ); text-align: var(--text-align); background-color: var( --e-global-color-0d23d34 );\">Las fajas lumbares se fabrican a medida, bajo la supervisi\u00f3n de un ortopedista-ort\u00e9sico, con varias sesiones de ajuste durante la fase de fabricaci\u00f3n. Llevan refuerzos en forma de muelles de acero o elementos termoformados. Estos refuerzos se incorporan directamente a los tejidos de las secciones dorsal y abdominal, as\u00ed como a los laterales del cintur\u00f3n, para garantizar la sujeci\u00f3n de la espalda.  <\/span><\/p><p><span style=\"color: var( --e-global-color-text ); text-align: var(--text-align); background-color: var( --e-global-color-0d23d34 );\">Los cors\u00e9s de inmovilizaci\u00f3n e hiperextensi\u00f3n vertebral son morfoadaptables, con puntos de apoyo anteriores (pubis y estern\u00f3n) y un plastr\u00f3n dorsal ajustable. Este \u00faltimo se sujeta mediante un armaz\u00f3n, que durante mucho tiempo fue met\u00e1lico, pero que ahora se fabrica cada vez m\u00e1s con pl\u00e1stico termoformable a baja temperatura. <\/span><\/p><p><span style=\"color: var( --e-global-color-text ); text-align: var(--text-align); background-color: var( --e-global-color-0d23d34 );\">Los cors\u00e9s de inmovilizaci\u00f3n espinal se adaptan a la morfolog\u00eda de las personas y pueden fabricarse en serie o a medida seg\u00fan las necesidades terap\u00e9uticas. Se fabrican con tejidos reforzados y el\u00e1sticos o con termopl\u00e1sticos moldeados a baja temperatura por aplicaci\u00f3n directa. <\/span><\/p><p><span style=\"color: var( --e-global-color-text ); text-align: var(--text-align); background-color: var( --e-global-color-0d23d34 );\">Los termopl\u00e1sticos m\u00e1s utilizados para fabricar fajas y cors\u00e9s ortop\u00e9dicos son el cloruro de polivinilo y el poliuretano, porque son famosos por su resistencia y flexibilidad. Pueden termoformarse para fabricar diversos componentes de fajas lumbares sin costuras. <\/span><\/p><p><span style=\"color: var( --e-global-color-text ); text-align: var(--text-align); background-color: var( --e-global-color-0d23d34 );\">\u00bfC\u00f3mo se montan los cinturones lumbares sin costuras?<\/span><\/p><p><span style=\"color: var( --e-global-color-text ); text-align: var(--text-align); background-color: var( --e-global-color-0d23d34 );\">La fabricaci\u00f3n de cinturones de uso m\u00e9dico se ajusta a normas de producci\u00f3n muy estrictas para evitar cualquier defecto que los haga inutilizables para las personas a las que se han recetado.<\/span><\/p><p><span style=\"color: var( --e-global-color-text ); text-align: var(--text-align); background-color: var( --e-global-color-0d23d34 );\">Cuando se fabrican con termopl\u00e1sticos, las fajas lumbares sin costuras se sueldan entre s\u00ed mediante prensas de soldadura de alta frecuencia o por ultrasonidos.<\/span><\/p><p><span style=\"color: var( --e-global-color-text ); text-align: var(--text-align); background-color: var( --e-global-color-0d23d34 );\">Cuando se fabrican con resina o yeso, los cinturones y cors\u00e9s r\u00edgidos se moldean seg\u00fan la morfolog\u00eda del paciente. Estas t\u00e9cnicas de fabricaci\u00f3n permiten fabricar cinturones sin costuras, que de otro modo ser\u00edan fuente de molestias o incluso de patolog\u00edas adicionales. <\/span><\/p>\t\t\t\t\t\t\t\t<\/div>\n\t\t\t\t<\/div>\n\t\t\t\t<div class=\"elementor-element elementor-element-66390b7 elementor-invisible elementor-widget elementor-widget-heading\" data-id=\"66390b7\" data-element_type=\"widget\" data-settings=\"{&quot;_animation&quot;:&quot;fadeInUp&quot;}\" data-widget_type=\"heading.default\">\n\t\t\t\t<div class=\"elementor-widget-container\">\n\t\t\t\t\t<h2 class=\"elementor-heading-title elementor-size-default\">\u00bfQu\u00e9 tecnolog\u00edas se utilizan en las m\u00e1quinas de soldadura de cinturones lumbares?\n<\/h2>\t\t\t\t<\/div>\n\t\t\t\t<\/div>\n\t\t\t\t<div class=\"elementor-element elementor-element-13b9277 elementor-invisible elementor-widget elementor-widget-text-editor\" data-id=\"13b9277\" data-element_type=\"widget\" data-settings=\"{&quot;_animation&quot;:&quot;fadeInUp&quot;}\" data-widget_type=\"text-editor.default\">\n\t\t\t\t<div class=\"elementor-widget-container\">\n\t\t\t\t\t\t\t\t\t<p>El funcionamiento de las m\u00e1quinas de soldadura de cinturones lumbares se basa en el uso de las tecnolog\u00edas m\u00e1s utilizadas para el ensamblaje de termopl\u00e1sticos.<\/p><p><span style=\"color: var( --e-global-color-text ); text-align: var(--text-align); background-color: var( --e-global-color-0d23d34 );\">La tecnolog\u00eda de alta frecuencia consiste en colocar los componentes a unir en una prensa de soldadura que emite un campo electromagn\u00e9tico que provoca una agitaci\u00f3n molecular. Esta m\u00e1quina genera una soldadura regular, muy resistente y sin rugosidades. <\/span><\/p><p><span style=\"background-color: var( --e-global-color-0d23d34 ); color: var( --e-global-color-text ); text-align: var(--text-align);\">La tecnolog\u00eda de ultrasonidos se utiliza para soldar cinturones lumbares mediante vibraciones emitidas por el sonotrodo de la prensa de soldadura, que agita las mol\u00e9culas en los bordes de las piezas a soldar. Esta tecnolog\u00eda produce soldaduras regulares, fuertes y planas. <\/span><\/p>\t\t\t\t\t\t\t\t<\/div>\n\t\t\t\t<\/div>\n\t\t\t\t<div class=\"elementor-element elementor-element-eb9d565 elementor-align-center elementor-widget elementor-widget-button\" data-id=\"eb9d565\" data-element_type=\"widget\" data-widget_type=\"button.default\">\n\t\t\t\t<div class=\"elementor-widget-container\">\n\t\t\t\t\t\t\t\t\t<div class=\"elementor-button-wrapper\">\n\t\t\t\t\t<a class=\"elementor-button elementor-button-link elementor-size-sm\" href=\"https:\/\/shop.matrelec.com\/fr\/\" target=\"_blank\" rel=\"noopener noreferrer nofollow\">\n\t\t\t\t\t\t<span class=\"elementor-button-content-wrapper\">\n\t\t\t\t\t\t<span class=\"elementor-button-icon\">\n\t\t\t\t<svg aria-hidden=\"true\" class=\"e-font-icon-svg e-fas-chevron-right\" viewBox=\"0 0 320 512\" xmlns=\"http:\/\/www.w3.org\/2000\/svg\"><path d=\"M285.476 272.971L91.132 467.314c-9.373 9.373-24.569 9.373-33.941 0l-22.667-22.667c-9.357-9.357-9.375-24.522-.04-33.901L188.505 256 34.484 101.255c-9.335-9.379-9.317-24.544.04-33.901l22.667-22.667c9.373-9.373 24.569-9.373 33.941 0L285.475 239.03c9.373 9.372 9.373 24.568.001 33.941z\"><\/path><\/svg>\t\t\t<\/span>\n\t\t\t\t\t\t\t\t\t<span class=\"elementor-button-text\">Descubre nuestra tienda online<\/span>\n\t\t\t\t\t<\/span>\n\t\t\t\t\t<\/a>\n\t\t\t\t<\/div>\n\t\t\t\t\t\t\t\t<\/div>\n\t\t\t\t<\/div>\n\t\t\t\t\t<\/div>\n\t\t\t\t<\/div>\n\t\t\t\t<\/div>\n\t\t","protected":false},"excerpt":{"rendered":"<p>Preguntas frecuentes sobre los cinturones lumbares de soldadura Algunos de los dispositivos m\u00e9dicos actuales est\u00e1n muy extendidos y tienen su origen en la antig\u00fcedad, o incluso antes. Las \u00f3rtesis, como los cinturones lumbares, ya eran muy utilizadas por los atletas griegos y romanos. En aquella \u00e9poca, para combatir el dolor de espalda o de costillas [&hellip;]<\/p>\n","protected":false},"author":1,"featured_media":0,"parent":0,"menu_order":0,"comment_status":"closed","ping_status":"closed","template":"","meta":{"_acf_changed":false,"footnotes":""},"class_list":["post-33684","page","type-page","status-publish","hentry"],"acf":[],"_links":{"self":[{"href":"https:\/\/www.matrelec.com\/es\/wp-json\/wp\/v2\/pages\/33684","targetHints":{"allow":["GET"]}}],"collection":[{"href":"https:\/\/www.matrelec.com\/es\/wp-json\/wp\/v2\/pages"}],"about":[{"href":"https:\/\/www.matrelec.com\/es\/wp-json\/wp\/v2\/types\/page"}],"author":[{"embeddable":true,"href":"https:\/\/www.matrelec.com\/es\/wp-json\/wp\/v2\/users\/1"}],"replies":[{"embeddable":true,"href":"https:\/\/www.matrelec.com\/es\/wp-json\/wp\/v2\/comments?post=33684"}],"version-history":[{"count":2,"href":"https:\/\/www.matrelec.com\/es\/wp-json\/wp\/v2\/pages\/33684\/revisions"}],"predecessor-version":[{"id":38259,"href":"https:\/\/www.matrelec.com\/es\/wp-json\/wp\/v2\/pages\/33684\/revisions\/38259"}],"wp:attachment":[{"href":"https:\/\/www.matrelec.com\/es\/wp-json\/wp\/v2\/media?parent=33684"}],"curies":[{"name":"wp","href":"https:\/\/api.w.org\/{rel}","templated":true}]}}