{"id":33685,"date":"2024-09-17T08:36:02","date_gmt":"2024-09-17T06:36:02","guid":{"rendered":"https:\/\/www.matrelec.com\/soldadura-hermetica\/"},"modified":"2026-01-30T18:02:59","modified_gmt":"2026-01-30T16:02:59","slug":"soldadura-hermetica","status":"publish","type":"page","link":"https:\/\/www.matrelec.com\/es\/soldadura-hermetica\/","title":{"rendered":"Soldadura herm\u00e9tica"},"content":{"rendered":"\t\t<div data-elementor-type=\"wp-page\" data-elementor-id=\"33685\" class=\"elementor elementor-33685 elementor-31490\" data-elementor-post-type=\"page\">\n\t\t\t\t<div class=\"elementor-element elementor-element-690e593 e-flex e-con-boxed e-con e-parent\" data-id=\"690e593\" data-element_type=\"container\">\n\t\t\t\t\t<div class=\"e-con-inner\">\n\t\t\t\t<div class=\"elementor-element elementor-element-7dc85c8 elementor-invisible elementor-widget elementor-widget-heading\" data-id=\"7dc85c8\" data-element_type=\"widget\" data-settings=\"{&quot;_animation&quot;:&quot;fadeInUp&quot;}\" data-widget_type=\"heading.default\">\n\t\t\t\t<div class=\"elementor-widget-container\">\n\t\t\t\t\t<h1 class=\"elementor-heading-title elementor-size-default\">Soldadura herm\u00e9tica<\/h1>\t\t\t\t<\/div>\n\t\t\t\t<\/div>\n\t\t\t\t\t<\/div>\n\t\t\t\t<\/div>\n\t\t<div class=\"elementor-element elementor-element-824269a e-flex e-con-boxed e-con e-parent\" data-id=\"824269a\" data-element_type=\"container\" data-settings=\"{&quot;background_background&quot;:&quot;classic&quot;}\">\n\t\t\t\t\t<div class=\"e-con-inner\">\n\t\t\t\t<div class=\"elementor-element elementor-element-518fce4 elementor-invisible elementor-widget elementor-widget-heading\" data-id=\"518fce4\" data-element_type=\"widget\" data-settings=\"{&quot;_animation&quot;:&quot;fadeInUp&quot;}\" data-widget_type=\"heading.default\">\n\t\t\t\t<div class=\"elementor-widget-container\">\n\t\t\t\t\t<h2 class=\"elementor-heading-title elementor-size-default\">Soldadura herm\u00e9tica: los principios<\/h2>\t\t\t\t<\/div>\n\t\t\t\t<\/div>\n\t\t\t\t<div class=\"elementor-element elementor-element-ab7c0d4 elementor-invisible elementor-widget elementor-widget-text-editor\" data-id=\"ab7c0d4\" data-element_type=\"widget\" data-settings=\"{&quot;_animation&quot;:&quot;fadeInUp&quot;}\" data-widget_type=\"text-editor.default\">\n\t\t\t\t<div class=\"elementor-widget-container\">\n\t\t\t\t\t\t\t\t\t<p>La soldadura es la uni\u00f3n permanente de dos piezas o elementos de la misma naturaleza para garantizar la continuidad del material a largo plazo. La soldadura puede realizarse mediante distintas tecnolog\u00edas para unir piezas de metal, pl\u00e1stico o madera. Hay que recordar aqu\u00ed que las t\u00e9cnicas de ensamblaje mediante adhesi\u00f3n (pegamento) y soldadura fuerte (adici\u00f3n de material externo caliente para asegurar la uni\u00f3n) no entran en el \u00e1mbito de la soldadura como tal.  <\/p><p><span style=\"color: var( --e-global-color-text ); text-align: var(--text-align); background-color: var( --e-global-color-0d23d34 );\">Las tecnolog\u00edas utilizadas para producir soldaduras herm\u00e9ticas dependen de la naturaleza de los materiales que se van a unir.<\/span><\/p><p><span style=\"color: var( --e-global-color-text ); text-align: var(--text-align); background-color: var( --e-global-color-0d23d34 );\">Para las piezas met\u00e1licas, las t\u00e9cnicas de montaje m\u00e1s utilizadas son :<\/span><\/p><ul><li><b>soldadura por arco el\u00e9ctrico (MIG, MAG, TIG, etc.),<\/b><\/li><li><b>soldadura con soplete,<\/b><\/li><li><b>Soldadura aut\u00f3gena (fusi\u00f3n de los componentes a unir) y oxicorte,<\/b><\/li><li><b>soldadura por plasma con electrodo de wolframio.<\/b><\/li><\/ul><p> <\/p><p>Para las piezas de pl\u00e1stico, las t\u00e9cnicas de montaje m\u00e1s utilizadas son :<\/p><ul><li><b>Soldadura de alta frecuencia (ensamblaje de diferentes capas o piezas mediante la activaci\u00f3n de las mol\u00e9culas de las superficies a soldar, sin necesidad de contacto f\u00edsico entre la prensa y el material, gracias a un campo electromagn\u00e9tico de alta frecuencia),<\/b><\/li><li><b>Soldadura por ultrasonidos (ensamblaje de piezas mediante la agitaci\u00f3n de las mol\u00e9culas en las zonas donde entran en contacto con la prensa, utilizando ultrasonidos para generar vibraciones mec\u00e1nicas).<\/b><\/li><\/ul><p> <\/p><p>Para las piezas de madera, la \u00fanica t\u00e9cnica de ensamblaje existente es la soldadura por fricci\u00f3n (frotar las piezas entre s\u00ed aplicando cierta presi\u00f3n), lo que provoca una reacci\u00f3n molecular de la lignina que crea la soldadura.  <\/p><p><span style=\"color: var( --e-global-color-text ); text-align: var(--text-align); background-color: var( --e-global-color-0d23d34 );\">Seg\u00fan el uso al que se destinen, los conjuntos de metal o pl\u00e1stico pueden tener que ser herm\u00e9ticos. Las soldaduras herm\u00e9ticas s\u00f3lo pueden obtenerse para el ensamblaje de determinados termopl\u00e1sticos (PVC, PET, PS, etc.) y determinados metales (cobre, lat\u00f3n, acero, etc.). <\/span><\/p>\t\t\t\t\t\t\t\t<\/div>\n\t\t\t\t<\/div>\n\t\t\t\t<div class=\"elementor-element elementor-element-e9f51af elementor-invisible elementor-widget elementor-widget-heading\" data-id=\"e9f51af\" data-element_type=\"widget\" data-settings=\"{&quot;_animation&quot;:&quot;fadeInUp&quot;}\" data-widget_type=\"heading.default\">\n\t\t\t\t<div class=\"elementor-widget-container\">\n\t\t\t\t\t<h2 class=\"elementor-heading-title elementor-size-default\">\u00bfQu\u00e9 tipos de pl\u00e1stico se pueden soldar?\n<\/h2>\t\t\t\t<\/div>\n\t\t\t\t<\/div>\n\t\t\t\t<div class=\"elementor-element elementor-element-c817b08 elementor-invisible elementor-widget elementor-widget-text-editor\" data-id=\"c817b08\" data-element_type=\"widget\" data-settings=\"{&quot;_animation&quot;:&quot;fadeInUp&quot;}\" data-widget_type=\"text-editor.default\">\n\t\t\t\t<div class=\"elementor-widget-container\">\n\t\t\t\t\t\t\t\t\t<p>Los pl\u00e1sticos tienen distintas formas (r\u00edgidos, semirr\u00edgidos, flexibles, etc.) y caracter\u00edsticas muy diferentes seg\u00fan se clasifiquen como termopl\u00e1sticos, termoestables o elast\u00f3meros. Estas distintas categor\u00edas de pl\u00e1sticos tienen caracter\u00edsticas t\u00e9rmicas y qu\u00edmicas muy diferentes, que pueden permitir o no unirlos mediante soldadura. <\/p><p>En la pr\u00e1ctica, s\u00f3lo los termopl\u00e1sticos tienen las caracter\u00edsticas t\u00e9cnicas necesarias para realizar soldaduras resistentes y duraderas. Esta familia de materiales representa casi el 80% de la producci\u00f3n mundial de pl\u00e1sticos, e incluye todos los pl\u00e1sticos que pueden soldarse, refundirse o transformarse sin alterar sus propiedades mec\u00e1nicas. Esto puede conseguirse sometiendo los termopl\u00e1sticos a altas temperaturas, vibraciones mec\u00e1nicas o aporte de energ\u00eda de alta frecuencia.  <\/p><p>Los pl\u00e1sticos que pueden unirse mediante soldadura y que se utilizan con m\u00e1s frecuencia en muchos sectores de actividad son los siguientes:<\/p><ul><li><b>PS o Poliestireno (productos de aislamiento t\u00e9rmico, objetos flotantes, etc.),<\/b><\/li><li><b>PP o polipropileno (accesorios de autom\u00f3vil, piezas mec\u00e1nicas, etc.),<\/b><\/li><li><b>PET o tereftalato de polietileno (envases desechables, fibras textiles, botellas, etc.),<\/b><\/li><li><b>PVC o cloruro de polivinilo (revestimientos de suelos, puertas y ventanas, tuber\u00edas, etc.).<\/b><\/li><\/ul><p> <\/p><p>Cuando se trata de soldar componentes termopl\u00e1sticos para conseguir un cierre herm\u00e9tico, la elecci\u00f3n de la t\u00e9cnica de soldadura es especialmente importante. Determinar\u00e1 la posibilidad de combinar distintos tipos de pl\u00e1stico, la precisi\u00f3n del proceso de montaje, la resistencia de las uniones producidas y los ritmos de producci\u00f3n. <\/p>\t\t\t\t\t\t\t\t<\/div>\n\t\t\t\t<\/div>\n\t\t\t\t<div class=\"elementor-element elementor-element-9a8f3e8 elementor-invisible elementor-widget elementor-widget-image\" data-id=\"9a8f3e8\" data-element_type=\"widget\" data-settings=\"{&quot;_animation&quot;:&quot;fadeInUp&quot;}\" data-widget_type=\"image.default\">\n\t\t\t\t<div class=\"elementor-widget-container\">\n\t\t\t\t\t\t\t\t\t\t\t\t\t\t\t<img fetchpriority=\"high\" decoding=\"async\" width=\"300\" height=\"300\" src=\"https:\/\/www.matrelec.com\/wp-content\/uploads\/2024\/09\/img-t-1-300x300.png\" class=\"attachment-medium size-medium wp-image-33694\" alt=\"\" srcset=\"https:\/\/www.matrelec.com\/wp-content\/uploads\/2024\/09\/img-t-1-300x300.png 300w, https:\/\/www.matrelec.com\/wp-content\/uploads\/2024\/09\/img-t-1-150x150.png 150w, https:\/\/www.matrelec.com\/wp-content\/uploads\/2024\/09\/img-t-1.png 467w\" sizes=\"(max-width: 300px) 100vw, 300px\" \/>\t\t\t\t\t\t\t\t\t\t\t\t\t\t\t<\/div>\n\t\t\t\t<\/div>\n\t\t\t\t<div class=\"elementor-element elementor-element-66390b7 elementor-invisible elementor-widget elementor-widget-heading\" data-id=\"66390b7\" data-element_type=\"widget\" data-settings=\"{&quot;_animation&quot;:&quot;fadeInUp&quot;}\" data-widget_type=\"heading.default\">\n\t\t\t\t<div class=\"elementor-widget-container\">\n\t\t\t\t\t<h2 class=\"elementor-heading-title elementor-size-default\">\u00bfC\u00f3mo se hacen soldaduras herm\u00e9ticas para pl\u00e1sticos?\n<\/h2>\t\t\t\t<\/div>\n\t\t\t\t<\/div>\n\t\t\t\t<div class=\"elementor-element elementor-element-13b9277 elementor-invisible elementor-widget elementor-widget-text-editor\" data-id=\"13b9277\" data-element_type=\"widget\" data-settings=\"{&quot;_animation&quot;:&quot;fadeInUp&quot;}\" data-widget_type=\"text-editor.default\">\n\t\t\t\t<div class=\"elementor-widget-container\">\n\t\t\t\t\t\t\t\t\t<p>Existen cuatro t\u00e9cnicas principales para unir pl\u00e1sticos r\u00edgidos o flexibles, siempre que pertenezcan a la familia de los termopl\u00e1sticos:<\/p><ul><li><b>Soldadura o pegado en fr\u00edo (uni\u00f3n de componentes mediante resina epoxi o masilla, o colas formadas por part\u00edculas o fibras en suspensi\u00f3n para garantizar la resistencia de la soldadura);<\/b><\/li><li><b>Soldadura fuerte (montaje calentando las piezas y a\u00f1adiendo material en forma de varilla a una temperatura inferior a la de las piezas que se van a soldar, utilizando una pistola de calor o de aire caliente, sobre la base de una temperatura m\u00ednima de 300\u00b0C);<\/b><\/li><li><b>Soldadura por electrodos de alta frecuencia (ensamblaje de componentes mediante un campo electromagn\u00e9tico a una frecuencia de 27,12 MHz, creado por un generador y difundido por uno o varios electrodos a trav\u00e9s de las superficies a soldar sin contacto f\u00edsico);<\/b><\/li><li><b>Soldadura por transductor ultras\u00f3nico (ensamblaje de componentes mediante una corriente el\u00e9ctrica generada por un transductor a una frecuencia de entre 20 y 70 kHz, que provoca oscilaciones y luego vibraciones por contacto directo con las superficies a soldar).<\/b><\/li><\/ul><p> <\/p><p>Para ensamblar piezas o conjuntos termopl\u00e1sticos con soldaduras herm\u00e9ticas, es necesario modificar el estado del material. S\u00f3lo las t\u00e9cnicas de soldadura por alta frecuencia y por ultrasonidos utilizan la agitaci\u00f3n molecular para fusionar los \u00ablabios\u00bb o \u00abbordes\u00bb de las piezas o componentes que se van a unir. Esto produce soldaduras herm\u00e9ticas que son a la vez muy fuertes e indetectables a simple vista.    <\/p><p>Matrelec dise\u00f1a y desarrolla prensas de soldadura de alta frecuencia para empresas francesas y europeas, que les permiten soldar componentes termopl\u00e1sticos en forma de productos o envases.<\/p>\t\t\t\t\t\t\t\t<\/div>\n\t\t\t\t<\/div>\n\t\t\t\t<div class=\"elementor-element elementor-element-b9b94bb elementor-invisible elementor-widget elementor-widget-heading\" data-id=\"b9b94bb\" data-element_type=\"widget\" data-settings=\"{&quot;_animation&quot;:&quot;fadeInUp&quot;}\" data-widget_type=\"heading.default\">\n\t\t\t\t<div class=\"elementor-widget-container\">\n\t\t\t\t\t<h2 class=\"elementor-heading-title elementor-size-default\">\u00bfCu\u00e1l es la diferencia entre un cierre herm\u00e9tico y un cierre estanco?\n<\/h2>\t\t\t\t<\/div>\n\t\t\t\t<\/div>\n\t\t\t\t<div class=\"elementor-element elementor-element-ab072fe elementor-invisible elementor-widget elementor-widget-text-editor\" data-id=\"ab072fe\" data-element_type=\"widget\" data-settings=\"{&quot;_animation&quot;:&quot;fadeInUp&quot;}\" data-widget_type=\"text-editor.default\">\n\t\t\t\t<div class=\"elementor-widget-container\">\n\t\t\t\t\t\t\t\t\t<p>Desde un punto de vista t\u00e9cnico, no hay diferencia significativa entre hacer una soldadura herm\u00e9tica y hacer una soldadura estanca en el campo de los termopl\u00e1sticos.<\/p><p><span style=\"color: var( --e-global-color-text ); text-align: var(--text-align); background-color: var( --e-global-color-0d23d34 );\">El concepto de estanqueidad de la soldadura se aplica al ensamblaje de los componentes de un recipiente (bolsa o sobre) que debe contener l\u00edquidos sin riesgo de p\u00e9rdida o fuga.<\/span><\/p><p><span style=\"color: var( --e-global-color-text ); text-align: var(--text-align); background-color: var( --e-global-color-0d23d34 );\">El concepto de cierre herm\u00e9tico se refiere al ensamblaje de los componentes de un recipiente (sobre o bolsa) dise\u00f1ado para contener productos s\u00f3lidos o l\u00edquidos al vac\u00edo, es decir, sin la posible entrada de aire exterior que podr\u00eda da\u00f1arlos si no se respetan las condiciones de conservaci\u00f3n.<\/span><\/p><p><span style=\"color: var( --e-global-color-text ); text-align: var(--text-align); background-color: var( --e-global-color-0d23d34 );\">Sean cuales sean las necesidades de tu empresa en materia de soldadura herm\u00e9tica o impermeable de termopl\u00e1sticos, Matrelec dispone de una gama de carriles de soldadura y prensas de soldadura de alta frecuencia para montajes de alta velocidad.<\/span><\/p>\t\t\t\t\t\t\t\t<\/div>\n\t\t\t\t<\/div>\n\t\t\t\t<div class=\"elementor-element elementor-element-b348ce0 elementor-align-center elementor-widget elementor-widget-button\" data-id=\"b348ce0\" data-element_type=\"widget\" data-widget_type=\"button.default\">\n\t\t\t\t<div class=\"elementor-widget-container\">\n\t\t\t\t\t\t\t\t\t<div class=\"elementor-button-wrapper\">\n\t\t\t\t\t<a class=\"elementor-button elementor-button-link elementor-size-sm\" href=\"https:\/\/shop.matrelec.com\/fr\/\" target=\"_blank\" rel=\"noopener noreferrer nofollow\">\n\t\t\t\t\t\t<span class=\"elementor-button-content-wrapper\">\n\t\t\t\t\t\t<span class=\"elementor-button-icon\">\n\t\t\t\t<svg aria-hidden=\"true\" class=\"e-font-icon-svg e-fas-chevron-right\" viewBox=\"0 0 320 512\" xmlns=\"http:\/\/www.w3.org\/2000\/svg\"><path d=\"M285.476 272.971L91.132 467.314c-9.373 9.373-24.569 9.373-33.941 0l-22.667-22.667c-9.357-9.357-9.375-24.522-.04-33.901L188.505 256 34.484 101.255c-9.335-9.379-9.317-24.544.04-33.901l22.667-22.667c9.373-9.373 24.569-9.373 33.941 0L285.475 239.03c9.373 9.372 9.373 24.568.001 33.941z\"><\/path><\/svg>\t\t\t<\/span>\n\t\t\t\t\t\t\t\t\t<span class=\"elementor-button-text\">Descubre nuestra tienda online<\/span>\n\t\t\t\t\t<\/span>\n\t\t\t\t\t<\/a>\n\t\t\t\t<\/div>\n\t\t\t\t\t\t\t\t<\/div>\n\t\t\t\t<\/div>\n\t\t\t\t\t<\/div>\n\t\t\t\t<\/div>\n\t\t\t\t<\/div>\n\t\t","protected":false},"excerpt":{"rendered":"<p>Soldadura herm\u00e9tica: los principios La soldadura es la uni\u00f3n permanente de dos piezas o elementos de la misma naturaleza para garantizar la continuidad del material a largo plazo. La soldadura puede realizarse mediante distintas tecnolog\u00edas para unir piezas de metal, pl\u00e1stico o madera. Hay que recordar aqu\u00ed que las t\u00e9cnicas de ensamblaje mediante adhesi\u00f3n (pegamento) [&hellip;]<\/p>\n","protected":false},"author":1,"featured_media":0,"parent":0,"menu_order":0,"comment_status":"closed","ping_status":"closed","template":"","meta":{"_acf_changed":false,"footnotes":""},"class_list":["post-33685","page","type-page","status-publish","hentry"],"acf":[],"_links":{"self":[{"href":"https:\/\/www.matrelec.com\/es\/wp-json\/wp\/v2\/pages\/33685","targetHints":{"allow":["GET"]}}],"collection":[{"href":"https:\/\/www.matrelec.com\/es\/wp-json\/wp\/v2\/pages"}],"about":[{"href":"https:\/\/www.matrelec.com\/es\/wp-json\/wp\/v2\/types\/page"}],"author":[{"embeddable":true,"href":"https:\/\/www.matrelec.com\/es\/wp-json\/wp\/v2\/users\/1"}],"replies":[{"embeddable":true,"href":"https:\/\/www.matrelec.com\/es\/wp-json\/wp\/v2\/comments?post=33685"}],"version-history":[{"count":4,"href":"https:\/\/www.matrelec.com\/es\/wp-json\/wp\/v2\/pages\/33685\/revisions"}],"predecessor-version":[{"id":38290,"href":"https:\/\/www.matrelec.com\/es\/wp-json\/wp\/v2\/pages\/33685\/revisions\/38290"}],"wp:attachment":[{"href":"https:\/\/www.matrelec.com\/es\/wp-json\/wp\/v2\/media?parent=33685"}],"curies":[{"name":"wp","href":"https:\/\/api.w.org\/{rel}","templated":true}]}}