{"id":33688,"date":"2024-09-17T08:11:46","date_gmt":"2024-09-17T06:11:46","guid":{"rendered":"https:\/\/www.matrelec.com\/lonas-de-soldadura\/"},"modified":"2026-01-30T18:02:00","modified_gmt":"2026-01-30T16:02:00","slug":"lonas-de-soldadura","status":"publish","type":"page","link":"https:\/\/www.matrelec.com\/es\/lonas-de-soldadura\/","title":{"rendered":"Lonas de soldadura"},"content":{"rendered":"\t\t<div data-elementor-type=\"wp-page\" data-elementor-id=\"33688\" class=\"elementor elementor-33688 elementor-31462\" data-elementor-post-type=\"page\">\n\t\t\t\t<div class=\"elementor-element elementor-element-690e593 e-flex e-con-boxed e-con e-parent\" data-id=\"690e593\" data-element_type=\"container\">\n\t\t\t\t\t<div class=\"e-con-inner\">\n\t\t\t\t<div class=\"elementor-element elementor-element-7dc85c8 elementor-invisible elementor-widget elementor-widget-heading\" data-id=\"7dc85c8\" data-element_type=\"widget\" data-settings=\"{&quot;_animation&quot;:&quot;fadeInUp&quot;}\" data-widget_type=\"heading.default\">\n\t\t\t\t<div class=\"elementor-widget-container\">\n\t\t\t\t\t<h1 class=\"elementor-heading-title elementor-size-default\">Lonas de soldadura<\/h1>\t\t\t\t<\/div>\n\t\t\t\t<\/div>\n\t\t\t\t\t<\/div>\n\t\t\t\t<\/div>\n\t\t<div class=\"elementor-element elementor-element-824269a e-flex e-con-boxed e-con e-parent\" data-id=\"824269a\" data-element_type=\"container\" data-settings=\"{&quot;background_background&quot;:&quot;classic&quot;}\">\n\t\t\t\t\t<div class=\"e-con-inner\">\n\t\t\t\t<div class=\"elementor-element elementor-element-518fce4 elementor-invisible elementor-widget elementor-widget-heading\" data-id=\"518fce4\" data-element_type=\"widget\" data-settings=\"{&quot;_animation&quot;:&quot;fadeInUp&quot;}\" data-widget_type=\"heading.default\">\n\t\t\t\t<div class=\"elementor-widget-container\">\n\t\t\t\t\t<h2 class=\"elementor-heading-title elementor-size-default\">Preguntas frecuentes sobre las lonas de soldadura<\/h2>\t\t\t\t<\/div>\n\t\t\t\t<\/div>\n\t\t\t\t<div class=\"elementor-element elementor-element-ab7c0d4 elementor-invisible elementor-widget elementor-widget-text-editor\" data-id=\"ab7c0d4\" data-element_type=\"widget\" data-settings=\"{&quot;_animation&quot;:&quot;fadeInUp&quot;}\" data-widget_type=\"text-editor.default\">\n\t\t\t\t<div class=\"elementor-widget-container\">\n\t\t\t\t\t\t\t\t\t<p>Heredera lejana de la lona encerada del siglo XVIII, famosa por sus cualidades impermeables y sus m\u00faltiples usos, la lona de pl\u00e1stico es un componente esencial en muchos sectores de actividad. En el sector del transporte (para camiones, semirremolques y barcos), en el de la construcci\u00f3n (para guarniciones, piscinas y p\u00e9rgolas), en el de los eventos (para carpas de recepci\u00f3n, barnums y marabouts) y en el de la comunicaci\u00f3n (lonas publicitarias), las lonas se utilizan mucho, sobre todo en grandes formatos, a menudo con la necesidad de adaptar formatos est\u00e1ndar. <\/p><p><span style=\"color: var( --e-global-color-text ); text-align: var(--text-align); background-color: var( --e-global-color-0d23d34 );\">La soldadura de lonas es una forma de satisfacer estas necesidades de suministros a medida antes de la fase de personalizaci\u00f3n de la impresi\u00f3n, la colocaci\u00f3n de ojales o cualquier otro sistema de sujeci\u00f3n o fijaci\u00f3n.<\/span><\/p>\t\t\t\t\t\t\t\t<\/div>\n\t\t\t\t<\/div>\n\t\t\t\t<div class=\"elementor-element elementor-element-5e6fb5a elementor-invisible elementor-widget elementor-widget-heading\" data-id=\"5e6fb5a\" data-element_type=\"widget\" data-settings=\"{&quot;_animation&quot;:&quot;fadeInUp&quot;}\" data-widget_type=\"heading.default\">\n\t\t\t\t<div class=\"elementor-widget-container\">\n\t\t\t\t\t<h2 class=\"elementor-heading-title elementor-size-default\">\u00bfQu\u00e9 materiales pl\u00e1sticos se utilizan para fabricar grandes lonas?\n<\/h2>\t\t\t\t<\/div>\n\t\t\t\t<\/div>\n\t\t\t\t<div class=\"elementor-element elementor-element-c817b08 elementor-invisible elementor-widget elementor-widget-text-editor\" data-id=\"c817b08\" data-element_type=\"widget\" data-settings=\"{&quot;_animation&quot;:&quot;fadeInUp&quot;}\" data-widget_type=\"text-editor.default\">\n\t\t\t\t<div class=\"elementor-widget-container\">\n\t\t\t\t\t\t\t\t\t<p>Seg\u00fan el tipo de uso (\u00fanico o m\u00faltiple), el grado de resistencia exigido y el sector de actividad al que se destine, las grandes lonas de pl\u00e1stico pueden fabricarse con distintos termopl\u00e1sticos, como el policloruro de vinilo (PVC) y el polietileno (PE).<\/p><p><span style=\"color: var( --e-global-color-text ); text-align: var(--text-align); background-color: var( --e-global-color-0d23d34 );\">Cuando se requiere un alto nivel de resistencia o para un uso intensivo, la lona se fabrica a partir de policloruro con un revestimiento de vinilo que la hace impermeable, resistente al desgarro y a la abrasi\u00f3n. Este revestimiento tambi\u00e9n facilita las operaciones de impresi\u00f3n. <\/span><\/p><p><span style=\"color: var( --e-global-color-text ); text-align: var(--text-align); background-color: var( --e-global-color-0d23d34 );\">La resistencia de las lonas de pl\u00e1stico tambi\u00e9n depende en parte de su grosor. Las lonas de PVC se caracterizan por su elevado gramaje: entre 400 y 900 gramos por metro cuadrado de superficie. <\/span><\/p><p><span style=\"color: var( --e-global-color-text ); text-align: var(--text-align); background-color: var( --e-global-color-0d23d34 );\">Utilizado sobre todo para fabricar cubiertas de piscinas, el polietileno es a la vez resistente y flexible. Altamente aislante e impermeable, puede utilizarse en forma de HDPE (Polietileno de Alta Densidad) o LDPE (Polietileno de Baja Densidad). <\/span><\/p><p><span style=\"color: var( --e-global-color-text ); text-align: var(--text-align); background-color: var( --e-global-color-0d23d34 );\">Por \u00faltimo, el t\u00e9rmino \u00ablona de pl\u00e1stico\u00bb suele utilizarse err\u00f3neamente para describir las lonas acr\u00edlicas. Estos tejidos t\u00e9cnicos ligeros se utilizan para fabricar velas de sombra, cubiertas para p\u00e9rgolas, carpas y otras tiendas para eventos. <\/span><\/p>\t\t\t\t\t\t\t\t<\/div>\n\t\t\t\t<\/div>\n\t\t\t\t<div class=\"elementor-element elementor-element-e9f51af elementor-invisible elementor-widget elementor-widget-heading\" data-id=\"e9f51af\" data-element_type=\"widget\" data-settings=\"{&quot;_animation&quot;:&quot;fadeInUp&quot;}\" data-widget_type=\"heading.default\">\n\t\t\t\t<div class=\"elementor-widget-container\">\n\t\t\t\t\t<h2 class=\"elementor-heading-title elementor-size-default\">\u00bfC\u00f3mo se montan las lonas r\u00edgidas a medida?\n<\/h2>\t\t\t\t<\/div>\n\t\t\t\t<\/div>\n\t\t\t\t<div class=\"elementor-element elementor-element-7af1e33 elementor-invisible elementor-widget elementor-widget-text-editor\" data-id=\"7af1e33\" data-element_type=\"widget\" data-settings=\"{&quot;_animation&quot;:&quot;fadeInUp&quot;}\" data-widget_type=\"text-editor.default\">\n\t\t\t\t<div class=\"elementor-widget-container\">\n\t\t\t\t\t\t\t\t\t<p>Para dise\u00f1ar lonas r\u00edgidas a medida, suele ser necesario cortar y ensamblar formatos de lona est\u00e1ndar para crear equipos de protecci\u00f3n o cobertura a medida.<\/p>\n<p>Las operaciones de montaje de las l\u00e1minas de pl\u00e1stico pueden realizarse del siguiente modo:<\/p>\n<ul>\n<li><b>collage,<\/b><\/li>\n<li><b>calefacci\u00f3n,<\/b><\/li>\n<li><b>soldadura.<\/b><\/li>\n<\/ul>\n<p><br><\/p><p>Los adhesivos termopl\u00e1sticos pueden utilizarse para reparar o ensamblar componentes de lonas de PVC o PE, siempre que sean peque\u00f1os. Esto se debe a que es muy dif\u00edcil conseguir un ensamblaje muy regular que ofrezca la misma resistencia en toda la longitud de la l\u00e1mina, para la fabricaci\u00f3n de grandes lonas a medida.<br>El ensamblaje termopl\u00e1stico mediante una cuchilla caliente o un espejo que calienta los componentes a ensamblar antes de que entren en contacto entre s\u00ed puede utilizarse para soldaduras de tama\u00f1o modesto (dep\u00f3sitos, filtros, equipos, etc.). Esta tecnolog\u00eda es dif\u00edcil de utilizar para ensamblar grandes planchas de pl\u00e1stico.  <\/p>\n<p><span style=\"color: var( --e-global-color-text ); text-align: var(--text-align); background-color: var( --e-global-color-0d23d34 );\">El ensamblaje de lonas mediante soldadura se basa en el uso de ondas para provocar una excitaci\u00f3n molecular que da lugar al calentamiento del material en los labios de las dos piezas de lona de cloruro de polivinilo o polietileno.<\/span><\/p>\n<p><span style=\"color: var( --e-global-color-text ); text-align: var(--text-align); background-color: var( --e-global-color-0d23d34 );\">La soldadura ultras\u00f3nica utiliza un sonotrodo que oscila y emite ondas para generar excitaci\u00f3n molecular, lo que permite ensamblar piezas relativamente peque\u00f1as.<\/span><\/p>\n<p><span style=\"color: var( --e-global-color-text ); text-align: var(--text-align); background-color: var( --e-global-color-0d23d34 );\">La soldadura de alta frecuencia se basa en la generaci\u00f3n de un campo electromagn\u00e9tico que provoca la agitaci\u00f3n molecular mediante un electrodo. Esta t\u00e9cnica de soldadura es la m\u00e1s adecuada para el ensamblaje de grandes planchas de pl\u00e1stico. <\/span><\/p>\t\t\t\t\t\t\t\t<\/div>\n\t\t\t\t<\/div>\n\t\t\t\t<div class=\"elementor-element elementor-element-9a8f3e8 elementor-invisible elementor-widget elementor-widget-image\" data-id=\"9a8f3e8\" data-element_type=\"widget\" data-settings=\"{&quot;_animation&quot;:&quot;fadeInUp&quot;}\" data-widget_type=\"image.default\">\n\t\t\t\t<div class=\"elementor-widget-container\">\n\t\t\t\t\t\t\t\t\t\t\t\t\t\t\t<img fetchpriority=\"high\" decoding=\"async\" width=\"300\" height=\"300\" src=\"https:\/\/www.matrelec.com\/wp-content\/uploads\/2024\/09\/CCM30_Matrelec_800-768x768-1-300x300.jpg\" class=\"attachment-medium size-medium wp-image-33689\" alt=\"\" srcset=\"https:\/\/www.matrelec.com\/wp-content\/uploads\/2024\/09\/CCM30_Matrelec_800-768x768-1-300x300.jpg 300w, https:\/\/www.matrelec.com\/wp-content\/uploads\/2024\/09\/CCM30_Matrelec_800-768x768-1-150x150.jpg 150w, https:\/\/www.matrelec.com\/wp-content\/uploads\/2024\/09\/CCM30_Matrelec_800-768x768-1.jpg 768w\" sizes=\"(max-width: 300px) 100vw, 300px\" \/>\t\t\t\t\t\t\t\t\t\t\t\t\t\t\t<\/div>\n\t\t\t\t<\/div>\n\t\t\t\t<div class=\"elementor-element elementor-element-66390b7 elementor-invisible elementor-widget elementor-widget-heading\" data-id=\"66390b7\" data-element_type=\"widget\" data-settings=\"{&quot;_animation&quot;:&quot;fadeInUp&quot;}\" data-widget_type=\"heading.default\">\n\t\t\t\t<div class=\"elementor-widget-container\">\n\t\t\t\t\t<h2 class=\"elementor-heading-title elementor-size-default\">\u00bfPor qu\u00e9 algunos conjuntos de lona requieren un ra\u00edl soldado?\n<\/h2>\t\t\t\t<\/div>\n\t\t\t\t<\/div>\n\t\t\t\t<div class=\"elementor-element elementor-element-13b9277 elementor-invisible elementor-widget elementor-widget-text-editor\" data-id=\"13b9277\" data-element_type=\"widget\" data-settings=\"{&quot;_animation&quot;:&quot;fadeInUp&quot;}\" data-widget_type=\"text-editor.default\">\n\t\t\t\t<div class=\"elementor-widget-container\">\n\t\t\t\t\t\t\t\t\t<p>Instalado en la placa calefactora de ciertos modelos de prensas de soldadura de alta frecuencia, el ra\u00edl de soldadura permite realizar uniones de lonas en grandes longitudes. Instalado en una soldadora de alta frecuencia, el ra\u00edl produce soldaduras regulares y resistentes para grandes carteles publicitarios y lonas protectoras de edificios. <\/p><p><span style=\"color: var( --e-global-color-text ); text-align: var(--text-align); background-color: var( --e-global-color-0d23d34 );\">Esta gama de soldadoras de alta frecuencia de Forsstrom, distribuida por Matrelec, permite realizar soldaduras continuas que se caracterizan por su resistencia, sus l\u00edneas rectas y su aspecto invisible.<\/span><\/p>\t\t\t\t\t\t\t\t<\/div>\n\t\t\t\t<\/div>\n\t\t\t\t<div class=\"elementor-element elementor-element-b9b94bb elementor-invisible elementor-widget elementor-widget-heading\" data-id=\"b9b94bb\" data-element_type=\"widget\" data-settings=\"{&quot;_animation&quot;:&quot;fadeInUp&quot;}\" data-widget_type=\"heading.default\">\n\t\t\t\t<div class=\"elementor-widget-container\">\n\t\t\t\t\t<h2 class=\"elementor-heading-title elementor-size-default\">\u00bfC\u00f3mo se sueldan las lonas para camiones?\n<\/h2>\t\t\t\t<\/div>\n\t\t\t\t<\/div>\n\t\t\t\t<div class=\"elementor-element elementor-element-ab072fe elementor-invisible elementor-widget elementor-widget-text-editor\" data-id=\"ab072fe\" data-element_type=\"widget\" data-settings=\"{&quot;_animation&quot;:&quot;fadeInUp&quot;}\" data-widget_type=\"text-editor.default\">\n\t\t\t\t<div class=\"elementor-widget-container\">\n\t\t\t\t\t\t\t\t\t<p>La soldadura de lonas para camiones puede realizarse mediante dos tecnolog\u00edas diferentes: la soldadura por aire caliente y la soldadura por alta frecuencia.<\/p><p>Cuando se trata de montar grandes lonas de remolque, la soldadora de alta frecuencia es la soluci\u00f3n m\u00e1s adecuada:<\/p><ul><li><strong>su capacidad para ensamblar productos de muy gran formato,<\/strong><\/li><li><strong>la movilidad de su cabezal de soldadura,<\/strong><\/li><li><strong>su programabilidad (ciclos de soldadura).<\/strong><\/li><\/ul><p>Para el montaje y la reparaci\u00f3n de lonas para furgonetas, se utiliza la soldadura con soplete con rodillo de presi\u00f3n y boquilla plana para soldar con aire caliente piezas termopl\u00e1sticas del mismo tipo (generalmente PVC).<\/p>\t\t\t\t\t\t\t\t<\/div>\n\t\t\t\t<\/div>\n\t\t\t\t<div class=\"elementor-element elementor-element-1c44e7c elementor-align-center elementor-widget elementor-widget-button\" data-id=\"1c44e7c\" data-element_type=\"widget\" data-widget_type=\"button.default\">\n\t\t\t\t<div class=\"elementor-widget-container\">\n\t\t\t\t\t\t\t\t\t<div class=\"elementor-button-wrapper\">\n\t\t\t\t\t<a class=\"elementor-button elementor-button-link elementor-size-sm\" href=\"https:\/\/shop.matrelec.com\/fr\/\" target=\"_blank\" rel=\"noopener noreferrer nofollow\">\n\t\t\t\t\t\t<span class=\"elementor-button-content-wrapper\">\n\t\t\t\t\t\t<span class=\"elementor-button-icon\">\n\t\t\t\t<svg aria-hidden=\"true\" class=\"e-font-icon-svg e-fas-chevron-right\" viewBox=\"0 0 320 512\" xmlns=\"http:\/\/www.w3.org\/2000\/svg\"><path d=\"M285.476 272.971L91.132 467.314c-9.373 9.373-24.569 9.373-33.941 0l-22.667-22.667c-9.357-9.357-9.375-24.522-.04-33.901L188.505 256 34.484 101.255c-9.335-9.379-9.317-24.544.04-33.901l22.667-22.667c9.373-9.373 24.569-9.373 33.941 0L285.475 239.03c9.373 9.372 9.373 24.568.001 33.941z\"><\/path><\/svg>\t\t\t<\/span>\n\t\t\t\t\t\t\t\t\t<span class=\"elementor-button-text\">Descubre nuestra tienda online<\/span>\n\t\t\t\t\t<\/span>\n\t\t\t\t\t<\/a>\n\t\t\t\t<\/div>\n\t\t\t\t\t\t\t\t<\/div>\n\t\t\t\t<\/div>\n\t\t\t\t\t<\/div>\n\t\t\t\t<\/div>\n\t\t\t\t<\/div>\n\t\t","protected":false},"excerpt":{"rendered":"<p>Preguntas frecuentes sobre las lonas de soldadura Heredera lejana de la lona encerada del siglo XVIII, famosa por sus cualidades impermeables y sus m\u00faltiples usos, la lona de pl\u00e1stico es un componente esencial en muchos sectores de actividad. En el sector del transporte (para camiones, semirremolques y barcos), en el de la construcci\u00f3n (para guarniciones, [&hellip;]<\/p>\n","protected":false},"author":1,"featured_media":0,"parent":0,"menu_order":0,"comment_status":"closed","ping_status":"closed","template":"","meta":{"_acf_changed":false,"footnotes":""},"class_list":["post-33688","page","type-page","status-publish","hentry"],"acf":[],"_links":{"self":[{"href":"https:\/\/www.matrelec.com\/es\/wp-json\/wp\/v2\/pages\/33688","targetHints":{"allow":["GET"]}}],"collection":[{"href":"https:\/\/www.matrelec.com\/es\/wp-json\/wp\/v2\/pages"}],"about":[{"href":"https:\/\/www.matrelec.com\/es\/wp-json\/wp\/v2\/types\/page"}],"author":[{"embeddable":true,"href":"https:\/\/www.matrelec.com\/es\/wp-json\/wp\/v2\/users\/1"}],"replies":[{"embeddable":true,"href":"https:\/\/www.matrelec.com\/es\/wp-json\/wp\/v2\/comments?post=33688"}],"version-history":[{"count":2,"href":"https:\/\/www.matrelec.com\/es\/wp-json\/wp\/v2\/pages\/33688\/revisions"}],"predecessor-version":[{"id":38250,"href":"https:\/\/www.matrelec.com\/es\/wp-json\/wp\/v2\/pages\/33688\/revisions\/38250"}],"wp:attachment":[{"href":"https:\/\/www.matrelec.com\/es\/wp-json\/wp\/v2\/media?parent=33688"}],"curies":[{"name":"wp","href":"https:\/\/api.w.org\/{rel}","templated":true}]}}