{"id":33691,"date":"2024-09-17T08:07:34","date_gmt":"2024-09-17T06:07:34","guid":{"rendered":"https:\/\/www.matrelec.com\/soldadura-de-bolsas-medicas\/"},"modified":"2026-01-30T18:01:33","modified_gmt":"2026-01-30T16:01:33","slug":"soldadura-de-bolsas-medicas","status":"publish","type":"page","link":"https:\/\/www.matrelec.com\/es\/soldadura-de-bolsas-medicas\/","title":{"rendered":"Soldadura de bolsas m\u00e9dicas"},"content":{"rendered":"\t\t<div data-elementor-type=\"wp-page\" data-elementor-id=\"33691\" class=\"elementor elementor-33691 elementor-31457\" data-elementor-post-type=\"page\">\n\t\t\t\t<div class=\"elementor-element elementor-element-690e593 e-flex e-con-boxed e-con e-parent\" data-id=\"690e593\" data-element_type=\"container\">\n\t\t\t\t\t<div class=\"e-con-inner\">\n\t\t\t\t<div class=\"elementor-element elementor-element-7dc85c8 elementor-invisible elementor-widget elementor-widget-heading\" data-id=\"7dc85c8\" data-element_type=\"widget\" data-settings=\"{&quot;_animation&quot;:&quot;fadeInUp&quot;}\" data-widget_type=\"heading.default\">\n\t\t\t\t<div class=\"elementor-widget-container\">\n\t\t\t\t\t<h1 class=\"elementor-heading-title elementor-size-default\">Soldadura de bolsas m\u00e9dicas<\/h1>\t\t\t\t<\/div>\n\t\t\t\t<\/div>\n\t\t\t\t\t<\/div>\n\t\t\t\t<\/div>\n\t\t<div class=\"elementor-element elementor-element-824269a e-flex e-con-boxed e-con e-parent\" data-id=\"824269a\" data-element_type=\"container\" data-settings=\"{&quot;background_background&quot;:&quot;classic&quot;}\">\n\t\t\t\t\t<div class=\"e-con-inner\">\n\t\t\t\t<div class=\"elementor-element elementor-element-518fce4 elementor-invisible elementor-widget elementor-widget-heading\" data-id=\"518fce4\" data-element_type=\"widget\" data-settings=\"{&quot;_animation&quot;:&quot;fadeInUp&quot;}\" data-widget_type=\"heading.default\">\n\t\t\t\t<div class=\"elementor-widget-container\">\n\t\t\t\t\t<h2 class=\"elementor-heading-title elementor-size-default\">Preguntas frecuentes sobre la soldadura de bolsas m\u00e9dicas<\/h2>\t\t\t\t<\/div>\n\t\t\t\t<\/div>\n\t\t\t\t<div class=\"elementor-element elementor-element-ab7c0d4 elementor-invisible elementor-widget elementor-widget-text-editor\" data-id=\"ab7c0d4\" data-element_type=\"widget\" data-settings=\"{&quot;_animation&quot;:&quot;fadeInUp&quot;}\" data-widget_type=\"text-editor.default\">\n\t\t\t\t<div class=\"elementor-widget-container\">\n\t\t\t\t\t\t\t\t\tAunque las botellas de vidrio han sido durante mucho tiempo la norma en la medicina moderna, las bolsas m\u00e9dicas las han sustituido en gran medida, facilitando mucho determinadas actividades asistenciales (cirug\u00eda, medicina, cuidados de seguimiento). Fabricados en PVC, EVA o PE, estos recipientes para soluciones o productos sangu\u00edneos se caracterizan por su plasticidad, flexibilidad, transparencia y propiedades as\u00e9pticas. Los profesionales sanitarios utilizan mucho este material est\u00e9ril o esterilizable, incluso en forma de bolsas compartimentadas.  \n\n\t\t\t\t\t\t\t\t<\/div>\n\t\t\t\t<\/div>\n\t\t\t\t<div class=\"elementor-element elementor-element-5e6fb5a elementor-invisible elementor-widget elementor-widget-heading\" data-id=\"5e6fb5a\" data-element_type=\"widget\" data-settings=\"{&quot;_animation&quot;:&quot;fadeInUp&quot;}\" data-widget_type=\"heading.default\">\n\t\t\t\t<div class=\"elementor-widget-container\">\n\t\t\t\t\t<h2 class=\"elementor-heading-title elementor-size-default\">\u00bfCu\u00e1les son las distintas categor\u00edas de bolsas m\u00e9dicas flexibles?\n<\/h2>\t\t\t\t<\/div>\n\t\t\t\t<\/div>\n\t\t\t\t<div class=\"elementor-element elementor-element-c817b08 elementor-invisible elementor-widget elementor-widget-text-editor\" data-id=\"c817b08\" data-element_type=\"widget\" data-settings=\"{&quot;_animation&quot;:&quot;fadeInUp&quot;}\" data-widget_type=\"text-editor.default\">\n\t\t\t\t<div class=\"elementor-widget-container\">\n\t\t\t\t\t\t\t\t\t<p>Las bolsas m\u00e9dicas flexibles pueden clasificarse seg\u00fan su tipo de uso o su m\u00e9todo de utilizaci\u00f3n.<\/p><p><span style=\"color: var( --e-global-color-text ); text-align: var(--text-align); background-color: var( --e-global-color-0d23d34 );\">La primera categor\u00eda se refiere a las bolsas de transfusi\u00f3n sangu\u00ednea, que est\u00e1n dise\u00f1adas para contener productos sangu\u00edneos: plaquetas, plasma, crioprecipitado, sangre total, etc. Maleable y est\u00e9ril, este tipo de recipiente de borde redondeado impide la coagulaci\u00f3n del producto sangu\u00edneo contenido.<\/span><\/p><p><span style=\"color: var( --e-global-color-text ); text-align: var(--text-align); background-color: var( --e-global-color-0d23d34 );\">La segunda categor\u00eda de recipientes muy utilizados por los profesionales sanitarios son las bolsas de soluciones (cloruro, dextrosa, glucosa, etc.), que se utilizan esencialmente para infundir cloruro s\u00f3dico o glucosa. El objetivo es proporcionar diversos nutrientes por v\u00eda intravenosa, sobre todo en casos de deshidrataci\u00f3n extracelular. <\/span><\/p><p><span style=\"color: var( --e-global-color-text ); text-align: var(--text-align); background-color: var( --e-global-color-0d23d34 );\">La tercera categor\u00eda de recipientes son las bolsas de hemodi\u00e1lisis, que contienen dialisato. Esta soluci\u00f3n salina a base de bicarbonato s\u00f3dico se utiliza para limpiar la sangre de las personas que padecen insuficiencia renal mediante di\u00e1lisis peritoneal. Estas bolsas m\u00e9dicas son f\u00e1ciles de manejar, ya que hay que cambiarlas cada 5 o 10 minutos.  <\/span><\/p><p><span style=\"color: var( --e-global-color-text ); text-align: var(--text-align); background-color: var( --e-global-color-0d23d34 );\">La cuarta categor\u00eda de recipientes son las bolsas de drenaje, que se utilizan para recoger los productos de desecho del cuerpo humano (sangre, orina, heces, etc.). Las bolsas de ostom\u00eda las utilizan los pacientes con problemas del tubo digestivo. <\/span><\/p><p><span style=\"color: var( --e-global-color-text ); text-align: var(--text-align); background-color: var( --e-global-color-0d23d34 );\">Por \u00faltimo, la categor\u00eda muy espec\u00edfica de bolsas m\u00e9dicas con compartimentos permite infundir a los pacientes varias soluciones sin que se mezclen.<\/span><\/p>\t\t\t\t\t\t\t\t<\/div>\n\t\t\t\t<\/div>\n\t\t\t\t<div class=\"elementor-element elementor-element-b931baa elementor-invisible elementor-widget elementor-widget-heading\" data-id=\"b931baa\" data-element_type=\"widget\" data-settings=\"{&quot;_animation&quot;:&quot;fadeInUp&quot;}\" data-widget_type=\"heading.default\">\n\t\t\t\t<div class=\"elementor-widget-container\">\n\t\t\t\t\t<h2 class=\"elementor-heading-title elementor-size-default\">\u00bfQu\u00e9 materiales se utilizan para fabricar bolsas m\u00e9dicas?\n<\/h2>\t\t\t\t<\/div>\n\t\t\t\t<\/div>\n\t\t\t\t<div class=\"elementor-element elementor-element-86108d9 elementor-invisible elementor-widget elementor-widget-text-editor\" data-id=\"86108d9\" data-element_type=\"widget\" data-settings=\"{&quot;_animation&quot;:&quot;fadeInUp&quot;}\" data-widget_type=\"text-editor.default\">\n\t\t\t\t<div class=\"elementor-widget-container\">\n\t\t\t\t\t\t\t\t\t<p>Al requerir el uso de materiales caracterizados por su flexibilidad y plasticidad, las bolsas m\u00e9dicas se fabrican con termopl\u00e1sticos.<\/p><p><span style=\"color: var( --e-global-color-text ); text-align: var(--text-align); background-color: var( --e-global-color-0d23d34 );\">El cloruro de polivinilo es el material m\u00e1s utilizado por su versatilidad y sensibilidad. No es sensible a los diversos l\u00edquidos utilizados en el sector m\u00e9dico, lo que lo hace ideal para la fabricaci\u00f3n de bolsas de sangre. <\/span><\/p><p><span style=\"color: var( --e-global-color-text ); text-align: var(--text-align); background-color: var( --e-global-color-0d23d34 );\">Las bolsas m\u00e9dicas tambi\u00e9n pueden fabricarse con polipropileno, aunque es menos pr\u00e1ctico que el cloruro de polivinilo debido a su mayor rigidez. Utilizado para ciertos dispositivos espec\u00edficos, el PP es resistente al calor y no t\u00f3xico, y puede esterilizarse y ensamblarse f\u00e1cilmente mediante soldadura de alta frecuencia. <\/span><\/p><p><span style=\"color: var( --e-global-color-text ); text-align: var(--text-align); background-color: var( --e-global-color-0d23d34 );\">Por \u00faltimo, el etilvinilacetato est\u00e1 ganando popularidad en el sector m\u00e9dico como pl\u00e1stico utilizado en la fabricaci\u00f3n de bolsas m\u00e9dicas. Esto se debe tanto a su elasticidad como a su alto nivel de transparencia. <\/span><\/p>\t\t\t\t\t\t\t\t<\/div>\n\t\t\t\t<\/div>\n\t\t\t\t<div class=\"elementor-element elementor-element-9c440d4 elementor-invisible elementor-widget elementor-widget-heading\" data-id=\"9c440d4\" data-element_type=\"widget\" data-settings=\"{&quot;_animation&quot;:&quot;fadeInUp&quot;}\" data-widget_type=\"heading.default\">\n\t\t\t\t<div class=\"elementor-widget-container\">\n\t\t\t\t\t<h2 class=\"elementor-heading-title elementor-size-default\">\u00bfC\u00f3mo se montan las bolsas m\u00e9dicas sin costuras?\n<\/h2>\t\t\t\t<\/div>\n\t\t\t\t<\/div>\n\t\t\t\t<div class=\"elementor-element elementor-element-5c84827 elementor-invisible elementor-widget elementor-widget-text-editor\" data-id=\"5c84827\" data-element_type=\"widget\" data-settings=\"{&quot;_animation&quot;:&quot;fadeInUp&quot;}\" data-widget_type=\"text-editor.default\">\n\t\t\t\t<div class=\"elementor-widget-container\">\n\t\t\t\t\t\t\t\t\t<p>Las bolsas m\u00e9dicas deben cerrarse herm\u00e9ticamente para evitar un doble problema: la p\u00e9rdida de sustancia o los riesgos de contaminaci\u00f3n que provocar\u00edan la desreferenciaci\u00f3n del contenido. La ausencia de costuras reduce en gran medida estos riesgos y facilita su uso y cierre en un entorno est\u00e9ril. <\/p><p><span style=\"color: var( --e-global-color-text ); text-align: var(--text-align); background-color: var( --e-global-color-0d23d34 );\">La soldadura de bolsas es un m\u00e9todo de fabricaci\u00f3n que permite ensamblar piezas termopl\u00e1sticas sin utilizar costuras. La tecnolog\u00eda de alta frecuencia aplicada por las soldadoras permite ensamblar bolsas m\u00e9dicas cumpliendo las normas reglamentarias vigentes y las especificaciones m\u00e1s precisas. <\/span><\/p>\t\t\t\t\t\t\t\t<\/div>\n\t\t\t\t<\/div>\n\t\t\t\t<div class=\"elementor-element elementor-element-9a8f3e8 elementor-invisible elementor-widget elementor-widget-image\" data-id=\"9a8f3e8\" data-element_type=\"widget\" data-settings=\"{&quot;_animation&quot;:&quot;fadeInUp&quot;}\" data-widget_type=\"image.default\">\n\t\t\t\t<div class=\"elementor-widget-container\">\n\t\t\t\t\t\t\t\t\t\t\t\t\t\t\t<img fetchpriority=\"high\" decoding=\"async\" width=\"448\" height=\"211\" src=\"https:\/\/www.matrelec.com\/wp-content\/uploads\/2024\/09\/img-blisty-1-1.png\" class=\"attachment-large size-large wp-image-33250\" alt=\"\" srcset=\"https:\/\/www.matrelec.com\/wp-content\/uploads\/2024\/09\/img-blisty-1-1.png 448w, https:\/\/www.matrelec.com\/wp-content\/uploads\/2024\/09\/img-blisty-1-1-300x141.png 300w\" sizes=\"(max-width: 448px) 100vw, 448px\" \/>\t\t\t\t\t\t\t\t\t\t\t\t\t\t\t<\/div>\n\t\t\t\t<\/div>\n\t\t\t\t<div class=\"elementor-element elementor-element-fe500d5 elementor-invisible elementor-widget elementor-widget-heading\" data-id=\"fe500d5\" data-element_type=\"widget\" data-settings=\"{&quot;_animation&quot;:&quot;fadeInUp&quot;}\" data-widget_type=\"heading.default\">\n\t\t\t\t<div class=\"elementor-widget-container\">\n\t\t\t\t\t<h2 class=\"elementor-heading-title elementor-size-default\">\u00bfQu\u00e9 tecnolog\u00edas se utilizan en las soldadoras de bolsas?\n<\/h2>\t\t\t\t<\/div>\n\t\t\t\t<\/div>\n\t\t\t\t<div class=\"elementor-element elementor-element-d047a80 elementor-invisible elementor-widget elementor-widget-text-editor\" data-id=\"d047a80\" data-element_type=\"widget\" data-settings=\"{&quot;_animation&quot;:&quot;fadeInUp&quot;}\" data-widget_type=\"text-editor.default\">\n\t\t\t\t<div class=\"elementor-widget-container\">\n\t\t\t\t\t\t\t\t\t<p>Los bolsillos de soldadura requieren el uso de tecnolog\u00edas que permitan ensamblar termopl\u00e1sticos que cumplan expresamente las normas sanitarias y m\u00e9dicas m\u00e1s exigentes. Estas t\u00e9cnicas, que se basan en la vibraci\u00f3n de las mol\u00e9culas en las zonas de contacto de los elementos termopl\u00e1sticos a unir, producen soldaduras regulares, rectas, lisas y muy resistentes. <\/p><p><span style=\"color: var( --e-global-color-text ); text-align: var(--text-align); background-color: var( --e-global-color-0d23d34 );\">Las prensas de soldadura para bolsas m\u00e9dicas y bolsas sanitarias se basan en el uso de campos electromagn\u00e9ticos producidos mediante un sonotrodo para la soldadura por ultrasonidos, mediante un electrodo de lat\u00f3n y una canica para la soldadura por HF.<\/span><\/p>\t\t\t\t\t\t\t\t<\/div>\n\t\t\t\t<\/div>\n\t\t\t\t<div class=\"elementor-element elementor-element-5e7b03b elementor-align-center elementor-widget elementor-widget-button\" data-id=\"5e7b03b\" data-element_type=\"widget\" data-widget_type=\"button.default\">\n\t\t\t\t<div class=\"elementor-widget-container\">\n\t\t\t\t\t\t\t\t\t<div class=\"elementor-button-wrapper\">\n\t\t\t\t\t<a class=\"elementor-button elementor-button-link elementor-size-sm\" href=\"https:\/\/shop.matrelec.com\/fr\/\" target=\"_blank\" rel=\"noopener noreferrer nofollow\">\n\t\t\t\t\t\t<span class=\"elementor-button-content-wrapper\">\n\t\t\t\t\t\t<span class=\"elementor-button-icon\">\n\t\t\t\t<svg aria-hidden=\"true\" class=\"e-font-icon-svg e-fas-chevron-right\" viewBox=\"0 0 320 512\" xmlns=\"http:\/\/www.w3.org\/2000\/svg\"><path d=\"M285.476 272.971L91.132 467.314c-9.373 9.373-24.569 9.373-33.941 0l-22.667-22.667c-9.357-9.357-9.375-24.522-.04-33.901L188.505 256 34.484 101.255c-9.335-9.379-9.317-24.544.04-33.901l22.667-22.667c9.373-9.373 24.569-9.373 33.941 0L285.475 239.03c9.373 9.372 9.373 24.568.001 33.941z\"><\/path><\/svg>\t\t\t<\/span>\n\t\t\t\t\t\t\t\t\t<span class=\"elementor-button-text\">Descubre nuestra tienda online<\/span>\n\t\t\t\t\t<\/span>\n\t\t\t\t\t<\/a>\n\t\t\t\t<\/div>\n\t\t\t\t\t\t\t\t<\/div>\n\t\t\t\t<\/div>\n\t\t\t\t\t<\/div>\n\t\t\t\t<\/div>\n\t\t\t\t<\/div>\n\t\t","protected":false},"excerpt":{"rendered":"<p>Preguntas frecuentes sobre la soldadura de bolsas m\u00e9dicas Aunque las botellas de vidrio han sido durante mucho tiempo la norma en la medicina moderna, las bolsas m\u00e9dicas las han sustituido en gran medida, facilitando mucho determinadas actividades asistenciales (cirug\u00eda, medicina, cuidados de seguimiento). Fabricados en PVC, EVA o PE, estos recipientes para soluciones o productos [&hellip;]<\/p>\n","protected":false},"author":1,"featured_media":0,"parent":0,"menu_order":0,"comment_status":"closed","ping_status":"closed","template":"","meta":{"_acf_changed":false,"footnotes":""},"class_list":["post-33691","page","type-page","status-publish","hentry"],"acf":[],"_links":{"self":[{"href":"https:\/\/www.matrelec.com\/es\/wp-json\/wp\/v2\/pages\/33691","targetHints":{"allow":["GET"]}}],"collection":[{"href":"https:\/\/www.matrelec.com\/es\/wp-json\/wp\/v2\/pages"}],"about":[{"href":"https:\/\/www.matrelec.com\/es\/wp-json\/wp\/v2\/types\/page"}],"author":[{"embeddable":true,"href":"https:\/\/www.matrelec.com\/es\/wp-json\/wp\/v2\/users\/1"}],"replies":[{"embeddable":true,"href":"https:\/\/www.matrelec.com\/es\/wp-json\/wp\/v2\/comments?post=33691"}],"version-history":[{"count":2,"href":"https:\/\/www.matrelec.com\/es\/wp-json\/wp\/v2\/pages\/33691\/revisions"}],"predecessor-version":[{"id":38233,"href":"https:\/\/www.matrelec.com\/es\/wp-json\/wp\/v2\/pages\/33691\/revisions\/38233"}],"wp:attachment":[{"href":"https:\/\/www.matrelec.com\/es\/wp-json\/wp\/v2\/media?parent=33691"}],"curies":[{"name":"wp","href":"https:\/\/api.w.org\/{rel}","templated":true}]}}