{"id":33693,"date":"2024-09-17T08:02:32","date_gmt":"2024-09-17T06:02:32","guid":{"rendered":"https:\/\/www.matrelec.com\/soldadura-invisible\/"},"modified":"2026-01-30T18:01:54","modified_gmt":"2026-01-30T16:01:54","slug":"soldadura-invisible","status":"publish","type":"page","link":"https:\/\/www.matrelec.com\/es\/soldadura-invisible\/","title":{"rendered":"Soldadura invisible"},"content":{"rendered":"\t\t<div data-elementor-type=\"wp-page\" data-elementor-id=\"33693\" class=\"elementor elementor-33693 elementor-31451\" data-elementor-post-type=\"page\">\n\t\t\t\t<div class=\"elementor-element elementor-element-690e593 e-flex e-con-boxed e-con e-parent\" data-id=\"690e593\" data-element_type=\"container\">\n\t\t\t\t\t<div class=\"e-con-inner\">\n\t\t\t\t<div class=\"elementor-element elementor-element-7dc85c8 elementor-invisible elementor-widget elementor-widget-heading\" data-id=\"7dc85c8\" data-element_type=\"widget\" data-settings=\"{&quot;_animation&quot;:&quot;fadeInUp&quot;}\" data-widget_type=\"heading.default\">\n\t\t\t\t<div class=\"elementor-widget-container\">\n\t\t\t\t\t<h1 class=\"elementor-heading-title elementor-size-default\">Soldadura invisible<\/h1>\t\t\t\t<\/div>\n\t\t\t\t<\/div>\n\t\t\t\t\t<\/div>\n\t\t\t\t<\/div>\n\t\t<div class=\"elementor-element elementor-element-824269a e-flex e-con-boxed e-con e-parent\" data-id=\"824269a\" data-element_type=\"container\" data-settings=\"{&quot;background_background&quot;:&quot;classic&quot;}\">\n\t\t\t\t\t<div class=\"e-con-inner\">\n\t\t\t\t<div class=\"elementor-element elementor-element-518fce4 elementor-invisible elementor-widget elementor-widget-heading\" data-id=\"518fce4\" data-element_type=\"widget\" data-settings=\"{&quot;_animation&quot;:&quot;fadeInUp&quot;}\" data-widget_type=\"heading.default\">\n\t\t\t\t<div class=\"elementor-widget-container\">\n\t\t\t\t\t<h2 class=\"elementor-heading-title elementor-size-default\">Soldadura invisible: conceptos b\u00e1sicos<\/h2>\t\t\t\t<\/div>\n\t\t\t\t<\/div>\n\t\t\t\t<div class=\"elementor-element elementor-element-ab7c0d4 elementor-invisible elementor-widget elementor-widget-text-editor\" data-id=\"ab7c0d4\" data-element_type=\"widget\" data-settings=\"{&quot;_animation&quot;:&quot;fadeInUp&quot;}\" data-widget_type=\"text-editor.default\">\n\t\t\t\t<div class=\"elementor-widget-container\">\n\t\t\t\t\t\t\t\t\t<p>Seg\u00fan el tipo de material que se vaya a unir, las soldaduras invisibles pueden ser o no un objetivo alcanzable:<\/p><ul><li>Al unir metales, la visibilidad de una soldadura depende principalmente de la t\u00e9cnica de uni\u00f3n utilizada. Mientras que la mayor\u00eda de las tecnolog\u00edas de soldadura dan lugar a la creaci\u00f3n de un cord\u00f3n de soldadura, la soldadura l\u00e1ser funde los labios de las piezas a soldar. Esta tecnolog\u00eda eleva el metal a su punto de fusi\u00f3n, haciendo que la soldadura sea invisible a simple vista una vez enfriada.  <\/li><li>Cuando se une madera, la t\u00e9cnica de soldadura utilizada es la soldadura por fricci\u00f3n, con las piezas sometidas a presi\u00f3n, se desencadena una reacci\u00f3n qu\u00edmica que confiere a la lignina un car\u00e1cter adhesivo. Esto crea soldaduras que, aunque son muy fuertes, son visibles a simple vista debido a la propia estructura de la madera basada en fibras. <\/li><li>Cuando se trata de ensamblar pl\u00e1sticos, la diversidad de materiales hace que las operaciones de soldadura sean o no posibles, seg\u00fan su naturaleza. De hecho, son los termopl\u00e1sticos los que, por su propia naturaleza, tienen capacidad de fusi\u00f3n para crear soldaduras. Seg\u00fan la tecnolog\u00eda de ensamblaje utilizada, la soldadura resultante puede ser visible o invisible.  <\/li><\/ul><p> <\/p><p>Adem\u00e1s de la durabilidad en el tiempo y la resistencia, la calidad de una soldadura tambi\u00e9n depende de su aspecto est\u00e9tico (su visibilidad o, por el contrario, su invisibilidad). Seg\u00fan el tipo de componente que se vaya a ensamblar y el cliente al que se destine, la visibilidad de la soldadura puede ser un signo de calidad (conjuntos mecanosoldados, maquinaria industrial, etc.) o, por el contrario, un s\u00edmbolo de no calidad (cubiertas de piscina, envases de pl\u00e1stico, etc.). <\/p><p><span style=\"color: var( --e-global-color-text ); text-align: var(--text-align); background-color: var( --e-global-color-0d23d34 );\">En \u00faltima instancia, la invisibilidad de una soldadura depende de las propiedades y caracter\u00edsticas de cada material, pero tambi\u00e9n de la precisi\u00f3n y eficacia de la t\u00e9cnica de soldadura utilizada.<\/span><\/p>\t\t\t\t\t\t\t\t<\/div>\n\t\t\t\t<\/div>\n\t\t\t\t<div class=\"elementor-element elementor-element-5e6fb5a elementor-invisible elementor-widget elementor-widget-heading\" data-id=\"5e6fb5a\" data-element_type=\"widget\" data-settings=\"{&quot;_animation&quot;:&quot;fadeInUp&quot;}\" data-widget_type=\"heading.default\">\n\t\t\t\t<div class=\"elementor-widget-container\">\n\t\t\t\t\t<h2 class=\"elementor-heading-title elementor-size-default\">\u00bfQu\u00e9 tecnolog\u00edas se necesitan para las soldaduras invisibles en pl\u00e1sticos?\n<\/h2>\t\t\t\t<\/div>\n\t\t\t\t<\/div>\n\t\t\t\t<div class=\"elementor-element elementor-element-c817b08 elementor-invisible elementor-widget elementor-widget-text-editor\" data-id=\"c817b08\" data-element_type=\"widget\" data-settings=\"{&quot;_animation&quot;:&quot;fadeInUp&quot;}\" data-widget_type=\"text-editor.default\">\n\t\t\t\t<div class=\"elementor-widget-container\">\n\t\t\t\t\t\t\t\t\t<p>Dependiendo de las tecnolog\u00edas utilizadas para soldar materiales pl\u00e1sticos, los resultados de los ensamblajes pueden ser soldaduras f\u00e1cilmente visibles o soldaduras indetectables a simple vista.<\/p><p><span style=\"color: var( --e-global-color-text ); text-align: var(--text-align); background-color: var( --e-global-color-0d23d34 );\">Los m\u00e9todos de calentamiento externo para soldar suelen dar lugar a soldaduras m\u00e1s o menos visibles:<\/span><\/p><ul><li>La soldadura por aire caliente comienza ranurando las piezas a unir mediante una ranura en V antes de depositar el material de aportaci\u00f3n. La soldadura resultante es un cord\u00f3n muy visible. <\/li><li>La soldadura por rotaci\u00f3n o vibraci\u00f3n utiliza la presi\u00f3n y los movimientos circulares para unir dos piezas de pl\u00e1stico, haci\u00e9ndolas estancas y resistentes. Esta tecnolog\u00eda produce soldaduras apenas visibles, y est\u00e1 dise\u00f1ada principalmente para piezas redondas, ovaladas o cil\u00edndricas. <\/li><li>Soldadura por l\u00e1minas o soldadura por espejos calentados, que utiliza el calor para ablandar simult\u00e1neamente las superficies de las dos piezas que se van a unir antes de presurizarlas para darles forma. Esta tecnolog\u00eda puede utilizarse para unir geometr\u00edas complejas y superficies curvas. El enfriamiento garantiza un ensamblaje s\u00f3lido y resistente en forma de uni\u00f3n soldada.  <\/li><\/ul><p>Sin embargo, son los procesos de ensamblaje de pl\u00e1stico utilizados en la estructura interna de las piezas de pl\u00e1stico los que permiten producir soldaduras invisibles:<\/p><ul><li>La soldadura por ultrasonidos permite unir dos piezas creando una agitaci\u00f3n molecular de sus bordes en el punto de contacto, mediante oscilaciones de alta frecuencia (de 20 a 70 kHz) generadas por una herramienta vibratoria denominada sonotrodo o cabezal de soldadura. Esta tecnolog\u00eda est\u00e1 dise\u00f1ada para soldar pol\u00edmeros con temperaturas de fusi\u00f3n relativamente bajas (ABS, PP, PE, PMM, PS, etc.). Permite una uni\u00f3n muy r\u00e1pida de los componentes que se van a ensamblar, en forma de una superficie de soldadura lisa y limpia que no es perceptible a simple vista.  <\/li><li>La soldadura de alta frecuencia permite ensamblar instant\u00e1neamente varias piezas sin contacto gracias a las vibraciones moleculares generadas por un campo electromagn\u00e9tico de alta frecuencia (27,12 MHz) por uno o varios electrodos colocados en un generador de corriente el\u00e9ctrica. Este tipo de soldadura se utiliza para unir pol\u00edmeros de alto punto de fusi\u00f3n (PVC, PEEK, PET, PETP, PC, PA, etc.). La soldadura creada con este m\u00e9todo es s\u00f3lida, limpia, n\u00edtida y, sobre todo, invisible.  <\/li><\/ul><p> <\/p><p>La soldadura invisible de pl\u00e1sticos se genera mediante ultrasonidos o alta frecuencia, gracias a la agitaci\u00f3n molecular que modifica la estructura del material, creando continuidad entre las dos superficies que se unen.<\/p>\t\t\t\t\t\t\t\t<\/div>\n\t\t\t\t<\/div>\n\t\t\t\t<div class=\"elementor-element elementor-element-f38fb09 elementor-invisible elementor-widget elementor-widget-image\" data-id=\"f38fb09\" data-element_type=\"widget\" data-settings=\"{&quot;_animation&quot;:&quot;fadeInUp&quot;}\" data-widget_type=\"image.default\">\n\t\t\t\t<div class=\"elementor-widget-container\">\n\t\t\t\t\t\t\t\t\t\t\t\t\t\t\t<img fetchpriority=\"high\" decoding=\"async\" width=\"300\" height=\"300\" src=\"https:\/\/www.matrelec.com\/wp-content\/uploads\/2024\/09\/img-t-1-300x300.png\" class=\"attachment-medium size-medium wp-image-33694\" alt=\"\" srcset=\"https:\/\/www.matrelec.com\/wp-content\/uploads\/2024\/09\/img-t-1-300x300.png 300w, https:\/\/www.matrelec.com\/wp-content\/uploads\/2024\/09\/img-t-1-150x150.png 150w, https:\/\/www.matrelec.com\/wp-content\/uploads\/2024\/09\/img-t-1.png 467w\" sizes=\"(max-width: 300px) 100vw, 300px\" \/>\t\t\t\t\t\t\t\t\t\t\t\t\t\t\t<\/div>\n\t\t\t\t<\/div>\n\t\t\t\t<div class=\"elementor-element elementor-element-e9f51af elementor-invisible elementor-widget elementor-widget-heading\" data-id=\"e9f51af\" data-element_type=\"widget\" data-settings=\"{&quot;_animation&quot;:&quot;fadeInUp&quot;}\" data-widget_type=\"heading.default\">\n\t\t\t\t<div class=\"elementor-widget-container\">\n\t\t\t\t\t<h2 class=\"elementor-heading-title elementor-size-default\">\u00bfQu\u00e9 termopl\u00e1sticos pueden soldarse de forma invisible?\n<\/h2>\t\t\t\t<\/div>\n\t\t\t\t<\/div>\n\t\t\t\t<div class=\"elementor-element elementor-element-7af1e33 elementor-invisible elementor-widget elementor-widget-text-editor\" data-id=\"7af1e33\" data-element_type=\"widget\" data-settings=\"{&quot;_animation&quot;:&quot;fadeInUp&quot;}\" data-widget_type=\"text-editor.default\">\n\t\t\t\t<div class=\"elementor-widget-container\">\n\t\t\t\t\t\t\t\t\t<p>Todos los termopl\u00e1sticos pueden unirse mediante tecnolog\u00edas de soldadura por ultrasonidos o alta frecuencia. Gracias a sus caracter\u00edsticas fisicoqu\u00edmicas (cadenas moleculares lineales que se deslizan unas sobre otras), la creaci\u00f3n de agitaci\u00f3n molecular permite obtener soldaduras homog\u00e9neas, uniformes e invisibles. <\/p><p><span style=\"color: var( --e-global-color-text ); text-align: var(--text-align); background-color: var( --e-global-color-0d23d34 );\">Ya sean semicristalinos (opacos o lechosos a simple vista) o amorfos (de aspecto transparente), los siguientes termopl\u00e1sticos pueden unirse mediante soldaduras invisibles:<\/span><\/p><ul><li>EVA (etilvinilacetato),<\/li><li>PETG (tereftalato de polietilenglicol),<\/li><li>PVC (cloruro de polivinilo),<\/li><li>PA (Poliamida),<\/li><li>PC (Policarbonato),<\/li><li>PETP (poli\u00e9ster termopl\u00e1stico)<\/li><li>PET (tereftalato de polietileno),<\/li><li>PEEK (Polieteretercetona),<\/li><li>ABS (Acrilonitrilo butadieno estireno),<\/li><li>PS (poliestireno),<\/li><li>PMM (polimetacrilato de metilo),<\/li><li>PE (Polietileno),<\/li><li>PP (Polipropileno),<\/li><li>&#8230;<\/li><\/ul><p> <\/p><p>Aunque para unir la mayor\u00eda de los termopl\u00e1sticos es esencial que la soldadura sea invisible, no siempre es as\u00ed. Depende del material y de los objetivos de aplicaci\u00f3n de cada sector industrial. Por ejemplo, las planchas de PVC deben soldarse de forma invisible en los sectores de telecomunicaciones (carcasas de m\u00f3viles, etc.), papeler\u00eda (carpetas, agendas, etc.), publicidad (estuches, expositores, fundas, etc.) y marroquiner\u00eda (bolsas, carteras, etc.). En cambio, para las piezas de PETG utilizadas en equipos de protecci\u00f3n para la industria (cubiertas y carcasas de m\u00e1quinas herramienta), productos sanitarios, piezas ortop\u00e9dicas y envases de cosm\u00e9ticos, el car\u00e1cter invisible de la soldadura puede ser facultativo para los primeros y obligatorio para los segundos.   <\/p><p><span style=\"color: var( --e-global-color-text ); text-align: var(--text-align); background-color: var( --e-global-color-0d23d34 );\">Por tanto, es esencial que los actores de estos sectores utilicen equipos de soldadura de alto rendimiento, tanto en t\u00e9rminos de calidad de la soldadura como de volumen de producci\u00f3n. Para responder a estas necesidades, Matrelec ha dise\u00f1ado y desarrollado una gama de carriles de soldadura y prensas de soldadura de alta frecuencia (parcial o totalmente automatizadas) capaces de producir soldaduras invisibles de alta velocidad para termopl\u00e1sticos. <\/span><\/p>\t\t\t\t\t\t\t\t<\/div>\n\t\t\t\t<\/div>\n\t\t\t\t<div class=\"elementor-element elementor-element-a580939 elementor-align-center elementor-widget elementor-widget-button\" data-id=\"a580939\" data-element_type=\"widget\" data-widget_type=\"button.default\">\n\t\t\t\t<div class=\"elementor-widget-container\">\n\t\t\t\t\t\t\t\t\t<div class=\"elementor-button-wrapper\">\n\t\t\t\t\t<a class=\"elementor-button elementor-button-link elementor-size-sm\" href=\"https:\/\/shop.matrelec.com\/fr\/\" target=\"_blank\" rel=\"noopener noreferrer nofollow\">\n\t\t\t\t\t\t<span class=\"elementor-button-content-wrapper\">\n\t\t\t\t\t\t<span class=\"elementor-button-icon\">\n\t\t\t\t<svg aria-hidden=\"true\" class=\"e-font-icon-svg e-fas-chevron-right\" viewBox=\"0 0 320 512\" xmlns=\"http:\/\/www.w3.org\/2000\/svg\"><path d=\"M285.476 272.971L91.132 467.314c-9.373 9.373-24.569 9.373-33.941 0l-22.667-22.667c-9.357-9.357-9.375-24.522-.04-33.901L188.505 256 34.484 101.255c-9.335-9.379-9.317-24.544.04-33.901l22.667-22.667c9.373-9.373 24.569-9.373 33.941 0L285.475 239.03c9.373 9.372 9.373 24.568.001 33.941z\"><\/path><\/svg>\t\t\t<\/span>\n\t\t\t\t\t\t\t\t\t<span class=\"elementor-button-text\">Descubre nuestra tienda online<\/span>\n\t\t\t\t\t<\/span>\n\t\t\t\t\t<\/a>\n\t\t\t\t<\/div>\n\t\t\t\t\t\t\t\t<\/div>\n\t\t\t\t<\/div>\n\t\t\t\t\t<\/div>\n\t\t\t\t<\/div>\n\t\t\t\t<\/div>\n\t\t","protected":false},"excerpt":{"rendered":"<p>Soldadura invisible: conceptos b\u00e1sicos Seg\u00fan el tipo de material que se vaya a unir, las soldaduras invisibles pueden ser o no un objetivo alcanzable: Al unir metales, la visibilidad de una soldadura depende principalmente de la t\u00e9cnica de uni\u00f3n utilizada. Mientras que la mayor\u00eda de las tecnolog\u00edas de soldadura dan lugar a la creaci\u00f3n de [&hellip;]<\/p>\n","protected":false},"author":1,"featured_media":0,"parent":0,"menu_order":0,"comment_status":"closed","ping_status":"closed","template":"","meta":{"_acf_changed":false,"footnotes":""},"class_list":["post-33693","page","type-page","status-publish","hentry"],"acf":[],"_links":{"self":[{"href":"https:\/\/www.matrelec.com\/es\/wp-json\/wp\/v2\/pages\/33693","targetHints":{"allow":["GET"]}}],"collection":[{"href":"https:\/\/www.matrelec.com\/es\/wp-json\/wp\/v2\/pages"}],"about":[{"href":"https:\/\/www.matrelec.com\/es\/wp-json\/wp\/v2\/types\/page"}],"author":[{"embeddable":true,"href":"https:\/\/www.matrelec.com\/es\/wp-json\/wp\/v2\/users\/1"}],"replies":[{"embeddable":true,"href":"https:\/\/www.matrelec.com\/es\/wp-json\/wp\/v2\/comments?post=33693"}],"version-history":[{"count":4,"href":"https:\/\/www.matrelec.com\/es\/wp-json\/wp\/v2\/pages\/33693\/revisions"}],"predecessor-version":[{"id":38244,"href":"https:\/\/www.matrelec.com\/es\/wp-json\/wp\/v2\/pages\/33693\/revisions\/38244"}],"wp:attachment":[{"href":"https:\/\/www.matrelec.com\/es\/wp-json\/wp\/v2\/media?parent=33693"}],"curies":[{"name":"wp","href":"https:\/\/api.w.org\/{rel}","templated":true}]}}