{"id":33697,"date":"2024-09-17T07:58:42","date_gmt":"2024-09-17T05:58:42","guid":{"rendered":"https:\/\/www.matrelec.com\/soldadura-resistente\/"},"modified":"2026-01-30T17:59:52","modified_gmt":"2026-01-30T15:59:52","slug":"soldadura-resistente","status":"publish","type":"page","link":"https:\/\/www.matrelec.com\/es\/soldadura-resistente\/","title":{"rendered":"Soldadura resistente"},"content":{"rendered":"\t\t<div data-elementor-type=\"wp-page\" data-elementor-id=\"33697\" class=\"elementor elementor-33697 elementor-31445\" data-elementor-post-type=\"page\">\n\t\t\t\t<div class=\"elementor-element elementor-element-690e593 e-flex e-con-boxed e-con e-parent\" data-id=\"690e593\" data-element_type=\"container\">\n\t\t\t\t\t<div class=\"e-con-inner\">\n\t\t\t\t<div class=\"elementor-element elementor-element-7dc85c8 elementor-invisible elementor-widget elementor-widget-heading\" data-id=\"7dc85c8\" data-element_type=\"widget\" data-settings=\"{&quot;_animation&quot;:&quot;fadeInUp&quot;}\" data-widget_type=\"heading.default\">\n\t\t\t\t<div class=\"elementor-widget-container\">\n\t\t\t\t\t<h1 class=\"elementor-heading-title elementor-size-default\">Soldadura resistente<\/h1>\t\t\t\t<\/div>\n\t\t\t\t<\/div>\n\t\t\t\t\t<\/div>\n\t\t\t\t<\/div>\n\t\t<div class=\"elementor-element elementor-element-824269a e-flex e-con-boxed e-con e-parent\" data-id=\"824269a\" data-element_type=\"container\" data-settings=\"{&quot;background_background&quot;:&quot;classic&quot;}\">\n\t\t\t\t\t<div class=\"e-con-inner\">\n\t\t\t\t<div class=\"elementor-element elementor-element-518fce4 elementor-invisible elementor-widget elementor-widget-heading\" data-id=\"518fce4\" data-element_type=\"widget\" data-settings=\"{&quot;_animation&quot;:&quot;fadeInUp&quot;}\" data-widget_type=\"heading.default\">\n\t\t\t\t<div class=\"elementor-widget-container\">\n\t\t\t\t\t<h2 class=\"elementor-heading-title elementor-size-default\">Soldadura resistente: conceptos b\u00e1sicos<\/h2>\t\t\t\t<\/div>\n\t\t\t\t<\/div>\n\t\t\t\t<div class=\"elementor-element elementor-element-ab7c0d4 elementor-invisible elementor-widget elementor-widget-text-editor\" data-id=\"ab7c0d4\" data-element_type=\"widget\" data-settings=\"{&quot;_animation&quot;:&quot;fadeInUp&quot;}\" data-widget_type=\"text-editor.default\">\n\t\t\t\t<div class=\"elementor-widget-container\">\n\t\t\t\t\t\t\t\t\t<p>Seg\u00fan el tipo de material que se vaya a unir, las caracter\u00edsticas de una soldadura fuerte difieren mucho.<\/p><p><span style=\"color: var( --e-global-color-text ); text-align: var(--text-align); background-color: var( --e-global-color-0d23d34 );\">Cuando se unen metales, es necesario producir un cord\u00f3n de soldadura que sea uniforme tanto en anchura como en grosor, ya sea fundiendo las piezas en contacto o a\u00f1adiendo metal. Adem\u00e1s, este cord\u00f3n debe estar libre de grietas, hendiduras (riesgo de oxidaci\u00f3n), sopladuras e inclusiones para que se considere una soldadura fuerte. <\/span><\/p><p><span style=\"color: var( --e-global-color-text ); text-align: var(--text-align); background-color: var( --e-global-color-0d23d34 );\">Al ensamblar piezas de madera, incluso de gran tama\u00f1o, es necesario calentar las superficies que se van a soldar a 170 grados, utilizando fricci\u00f3n bajo una presi\u00f3n de unos pocos bares. A esta temperatura, la madera libera un mon\u00f3mero que act\u00faa como pegamento, creando una soldadura muy fuerte tras la fase de enfriamiento. <\/span><\/p><p><span style=\"color: var( --e-global-color-text ); text-align: var(--text-align); background-color: var( --e-global-color-0d23d34 );\">Para unir pl\u00e1sticos, es necesario crear calor, bien mediante un suministro externo de calor, bien mediante la generaci\u00f3n de calor por las propias superficies sobre las que act\u00faa el proceso de soldadura. La creaci\u00f3n de una soldadura fuerte est\u00e1 ligada a una fusi\u00f3n de alta calidad de las superficies en contacto, gracias a una temperatura constante repartida uniformemente por toda la longitud de las superficies a unir. <\/span><\/p><p><span style=\"color: var( --e-global-color-text ); text-align: var(--text-align); background-color: var( --e-global-color-0d23d34 );\">Sea cual sea la naturaleza de los materiales que se van a unir mediante soldadura, el objetivo es crear entre ellos uniones fuertes y duraderas en el tiempo. Esto es v\u00e1lido si las piezas o conjuntos a soldar tienen las mismas caracter\u00edsticas mec\u00e1nicas y fisicoqu\u00edmicas, o si a pesar de las diferencias de naturaleza son compatibles entre s\u00ed. <\/span><\/p><p><span style=\"color: var( --e-global-color-text ); text-align: var(--text-align); background-color: var( --e-global-color-0d23d34 );\">La eficacia y la precisi\u00f3n del procedimiento de soldadura elegido y, en consecuencia, la obtenci\u00f3n de una soldadura resistente, dependen mucho de las propiedades de cada uno de los materiales que se van a soldar. En el caso de los termopl\u00e1sticos, muy utilizados en la industria, las caracter\u00edsticas que determinan la calidad y la resistencia de los ensamblajes son variadas (m\u00f3dulo de elasticidad, punto de fusi\u00f3n, amortiguaci\u00f3n, capacidad de la masa fundida para fluir). Adem\u00e1s de estas caracter\u00edsticas espec\u00edficas, hay una serie de factores que influyen en la soldabilidad. Se puede distinguir entre influencias positivas (perlas de vidrio, fibras de vidrio) e influencias negativas (humedad, presencia de aditivos).   <\/span><\/p>\t\t\t\t\t\t\t\t<\/div>\n\t\t\t\t<\/div>\n\t\t\t\t<div class=\"elementor-element elementor-element-5e6fb5a elementor-invisible elementor-widget elementor-widget-heading\" data-id=\"5e6fb5a\" data-element_type=\"widget\" data-settings=\"{&quot;_animation&quot;:&quot;fadeInUp&quot;}\" data-widget_type=\"heading.default\">\n\t\t\t\t<div class=\"elementor-widget-container\">\n\t\t\t\t\t<h2 class=\"elementor-heading-title elementor-size-default\">\u00bfQu\u00e9 pl\u00e1sticos pueden unirse mediante soldaduras fuertes?\n<\/h2>\t\t\t\t<\/div>\n\t\t\t\t<\/div>\n\t\t\t\t<div class=\"elementor-element elementor-element-c817b08 elementor-invisible elementor-widget elementor-widget-text-editor\" data-id=\"c817b08\" data-element_type=\"widget\" data-settings=\"{&quot;_animation&quot;:&quot;fadeInUp&quot;}\" data-widget_type=\"text-editor.default\">\n\t\t\t\t<div class=\"elementor-widget-container\">\n\t\t\t\t\t\t\t\t\t<p>Dentro de la gran familia de materiales pl\u00e1sticos (termoestables, elast\u00f3meros, etc.), s\u00f3lo los termopl\u00e1sticos pueden unirse mediante soldadura. Las tecnolog\u00edas de ensamblaje utilizadas permiten obtener uniones s\u00f3lidas y duraderas entre las piezas gracias a la agitaci\u00f3n molecular generada no s\u00f3lo en la superficie, sino tambi\u00e9n en profundidad. Los termopl\u00e1sticos est\u00e1n formados por cadenas moleculares lineales que se deslizan unas sobre otras. Esta caracter\u00edstica f\u00edsica y qu\u00edmica hace que las soldaduras sean uniformes y homog\u00e9neas.   <\/p><p><span style=\"color: var( --e-global-color-text ); text-align: var(--text-align); background-color: var( --e-global-color-0d23d34 );\">Los termopl\u00e1sticos se dividen en dos categor\u00edas distintas, ambas unibles mediante soldadura: termopl\u00e1sticos amorfos y termopl\u00e1sticos semicristalinos. Los termopl\u00e1sticos amorfos son transparentes en apariencia, ya que no contienen aditivos visibles, mientras que los termopl\u00e1sticos semicristalinos tienen un aspecto lechoso u opaco a simple vista.   <\/span><\/p><p><span style=\"color: var( --e-global-color-text ); text-align: var(--text-align); background-color: var( --e-global-color-0d23d34 );\">Ya sean amorfos o semicristalinos, todos los termopl\u00e1sticos siguientes pueden unirse mediante soldadura:<\/span><\/p><ul><li>EVA (etilvinilacetato),<\/li><li>PETG (tereftalato de polietilenglicol),<\/li><li>PVC (cloruro de polivinilo),<\/li><li>PA (Poliamida),<\/li><li>PC (Policarbonato),<\/li><li>PETP (poli\u00e9ster termopl\u00e1stico)<\/li><li>PET (tereftalato de polietileno),<\/li><li>PEEK (Polieteretercetona),<\/li><li>ABS (Acrilonitrilo butadieno estireno),<\/li><li>PS (poliestireno),<\/li><li>PMMA (polimetacrilato de metilo),<\/li><li>PE (Polietileno),<\/li><li>PP (Polipropileno),<\/li><li>&#8230;<\/li><\/ul><p> <\/p><p>La soldadura de materiales termopl\u00e1sticos en muchos sectores industriales ofrece una serie de ventajas. Proporciona a las piezas una gran solidez estructural, gracias a soldaduras resistentes a diversas tensiones (desgaste, corrosi\u00f3n, impacto). Estos m\u00e9todos de ensamblaje tambi\u00e9n permiten modificar las piezas de pl\u00e1stico para adaptarlas al uso previsto, con numerosas posibilidades en cuanto a la forma, pero tambi\u00e9n en cuanto a los vol\u00famenes de producci\u00f3n. Para responder a estas necesidades, Matrelec ha desarrollado una gama de prensas de soldadura de alta frecuencia y carriles de soldadura de alto rendimiento.   <\/p>\t\t\t\t\t\t\t\t<\/div>\n\t\t\t\t<\/div>\n\t\t\t\t<div class=\"elementor-element elementor-element-9a8f3e8 elementor-invisible elementor-widget elementor-widget-image\" data-id=\"9a8f3e8\" data-element_type=\"widget\" data-settings=\"{&quot;_animation&quot;:&quot;fadeInUp&quot;}\" data-widget_type=\"image.default\">\n\t\t\t\t<div class=\"elementor-widget-container\">\n\t\t\t\t\t\t\t\t\t\t\t\t\t\t\t<img fetchpriority=\"high\" decoding=\"async\" width=\"300\" height=\"300\" src=\"https:\/\/www.matrelec.com\/wp-content\/uploads\/2024\/09\/img-C-300x300-2.png\" class=\"attachment-large size-large wp-image-33698\" alt=\"Presse de soudure haute fr\u00e9quence \u00e0 col de cygne 750 mm\" srcset=\"https:\/\/www.matrelec.com\/wp-content\/uploads\/2024\/09\/img-C-300x300-2.png 300w, https:\/\/www.matrelec.com\/wp-content\/uploads\/2024\/09\/img-C-300x300-2-150x150.png 150w\" sizes=\"(max-width: 300px) 100vw, 300px\" \/>\t\t\t\t\t\t\t\t\t\t\t\t\t\t\t<\/div>\n\t\t\t\t<\/div>\n\t\t\t\t<div class=\"elementor-element elementor-element-b931baa elementor-invisible elementor-widget elementor-widget-heading\" data-id=\"b931baa\" data-element_type=\"widget\" data-settings=\"{&quot;_animation&quot;:&quot;fadeInUp&quot;}\" data-widget_type=\"heading.default\">\n\t\t\t\t<div class=\"elementor-widget-container\">\n\t\t\t\t\t<h2 class=\"elementor-heading-title elementor-size-default\">\u00bfQu\u00e9 m\u00e9todos de soldadura de pl\u00e1sticos son los m\u00e1s eficaces?\n<\/h2>\t\t\t\t<\/div>\n\t\t\t\t<\/div>\n\t\t\t\t<div class=\"elementor-element elementor-element-86108d9 elementor-invisible elementor-widget elementor-widget-text-editor\" data-id=\"86108d9\" data-element_type=\"widget\" data-settings=\"{&quot;_animation&quot;:&quot;fadeInUp&quot;}\" data-widget_type=\"text-editor.default\">\n\t\t\t\t<div class=\"elementor-widget-container\">\n\t\t\t\t\t\t\t\t\t<p>Hay que recordar que unir varias piezas de pl\u00e1stico o los distintos componentes de un conjunto de pl\u00e1stico con un adhesivo especializado no es soldar, a pesar de su nombre de \u00absoldadura en fr\u00edo\u00bb.<\/p><p><span style=\"color: var( --e-global-color-text ); text-align: var(--text-align); background-color: var( --e-global-color-0d23d34 );\">El m\u00e9todo de soldadura fuerte de pl\u00e1sticos tambi\u00e9n se utiliza para unir piezas de PVC\/PVC (cloruro de polivinilo), PMMA\/PMMA (polimetacrilato de metilo) o PVC\/PMMA mediante tiras de relleno de PVC. Sin embargo, este m\u00e9todo de uni\u00f3n de pl\u00e1sticos tampoco puede considerarse una t\u00e9cnica de soldadura. <\/span><\/p><p><span style=\"color: var( --e-global-color-text ); text-align: var(--text-align); background-color: var( --e-global-color-0d23d34 );\">Los m\u00e9todos de soldadura de termopl\u00e1sticos m\u00e1s utilizados y eficaces son los siguientes:<\/span><\/p>\n<ul>\n<li>Soldadura por rotaci\u00f3n (soldadura por fricci\u00f3n rotativa de una pieza mantenida inm\u00f3vil con otra sometida a presi\u00f3n mediante un movimiento circular sobre la primera utilizando una herramienta de inercia o una herramienta pivotante).<\/li>\n<li>Soldadura mediante espejos o cuchillas calefactadas (soldadura de dos piezas coloc\u00e1ndolas una sobre otra, separadas por un espacio en el que se introduce un espejo, calentando ambas caras y permitiendo alcanzar las temperaturas de fusi\u00f3n de los materiales a unir).<\/li>\n<li>Soldadura por ultrasonidos (soldadura de dos piezas provocando la agitaci\u00f3n molecular de sus bordes en un punto de contacto mediante oscilaciones de alta frecuencia que oscilan entre 20 y 70 kHz inducidas por un cabezal de soldadura o una herramienta vibratoria llamada sonotrodo).<\/li>\n<li>Soldadura de alta frecuencia (soldadura instant\u00e1nea sin contacto de varias piezas mediante la creaci\u00f3n de vibraciones moleculares utilizando un campo electromagn\u00e9tico de alta frecuencia, generalmente 27,12 MHz, inducido por uno o varios electrodos.<\/li>\n<\/ul>\n<p>Las soldaduras pl\u00e1sticas m\u00e1s resistentes se generan mediante ultrasonidos y alta frecuencia, gracias a la agitaci\u00f3n molecular que modifica la estructura del material al tiempo que proporciona continuidad entre las dos superficies que se unen.<\/p><p><span style=\"color: var( --e-global-color-text ); text-align: var(--text-align); background-color: var( --e-global-color-0d23d34 );\">Las prensas de soldadura de alta frecuencia Matrelec est\u00e1n dise\u00f1adas y fabricadas para empresas industriales que necesitan soldar piezas o componentes termopl\u00e1sticos a alta velocidad, mediante un proceso parcial o totalmente automatizado.<\/span><\/p>\t\t\t\t\t\t\t\t<\/div>\n\t\t\t\t<\/div>\n\t\t\t\t<div class=\"elementor-element elementor-element-80f1ec3 elementor-align-center elementor-widget elementor-widget-button\" data-id=\"80f1ec3\" data-element_type=\"widget\" data-widget_type=\"button.default\">\n\t\t\t\t<div class=\"elementor-widget-container\">\n\t\t\t\t\t\t\t\t\t<div class=\"elementor-button-wrapper\">\n\t\t\t\t\t<a class=\"elementor-button elementor-button-link elementor-size-sm\" href=\"https:\/\/shop.matrelec.com\/fr\/\" target=\"_blank\" rel=\"noopener noreferrer nofollow\">\n\t\t\t\t\t\t<span class=\"elementor-button-content-wrapper\">\n\t\t\t\t\t\t<span class=\"elementor-button-icon\">\n\t\t\t\t<svg aria-hidden=\"true\" class=\"e-font-icon-svg e-fas-chevron-right\" viewBox=\"0 0 320 512\" xmlns=\"http:\/\/www.w3.org\/2000\/svg\"><path d=\"M285.476 272.971L91.132 467.314c-9.373 9.373-24.569 9.373-33.941 0l-22.667-22.667c-9.357-9.357-9.375-24.522-.04-33.901L188.505 256 34.484 101.255c-9.335-9.379-9.317-24.544.04-33.901l22.667-22.667c9.373-9.373 24.569-9.373 33.941 0L285.475 239.03c9.373 9.372 9.373 24.568.001 33.941z\"><\/path><\/svg>\t\t\t<\/span>\n\t\t\t\t\t\t\t\t\t<span class=\"elementor-button-text\">Descubre nuestra tienda online<\/span>\n\t\t\t\t\t<\/span>\n\t\t\t\t\t<\/a>\n\t\t\t\t<\/div>\n\t\t\t\t\t\t\t\t<\/div>\n\t\t\t\t<\/div>\n\t\t\t\t\t<\/div>\n\t\t\t\t<\/div>\n\t\t\t\t<\/div>\n\t\t","protected":false},"excerpt":{"rendered":"<p>Soldadura resistente: conceptos b\u00e1sicos Seg\u00fan el tipo de material que se vaya a unir, las caracter\u00edsticas de una soldadura fuerte difieren mucho. Cuando se unen metales, es necesario producir un cord\u00f3n de soldadura que sea uniforme tanto en anchura como en grosor, ya sea fundiendo las piezas en contacto o a\u00f1adiendo metal. Adem\u00e1s, este cord\u00f3n [&hellip;]<\/p>\n","protected":false},"author":1,"featured_media":0,"parent":0,"menu_order":0,"comment_status":"closed","ping_status":"closed","template":"","meta":{"_acf_changed":false,"footnotes":""},"class_list":["post-33697","page","type-page","status-publish","hentry"],"acf":[],"_links":{"self":[{"href":"https:\/\/www.matrelec.com\/es\/wp-json\/wp\/v2\/pages\/33697","targetHints":{"allow":["GET"]}}],"collection":[{"href":"https:\/\/www.matrelec.com\/es\/wp-json\/wp\/v2\/pages"}],"about":[{"href":"https:\/\/www.matrelec.com\/es\/wp-json\/wp\/v2\/types\/page"}],"author":[{"embeddable":true,"href":"https:\/\/www.matrelec.com\/es\/wp-json\/wp\/v2\/users\/1"}],"replies":[{"embeddable":true,"href":"https:\/\/www.matrelec.com\/es\/wp-json\/wp\/v2\/comments?post=33697"}],"version-history":[{"count":4,"href":"https:\/\/www.matrelec.com\/es\/wp-json\/wp\/v2\/pages\/33697\/revisions"}],"predecessor-version":[{"id":38225,"href":"https:\/\/www.matrelec.com\/es\/wp-json\/wp\/v2\/pages\/33697\/revisions\/38225"}],"wp:attachment":[{"href":"https:\/\/www.matrelec.com\/es\/wp-json\/wp\/v2\/media?parent=33697"}],"curies":[{"name":"wp","href":"https:\/\/api.w.org\/{rel}","templated":true}]}}