{"id":33700,"date":"2024-09-17T07:52:10","date_gmt":"2024-09-17T05:52:10","guid":{"rendered":"https:\/\/www.matrelec.com\/soldadura-autogena\/"},"modified":"2026-01-30T17:54:09","modified_gmt":"2026-01-30T15:54:09","slug":"soldadura-autogena","status":"publish","type":"page","link":"https:\/\/www.matrelec.com\/es\/soldadura-autogena\/","title":{"rendered":"Soldadura aut\u00f3gena"},"content":{"rendered":"\t\t<div data-elementor-type=\"wp-page\" data-elementor-id=\"33700\" class=\"elementor elementor-33700 elementor-31438\" data-elementor-post-type=\"page\">\n\t\t\t\t<div class=\"elementor-element elementor-element-690e593 e-flex e-con-boxed e-con e-parent\" data-id=\"690e593\" data-element_type=\"container\">\n\t\t\t\t\t<div class=\"e-con-inner\">\n\t\t\t\t<div class=\"elementor-element elementor-element-7dc85c8 elementor-invisible elementor-widget elementor-widget-heading\" data-id=\"7dc85c8\" data-element_type=\"widget\" data-settings=\"{&quot;_animation&quot;:&quot;fadeInUp&quot;}\" data-widget_type=\"heading.default\">\n\t\t\t\t<div class=\"elementor-widget-container\">\n\t\t\t\t\t<h1 class=\"elementor-heading-title elementor-size-default\">Soldadura aut\u00f3gena<\/h1>\t\t\t\t<\/div>\n\t\t\t\t<\/div>\n\t\t\t\t\t<\/div>\n\t\t\t\t<\/div>\n\t\t<div class=\"elementor-element elementor-element-824269a e-flex e-con-boxed e-con e-parent\" data-id=\"824269a\" data-element_type=\"container\" data-settings=\"{&quot;background_background&quot;:&quot;classic&quot;}\">\n\t\t\t\t\t<div class=\"e-con-inner\">\n\t\t\t\t<div class=\"elementor-element elementor-element-518fce4 elementor-invisible elementor-widget elementor-widget-heading\" data-id=\"518fce4\" data-element_type=\"widget\" data-settings=\"{&quot;_animation&quot;:&quot;fadeInUp&quot;}\" data-widget_type=\"heading.default\">\n\t\t\t\t<div class=\"elementor-widget-container\">\n\t\t\t\t\t<h2 class=\"elementor-heading-title elementor-size-default\">Soldadura aut\u00f3gena: principios<\/h2>\t\t\t\t<\/div>\n\t\t\t\t<\/div>\n\t\t\t\t<div class=\"elementor-element elementor-element-ab7c0d4 elementor-invisible elementor-widget elementor-widget-text-editor\" data-id=\"ab7c0d4\" data-element_type=\"widget\" data-settings=\"{&quot;_animation&quot;:&quot;fadeInUp&quot;}\" data-widget_type=\"text-editor.default\">\n\t\t\t\t<div class=\"elementor-widget-container\">\n\t\t\t\t\t\t\t\t\t<p>La soldadura aut\u00f3gena es el ensamblaje de piezas met\u00e1licas o de pl\u00e1stico de la misma naturaleza, o compatibles entre s\u00ed, sin necesidad de un material exterior caliente que realice la uni\u00f3n entre ambas en forma de cord\u00f3n o junta.<\/p><p><span style=\"color: var( --e-global-color-text ); text-align: var(--text-align); background-color: var( --e-global-color-0d23d34 );\">La soldadura aut\u00f3gena consiste en calentar los labios o bordes de los materiales que se van a unir hasta el punto de fusi\u00f3n para obtener una soldadura muy resistente y realmente duradera. Esta t\u00e9cnica puede utilizarse para ensamblar piezas de todos los tama\u00f1os y vol\u00famenes. Con este m\u00e9todo de soldadura se pueden realizar ensamblajes m\u00e1s o menos resistentes, seg\u00fan los materiales y las t\u00e9cnicas de soldadura utilizados.  <\/span><\/p><p><span style=\"color: var( --e-global-color-text ); text-align: var(--text-align); background-color: var( --e-global-color-0d23d34 );\">Las soldaduras aut\u00f3genas se utilizan en muchos sectores industriales (envasado, pl\u00e1sticos, ingenier\u00eda mec\u00e1nica, fabricaci\u00f3n de autom\u00f3viles, etc.). Se pueden utilizar para ensamblar piezas termopl\u00e1sticas o met\u00e1licas para la producci\u00f3n de series peque\u00f1as y grandes en una amplia variedad de formatos, as\u00ed como para satisfacer los requisitos de creaci\u00f3n de prototipos de productos. <\/span><\/p>\t\t\t\t\t\t\t\t<\/div>\n\t\t\t\t<\/div>\n\t\t\t\t<div class=\"elementor-element elementor-element-5e6fb5a elementor-invisible elementor-widget elementor-widget-heading\" data-id=\"5e6fb5a\" data-element_type=\"widget\" data-settings=\"{&quot;_animation&quot;:&quot;fadeInUp&quot;}\" data-widget_type=\"heading.default\">\n\t\t\t\t<div class=\"elementor-widget-container\">\n\t\t\t\t\t<h2 class=\"elementor-heading-title elementor-size-default\">\u00bfQu\u00e9 materiales pueden ensamblarse mediante soldadura aut\u00f3gena?\n<\/h2>\t\t\t\t<\/div>\n\t\t\t\t<\/div>\n\t\t\t\t<div class=\"elementor-element elementor-element-c817b08 elementor-invisible elementor-widget elementor-widget-text-editor\" data-id=\"c817b08\" data-element_type=\"widget\" data-settings=\"{&quot;_animation&quot;:&quot;fadeInUp&quot;}\" data-widget_type=\"text-editor.default\">\n\t\t\t\t<div class=\"elementor-widget-container\">\n\t\t\t\t\t\t\t\t\t<p>Los materiales que pueden unirse mediante soldadura aut\u00f3gena son met\u00e1licos o termopl\u00e1sticos. La elecci\u00f3n de la tecnolog\u00eda a utilizar para realizar estas operaciones de ensamblaje en un entorno industrial var\u00eda en funci\u00f3n del tipo de materiales a soldar. <\/p>\n<p>Entre los metales que pueden unirse mediante soldadura aut\u00f3gena (sin adici\u00f3n de material), podemos distinguir :<\/p>\n<ul>\n<li>De acero,<\/li>\n<li>Acero inoxidable,<\/li>\n<li>Hierro,<\/li>\n<li>Aluminio,<\/li>\n<li>El cobre,<\/li>\n<li>N\u00edquel,<\/li>\n<li>De lat\u00f3n,<\/li>\n<li>Tungsteno,<\/li>\n<li>Titanio,<\/li>\n<li>&#8230;<\/li>\n<\/ul>\n<p>Los siguientes termopl\u00e1sticos pueden ensamblarse mediante soldadura sin aporte:<\/p>\n<ul>\n<li>EVA (etilvinilacetato),<\/li>\n<li>PETG (Tereftalato de polietileno glicolizado),<\/li>\n<li>PVC (cloruro de polivinilo),<\/li>\n<li>PA (Poliamida),<\/li>\n<li>PC (Policarbonato),<\/li>\n<li>PETP (poli\u00e9ster termopl\u00e1stico),<\/li>\n<li>PET (tereftalato de polietileno),<\/li>\n<li>PEEK (polieteretercetona),<\/li>\n<li>ABS (Acrilonitrilo butadieno estireno),<\/li>\n<li>PS (poliestireno),<\/li>\n<li>PMM (polimetacrilato de metilo)<\/li>\n<li>PE (Polietileno)<\/li>\n<li>PP (Polipropileno)<\/li>\n<li>&#8230;<\/li>\n<\/ul>\n<p>Estos termopl\u00e1sticos se utilizan ampliamente en varios sectores industriales, como los textiles t\u00e9cnicos, los equipos m\u00e9dicos y param\u00e9dicos, la protecci\u00f3n personal, los art\u00edculos promocionales, la marroquiner\u00eda y el embalaje. Matrelec ayuda a estas empresas a crear o renovar sus parques de m\u00e1quinas de soldadura para sus l\u00edneas de producci\u00f3n y montaje. Dispone de una gama de prensas y carriles de soldadura de alto rendimiento, capaces de producir soldaduras aut\u00f3genas s\u00f3lidas e invisibles a simple vista.  <\/p>\t\t\t\t\t\t\t\t<\/div>\n\t\t\t\t<\/div>\n\t\t\t\t<div class=\"elementor-element elementor-element-9a8f3e8 elementor-invisible elementor-widget elementor-widget-image\" data-id=\"9a8f3e8\" data-element_type=\"widget\" data-settings=\"{&quot;_animation&quot;:&quot;fadeInUp&quot;}\" data-widget_type=\"image.default\">\n\t\t\t\t<div class=\"elementor-widget-container\">\n\t\t\t\t\t\t\t\t\t\t\t\t\t\t\t<img fetchpriority=\"high\" decoding=\"async\" width=\"448\" height=\"211\" src=\"https:\/\/www.matrelec.com\/wp-content\/uploads\/2024\/09\/img-blisty-1-1-1.png\" class=\"attachment-large size-large wp-image-33701\" alt=\"\" srcset=\"https:\/\/www.matrelec.com\/wp-content\/uploads\/2024\/09\/img-blisty-1-1-1.png 448w, https:\/\/www.matrelec.com\/wp-content\/uploads\/2024\/09\/img-blisty-1-1-1-300x141.png 300w\" sizes=\"(max-width: 448px) 100vw, 448px\" \/>\t\t\t\t\t\t\t\t\t\t\t\t\t\t\t<\/div>\n\t\t\t\t<\/div>\n\t\t\t\t<div class=\"elementor-element elementor-element-e9f51af elementor-invisible elementor-widget elementor-widget-heading\" data-id=\"e9f51af\" data-element_type=\"widget\" data-settings=\"{&quot;_animation&quot;:&quot;fadeInUp&quot;}\" data-widget_type=\"heading.default\">\n\t\t\t\t<div class=\"elementor-widget-container\">\n\t\t\t\t\t<h2 class=\"elementor-heading-title elementor-size-default\">\u00bfC\u00f3mo se hacen soldaduras aut\u00f3genas en pl\u00e1sticos?\n<\/h2>\t\t\t\t<\/div>\n\t\t\t\t<\/div>\n\t\t\t\t<div class=\"elementor-element elementor-element-7af1e33 elementor-invisible elementor-widget elementor-widget-text-editor\" data-id=\"7af1e33\" data-element_type=\"widget\" data-settings=\"{&quot;_animation&quot;:&quot;fadeInUp&quot;}\" data-widget_type=\"text-editor.default\">\n\t\t\t\t<div class=\"elementor-widget-container\">\n\t\t\t\t\t\t\t\t\t<p>Se pueden utilizar varias t\u00e9cnicas para producir ensamblajes termopl\u00e1sticos, tanto si los componentes a soldar son pl\u00e1sticos flexibles, semirr\u00edgidos o r\u00edgidos. Sin embargo, si el objetivo es obtener una soldadura pl\u00e1stica autogenerada, habr\u00e1 que modificar el estado del material. Esto se consigue mediante agitaci\u00f3n molecular, que s\u00f3lo es posible con dos t\u00e9cnicas diferentes: la soldadura por alta frecuencia y la soldadura por ultrasonidos.  <\/p><p><span style=\"color: var( --e-global-color-text ); text-align: var(--text-align); background-color: var( --e-global-color-0d23d34 );\">La soldadura de alta frecuencia se consigue utilizando una m\u00e1quina de soldadura de alta frecuencia, compuesta por :<\/span><\/p><ul><li>un generador de campo el\u00e9ctrico de alta frecuencia de 27,12 MHz,<\/li><li>de varios electrodos utilizados para crear un campo electromagn\u00e9tico que haga vibrar las mol\u00e9culas y permita que se calienten las piezas a ensamblar,<\/li><li>una prensa neum\u00e1tica para mantener las piezas bajo presi\u00f3n,<\/li><li>un banco de soldadura para mantenerlos en su sitio.<\/li><\/ul><p> <\/p><p>Se genera una tensi\u00f3n de alta frecuencia a partir de un campo electromagn\u00e9tico, que calienta las distintas piezas y hace que se fusionen bajo presi\u00f3n. En la uni\u00f3n de los materiales se forma una costura, que tras enfriarse se vuelve invisible a simple vista y tiene la misma resistencia que las superficies pr\u00f3ximas. Este proceso es muy eficaz para ensamblar piezas termopl\u00e1sticas con un punto de fusi\u00f3n elevado, y para grandes necesidades de producci\u00f3n, que las prensas de soldadura Matrelec hacen posibles.  <\/p><p><span style=\"color: var( --e-global-color-text ); text-align: var(--text-align); background-color: var( --e-global-color-0d23d34 );\">La soldadura por ultrasonidos es una t\u00e9cnica de soldadura aut\u00f3gena que tambi\u00e9n se basa en la agitaci\u00f3n molecular. La principal diferencia con la soldadura de alta frecuencia es la forma en que se calienta el material. La m\u00e1quina genera una corriente el\u00e9ctrica a una frecuencia de entre 20 y 70 kHz para hacer oscilar una pieza met\u00e1lica llamada sonotrodo. Es esta oscilaci\u00f3n la que calienta los pl\u00e1sticos de baja fusi\u00f3n y crea una soldadura limpia.   <\/span><\/p>\t\t\t\t\t\t\t\t<\/div>\n\t\t\t\t<\/div>\n\t\t\t\t<div class=\"elementor-element elementor-element-2e95b96 elementor-align-center elementor-widget elementor-widget-button\" data-id=\"2e95b96\" data-element_type=\"widget\" data-widget_type=\"button.default\">\n\t\t\t\t<div class=\"elementor-widget-container\">\n\t\t\t\t\t\t\t\t\t<div class=\"elementor-button-wrapper\">\n\t\t\t\t\t<a class=\"elementor-button elementor-button-link elementor-size-sm\" href=\"https:\/\/shop.matrelec.com\/fr\/\" target=\"_blank\" rel=\"noopener noreferrer nofollow\">\n\t\t\t\t\t\t<span class=\"elementor-button-content-wrapper\">\n\t\t\t\t\t\t<span class=\"elementor-button-icon\">\n\t\t\t\t<svg aria-hidden=\"true\" class=\"e-font-icon-svg e-fas-chevron-right\" viewBox=\"0 0 320 512\" xmlns=\"http:\/\/www.w3.org\/2000\/svg\"><path d=\"M285.476 272.971L91.132 467.314c-9.373 9.373-24.569 9.373-33.941 0l-22.667-22.667c-9.357-9.357-9.375-24.522-.04-33.901L188.505 256 34.484 101.255c-9.335-9.379-9.317-24.544.04-33.901l22.667-22.667c9.373-9.373 24.569-9.373 33.941 0L285.475 239.03c9.373 9.372 9.373 24.568.001 33.941z\"><\/path><\/svg>\t\t\t<\/span>\n\t\t\t\t\t\t\t\t\t<span class=\"elementor-button-text\">Descubre nuestra tienda online<\/span>\n\t\t\t\t\t<\/span>\n\t\t\t\t\t<\/a>\n\t\t\t\t<\/div>\n\t\t\t\t\t\t\t\t<\/div>\n\t\t\t\t<\/div>\n\t\t\t\t\t<\/div>\n\t\t\t\t<\/div>\n\t\t\t\t<\/div>\n\t\t","protected":false},"excerpt":{"rendered":"<p>Soldadura aut\u00f3gena: principios La soldadura aut\u00f3gena es el ensamblaje de piezas met\u00e1licas o de pl\u00e1stico de la misma naturaleza, o compatibles entre s\u00ed, sin necesidad de un material exterior caliente que realice la uni\u00f3n entre ambas en forma de cord\u00f3n o junta. La soldadura aut\u00f3gena consiste en calentar los labios o bordes de los materiales [&hellip;]<\/p>\n","protected":false},"author":1,"featured_media":0,"parent":0,"menu_order":0,"comment_status":"closed","ping_status":"closed","template":"","meta":{"_acf_changed":false,"footnotes":""},"class_list":["post-33700","page","type-page","status-publish","hentry"],"acf":[],"_links":{"self":[{"href":"https:\/\/www.matrelec.com\/es\/wp-json\/wp\/v2\/pages\/33700","targetHints":{"allow":["GET"]}}],"collection":[{"href":"https:\/\/www.matrelec.com\/es\/wp-json\/wp\/v2\/pages"}],"about":[{"href":"https:\/\/www.matrelec.com\/es\/wp-json\/wp\/v2\/types\/page"}],"author":[{"embeddable":true,"href":"https:\/\/www.matrelec.com\/es\/wp-json\/wp\/v2\/users\/1"}],"replies":[{"embeddable":true,"href":"https:\/\/www.matrelec.com\/es\/wp-json\/wp\/v2\/comments?post=33700"}],"version-history":[{"count":2,"href":"https:\/\/www.matrelec.com\/es\/wp-json\/wp\/v2\/pages\/33700\/revisions"}],"predecessor-version":[{"id":38216,"href":"https:\/\/www.matrelec.com\/es\/wp-json\/wp\/v2\/pages\/33700\/revisions\/38216"}],"wp:attachment":[{"href":"https:\/\/www.matrelec.com\/es\/wp-json\/wp\/v2\/media?parent=33700"}],"curies":[{"name":"wp","href":"https:\/\/api.w.org\/{rel}","templated":true}]}}