{"id":33703,"date":"2024-09-17T07:48:00","date_gmt":"2024-09-17T05:48:00","guid":{"rendered":"https:\/\/www.matrelec.com\/soldadura-eva\/"},"modified":"2026-01-30T17:54:05","modified_gmt":"2026-01-30T15:54:05","slug":"soldadura-eva","status":"publish","type":"page","link":"https:\/\/www.matrelec.com\/es\/soldadura-eva\/","title":{"rendered":"Soldadura EVA"},"content":{"rendered":"\t\t<div data-elementor-type=\"wp-page\" data-elementor-id=\"33703\" class=\"elementor elementor-33703 elementor-31432\" data-elementor-post-type=\"page\">\n\t\t\t\t<div class=\"elementor-element elementor-element-690e593 e-flex e-con-boxed e-con e-parent\" data-id=\"690e593\" data-element_type=\"container\">\n\t\t\t\t\t<div class=\"e-con-inner\">\n\t\t\t\t<div class=\"elementor-element elementor-element-7dc85c8 elementor-invisible elementor-widget elementor-widget-heading\" data-id=\"7dc85c8\" data-element_type=\"widget\" data-settings=\"{&quot;_animation&quot;:&quot;fadeInUp&quot;}\" data-widget_type=\"heading.default\">\n\t\t\t\t<div class=\"elementor-widget-container\">\n\t\t\t\t\t<h1 class=\"elementor-heading-title elementor-size-default\">Soldadura EVA<\/h1>\t\t\t\t<\/div>\n\t\t\t\t<\/div>\n\t\t\t\t\t<\/div>\n\t\t\t\t<\/div>\n\t\t<div class=\"elementor-element elementor-element-824269a e-flex e-con-boxed e-con e-parent\" data-id=\"824269a\" data-element_type=\"container\" data-settings=\"{&quot;background_background&quot;:&quot;classic&quot;}\">\n\t\t\t\t\t<div class=\"e-con-inner\">\n\t\t\t\t<div class=\"elementor-element elementor-element-518fce4 elementor-invisible elementor-widget elementor-widget-heading\" data-id=\"518fce4\" data-element_type=\"widget\" data-settings=\"{&quot;_animation&quot;:&quot;fadeInUp&quot;}\" data-widget_type=\"heading.default\">\n\t\t\t\t<div class=\"elementor-widget-container\">\n\t\t\t\t\t<h2 class=\"elementor-heading-title elementor-size-default\">Preguntas frecuentes sobre la soldadura eva<\/h2>\t\t\t\t<\/div>\n\t\t\t\t<\/div>\n\t\t\t\t<div class=\"elementor-element elementor-element-ab7c0d4 elementor-invisible elementor-widget elementor-widget-text-editor\" data-id=\"ab7c0d4\" data-element_type=\"widget\" data-settings=\"{&quot;_animation&quot;:&quot;fadeInUp&quot;}\" data-widget_type=\"text-editor.default\">\n\t\t\t\t<div class=\"elementor-widget-container\">\n\t\t\t\t\t\t\t\t\tConocido por su uso como film alimentario, el acetato de vinilo etileno tambi\u00e9n se emplea en la fabricaci\u00f3n de guantes flexibles y adhesivos termofusibles. Este copol\u00edmero se utiliza puro o mezclado con termopl\u00e1sticos o hidrocarburos paraf\u00ednicos, para su uso en una amplia gama de industrias. La soldadura de EVA puede utilizarse para el acabado de ciertos productos y para fabricar o sellar envases.  \t\t\t\t\t\t\t\t<\/div>\n\t\t\t\t<\/div>\n\t\t\t\t<div class=\"elementor-element elementor-element-5e6fb5a elementor-invisible elementor-widget elementor-widget-heading\" data-id=\"5e6fb5a\" data-element_type=\"widget\" data-settings=\"{&quot;_animation&quot;:&quot;fadeInUp&quot;}\" data-widget_type=\"heading.default\">\n\t\t\t\t<div class=\"elementor-widget-container\">\n\t\t\t\t\t<h2 class=\"elementor-heading-title elementor-size-default\">\u00bfQu\u00e9 es el etilvinilacetato?\n<\/h2>\t\t\t\t<\/div>\n\t\t\t\t<\/div>\n\t\t\t\t<div class=\"elementor-element elementor-element-c817b08 elementor-invisible elementor-widget elementor-widget-text-editor\" data-id=\"c817b08\" data-element_type=\"widget\" data-settings=\"{&quot;_animation&quot;:&quot;fadeInUp&quot;}\" data-widget_type=\"text-editor.default\">\n\t\t\t\t<div class=\"elementor-widget-container\">\n\t\t\t\t\t\t\t\t\tEl etilvinilacetato es una resina producida por copolimerizaci\u00f3n de etileno (80%) y acetato de vinilo (20%). La presencia de acetato de vinilo en el copol\u00edmero EVA reduce su rigidez (aumentando su car\u00e1cter elast\u00f3mero) y, por tanto, mejora su resistencia al impacto, sea cual sea la temperatura ambiente. \n\nAdem\u00e1s, los materiales a base de etilvinilacetato tienen un elevado coeficiente de fricci\u00f3n y una buena adherencia al calor. Tambi\u00e9n son muy flexibles a bajas temperaturas y muy resistentes al impacto. \n\nCertificado para el contacto con alimentos, el EVA es una de las sustancias autorizadas por la normativa europea (CE 1935\/2004) para el contacto con alimentos. Por ello, el etilvinilacetato se utiliza con frecuencia como pel\u00edcula de envasado en la industria alimentaria. \t\t\t\t\t\t\t\t<\/div>\n\t\t\t\t<\/div>\n\t\t\t\t<div class=\"elementor-element elementor-element-e9f51af elementor-invisible elementor-widget elementor-widget-heading\" data-id=\"e9f51af\" data-element_type=\"widget\" data-settings=\"{&quot;_animation&quot;:&quot;fadeInUp&quot;}\" data-widget_type=\"heading.default\">\n\t\t\t\t<div class=\"elementor-widget-container\">\n\t\t\t\t\t<h2 class=\"elementor-heading-title elementor-size-default\">\u00bfQu\u00e9 tecnolog\u00edas de soldadura se utilizan para el EVA?\n<\/h2>\t\t\t\t<\/div>\n\t\t\t\t<\/div>\n\t\t\t\t<div class=\"elementor-element elementor-element-7af1e33 elementor-invisible elementor-widget elementor-widget-text-editor\" data-id=\"7af1e33\" data-element_type=\"widget\" data-settings=\"{&quot;_animation&quot;:&quot;fadeInUp&quot;}\" data-widget_type=\"text-editor.default\">\n\t\t\t\t<div class=\"elementor-widget-container\">\n\t\t\t\t\t\t\t\t\t<p>Como todos los materiales termopl\u00e1sticos utilizados en envases, el etileno acetato de vinilo puede ensamblarse mediante soldadura por ultrasonidos y alta frecuencia.<\/p><p><span style=\"color: var( --e-global-color-text ); text-align: var(--text-align); background-color: var( --e-global-color-0d23d34 );\">La soldadura por ultrasonidos es un proceso utilizado sobre todo para soldar piezas peque\u00f1as, basado en vibraciones mec\u00e1nicas emitidas a una frecuencia de 16 kHz por un transductor o generador electromagn\u00e9tico. Amplificados y transmitidos por un sonotrodo, estos ultrasonidos provocan una agitaci\u00f3n molecular en los \u00ablabios\u00bb de las piezas que se van a soldar, lo que provoca la emisi\u00f3n de calor y el reblandecimiento de los materiales puestos en contacto. <\/span><\/p><p><span style=\"color: var( --e-global-color-text ); text-align: var(--text-align); background-color: var( --e-global-color-0d23d34 );\">Esta tecnolog\u00eda es utilizada por una amplia gama de industrias que utilizan termopl\u00e1sticos para envases (fundas para documentos, etc.), protecci\u00f3n (fundas para tel\u00e9fonos, etc.) y embalaje (botellas, pel\u00edculas para alimentos, etc.).<\/span><\/p><p><span style=\"color: var( --e-global-color-text ); text-align: var(--text-align); background-color: var( --e-global-color-0d23d34 );\">La soldadura de alta frecuencia es una tecnolog\u00eda de soldadura basada en el uso de un campo el\u00e9ctrico a una frecuencia de 27,12 MHz para unir piezas, l\u00e1minas o pel\u00edculas termopl\u00e1sticas. Esta t\u00e9cnica de soldadura es muy interesante para el ensamblaje del material Acetato de Vinilo Etileno debido a su polaridad, que facilita la agitaci\u00f3n molecular y la liberaci\u00f3n de calor. <\/span><\/p><p><span style=\"color: var( --e-global-color-text ); text-align: var(--text-align); background-color: var( --e-global-color-0d23d34 );\">La soldadura de alta frecuencia ofrece muchas ventajas. Permite ensamblar piezas de formas complejas y realizar soldaduras estancas al agua, al aire y al gas. Adem\u00e1s, el montaje es r\u00e1pido y los resultados de la soldadura son uniformes e invisibles a simple vista.  <\/span><\/p>\t\t\t\t\t\t\t\t<\/div>\n\t\t\t\t<\/div>\n\t\t\t\t<div class=\"elementor-element elementor-element-f38fb09 elementor-invisible elementor-widget elementor-widget-image\" data-id=\"f38fb09\" data-element_type=\"widget\" data-settings=\"{&quot;_animation&quot;:&quot;fadeInUp&quot;}\" data-widget_type=\"image.default\">\n\t\t\t\t<div class=\"elementor-widget-container\">\n\t\t\t\t\t\t\t\t\t\t\t\t\t\t\t<img fetchpriority=\"high\" decoding=\"async\" width=\"300\" height=\"300\" src=\"https:\/\/www.matrelec.com\/wp-content\/uploads\/2024\/09\/img-CCM30-300x300.png\" class=\"attachment-medium size-medium wp-image-33704\" alt=\"Presse de soudure HF \u00e0 col de cygne 420 mm sans patin de masse\" srcset=\"https:\/\/www.matrelec.com\/wp-content\/uploads\/2024\/09\/img-CCM30-300x300.png 300w, https:\/\/www.matrelec.com\/wp-content\/uploads\/2024\/09\/img-CCM30-150x150.png 150w, https:\/\/www.matrelec.com\/wp-content\/uploads\/2024\/09\/img-CCM30.png 467w\" sizes=\"(max-width: 300px) 100vw, 300px\" \/>\t\t\t\t\t\t\t\t\t\t\t\t\t\t\t<\/div>\n\t\t\t\t<\/div>\n\t\t\t\t<div class=\"elementor-element elementor-element-66390b7 elementor-invisible elementor-widget elementor-widget-heading\" data-id=\"66390b7\" data-element_type=\"widget\" data-settings=\"{&quot;_animation&quot;:&quot;fadeInUp&quot;}\" data-widget_type=\"heading.default\">\n\t\t\t\t<div class=\"elementor-widget-container\">\n\t\t\t\t\t<h2 class=\"elementor-heading-title elementor-size-default\">\u00bfPara qu\u00e9 se utiliza el etileno acetato de vinilo?\n<\/h2>\t\t\t\t<\/div>\n\t\t\t\t<\/div>\n\t\t\t\t<div class=\"elementor-element elementor-element-13b9277 elementor-invisible elementor-widget elementor-widget-text-editor\" data-id=\"13b9277\" data-element_type=\"widget\" data-settings=\"{&quot;_animation&quot;:&quot;fadeInUp&quot;}\" data-widget_type=\"text-editor.default\">\n\t\t\t\t<div class=\"elementor-widget-container\">\n\t\t\t\t\t\t\t\t\t<p>El EVA es una resina utilizada en la fabricaci\u00f3n de adhesivos termofusibles, pel\u00edculas estirables y guantes flexibles, pero tambi\u00e9n se utiliza en los sectores de la agricultura, la automoci\u00f3n, la construcci\u00f3n, los envases, los equipos m\u00e9dicos y otros. <\/p><p><span style=\"color: var( --e-global-color-text ); text-align: var(--text-align); background-color: var( --e-global-color-0d23d34 );\">El acetato de vinil-etileno tambi\u00e9n se utiliza para fabricar productos de estructura flexible (film para invernaderos, film alimentario, adhesivos, mangueras flexibles, fundas protectoras, etc.) y productos de estructura r\u00edgida (tiradores de puertas, fundas para aspiradoras, fundas para tel\u00e9fonos, maletas protectoras y de transporte, etc.).<\/span><\/p><p><span style=\"color: var( --e-global-color-text ); text-align: var(--text-align); background-color: var( --e-global-color-0d23d34 );\">El EVA tambi\u00e9n se utiliza en la industria del vidrio, donde es esencial para la fabricaci\u00f3n de vidrio laminado y para el aislamiento de edificios.<\/span><\/p>\t\t\t\t\t\t\t\t<\/div>\n\t\t\t\t<\/div>\n\t\t\t\t<div class=\"elementor-element elementor-element-2998f80 elementor-align-center elementor-widget elementor-widget-button\" data-id=\"2998f80\" data-element_type=\"widget\" data-widget_type=\"button.default\">\n\t\t\t\t<div class=\"elementor-widget-container\">\n\t\t\t\t\t\t\t\t\t<div class=\"elementor-button-wrapper\">\n\t\t\t\t\t<a class=\"elementor-button elementor-button-link elementor-size-sm\" href=\"https:\/\/shop.matrelec.com\/fr\/\" target=\"_blank\" rel=\"noopener noreferrer nofollow\">\n\t\t\t\t\t\t<span class=\"elementor-button-content-wrapper\">\n\t\t\t\t\t\t<span class=\"elementor-button-icon\">\n\t\t\t\t<svg aria-hidden=\"true\" class=\"e-font-icon-svg e-fas-chevron-right\" viewBox=\"0 0 320 512\" xmlns=\"http:\/\/www.w3.org\/2000\/svg\"><path d=\"M285.476 272.971L91.132 467.314c-9.373 9.373-24.569 9.373-33.941 0l-22.667-22.667c-9.357-9.357-9.375-24.522-.04-33.901L188.505 256 34.484 101.255c-9.335-9.379-9.317-24.544.04-33.901l22.667-22.667c9.373-9.373 24.569-9.373 33.941 0L285.475 239.03c9.373 9.372 9.373 24.568.001 33.941z\"><\/path><\/svg>\t\t\t<\/span>\n\t\t\t\t\t\t\t\t\t<span class=\"elementor-button-text\">Descubre nuestra tienda online<\/span>\n\t\t\t\t\t<\/span>\n\t\t\t\t\t<\/a>\n\t\t\t\t<\/div>\n\t\t\t\t\t\t\t\t<\/div>\n\t\t\t\t<\/div>\n\t\t\t\t\t<\/div>\n\t\t\t\t<\/div>\n\t\t\t\t<\/div>\n\t\t","protected":false},"excerpt":{"rendered":"<p>Preguntas frecuentes sobre la soldadura eva Conocido por su uso como film alimentario, el acetato de vinilo etileno tambi\u00e9n se emplea en la fabricaci\u00f3n de guantes flexibles y adhesivos termofusibles. Este copol\u00edmero se utiliza puro o mezclado con termopl\u00e1sticos o hidrocarburos paraf\u00ednicos, para su uso en una amplia gama de industrias. La soldadura de EVA [&hellip;]<\/p>\n","protected":false},"author":1,"featured_media":0,"parent":0,"menu_order":0,"comment_status":"closed","ping_status":"closed","template":"","meta":{"_acf_changed":false,"footnotes":""},"class_list":["post-33703","page","type-page","status-publish","hentry"],"acf":[],"_links":{"self":[{"href":"https:\/\/www.matrelec.com\/es\/wp-json\/wp\/v2\/pages\/33703","targetHints":{"allow":["GET"]}}],"collection":[{"href":"https:\/\/www.matrelec.com\/es\/wp-json\/wp\/v2\/pages"}],"about":[{"href":"https:\/\/www.matrelec.com\/es\/wp-json\/wp\/v2\/types\/page"}],"author":[{"embeddable":true,"href":"https:\/\/www.matrelec.com\/es\/wp-json\/wp\/v2\/users\/1"}],"replies":[{"embeddable":true,"href":"https:\/\/www.matrelec.com\/es\/wp-json\/wp\/v2\/comments?post=33703"}],"version-history":[{"count":4,"href":"https:\/\/www.matrelec.com\/es\/wp-json\/wp\/v2\/pages\/33703\/revisions"}],"predecessor-version":[{"id":38212,"href":"https:\/\/www.matrelec.com\/es\/wp-json\/wp\/v2\/pages\/33703\/revisions\/38212"}],"wp:attachment":[{"href":"https:\/\/www.matrelec.com\/es\/wp-json\/wp\/v2\/media?parent=33703"}],"curies":[{"name":"wp","href":"https:\/\/api.w.org\/{rel}","templated":true}]}}